{"id":10046,"date":"2019-12-12T13:06:28","date_gmt":"2019-12-12T12:06:28","guid":{"rendered":"https:\/\/www.herbashopping.com\/?post_type=product&#038;p=10046"},"modified":"2025-04-06T14:20:31","modified_gmt":"2025-04-06T12:20:31","slug":"high-protein-iced-coffee-latte-macchiato-308-g-2","status":"publish","type":"product","link":"https:\/\/www.herbashopping.com\/en\/product\/high-protein-iced-coffee-latte-macchiato-308-g-2\/","title":{"rendered":"High Protein Iced Coffee"},"content":{"rendered":"<p>Produkt\u00fcbersicht<\/p>\n<p>Genie\u00dfe unseren erfrischenden High Protein Iced Coffee \u2013 egal ob du unterwegs bist oder nur einen Koffein-Boost zwischendurch ben\u00f6tigst! Fachkundig hergestellt aus 100 % Robusta Espressobohnen, liefert er dir 15 g Molkenprotein.* Ohne Zuckerzusatz, Farb- und Konservierungsstoffe und nur 80 kcal pro Portion. Einfach kaltes Wasser und Eis hinzuf\u00fcgen und genie\u00dfen!<br \/>\nDie wichtigsten Vorteile<br \/>\n* 100 % Robusta Espressobohnen<br \/>\n* 15 g Molkenproteinkonzentrat pro Portion<br \/>\n* F\u00fcr Vegetarier geeignet<br \/>\n* Ohne Zuckerzusatz<br \/>\n* Nur 80 kcal pro Portion<\/p>\n<p>&nbsp;<\/p>\n<p>ZUTATEN:012K Molkenproteinkonzentrat (Milch) (85 %), l\u00f6sliches<br \/>\nKaffeepulver (12 %), Aromen, Meersalz, Kokosnuss\u00f6l-Kaffeewei\u00dfer<br \/>\n[Kokosnuss\u00f6l, Maltodextrin, Natriumcaseinat (Milch)], S\u00fc\u00dfungsmittel<br \/>\n(Steviolglycoside). Allergiehinweis: Achten Sie auf die fettgedruckten<br \/>\nZutaten f\u00fcr Hinweise auf Allergene.<\/p>\n","protected":false},"excerpt":{"rendered":"<p>Genie\u00dfe High Protein Iced Coffee zu Hause oder unterwegs \u2013 immer dann, wenn du ihn am meisten ben\u00f6tigst. Ein perfektes Getr\u00e4nk f\u00fcr den Morgen oder Nachmittag. F\u00fclle 250 ml kaltes Wasser in deinen Shake-Becher. F\u00fcge 2 Messl\u00f6ffel High Protein Iced Coffee hinzu. Kr\u00e4ftig sch\u00fctteln und mit Eisw\u00fcrfeln auff\u00fcllen. Falls du keinen Shake-Becher hast, mixe alles f\u00fcr 5 Sekunden auf niedrigster Stufe.<\/p>\n<p><a href=\"https:\/\/www.herbashopping.com\/wp-content\/uploads\/2020\/06\/011k_label.pdf\" target=\"_blank\" rel=\"noopener noreferrer\">Etikett Macha<\/a><\/p>\n<p><a href=\"https:\/\/www.herbashopping.com\/wp-content\/uploads\/2020\/03\/012k_labelch.pdf\" target=\"_blank\" rel=\"noopener noreferrer\">Etikett Lattte Macchiato<\/a><\/p>\n<p><a href=\"https:\/\/www.herbashopping.com\/wp-content\/uploads\/2020\/03\/012KHPIC_Claims-A4_GE_Webh.pdf\" target=\"_blank\" rel=\"noopener noreferrer\">Produktaussagen<\/a><\/p>\n","protected":false},"featured_media":10940,"comment_status":"closed","ping_status":"closed","template":"","meta":{"_acf_changed":false},"product_brand":[],"product_cat":[16,25],"product_tag":[193,192,178],"class_list":{"0":"post-10046","1":"product","2":"type-product","3":"status-publish","4":"has-post-thumbnail","6":"product_cat-gewichtskontrolle","7":"product_cat-produktubersicht","8":"product_tag-coffee","9":"product_tag-latte","10":"product_tag-macchiato","11":"pa_high-protein-iced-coffee-latte-macchiato-012k","12":"pa_high-protein-iced-coffee-mocha-flavour-011k","14":"first","15":"instock","16":"sale","17":"taxable","18":"shipping-taxable","19":"purchasable","20":"product-type-variable"},"acf":[],"yoast_head":"<!-- This site is optimized with the Yoast SEO plugin v27.2 - https:\/\/yoast.com\/product\/yoast-seo-wordpress\/ -->\n<title>High Protein Iced Coffee - Onlineshop - Selbst\u00e4ndiges HERBALIFE-Mitglied Elija Mairl<\/title>\n<meta name=\"description\" content=\"Dies ist die Webseite eines Selbst\u00e4ndigen HERBALIFE-Mitgliedes. Um auf die offizielle HERBALIFE-Webseite zu gelangen, besuchen Sie bitte HERBALIFE.de.\" \/>\n<meta name=\"robots\" content=\"index, follow, max-snippet:-1, max-image-preview:large, max-video-preview:-1\" \/>\n<link rel=\"canonical\" href=\"https:\/\/www.herbashopping.com\/produkt\/high-protein-iced-coffee-latte-macchiato-308-g-2\/\" \/>\n<meta property=\"og:locale\" content=\"en_US\" \/>\n<meta property=\"og:type\" content=\"article\" \/>\n<meta property=\"og:title\" content=\"High Protein Iced Coffee - Onlineshop - Selbst\u00e4ndiges HERBALIFE-Mitglied Elija Mairl\" \/>\n<meta property=\"og:description\" content=\"Dies ist die Webseite eines Selbst\u00e4ndigen HERBALIFE-Mitgliedes. Um auf die offizielle HERBALIFE-Webseite zu gelangen, besuchen Sie bitte HERBALIFE.de.\" \/>\n<meta property=\"og:url\" content=\"https:\/\/www.herbashopping.com\/produkt\/high-protein-iced-coffee-latte-macchiato-308-g-2\/\" \/>\n<meta property=\"og:site_name\" content=\"Onlineshop - Selbst\u00e4ndiges HERBALIFE-Mitglied Elija Mairl\" \/>\n<meta property=\"article:modified_time\" content=\"2025-04-06T12:20:31+00:00\" \/>\n<meta property=\"og:image\" content=\"https:\/\/www.herbashopping.com\/wp-content\/uploads\/2020\/06\/012K011K.png\" \/>\n\t<meta property=\"og:image:width\" content=\"1000\" \/>\n\t<meta property=\"og:image:height\" content=\"1000\" \/>\n\t<meta property=\"og:image:type\" content=\"image\/png\" \/>\n<meta name=\"twitter:card\" content=\"summary_large_image\" \/>\n<meta name=\"twitter:label1\" content=\"Est. reading time\" \/>\n\t<meta name=\"twitter:data1\" content=\"1 minute\" \/>\n<script type=\"application\/ld+json\" class=\"yoast-schema-graph\">{\"@context\":\"https:\/\/schema.org\",\"@graph\":[{\"@type\":\"WebPage\",\"@id\":\"https:\/\/www.herbashopping.com\/produkt\/high-protein-iced-coffee-latte-macchiato-308-g-2\/\",\"url\":\"https:\/\/www.herbashopping.com\/produkt\/high-protein-iced-coffee-latte-macchiato-308-g-2\/\",\"name\":\"High Protein Iced Coffee - Onlineshop - Selbst\u00e4ndiges HERBALIFE-Mitglied Elija Mairl\",\"isPartOf\":{\"@id\":\"https:\/\/www.herbashopping.com\/#website\"},\"primaryImageOfPage\":{\"@id\":\"https:\/\/www.herbashopping.com\/produkt\/high-protein-iced-coffee-latte-macchiato-308-g-2\/#primaryimage\"},\"image\":{\"@id\":\"https:\/\/www.herbashopping.com\/produkt\/high-protein-iced-coffee-latte-macchiato-308-g-2\/#primaryimage\"},\"thumbnailUrl\":\"https:\/\/www.herbashopping.com\/wp-content\/uploads\/2020\/06\/012K011K.png\",\"datePublished\":\"2019-12-12T12:06:28+00:00\",\"dateModified\":\"2025-04-06T12:20:31+00:00\",\"description\":\"Dies ist die Webseite eines Selbst\u00e4ndigen HERBALIFE-Mitgliedes. Um auf die offizielle HERBALIFE-Webseite zu gelangen, besuchen Sie bitte HERBALIFE.de.\",\"breadcrumb\":{\"@id\":\"https:\/\/www.herbashopping.com\/produkt\/high-protein-iced-coffee-latte-macchiato-308-g-2\/#breadcrumb\"},\"inLanguage\":\"en-US\",\"potentialAction\":[{\"@type\":\"ReadAction\",\"target\":[\"https:\/\/www.herbashopping.com\/produkt\/high-protein-iced-coffee-latte-macchiato-308-g-2\/\"]}]},{\"@type\":\"ImageObject\",\"inLanguage\":\"en-US\",\"@id\":\"https:\/\/www.herbashopping.com\/produkt\/high-protein-iced-coffee-latte-macchiato-308-g-2\/#primaryimage\",\"url\":\"https:\/\/www.herbashopping.com\/wp-content\/uploads\/2020\/06\/012K011K.png\",\"contentUrl\":\"https:\/\/www.herbashopping.com\/wp-content\/uploads\/2020\/06\/012K011K.png\",\"width\":1000,\"height\":1000},{\"@type\":\"BreadcrumbList\",\"@id\":\"https:\/\/www.herbashopping.com\/produkt\/high-protein-iced-coffee-latte-macchiato-308-g-2\/#breadcrumb\",\"itemListElement\":[{\"@type\":\"ListItem\",\"position\":1,\"name\":\"Startseite\",\"item\":\"https:\/\/www.herbashopping.com\/en\/\"},{\"@type\":\"ListItem\",\"position\":2,\"name\":\"Product Overview\",\"item\":\"https:\/\/www.herbashopping.com\/en\/shop\/\"},{\"@type\":\"ListItem\",\"position\":3,\"name\":\"High Protein Iced Coffee\"}]},{\"@type\":\"WebSite\",\"@id\":\"https:\/\/www.herbashopping.com\/#website\",\"url\":\"https:\/\/www.herbashopping.com\/\",\"name\":\"Onlineshop - Selbst\u00e4ndiges HERBALIFE-Mitglied Elija Mairl\",\"description\":\"\",\"publisher\":{\"@id\":\"https:\/\/www.herbashopping.com\/#organization\"},\"potentialAction\":[{\"@type\":\"SearchAction\",\"target\":{\"@type\":\"EntryPoint\",\"urlTemplate\":\"https:\/\/www.herbashopping.com\/?s={search_term_string}\"},\"query-input\":{\"@type\":\"PropertyValueSpecification\",\"valueRequired\":true,\"valueName\":\"search_term_string\"}}],\"inLanguage\":\"en-US\"},{\"@type\":\"Organization\",\"@id\":\"https:\/\/www.herbashopping.com\/#organization\",\"name\":\"Herba-Onlineshop Elija Mairl\",\"url\":\"https:\/\/www.herbashopping.com\/\",\"logo\":{\"@type\":\"ImageObject\",\"inLanguage\":\"en-US\",\"@id\":\"https:\/\/www.herbashopping.com\/#\/schema\/logo\/image\/\",\"url\":\"https:\/\/www.herbashopping.com\/wp-content\/uploads\/2019\/03\/logo_08.2017_header.png\",\"contentUrl\":\"https:\/\/www.herbashopping.com\/wp-content\/uploads\/2019\/03\/logo_08.2017_header.png\",\"width\":300,\"height\":76,\"caption\":\"Herba-Onlineshop Elija Mairl\"},\"image\":{\"@id\":\"https:\/\/www.herbashopping.com\/#\/schema\/logo\/image\/\"}}]}<\/script>\n<!-- \/ Yoast SEO plugin. -->","yoast_head_json":{"title":"High Protein Iced Coffee - Onlineshop - Selbst\u00e4ndiges HERBALIFE-Mitglied Elija Mairl","description":"Dies ist die Webseite eines Selbst\u00e4ndigen HERBALIFE-Mitgliedes. Um auf die offizielle HERBALIFE-Webseite zu gelangen, besuchen Sie bitte HERBALIFE.de.","robots":{"index":"index","follow":"follow","max-snippet":"max-snippet:-1","max-image-preview":"max-image-preview:large","max-video-preview":"max-video-preview:-1"},"canonical":"https:\/\/www.herbashopping.com\/produkt\/high-protein-iced-coffee-latte-macchiato-308-g-2\/","og_locale":"en_US","og_type":"article","og_title":"High Protein Iced Coffee - Onlineshop - Selbst\u00e4ndiges HERBALIFE-Mitglied Elija Mairl","og_description":"Dies ist die Webseite eines Selbst\u00e4ndigen HERBALIFE-Mitgliedes. Um auf die offizielle HERBALIFE-Webseite zu gelangen, besuchen Sie bitte HERBALIFE.de.","og_url":"https:\/\/www.herbashopping.com\/produkt\/high-protein-iced-coffee-latte-macchiato-308-g-2\/","og_site_name":"Onlineshop - Selbst\u00e4ndiges HERBALIFE-Mitglied Elija Mairl","article_modified_time":"2025-04-06T12:20:31+00:00","og_image":[{"width":1000,"height":1000,"url":"https:\/\/www.herbashopping.com\/wp-content\/uploads\/2020\/06\/012K011K.png","type":"image\/png"}],"twitter_card":"summary_large_image","twitter_misc":{"Est. reading time":"1 minute"},"schema":{"@context":"https:\/\/schema.org","@graph":[{"@type":"WebPage","@id":"https:\/\/www.herbashopping.com\/produkt\/high-protein-iced-coffee-latte-macchiato-308-g-2\/","url":"https:\/\/www.herbashopping.com\/produkt\/high-protein-iced-coffee-latte-macchiato-308-g-2\/","name":"High Protein Iced Coffee - Onlineshop - Selbst\u00e4ndiges HERBALIFE-Mitglied Elija Mairl","isPartOf":{"@id":"https:\/\/www.herbashopping.com\/#website"},"primaryImageOfPage":{"@id":"https:\/\/www.herbashopping.com\/produkt\/high-protein-iced-coffee-latte-macchiato-308-g-2\/#primaryimage"},"image":{"@id":"https:\/\/www.herbashopping.com\/produkt\/high-protein-iced-coffee-latte-macchiato-308-g-2\/#primaryimage"},"thumbnailUrl":"https:\/\/www.herbashopping.com\/wp-content\/uploads\/2020\/06\/012K011K.png","datePublished":"2019-12-12T12:06:28+00:00","dateModified":"2025-04-06T12:20:31+00:00","description":"Dies ist die Webseite eines Selbst\u00e4ndigen HERBALIFE-Mitgliedes. Um auf die offizielle HERBALIFE-Webseite zu gelangen, besuchen Sie bitte HERBALIFE.de.","breadcrumb":{"@id":"https:\/\/www.herbashopping.com\/produkt\/high-protein-iced-coffee-latte-macchiato-308-g-2\/#breadcrumb"},"inLanguage":"en-US","potentialAction":[{"@type":"ReadAction","target":["https:\/\/www.herbashopping.com\/produkt\/high-protein-iced-coffee-latte-macchiato-308-g-2\/"]}]},{"@type":"ImageObject","inLanguage":"en-US","@id":"https:\/\/www.herbashopping.com\/produkt\/high-protein-iced-coffee-latte-macchiato-308-g-2\/#primaryimage","url":"https:\/\/www.herbashopping.com\/wp-content\/uploads\/2020\/06\/012K011K.png","contentUrl":"https:\/\/www.herbashopping.com\/wp-content\/uploads\/2020\/06\/012K011K.png","width":1000,"height":1000},{"@type":"BreadcrumbList","@id":"https:\/\/www.herbashopping.com\/produkt\/high-protein-iced-coffee-latte-macchiato-308-g-2\/#breadcrumb","itemListElement":[{"@type":"ListItem","position":1,"name":"Startseite","item":"https:\/\/www.herbashopping.com\/en\/"},{"@type":"ListItem","position":2,"name":"Product Overview","item":"https:\/\/www.herbashopping.com\/en\/shop\/"},{"@type":"ListItem","position":3,"name":"High Protein Iced Coffee"}]},{"@type":"WebSite","@id":"https:\/\/www.herbashopping.com\/#website","url":"https:\/\/www.herbashopping.com\/","name":"Onlineshop - Selbst\u00e4ndiges HERBALIFE-Mitglied Elija Mairl","description":"","publisher":{"@id":"https:\/\/www.herbashopping.com\/#organization"},"potentialAction":[{"@type":"SearchAction","target":{"@type":"EntryPoint","urlTemplate":"https:\/\/www.herbashopping.com\/?s={search_term_string}"},"query-input":{"@type":"PropertyValueSpecification","valueRequired":true,"valueName":"search_term_string"}}],"inLanguage":"en-US"},{"@type":"Organization","@id":"https:\/\/www.herbashopping.com\/#organization","name":"Herba-Onlineshop Elija Mairl","url":"https:\/\/www.herbashopping.com\/","logo":{"@type":"ImageObject","inLanguage":"en-US","@id":"https:\/\/www.herbashopping.com\/#\/schema\/logo\/image\/","url":"https:\/\/www.herbashopping.com\/wp-content\/uploads\/2019\/03\/logo_08.2017_header.png","contentUrl":"https:\/\/www.herbashopping.com\/wp-content\/uploads\/2019\/03\/logo_08.2017_header.png","width":300,"height":76,"caption":"Herba-Onlineshop Elija Mairl"},"image":{"@id":"https:\/\/www.herbashopping.com\/#\/schema\/logo\/image\/"}}]}},"_links":{"self":[{"href":"https:\/\/www.herbashopping.com\/en\/wp-json\/wp\/v2\/product\/10046","targetHints":{"allow":["GET"]}}],"collection":[{"href":"https:\/\/www.herbashopping.com\/en\/wp-json\/wp\/v2\/product"}],"about":[{"href":"https:\/\/www.herbashopping.com\/en\/wp-json\/wp\/v2\/types\/product"}],"replies":[{"embeddable":true,"href":"https:\/\/www.herbashopping.com\/en\/wp-json\/wp\/v2\/comments?post=10046"}],"wp:featuredmedia":[{"embeddable":true,"href":"https:\/\/www.herbashopping.com\/en\/wp-json\/wp\/v2\/media\/10940"}],"wp:attachment":[{"href":"https:\/\/www.herbashopping.com\/en\/wp-json\/wp\/v2\/media?parent=10046"}],"wp:term":[{"taxonomy":"product_brand","embeddable":true,"href":"https:\/\/www.herbashopping.com\/en\/wp-json\/wp\/v2\/product_brand?post=10046"},{"taxonomy":"product_cat","embeddable":true,"href":"https:\/\/www.herbashopping.com\/en\/wp-json\/wp\/v2\/product_cat?post=10046"},{"taxonomy":"product_tag","embeddable":true,"href":"https:\/\/www.herbashopping.com\/en\/wp-json\/wp\/v2\/product_tag?post=10046"}],"curies":[{"name":"wp","href":"https:\/\/api.w.org\/{rel}","templated":true}]}}