{"id":10304,"date":"2020-02-05T10:36:48","date_gmt":"2020-02-05T09:36:48","guid":{"rendered":"https:\/\/www.herbashopping.com\/?post_type=product&#038;p=10304"},"modified":"2025-04-11T10:58:30","modified_gmt":"2025-04-11T08:58:30","slug":"neue-generation-ohne-soja-laktose-und-gluten-himbeere-und-weisse-schokolade-500gch","status":"publish","type":"product","link":"https:\/\/www.herbashopping.com\/en\/product\/neue-generation-ohne-soja-laktose-und-gluten-himbeere-und-weisse-schokolade-500gch\/","title":{"rendered":"Neue Generation ohne Soja, Laktose und Gluten, Himbeere und Wei\u00dfe Schokolade 500g"},"content":{"rendered":"<p>\u00dcberblick<br \/>\nFormula 1 ohne Soja, Laktose und Gluten ist ein Mahlzeitersatz Getr\u00e4nkemix, der nach Himbeere und wei\u00dfer Schokolade schmeckt. Formula 1 ohne Soja, Laktose und Gluten vereint beste Zutaten, pures Geschmackserlebnis und intelligente Ern\u00e4hrung in nur einem Shake! Formula 1 ohne Soja, Laktose und Gluten** wird aus Erbsenprotein hergestellt. Du musst nicht mehr zwischen ausgewogenen Mahlzeiten und Komfort w\u00e4hlen \u2013 Formula 1 ohne Soja, Laktose und Gluten ist reich an Protein und eine Ballaststoffquelle, enth\u00e4lt eine perfekte Mischung aus Vitaminen und Mineralstoffen und ist zudem schnell und einfach zubereitet!<br \/>\n\u2022 Hole dir die N\u00e4hrstoffe, die dein K\u00f6rper braucht und bleibe dabei deinen Vorlieben oder deinen Ern\u00e4hrungsbed\u00fcrfnissen verpflichtet.<br \/>\n\u2022 Formula 1 ist reich an Protein und enth\u00e4lt essenzielle Mikron\u00e4hrstoffe sowie zus\u00e4tzliche Kr\u00e4uter und pflanzliche Stoffe.<br \/>\n\u2022 Genie\u00dfe Formula 1 als nahrhaftes Fr\u00fchst\u00fcck, Mittag- oder Abendessen, um deinen aktiven Lebensstil und deine Gewichtsmanagementziele*** zu unterst\u00fctzen.<br \/>\n\u2022 Formula 1 ohne Soja, Laktose und Gluten enth\u00e4lt 25 Vitamine und Mineralstoffe pro Portion, einschlie\u00dflich Vitamin D, das zur normalen Funktion des Immunsystems beitr\u00e4gt, und Vitamin C, das zur Verringerung von M\u00fcdigkeit und Erm\u00fcdung beitr\u00e4gt.<\/p>\n<p>Vorteile<br \/>\n\u2022 Aus Erbsenprotein<br \/>\n\u2022 19 g Protein pro Portion,* das zu einer Zunahme an Muskelmasse beitr\u00e4gt<br \/>\n\u2022 4 g Ballaststoffe pro Portion*<br \/>\n\u2022 Mindestens ein Drittel der empfohlenen t\u00e4glichen Referenzmenge an 25 Vitaminen und Mineralstoffen pro Portion, einschlie\u00dflich Chrom, das zur Aufrechterhaltung eines normalen Blutzuckerspiegels beitr\u00e4gt<br \/>\n\u2022 Ohne Soja, Laktose und Gluten**<br \/>\n* Bei Zubereitung mit 250 ml fettarmer Milch.<br \/>\n** Das Produkt ist ohne Soja und Gluten bei Verwendung von Milch. Es ist ohne Laktose und Gluten bei Verwendung eines angereicherten Sojadrinks.<br \/>\n***Zur Unterst\u00fctzung der ausgewogenen Ern\u00e4hrung und Gewichtserhaltung: Das Ersetzen von einer der t\u00e4glichen Hauptmahlzeiten im Rahmen einer kalorienarmen Ern\u00e4hrung durch einen solchen Mahlzeitersatz tr\u00e4gt dazu bei, das Gewicht nach Gewichtsabnahme zu halten. Ersetze daher eine Mahlzeit pro Tag mit einem k\u00f6stlichen N\u00e4hr-Shake Getr\u00e4nkemix und nehme zwei nahrhafte Mahlzeiten zu dir.<br \/>\nZur Gewichtskontrolle: Das Ersetzen von zwei der t\u00e4glichen Hauptmahlzeiten im Rahmen einer kalorienarmen Ern\u00e4hrung durch einen solchen Mahlzeitersatz tr\u00e4gt zu Gewichtsabnahme bei. Ersetze daher zwei Mahlzeiten pro Tag mit einem k\u00f6stlichen N\u00e4hr-Shake Getr\u00e4nkemix und nehme eine nahrhafte Mahlzeit zu dir. Dieses Produkt ist als Teil einer kalorienarmen Ern\u00e4hrung zusammen mit anderen Nahrungsmitteln und in Verbindung mit regelm\u00e4\u00dfiger Bewegung vorgesehen. Bitte achte darauf, t\u00e4glich gen\u00fcgend Fl\u00fcssigkeit zu dir zu nehmen. Es ist wichtig, diese Anweisungen genau einzuhalten.<\/p>\n<p>&nbsp;<\/p>\n<p>ZUTATEN 4469: Erbsenprotein-Isolat (45 %), Fruktose, Inulin, glutenfreie Ballaststoffe aus Hafer, F\u00e4rberdistel\u00f6l, Kaliumphosphat,<br \/>\nMineralmischung (Calciumcitrat, Magnesiumoxid, Eisenfumarat, Natriumselenit, Zinkoxid, Chrom-(III)-Chlorid, Mangancarbonat,<br \/>\nKupfercitrat, Kaliumiodid, Natriummolybdat), Emulgator (Sonnenblumenlecithin), biologisches1 Leinsamenpulver, Aromen,<br \/>\nVerdickungsmittel (Xanthan, Guarkernmehl), Farbstoff (Betenrot), Vitaminmischung (L-Ascorbins\u00e4ure (Vit C), DL-\u03b1-Tocopherylacetat<br \/>\n(Vit E), Nicotinamid (Niacin), Retinylacetat (Vit A), Calcium-D-pantothenat (Pantothens\u00e4ure), D-Biotin (Biotin), Cholecalciferol<br \/>\n(Vit D), Pteroylmonoglutamins\u00e4ure (Fols\u00e4ure), Phyllochinon (Vit K), Pyridoxinhydrochlorid (Vit B6), Riboflavin (Vit B2),<br \/>\nThiaminhydrochlorid (Vit B1), Cyanocobalamin (Vit B12)), nat\u00fcrliches Aroma, S\u00fc\u00dfungsmittel (Steviolglycoside), Natriumchlorid,<br \/>\nL-Methionin, Papaya-Fruchtpulver, Petersilienkrautpulver, Blaubeere-Fruchtpulver, Granatapfel-Fruchtpulver, Trennmittel<br \/>\n(Siliciumdioxid) S\u00fc\u00dfungsmittel aus nat\u00fcrlicher Quelle<br \/>\n1 2 % der landwirtschaftlichen Zutaten stammen aus biologischem Anbau<\/p>\n","protected":false},"excerpt":{"rendered":"<p>Formula 1 Neue Generation ohne Soja, Laktose und Gluten<\/p>\n<p>Verzehrempfehlung\/Anwendung<br \/>\nGenie\u00dfe jeden Tag einen Formula 1-Shake ohne Soja, Laktose und Gluten als nahrhafte Mahlzeit. Um einen leckeren glutenfreien Shake ohne Sojazusatz zuzubereiten, mische zwei Messl\u00f6ffel (26 g) Pulver mit 250 ml kalter, fettarmer Milch (1,5 % Fettgehalt). Wenn du einen glutenfreien Shake ohne Laktosezusatz bevorzugst, mische zwei Messl\u00f6ffel Pulver (26 g) mit 250 ml angereichertem Sojadrink. Genie\u00dfe dieses Produkt im Rahmen einer ausgewogenen und abwechslungsreichen Ern\u00e4hrung sowie einem gesunden, aktiven Lebensstil.<\/p>\n<p><a href=\"https:\/\/www.herbashopping.com\/wp-content\/uploads\/2020\/02\/LPR4469SZ-00_OP1_HiR.pdf-.pdf\">Etikett Shake Himbeere und Wei\u00dfe Schokolade <\/a><\/p>\n<p><a href=\"https:\/\/www.herbashopping.com\/wp-content\/uploads\/2020\/03\/4469A4Claims_GE-AU_WebJ4500RaspberryWhiteChocolate-Kopieh.pdf\" target=\"_blank\" rel=\"noopener noreferrer\">Produktaussagen<\/a><\/p>\n","protected":false},"featured_media":10268,"comment_status":"closed","ping_status":"closed","template":"","meta":{"_acf_changed":false},"product_brand":[],"product_cat":[23,16],"product_tag":[201,203,202],"class_list":{"0":"post-10304","1":"product","2":"type-product","3":"status-publish","4":"has-post-thumbnail","6":"product_cat-basisprodukte","7":"product_cat-gewichtskontrolle","8":"product_tag-himbeer","9":"product_tag-sojafrei","10":"product_tag-weisse-schokolade","12":"first","13":"instock","14":"sale","15":"taxable","16":"shipping-taxable","17":"purchasable","18":"product-type-simple"},"acf":[],"yoast_head":"<!-- This site is optimized with the Yoast SEO plugin v27.2 - https:\/\/yoast.com\/product\/yoast-seo-wordpress\/ -->\n<title>Neue Generation ohne Soja, Laktose und Gluten, Himbeere und Wei\u00dfe Schokolade 500g - Onlineshop - Selbst\u00e4ndiges HERBALIFE-Mitglied Elija Mairl<\/title>\n<meta name=\"description\" content=\"Dies ist die Webseite eines Selbst\u00e4ndigen HERBALIFE-Mitgliedes. Um auf die offizielle HERBALIFE-Webseite zu gelangen, besuchen Sie bitte HERBALIFE.de.\" \/>\n<meta name=\"robots\" content=\"index, follow, max-snippet:-1, max-image-preview:large, max-video-preview:-1\" \/>\n<link rel=\"canonical\" href=\"https:\/\/www.herbashopping.com\/produkt\/neue-generation-ohne-soja-laktose-und-gluten-himbeere-und-weisse-schokolade-500gch\/\" \/>\n<meta property=\"og:locale\" content=\"en_US\" \/>\n<meta property=\"og:type\" content=\"article\" \/>\n<meta property=\"og:title\" content=\"Neue Generation ohne Soja, Laktose und Gluten, Himbeere und Wei\u00dfe Schokolade 500g - Onlineshop - Selbst\u00e4ndiges HERBALIFE-Mitglied Elija Mairl\" \/>\n<meta property=\"og:description\" content=\"Dies ist die Webseite eines Selbst\u00e4ndigen HERBALIFE-Mitgliedes. Um auf die offizielle HERBALIFE-Webseite zu gelangen, besuchen Sie bitte HERBALIFE.de.\" \/>\n<meta property=\"og:url\" content=\"https:\/\/www.herbashopping.com\/produkt\/neue-generation-ohne-soja-laktose-und-gluten-himbeere-und-weisse-schokolade-500gch\/\" \/>\n<meta property=\"og:site_name\" content=\"Onlineshop - Selbst\u00e4ndiges HERBALIFE-Mitglied Elija Mairl\" \/>\n<meta property=\"article:modified_time\" content=\"2025-04-11T08:58:30+00:00\" \/>\n<meta property=\"og:image\" content=\"https:\/\/www.herbashopping.com\/wp-content\/uploads\/2020\/02\/4469SZ.png\" \/>\n\t<meta property=\"og:image:width\" content=\"800\" \/>\n\t<meta property=\"og:image:height\" content=\"800\" \/>\n\t<meta property=\"og:image:type\" content=\"image\/png\" \/>\n<meta name=\"twitter:card\" content=\"summary_large_image\" \/>\n<meta name=\"twitter:label1\" content=\"Est. reading time\" \/>\n\t<meta name=\"twitter:data1\" content=\"3 minutes\" \/>\n<script type=\"application\/ld+json\" class=\"yoast-schema-graph\">{\"@context\":\"https:\/\/schema.org\",\"@graph\":[{\"@type\":\"WebPage\",\"@id\":\"https:\/\/www.herbashopping.com\/produkt\/neue-generation-ohne-soja-laktose-und-gluten-himbeere-und-weisse-schokolade-500gch\/\",\"url\":\"https:\/\/www.herbashopping.com\/produkt\/neue-generation-ohne-soja-laktose-und-gluten-himbeere-und-weisse-schokolade-500gch\/\",\"name\":\"Neue Generation ohne Soja, Laktose und Gluten, Himbeere und Wei\u00dfe Schokolade 500g - Onlineshop - Selbst\u00e4ndiges HERBALIFE-Mitglied Elija Mairl\",\"isPartOf\":{\"@id\":\"https:\/\/www.herbashopping.com\/#website\"},\"primaryImageOfPage\":{\"@id\":\"https:\/\/www.herbashopping.com\/produkt\/neue-generation-ohne-soja-laktose-und-gluten-himbeere-und-weisse-schokolade-500gch\/#primaryimage\"},\"image\":{\"@id\":\"https:\/\/www.herbashopping.com\/produkt\/neue-generation-ohne-soja-laktose-und-gluten-himbeere-und-weisse-schokolade-500gch\/#primaryimage\"},\"thumbnailUrl\":\"https:\/\/www.herbashopping.com\/wp-content\/uploads\/2020\/02\/4469SZ.png\",\"datePublished\":\"2020-02-05T09:36:48+00:00\",\"dateModified\":\"2025-04-11T08:58:30+00:00\",\"description\":\"Dies ist die Webseite eines Selbst\u00e4ndigen HERBALIFE-Mitgliedes. Um auf die offizielle HERBALIFE-Webseite zu gelangen, besuchen Sie bitte HERBALIFE.de.\",\"breadcrumb\":{\"@id\":\"https:\/\/www.herbashopping.com\/produkt\/neue-generation-ohne-soja-laktose-und-gluten-himbeere-und-weisse-schokolade-500gch\/#breadcrumb\"},\"inLanguage\":\"en-US\",\"potentialAction\":[{\"@type\":\"ReadAction\",\"target\":[\"https:\/\/www.herbashopping.com\/produkt\/neue-generation-ohne-soja-laktose-und-gluten-himbeere-und-weisse-schokolade-500gch\/\"]}]},{\"@type\":\"ImageObject\",\"inLanguage\":\"en-US\",\"@id\":\"https:\/\/www.herbashopping.com\/produkt\/neue-generation-ohne-soja-laktose-und-gluten-himbeere-und-weisse-schokolade-500gch\/#primaryimage\",\"url\":\"https:\/\/www.herbashopping.com\/wp-content\/uploads\/2020\/02\/4469SZ.png\",\"contentUrl\":\"https:\/\/www.herbashopping.com\/wp-content\/uploads\/2020\/02\/4469SZ.png\",\"width\":800,\"height\":800},{\"@type\":\"BreadcrumbList\",\"@id\":\"https:\/\/www.herbashopping.com\/produkt\/neue-generation-ohne-soja-laktose-und-gluten-himbeere-und-weisse-schokolade-500gch\/#breadcrumb\",\"itemListElement\":[{\"@type\":\"ListItem\",\"position\":1,\"name\":\"Startseite\",\"item\":\"https:\/\/www.herbashopping.com\/en\/\"},{\"@type\":\"ListItem\",\"position\":2,\"name\":\"Product Overview\",\"item\":\"https:\/\/www.herbashopping.com\/en\/shop\/\"},{\"@type\":\"ListItem\",\"position\":3,\"name\":\"Neue Generation ohne Soja, Laktose und Gluten, Himbeere und Wei\u00dfe Schokolade 500g\"}]},{\"@type\":\"WebSite\",\"@id\":\"https:\/\/www.herbashopping.com\/#website\",\"url\":\"https:\/\/www.herbashopping.com\/\",\"name\":\"Onlineshop - Selbst\u00e4ndiges HERBALIFE-Mitglied Elija Mairl\",\"description\":\"\",\"publisher\":{\"@id\":\"https:\/\/www.herbashopping.com\/#organization\"},\"potentialAction\":[{\"@type\":\"SearchAction\",\"target\":{\"@type\":\"EntryPoint\",\"urlTemplate\":\"https:\/\/www.herbashopping.com\/?s={search_term_string}\"},\"query-input\":{\"@type\":\"PropertyValueSpecification\",\"valueRequired\":true,\"valueName\":\"search_term_string\"}}],\"inLanguage\":\"en-US\"},{\"@type\":\"Organization\",\"@id\":\"https:\/\/www.herbashopping.com\/#organization\",\"name\":\"Herba-Onlineshop Elija Mairl\",\"url\":\"https:\/\/www.herbashopping.com\/\",\"logo\":{\"@type\":\"ImageObject\",\"inLanguage\":\"en-US\",\"@id\":\"https:\/\/www.herbashopping.com\/#\/schema\/logo\/image\/\",\"url\":\"https:\/\/www.herbashopping.com\/wp-content\/uploads\/2019\/03\/logo_08.2017_header.png\",\"contentUrl\":\"https:\/\/www.herbashopping.com\/wp-content\/uploads\/2019\/03\/logo_08.2017_header.png\",\"width\":300,\"height\":76,\"caption\":\"Herba-Onlineshop Elija Mairl\"},\"image\":{\"@id\":\"https:\/\/www.herbashopping.com\/#\/schema\/logo\/image\/\"}}]}<\/script>\n<!-- \/ Yoast SEO plugin. -->","yoast_head_json":{"title":"Neue Generation ohne Soja, Laktose und Gluten, Himbeere und Wei\u00dfe Schokolade 500g - Onlineshop - Selbst\u00e4ndiges HERBALIFE-Mitglied Elija Mairl","description":"Dies ist die Webseite eines Selbst\u00e4ndigen HERBALIFE-Mitgliedes. Um auf die offizielle HERBALIFE-Webseite zu gelangen, besuchen Sie bitte HERBALIFE.de.","robots":{"index":"index","follow":"follow","max-snippet":"max-snippet:-1","max-image-preview":"max-image-preview:large","max-video-preview":"max-video-preview:-1"},"canonical":"https:\/\/www.herbashopping.com\/produkt\/neue-generation-ohne-soja-laktose-und-gluten-himbeere-und-weisse-schokolade-500gch\/","og_locale":"en_US","og_type":"article","og_title":"Neue Generation ohne Soja, Laktose und Gluten, Himbeere und Wei\u00dfe Schokolade 500g - Onlineshop - Selbst\u00e4ndiges HERBALIFE-Mitglied Elija Mairl","og_description":"Dies ist die Webseite eines Selbst\u00e4ndigen HERBALIFE-Mitgliedes. Um auf die offizielle HERBALIFE-Webseite zu gelangen, besuchen Sie bitte HERBALIFE.de.","og_url":"https:\/\/www.herbashopping.com\/produkt\/neue-generation-ohne-soja-laktose-und-gluten-himbeere-und-weisse-schokolade-500gch\/","og_site_name":"Onlineshop - Selbst\u00e4ndiges HERBALIFE-Mitglied Elija Mairl","article_modified_time":"2025-04-11T08:58:30+00:00","og_image":[{"width":800,"height":800,"url":"https:\/\/www.herbashopping.com\/wp-content\/uploads\/2020\/02\/4469SZ.png","type":"image\/png"}],"twitter_card":"summary_large_image","twitter_misc":{"Est. reading time":"3 minutes"},"schema":{"@context":"https:\/\/schema.org","@graph":[{"@type":"WebPage","@id":"https:\/\/www.herbashopping.com\/produkt\/neue-generation-ohne-soja-laktose-und-gluten-himbeere-und-weisse-schokolade-500gch\/","url":"https:\/\/www.herbashopping.com\/produkt\/neue-generation-ohne-soja-laktose-und-gluten-himbeere-und-weisse-schokolade-500gch\/","name":"Neue Generation ohne Soja, Laktose und Gluten, Himbeere und Wei\u00dfe Schokolade 500g - Onlineshop - Selbst\u00e4ndiges HERBALIFE-Mitglied Elija Mairl","isPartOf":{"@id":"https:\/\/www.herbashopping.com\/#website"},"primaryImageOfPage":{"@id":"https:\/\/www.herbashopping.com\/produkt\/neue-generation-ohne-soja-laktose-und-gluten-himbeere-und-weisse-schokolade-500gch\/#primaryimage"},"image":{"@id":"https:\/\/www.herbashopping.com\/produkt\/neue-generation-ohne-soja-laktose-und-gluten-himbeere-und-weisse-schokolade-500gch\/#primaryimage"},"thumbnailUrl":"https:\/\/www.herbashopping.com\/wp-content\/uploads\/2020\/02\/4469SZ.png","datePublished":"2020-02-05T09:36:48+00:00","dateModified":"2025-04-11T08:58:30+00:00","description":"Dies ist die Webseite eines Selbst\u00e4ndigen HERBALIFE-Mitgliedes. Um auf die offizielle HERBALIFE-Webseite zu gelangen, besuchen Sie bitte HERBALIFE.de.","breadcrumb":{"@id":"https:\/\/www.herbashopping.com\/produkt\/neue-generation-ohne-soja-laktose-und-gluten-himbeere-und-weisse-schokolade-500gch\/#breadcrumb"},"inLanguage":"en-US","potentialAction":[{"@type":"ReadAction","target":["https:\/\/www.herbashopping.com\/produkt\/neue-generation-ohne-soja-laktose-und-gluten-himbeere-und-weisse-schokolade-500gch\/"]}]},{"@type":"ImageObject","inLanguage":"en-US","@id":"https:\/\/www.herbashopping.com\/produkt\/neue-generation-ohne-soja-laktose-und-gluten-himbeere-und-weisse-schokolade-500gch\/#primaryimage","url":"https:\/\/www.herbashopping.com\/wp-content\/uploads\/2020\/02\/4469SZ.png","contentUrl":"https:\/\/www.herbashopping.com\/wp-content\/uploads\/2020\/02\/4469SZ.png","width":800,"height":800},{"@type":"BreadcrumbList","@id":"https:\/\/www.herbashopping.com\/produkt\/neue-generation-ohne-soja-laktose-und-gluten-himbeere-und-weisse-schokolade-500gch\/#breadcrumb","itemListElement":[{"@type":"ListItem","position":1,"name":"Startseite","item":"https:\/\/www.herbashopping.com\/en\/"},{"@type":"ListItem","position":2,"name":"Product Overview","item":"https:\/\/www.herbashopping.com\/en\/shop\/"},{"@type":"ListItem","position":3,"name":"Neue Generation ohne Soja, Laktose und Gluten, Himbeere und Wei\u00dfe Schokolade 500g"}]},{"@type":"WebSite","@id":"https:\/\/www.herbashopping.com\/#website","url":"https:\/\/www.herbashopping.com\/","name":"Onlineshop - Selbst\u00e4ndiges HERBALIFE-Mitglied Elija Mairl","description":"","publisher":{"@id":"https:\/\/www.herbashopping.com\/#organization"},"potentialAction":[{"@type":"SearchAction","target":{"@type":"EntryPoint","urlTemplate":"https:\/\/www.herbashopping.com\/?s={search_term_string}"},"query-input":{"@type":"PropertyValueSpecification","valueRequired":true,"valueName":"search_term_string"}}],"inLanguage":"en-US"},{"@type":"Organization","@id":"https:\/\/www.herbashopping.com\/#organization","name":"Herba-Onlineshop Elija Mairl","url":"https:\/\/www.herbashopping.com\/","logo":{"@type":"ImageObject","inLanguage":"en-US","@id":"https:\/\/www.herbashopping.com\/#\/schema\/logo\/image\/","url":"https:\/\/www.herbashopping.com\/wp-content\/uploads\/2019\/03\/logo_08.2017_header.png","contentUrl":"https:\/\/www.herbashopping.com\/wp-content\/uploads\/2019\/03\/logo_08.2017_header.png","width":300,"height":76,"caption":"Herba-Onlineshop Elija Mairl"},"image":{"@id":"https:\/\/www.herbashopping.com\/#\/schema\/logo\/image\/"}}]}},"_links":{"self":[{"href":"https:\/\/www.herbashopping.com\/en\/wp-json\/wp\/v2\/product\/10304","targetHints":{"allow":["GET"]}}],"collection":[{"href":"https:\/\/www.herbashopping.com\/en\/wp-json\/wp\/v2\/product"}],"about":[{"href":"https:\/\/www.herbashopping.com\/en\/wp-json\/wp\/v2\/types\/product"}],"replies":[{"embeddable":true,"href":"https:\/\/www.herbashopping.com\/en\/wp-json\/wp\/v2\/comments?post=10304"}],"wp:featuredmedia":[{"embeddable":true,"href":"https:\/\/www.herbashopping.com\/en\/wp-json\/wp\/v2\/media\/10268"}],"wp:attachment":[{"href":"https:\/\/www.herbashopping.com\/en\/wp-json\/wp\/v2\/media?parent=10304"}],"wp:term":[{"taxonomy":"product_brand","embeddable":true,"href":"https:\/\/www.herbashopping.com\/en\/wp-json\/wp\/v2\/product_brand?post=10304"},{"taxonomy":"product_cat","embeddable":true,"href":"https:\/\/www.herbashopping.com\/en\/wp-json\/wp\/v2\/product_cat?post=10304"},{"taxonomy":"product_tag","embeddable":true,"href":"https:\/\/www.herbashopping.com\/en\/wp-json\/wp\/v2\/product_tag?post=10304"}],"curies":[{"name":"wp","href":"https:\/\/api.w.org\/{rel}","templated":true}]}}