{"id":11039,"date":"2020-07-25T12:50:43","date_gmt":"2020-07-25T10:50:43","guid":{"rendered":"https:\/\/www.herbashopping.com\/?post_type=product&#038;p=11039"},"modified":"2025-04-06T14:18:49","modified_gmt":"2025-04-06T12:18:49","slug":"immune-booster-wild-berry-37g","status":"publish","type":"product","link":"https:\/\/www.herbashopping.com\/en\/product\/immune-booster-wild-berry-37g\/","title":{"rendered":"Immune Booster Wild Berry 21x 3,7g"},"content":{"rendered":"<p><a href=\"https:\/\/www.herbashopping.com\/wp-content\/uploads\/2023\/03\/Zutaten-SKU233K-Immune-Booster.pdf\">Zutaten SKU233K Immune Booster<\/a><\/p>\n<p>Produkt\u00fcbersicht<br \/>\nUnser Immunsystem ist ein unglaublich komplexes Netzwerk, das Tag f\u00fcr Tag leise und unerm\u00fcdlich arbeitet. Unterst\u00fctze dein Immunsystem mit Immune Booster! Dieses Nahrungserg\u00e4nzungsmittel in Pulverform enth\u00e4lt EpiCor\u00ae &#8211; einem wissenschaftlich gepr\u00fcften, auf Trockenhefe basierenden Inhaltsstoff. Es enth\u00e4lt zudem wichtige Vitamine und Mineralstoffe, die zur normalen Funktion des Immunsystems beitragen, wie z.B. Vitamin C und D, Selen und Zink. Immune Booster ist in praktischen Portionspackungen erh\u00e4ltlich und eignet sich so ideal f\u00fcr unterwegs. Immune Booster &#8211; eine smarte Ern\u00e4hrung f\u00fcr dein Immunsystem.<\/p>\n<p>Die wichtigsten Vorteile<br \/>\n21 Portionspackungen \u00e0 3,7 g<br \/>\nErfrischender Wild Berry Geschmack<br \/>\nEnth\u00e4lt EpiCor\u00ae &#8211; ein wissenschaftlich gepr\u00fcfter Inhaltsstoff, der auf Trockenhefe basiert<br \/>\nReich an wichtigen Vitaminen und Mineralstoffen wie Vitamin C und D, Selen und Zink, die zu einer normalen Funktion des Immunsystems beitragen<br \/>\nVitamin C, Selen und Zink tragen ausserdem dazu bei, die Zellen vor oxidativem Stress zu sch\u00fctzen<br \/>\nF\u00fcr Veganer geeignet<\/p>\n<p>Nutzung<br \/>\nGenie\u00dfe Immune Booster einmal t\u00e4glich zu den Mahlzeiten. Mische dazu 1 Portionspackung (3,7 g) in 150 ml Wasser, bis sich das Pulver vollst\u00e4ndig aufgel\u00f6st hat.<\/p>\n<p>&nbsp;<\/p>\n<p>&nbsp;<\/p>\n","protected":false},"excerpt":{"rendered":"<p><span class=\"woocommerce-Price-amount amount\"><span class=\"woocommerce-Price-currencySymbol\">Unser Immunsystem ist ein unglaublich komplexes Netzwerk, das Tag f\u00fcr Tag leise und unerm\u00fcdlich arbeitet. <strong>Unterst\u00fctze dein Immunsystem mit Immune Booster!<\/strong><br \/>\n<\/span><\/span><\/p>\n<p><span class=\"woocommerce-Price-amount amount\"><span class=\"woocommerce-Price-currencySymbol\">21 Portionspackungen a`3,7g<\/span><\/span><\/p>\n<p><span class=\"woocommerce-Price-amount amount\"><span class=\"woocommerce-Price-currencySymbol\">F\u00fcr Vegetarier geeignet<\/span><\/span><\/p>\n<p><span class=\"woocommerce-Price-amount amount\"><span class=\"woocommerce-Price-currencySymbol\">Genie\u00dfe Immune Booster einmal t\u00e4glich zu den Mahlzeiten. Mische dazu 1 Portionspackung in\u00a0 150ml Wasser, bis sich das Pulver vollst\u00e4ndig aufgel\u00f6st hat.<\/span><\/span><\/p>\n<p>ZUTATEN 233K: Maltodextrin, getrocknetes Hefefermentat EpiCor\u00ae (hergestellt unter Verwendung von Saccharomyces<br \/>\ncerevisiae), Holunderbeeren-Fruchtsaftpulver, S\u00e4ureregulator (Citronens\u00e4ure), Verdickungsmittel (Gummi Arabicum,<br \/>\nXanthan), L-Ascorbins\u00e4ure, nat\u00fcrliches Aroma, Farbstoff (Betenrot), S\u00fc\u00dfungsmittel (Steviolglycoside aus Stevia),<br \/>\nZinkcitrat, Cholecalciferol, Trennmittel (Siliciumdioxid), Natriumselenit.<br \/>\nEpiCor\u00ae ist eine eingetragene Marke von Embria Health Sciences, LLC<\/p>\n","protected":false},"featured_media":20461,"comment_status":"closed","ping_status":"closed","template":"","meta":{"_acf_changed":false},"product_brand":[],"product_cat":[16,24,25],"product_tag":[252,250],"class_list":{"0":"post-11039","1":"product","2":"type-product","3":"status-publish","4":"has-post-thumbnail","6":"product_cat-gewichtskontrolle","7":"product_cat-nahrungserganzung","8":"product_cat-produktubersicht","9":"product_tag-booster","10":"product_tag-immune","12":"first","13":"instock","14":"sale","15":"taxable","16":"shipping-taxable","17":"purchasable","18":"product-type-simple"},"acf":[],"yoast_head":"<!-- This site is optimized with the Yoast SEO plugin v27.2 - https:\/\/yoast.com\/product\/yoast-seo-wordpress\/ -->\n<title>Immune Booster Wild Berry 21x 3,7g - Onlineshop - Selbst\u00e4ndiges HERBALIFE-Mitglied Elija Mairl<\/title>\n<meta name=\"description\" content=\"Dies ist die Webseite eines Selbst\u00e4ndigen HERBALIFE-Mitgliedes. Um auf die offizielle HERBALIFE-Webseite zu gelangen, besuchen Sie bitte HERBALIFE.de.\" \/>\n<meta name=\"robots\" content=\"index, follow, max-snippet:-1, max-image-preview:large, max-video-preview:-1\" \/>\n<link rel=\"canonical\" href=\"https:\/\/www.herbashopping.com\/produkt\/immune-booster-wild-berry-37g\/\" \/>\n<meta property=\"og:locale\" content=\"en_US\" \/>\n<meta property=\"og:type\" content=\"article\" \/>\n<meta property=\"og:title\" content=\"Immune Booster Wild Berry 21x 3,7g - Onlineshop - Selbst\u00e4ndiges HERBALIFE-Mitglied Elija Mairl\" \/>\n<meta property=\"og:description\" content=\"Dies ist die Webseite eines Selbst\u00e4ndigen HERBALIFE-Mitgliedes. Um auf die offizielle HERBALIFE-Webseite zu gelangen, besuchen Sie bitte HERBALIFE.de.\" \/>\n<meta property=\"og:url\" content=\"https:\/\/www.herbashopping.com\/produkt\/immune-booster-wild-berry-37g\/\" \/>\n<meta property=\"og:site_name\" content=\"Onlineshop - Selbst\u00e4ndiges HERBALIFE-Mitglied Elija Mairl\" \/>\n<meta property=\"article:modified_time\" content=\"2025-04-06T12:18:49+00:00\" \/>\n<meta property=\"og:image\" content=\"https:\/\/www.herbashopping.com\/wp-content\/uploads\/2025\/02\/Immune-Booster-233K.png\" \/>\n\t<meta property=\"og:image:width\" content=\"1000\" \/>\n\t<meta property=\"og:image:height\" content=\"1000\" \/>\n\t<meta property=\"og:image:type\" content=\"image\/png\" \/>\n<meta name=\"twitter:card\" content=\"summary_large_image\" \/>\n<meta name=\"twitter:label1\" content=\"Est. reading time\" \/>\n\t<meta name=\"twitter:data1\" content=\"2 minutes\" \/>\n<script type=\"application\/ld+json\" class=\"yoast-schema-graph\">{\"@context\":\"https:\/\/schema.org\",\"@graph\":[{\"@type\":\"WebPage\",\"@id\":\"https:\/\/www.herbashopping.com\/produkt\/immune-booster-wild-berry-37g\/\",\"url\":\"https:\/\/www.herbashopping.com\/produkt\/immune-booster-wild-berry-37g\/\",\"name\":\"Immune Booster Wild Berry 21x 3,7g - Onlineshop - Selbst\u00e4ndiges HERBALIFE-Mitglied Elija Mairl\",\"isPartOf\":{\"@id\":\"https:\/\/www.herbashopping.com\/#website\"},\"primaryImageOfPage\":{\"@id\":\"https:\/\/www.herbashopping.com\/produkt\/immune-booster-wild-berry-37g\/#primaryimage\"},\"image\":{\"@id\":\"https:\/\/www.herbashopping.com\/produkt\/immune-booster-wild-berry-37g\/#primaryimage\"},\"thumbnailUrl\":\"https:\/\/www.herbashopping.com\/wp-content\/uploads\/2025\/02\/Immune-Booster-233K.png\",\"datePublished\":\"2020-07-25T10:50:43+00:00\",\"dateModified\":\"2025-04-06T12:18:49+00:00\",\"description\":\"Dies ist die Webseite eines Selbst\u00e4ndigen HERBALIFE-Mitgliedes. Um auf die offizielle HERBALIFE-Webseite zu gelangen, besuchen Sie bitte HERBALIFE.de.\",\"breadcrumb\":{\"@id\":\"https:\/\/www.herbashopping.com\/produkt\/immune-booster-wild-berry-37g\/#breadcrumb\"},\"inLanguage\":\"en-US\",\"potentialAction\":[{\"@type\":\"ReadAction\",\"target\":[\"https:\/\/www.herbashopping.com\/produkt\/immune-booster-wild-berry-37g\/\"]}]},{\"@type\":\"ImageObject\",\"inLanguage\":\"en-US\",\"@id\":\"https:\/\/www.herbashopping.com\/produkt\/immune-booster-wild-berry-37g\/#primaryimage\",\"url\":\"https:\/\/www.herbashopping.com\/wp-content\/uploads\/2025\/02\/Immune-Booster-233K.png\",\"contentUrl\":\"https:\/\/www.herbashopping.com\/wp-content\/uploads\/2025\/02\/Immune-Booster-233K.png\",\"width\":1000,\"height\":1000},{\"@type\":\"BreadcrumbList\",\"@id\":\"https:\/\/www.herbashopping.com\/produkt\/immune-booster-wild-berry-37g\/#breadcrumb\",\"itemListElement\":[{\"@type\":\"ListItem\",\"position\":1,\"name\":\"Startseite\",\"item\":\"https:\/\/www.herbashopping.com\/en\/\"},{\"@type\":\"ListItem\",\"position\":2,\"name\":\"Product Overview\",\"item\":\"https:\/\/www.herbashopping.com\/en\/shop\/\"},{\"@type\":\"ListItem\",\"position\":3,\"name\":\"Immune Booster Wild Berry 21x 3,7g\"}]},{\"@type\":\"WebSite\",\"@id\":\"https:\/\/www.herbashopping.com\/#website\",\"url\":\"https:\/\/www.herbashopping.com\/\",\"name\":\"Onlineshop - Selbst\u00e4ndiges HERBALIFE-Mitglied Elija Mairl\",\"description\":\"\",\"publisher\":{\"@id\":\"https:\/\/www.herbashopping.com\/#organization\"},\"potentialAction\":[{\"@type\":\"SearchAction\",\"target\":{\"@type\":\"EntryPoint\",\"urlTemplate\":\"https:\/\/www.herbashopping.com\/?s={search_term_string}\"},\"query-input\":{\"@type\":\"PropertyValueSpecification\",\"valueRequired\":true,\"valueName\":\"search_term_string\"}}],\"inLanguage\":\"en-US\"},{\"@type\":\"Organization\",\"@id\":\"https:\/\/www.herbashopping.com\/#organization\",\"name\":\"Herba-Onlineshop Elija Mairl\",\"url\":\"https:\/\/www.herbashopping.com\/\",\"logo\":{\"@type\":\"ImageObject\",\"inLanguage\":\"en-US\",\"@id\":\"https:\/\/www.herbashopping.com\/#\/schema\/logo\/image\/\",\"url\":\"https:\/\/www.herbashopping.com\/wp-content\/uploads\/2019\/03\/logo_08.2017_header.png\",\"contentUrl\":\"https:\/\/www.herbashopping.com\/wp-content\/uploads\/2019\/03\/logo_08.2017_header.png\",\"width\":300,\"height\":76,\"caption\":\"Herba-Onlineshop Elija Mairl\"},\"image\":{\"@id\":\"https:\/\/www.herbashopping.com\/#\/schema\/logo\/image\/\"}}]}<\/script>\n<!-- \/ Yoast SEO plugin. -->","yoast_head_json":{"title":"Immune Booster Wild Berry 21x 3,7g - Onlineshop - Selbst\u00e4ndiges HERBALIFE-Mitglied Elija Mairl","description":"Dies ist die Webseite eines Selbst\u00e4ndigen HERBALIFE-Mitgliedes. Um auf die offizielle HERBALIFE-Webseite zu gelangen, besuchen Sie bitte HERBALIFE.de.","robots":{"index":"index","follow":"follow","max-snippet":"max-snippet:-1","max-image-preview":"max-image-preview:large","max-video-preview":"max-video-preview:-1"},"canonical":"https:\/\/www.herbashopping.com\/produkt\/immune-booster-wild-berry-37g\/","og_locale":"en_US","og_type":"article","og_title":"Immune Booster Wild Berry 21x 3,7g - Onlineshop - Selbst\u00e4ndiges HERBALIFE-Mitglied Elija Mairl","og_description":"Dies ist die Webseite eines Selbst\u00e4ndigen HERBALIFE-Mitgliedes. Um auf die offizielle HERBALIFE-Webseite zu gelangen, besuchen Sie bitte HERBALIFE.de.","og_url":"https:\/\/www.herbashopping.com\/produkt\/immune-booster-wild-berry-37g\/","og_site_name":"Onlineshop - Selbst\u00e4ndiges HERBALIFE-Mitglied Elija Mairl","article_modified_time":"2025-04-06T12:18:49+00:00","og_image":[{"width":1000,"height":1000,"url":"https:\/\/www.herbashopping.com\/wp-content\/uploads\/2025\/02\/Immune-Booster-233K.png","type":"image\/png"}],"twitter_card":"summary_large_image","twitter_misc":{"Est. reading time":"2 minutes"},"schema":{"@context":"https:\/\/schema.org","@graph":[{"@type":"WebPage","@id":"https:\/\/www.herbashopping.com\/produkt\/immune-booster-wild-berry-37g\/","url":"https:\/\/www.herbashopping.com\/produkt\/immune-booster-wild-berry-37g\/","name":"Immune Booster Wild Berry 21x 3,7g - Onlineshop - Selbst\u00e4ndiges HERBALIFE-Mitglied Elija Mairl","isPartOf":{"@id":"https:\/\/www.herbashopping.com\/#website"},"primaryImageOfPage":{"@id":"https:\/\/www.herbashopping.com\/produkt\/immune-booster-wild-berry-37g\/#primaryimage"},"image":{"@id":"https:\/\/www.herbashopping.com\/produkt\/immune-booster-wild-berry-37g\/#primaryimage"},"thumbnailUrl":"https:\/\/www.herbashopping.com\/wp-content\/uploads\/2025\/02\/Immune-Booster-233K.png","datePublished":"2020-07-25T10:50:43+00:00","dateModified":"2025-04-06T12:18:49+00:00","description":"Dies ist die Webseite eines Selbst\u00e4ndigen HERBALIFE-Mitgliedes. Um auf die offizielle HERBALIFE-Webseite zu gelangen, besuchen Sie bitte HERBALIFE.de.","breadcrumb":{"@id":"https:\/\/www.herbashopping.com\/produkt\/immune-booster-wild-berry-37g\/#breadcrumb"},"inLanguage":"en-US","potentialAction":[{"@type":"ReadAction","target":["https:\/\/www.herbashopping.com\/produkt\/immune-booster-wild-berry-37g\/"]}]},{"@type":"ImageObject","inLanguage":"en-US","@id":"https:\/\/www.herbashopping.com\/produkt\/immune-booster-wild-berry-37g\/#primaryimage","url":"https:\/\/www.herbashopping.com\/wp-content\/uploads\/2025\/02\/Immune-Booster-233K.png","contentUrl":"https:\/\/www.herbashopping.com\/wp-content\/uploads\/2025\/02\/Immune-Booster-233K.png","width":1000,"height":1000},{"@type":"BreadcrumbList","@id":"https:\/\/www.herbashopping.com\/produkt\/immune-booster-wild-berry-37g\/#breadcrumb","itemListElement":[{"@type":"ListItem","position":1,"name":"Startseite","item":"https:\/\/www.herbashopping.com\/en\/"},{"@type":"ListItem","position":2,"name":"Product Overview","item":"https:\/\/www.herbashopping.com\/en\/shop\/"},{"@type":"ListItem","position":3,"name":"Immune Booster Wild Berry 21x 3,7g"}]},{"@type":"WebSite","@id":"https:\/\/www.herbashopping.com\/#website","url":"https:\/\/www.herbashopping.com\/","name":"Onlineshop - Selbst\u00e4ndiges HERBALIFE-Mitglied Elija Mairl","description":"","publisher":{"@id":"https:\/\/www.herbashopping.com\/#organization"},"potentialAction":[{"@type":"SearchAction","target":{"@type":"EntryPoint","urlTemplate":"https:\/\/www.herbashopping.com\/?s={search_term_string}"},"query-input":{"@type":"PropertyValueSpecification","valueRequired":true,"valueName":"search_term_string"}}],"inLanguage":"en-US"},{"@type":"Organization","@id":"https:\/\/www.herbashopping.com\/#organization","name":"Herba-Onlineshop Elija Mairl","url":"https:\/\/www.herbashopping.com\/","logo":{"@type":"ImageObject","inLanguage":"en-US","@id":"https:\/\/www.herbashopping.com\/#\/schema\/logo\/image\/","url":"https:\/\/www.herbashopping.com\/wp-content\/uploads\/2019\/03\/logo_08.2017_header.png","contentUrl":"https:\/\/www.herbashopping.com\/wp-content\/uploads\/2019\/03\/logo_08.2017_header.png","width":300,"height":76,"caption":"Herba-Onlineshop Elija Mairl"},"image":{"@id":"https:\/\/www.herbashopping.com\/#\/schema\/logo\/image\/"}}]}},"_links":{"self":[{"href":"https:\/\/www.herbashopping.com\/en\/wp-json\/wp\/v2\/product\/11039","targetHints":{"allow":["GET"]}}],"collection":[{"href":"https:\/\/www.herbashopping.com\/en\/wp-json\/wp\/v2\/product"}],"about":[{"href":"https:\/\/www.herbashopping.com\/en\/wp-json\/wp\/v2\/types\/product"}],"replies":[{"embeddable":true,"href":"https:\/\/www.herbashopping.com\/en\/wp-json\/wp\/v2\/comments?post=11039"}],"wp:featuredmedia":[{"embeddable":true,"href":"https:\/\/www.herbashopping.com\/en\/wp-json\/wp\/v2\/media\/20461"}],"wp:attachment":[{"href":"https:\/\/www.herbashopping.com\/en\/wp-json\/wp\/v2\/media?parent=11039"}],"wp:term":[{"taxonomy":"product_brand","embeddable":true,"href":"https:\/\/www.herbashopping.com\/en\/wp-json\/wp\/v2\/product_brand?post=11039"},{"taxonomy":"product_cat","embeddable":true,"href":"https:\/\/www.herbashopping.com\/en\/wp-json\/wp\/v2\/product_cat?post=11039"},{"taxonomy":"product_tag","embeddable":true,"href":"https:\/\/www.herbashopping.com\/en\/wp-json\/wp\/v2\/product_tag?post=11039"}],"curies":[{"name":"wp","href":"https:\/\/api.w.org\/{rel}","templated":true}]}}