{"id":11429,"date":"2020-10-22T14:05:56","date_gmt":"2020-10-22T12:05:56","guid":{"rendered":"https:\/\/www.herbashopping.com\/?post_type=product&#038;p=11429"},"modified":"2025-04-06T14:18:17","modified_gmt":"2025-04-06T12:18:17","slug":"formula-1-kraeuter-pilz-geschmack-kraeuter-pilz-geschmack-550-g","status":"publish","type":"product","link":"https:\/\/www.herbashopping.com\/en\/product\/formula-1-kraeuter-pilz-geschmack-kraeuter-pilz-geschmack-550-g\/","title":{"rendered":"Formula 1 Kr\u00e4uter-Pilz Geschmack Kr\u00e4uter-Pilz Geschmack 550g"},"content":{"rendered":"<p><a href=\"https:\/\/www.herbashopping.com\/wp-content\/uploads\/2020\/10\/092k_label.pdf\" target=\"_blank\" rel=\"noopener noreferrer\">Zutaten SKU 092K Kr\u00e4uter-Pilz Geschmack<\/a><\/p>\n<p>Produkt\u00fcberblick<br \/>\nFormula 1 vereint beste Zutaten, pures Geschmackserlebnis und intelligente Ern\u00e4hrung in nur einem Shake.<br \/>\nMit einer perfekten Mischung aus hochwertigem Protein, Ballaststoffen, Vitaminen und Mineralstoffen musst du nicht mehr zwischen ausgewogenen Mahlzeiten und Komfort w\u00e4hlen &#8211; Formula 1-Shake ist schnell und einfach zubereitet!<\/p>\n<p>Hole dir die N\u00e4hrstoffe, die dein K\u00f6rper braucht, und bleibe dabei deinen Vorlieben oder deinen Ern\u00e4hrungsbed\u00fcrfnissen verpflichtet. F1 Neue Generation besteht aus veganen Zutaten, ist glutenfrei, enth\u00e4lt nat\u00fcrliche Aromen und ist ohne k\u00fcnstliche Farbstoffe.<br \/>\nK\u00f6stliche, ausgewogene Mahlzeit mit perfekt ausgewogenen Anteilen an qualitativ hochwertigen Proteinen, die zu einer Zunahme von Muskelmasse beitragen, essenziellen Mikron\u00e4hrstoffen sowie zus\u00e4tzlichen Kr\u00e4utern und pflanzlichen Stoffen.<br \/>\nGenie\u00dfe Formula 1 als nahrhaftes Fr\u00fchst\u00fcck, Mittag- oder Abendessen, um deinen aktiven Lebensstil und deine Gewichtsmanagementziele zu unterst\u00fctzen*.<br \/>\nFormula 1 &#8211; Shake enth\u00e4lt 25 Vitamine und Mineralstoffe pro Portion, einschlie\u00dflich Vitamin D, das zur normalen Funktion des Immunsystems beitr\u00e4gt, und Vitamin C, das zur Verringerung von M\u00fcdigkeit und Erm\u00fcdung beitr\u00e4gt.<\/p>\n<p>Vorteile<br \/>\nCa. 222 kcal pro Portion<br \/>\n18 g Protein pro Portion, das zu einer Zunahme von Muskelmasse beitr\u00e4gt<br \/>\n4 g Ballaststoffe pro Portion<br \/>\nMindestens 38% der empfohlenen t\u00e4glichen Aufnahme an 25 Vitaminen und Mineralstoffen pro Portion, einschlie\u00dflich Chrom, das zur Aufrechterhaltung eines normalen Blutzuckerspiegels beitr\u00e4gt<br \/>\nVegane Zutaten, glutenfrei, nat\u00fcrliche Aromen und ohne k\u00fcnstliche Farbstoffe<br \/>\n*Wissenschaftlich belegt: Klinische Studien zeigen, dass das Ersetzen von einer der t\u00e4glichen Hauptmahlzeiten im Rahmen einer kalorienarmen Ern\u00e4hrung durch einen solchen Mahlzeitersatz dazu beitr\u00e4gt, das Gewicht nach Gewichtsabnahme zu halten.<\/p>\n<p>ZUTATEN:<br \/>\nPromitor\u00ae Ballaststoffe, Inulin (Chicor\u00e9e),<br \/>\nglutenfreie Ballaststoffe aus Hafer, Soja\u00f6l,<br \/>\nnat\u00fcrliches Aromen, Mineralmischung<br \/>\n(Calciumcitrat, Magnesiumoxid, Eisenfumarat,<br \/>\nNatriumselenit, Zinkoxid, Mangancarbonat,<br \/>\nChrom(III)-chlorid, Kaliumiodid,<br \/>\nKupfercitrat), Kaliumphosphat, Emulgator<br \/>\n(Sojalecithin), Natriumchlorid, biologisches2<br \/>\nLeinsamenpulver, Verdickungsmittel<br \/>\n(Xanthan), Vitaminmischung (L-Ascorbins\u00e4ure<br \/>\n(Vit. C), DL-\u03b1-Tocopherylacetat (Vit. E),<br \/>\nNicotinamid (Niacin), Retinylacetat (Vit. A),<br \/>\nD-Biotin (Biotin), Calcium-D-pantothenat<br \/>\n(Pantothens\u00e4ure), Cholecalciferol (Vit. D),<br \/>\nPteroylmonoglutamins\u00e4ure (Fols\u00e4ure),<br \/>\nPhyllochinon (Vit. K), Pyridoxinhydrochlorid<br \/>\n(Vit. B6), Thiaminhydrochlorid (Vit. B1),<br \/>\nCyanocobalamin (Vit. B12), Riboflavin<br \/>\n(Vit. B2)), Petersilien-Kr\u00e4uterflocken (0,12 %),<br \/>\nTrennmittel (Siliciumdioxid). Allergiehinweis:<br \/>\nAchten Sie auf die fettgedruckten Zutaten<br \/>\nf\u00fcr Hinweise auf Allergene.<br \/>\n2<br \/>\n2 % der landwirtschaftlichen Zutaten<br \/>\nstammen aus biologischem Anbau<br \/>\nNL-BIO-01<\/p>\n","protected":false},"excerpt":{"rendered":"<p>Verzehrempfehlung\/Anwendung<br \/>\nGenie\u00dfe jeden Tag einen Formula 1 &#8211; Shake als nahrhafte Mahlzeit. Vor Gebrauch die Packung vorsichtig sch\u00fctteln, da sich der Inhalt absetzen kann. Mische zwei Essl\u00f6ffel (26 g) Pulver mit 250 ml hei\u00dfer, fettarmer Milch (1,5 % Fettgehalt). Genie\u00dfe dieses Produkt im Rahmen einer ausgewogenen und abwechslungsreichen Ern\u00e4hrung sowie einem gesunden, aktiven Lebensstil.<br \/>\nIDEAL F\u00dcR DIE KALTE JAHRESZEIT!<\/p>\n","protected":false},"featured_media":11433,"comment_status":"closed","ping_status":"closed","template":"","meta":{"_acf_changed":false},"product_brand":[],"product_cat":[16,24,25],"product_tag":[261,262],"class_list":{"0":"post-11429","1":"product","2":"type-product","3":"status-publish","4":"has-post-thumbnail","6":"product_cat-gewichtskontrolle","7":"product_cat-nahrungserganzung","8":"product_cat-produktubersicht","9":"product_tag-kraeuter","10":"product_tag-pilz","12":"first","13":"outofstock","14":"sale","15":"taxable","16":"shipping-taxable","17":"purchasable","18":"product-type-simple"},"acf":[],"yoast_head":"<!-- This site is optimized with the Yoast SEO plugin v27.2 - https:\/\/yoast.com\/product\/yoast-seo-wordpress\/ -->\n<title>Formula 1 Kr\u00e4uter-Pilz Geschmack Kr\u00e4uter-Pilz Geschmack 550g - Onlineshop - Selbst\u00e4ndiges HERBALIFE-Mitglied Elija Mairl<\/title>\n<meta name=\"description\" content=\"Dies ist die Webseite eines Selbst\u00e4ndigen HERBALIFE-Mitgliedes. Um auf die offizielle HERBALIFE-Webseite zu gelangen, besuchen Sie bitte HERBALIFE.de.\" \/>\n<meta name=\"robots\" content=\"index, follow, max-snippet:-1, max-image-preview:large, max-video-preview:-1\" \/>\n<link rel=\"canonical\" href=\"https:\/\/www.herbashopping.com\/produkt\/formula-1-kraeuter-pilz-geschmack-kraeuter-pilz-geschmack-550-g\/\" \/>\n<meta property=\"og:locale\" content=\"en_US\" \/>\n<meta property=\"og:type\" content=\"article\" \/>\n<meta property=\"og:title\" content=\"Formula 1 Kr\u00e4uter-Pilz Geschmack Kr\u00e4uter-Pilz Geschmack 550g - Onlineshop - Selbst\u00e4ndiges HERBALIFE-Mitglied Elija Mairl\" \/>\n<meta property=\"og:description\" content=\"Dies ist die Webseite eines Selbst\u00e4ndigen HERBALIFE-Mitgliedes. Um auf die offizielle HERBALIFE-Webseite zu gelangen, besuchen Sie bitte HERBALIFE.de.\" \/>\n<meta property=\"og:url\" content=\"https:\/\/www.herbashopping.com\/produkt\/formula-1-kraeuter-pilz-geschmack-kraeuter-pilz-geschmack-550-g\/\" \/>\n<meta property=\"og:site_name\" content=\"Onlineshop - Selbst\u00e4ndiges HERBALIFE-Mitglied Elija Mairl\" \/>\n<meta property=\"article:modified_time\" content=\"2025-04-06T12:18:17+00:00\" \/>\n<meta property=\"og:image\" content=\"https:\/\/www.herbashopping.com\/wp-content\/uploads\/2020\/10\/092K.png\" \/>\n\t<meta property=\"og:image:width\" content=\"1000\" \/>\n\t<meta property=\"og:image:height\" content=\"1000\" \/>\n\t<meta property=\"og:image:type\" content=\"image\/png\" \/>\n<meta name=\"twitter:card\" content=\"summary_large_image\" \/>\n<meta name=\"twitter:label1\" content=\"Est. reading time\" \/>\n\t<meta name=\"twitter:data1\" content=\"2 minutes\" \/>\n<script type=\"application\/ld+json\" class=\"yoast-schema-graph\">{\"@context\":\"https:\/\/schema.org\",\"@graph\":[{\"@type\":\"WebPage\",\"@id\":\"https:\/\/www.herbashopping.com\/produkt\/formula-1-kraeuter-pilz-geschmack-kraeuter-pilz-geschmack-550-g\/\",\"url\":\"https:\/\/www.herbashopping.com\/produkt\/formula-1-kraeuter-pilz-geschmack-kraeuter-pilz-geschmack-550-g\/\",\"name\":\"Formula 1 Kr\u00e4uter-Pilz Geschmack Kr\u00e4uter-Pilz Geschmack 550g - Onlineshop - Selbst\u00e4ndiges HERBALIFE-Mitglied Elija Mairl\",\"isPartOf\":{\"@id\":\"https:\/\/www.herbashopping.com\/#website\"},\"primaryImageOfPage\":{\"@id\":\"https:\/\/www.herbashopping.com\/produkt\/formula-1-kraeuter-pilz-geschmack-kraeuter-pilz-geschmack-550-g\/#primaryimage\"},\"image\":{\"@id\":\"https:\/\/www.herbashopping.com\/produkt\/formula-1-kraeuter-pilz-geschmack-kraeuter-pilz-geschmack-550-g\/#primaryimage\"},\"thumbnailUrl\":\"https:\/\/www.herbashopping.com\/wp-content\/uploads\/2020\/10\/092K.png\",\"datePublished\":\"2020-10-22T12:05:56+00:00\",\"dateModified\":\"2025-04-06T12:18:17+00:00\",\"description\":\"Dies ist die Webseite eines Selbst\u00e4ndigen HERBALIFE-Mitgliedes. Um auf die offizielle HERBALIFE-Webseite zu gelangen, besuchen Sie bitte HERBALIFE.de.\",\"breadcrumb\":{\"@id\":\"https:\/\/www.herbashopping.com\/produkt\/formula-1-kraeuter-pilz-geschmack-kraeuter-pilz-geschmack-550-g\/#breadcrumb\"},\"inLanguage\":\"en-US\",\"potentialAction\":[{\"@type\":\"ReadAction\",\"target\":[\"https:\/\/www.herbashopping.com\/produkt\/formula-1-kraeuter-pilz-geschmack-kraeuter-pilz-geschmack-550-g\/\"]}]},{\"@type\":\"ImageObject\",\"inLanguage\":\"en-US\",\"@id\":\"https:\/\/www.herbashopping.com\/produkt\/formula-1-kraeuter-pilz-geschmack-kraeuter-pilz-geschmack-550-g\/#primaryimage\",\"url\":\"https:\/\/www.herbashopping.com\/wp-content\/uploads\/2020\/10\/092K.png\",\"contentUrl\":\"https:\/\/www.herbashopping.com\/wp-content\/uploads\/2020\/10\/092K.png\",\"width\":1000,\"height\":1000},{\"@type\":\"BreadcrumbList\",\"@id\":\"https:\/\/www.herbashopping.com\/produkt\/formula-1-kraeuter-pilz-geschmack-kraeuter-pilz-geschmack-550-g\/#breadcrumb\",\"itemListElement\":[{\"@type\":\"ListItem\",\"position\":1,\"name\":\"Startseite\",\"item\":\"https:\/\/www.herbashopping.com\/en\/\"},{\"@type\":\"ListItem\",\"position\":2,\"name\":\"Product Overview\",\"item\":\"https:\/\/www.herbashopping.com\/en\/shop\/\"},{\"@type\":\"ListItem\",\"position\":3,\"name\":\"Formula 1 Kr\u00e4uter-Pilz Geschmack Kr\u00e4uter-Pilz Geschmack 550g\"}]},{\"@type\":\"WebSite\",\"@id\":\"https:\/\/www.herbashopping.com\/#website\",\"url\":\"https:\/\/www.herbashopping.com\/\",\"name\":\"Onlineshop - Selbst\u00e4ndiges HERBALIFE-Mitglied Elija Mairl\",\"description\":\"\",\"publisher\":{\"@id\":\"https:\/\/www.herbashopping.com\/#organization\"},\"potentialAction\":[{\"@type\":\"SearchAction\",\"target\":{\"@type\":\"EntryPoint\",\"urlTemplate\":\"https:\/\/www.herbashopping.com\/?s={search_term_string}\"},\"query-input\":{\"@type\":\"PropertyValueSpecification\",\"valueRequired\":true,\"valueName\":\"search_term_string\"}}],\"inLanguage\":\"en-US\"},{\"@type\":\"Organization\",\"@id\":\"https:\/\/www.herbashopping.com\/#organization\",\"name\":\"Herba-Onlineshop Elija Mairl\",\"url\":\"https:\/\/www.herbashopping.com\/\",\"logo\":{\"@type\":\"ImageObject\",\"inLanguage\":\"en-US\",\"@id\":\"https:\/\/www.herbashopping.com\/#\/schema\/logo\/image\/\",\"url\":\"https:\/\/www.herbashopping.com\/wp-content\/uploads\/2019\/03\/logo_08.2017_header.png\",\"contentUrl\":\"https:\/\/www.herbashopping.com\/wp-content\/uploads\/2019\/03\/logo_08.2017_header.png\",\"width\":300,\"height\":76,\"caption\":\"Herba-Onlineshop Elija Mairl\"},\"image\":{\"@id\":\"https:\/\/www.herbashopping.com\/#\/schema\/logo\/image\/\"}}]}<\/script>\n<!-- \/ Yoast SEO plugin. -->","yoast_head_json":{"title":"Formula 1 Kr\u00e4uter-Pilz Geschmack Kr\u00e4uter-Pilz Geschmack 550g - Onlineshop - Selbst\u00e4ndiges HERBALIFE-Mitglied Elija Mairl","description":"Dies ist die Webseite eines Selbst\u00e4ndigen HERBALIFE-Mitgliedes. Um auf die offizielle HERBALIFE-Webseite zu gelangen, besuchen Sie bitte HERBALIFE.de.","robots":{"index":"index","follow":"follow","max-snippet":"max-snippet:-1","max-image-preview":"max-image-preview:large","max-video-preview":"max-video-preview:-1"},"canonical":"https:\/\/www.herbashopping.com\/produkt\/formula-1-kraeuter-pilz-geschmack-kraeuter-pilz-geschmack-550-g\/","og_locale":"en_US","og_type":"article","og_title":"Formula 1 Kr\u00e4uter-Pilz Geschmack Kr\u00e4uter-Pilz Geschmack 550g - Onlineshop - Selbst\u00e4ndiges HERBALIFE-Mitglied Elija Mairl","og_description":"Dies ist die Webseite eines Selbst\u00e4ndigen HERBALIFE-Mitgliedes. Um auf die offizielle HERBALIFE-Webseite zu gelangen, besuchen Sie bitte HERBALIFE.de.","og_url":"https:\/\/www.herbashopping.com\/produkt\/formula-1-kraeuter-pilz-geschmack-kraeuter-pilz-geschmack-550-g\/","og_site_name":"Onlineshop - Selbst\u00e4ndiges HERBALIFE-Mitglied Elija Mairl","article_modified_time":"2025-04-06T12:18:17+00:00","og_image":[{"width":1000,"height":1000,"url":"https:\/\/www.herbashopping.com\/wp-content\/uploads\/2020\/10\/092K.png","type":"image\/png"}],"twitter_card":"summary_large_image","twitter_misc":{"Est. reading time":"2 minutes"},"schema":{"@context":"https:\/\/schema.org","@graph":[{"@type":"WebPage","@id":"https:\/\/www.herbashopping.com\/produkt\/formula-1-kraeuter-pilz-geschmack-kraeuter-pilz-geschmack-550-g\/","url":"https:\/\/www.herbashopping.com\/produkt\/formula-1-kraeuter-pilz-geschmack-kraeuter-pilz-geschmack-550-g\/","name":"Formula 1 Kr\u00e4uter-Pilz Geschmack Kr\u00e4uter-Pilz Geschmack 550g - Onlineshop - Selbst\u00e4ndiges HERBALIFE-Mitglied Elija Mairl","isPartOf":{"@id":"https:\/\/www.herbashopping.com\/#website"},"primaryImageOfPage":{"@id":"https:\/\/www.herbashopping.com\/produkt\/formula-1-kraeuter-pilz-geschmack-kraeuter-pilz-geschmack-550-g\/#primaryimage"},"image":{"@id":"https:\/\/www.herbashopping.com\/produkt\/formula-1-kraeuter-pilz-geschmack-kraeuter-pilz-geschmack-550-g\/#primaryimage"},"thumbnailUrl":"https:\/\/www.herbashopping.com\/wp-content\/uploads\/2020\/10\/092K.png","datePublished":"2020-10-22T12:05:56+00:00","dateModified":"2025-04-06T12:18:17+00:00","description":"Dies ist die Webseite eines Selbst\u00e4ndigen HERBALIFE-Mitgliedes. Um auf die offizielle HERBALIFE-Webseite zu gelangen, besuchen Sie bitte HERBALIFE.de.","breadcrumb":{"@id":"https:\/\/www.herbashopping.com\/produkt\/formula-1-kraeuter-pilz-geschmack-kraeuter-pilz-geschmack-550-g\/#breadcrumb"},"inLanguage":"en-US","potentialAction":[{"@type":"ReadAction","target":["https:\/\/www.herbashopping.com\/produkt\/formula-1-kraeuter-pilz-geschmack-kraeuter-pilz-geschmack-550-g\/"]}]},{"@type":"ImageObject","inLanguage":"en-US","@id":"https:\/\/www.herbashopping.com\/produkt\/formula-1-kraeuter-pilz-geschmack-kraeuter-pilz-geschmack-550-g\/#primaryimage","url":"https:\/\/www.herbashopping.com\/wp-content\/uploads\/2020\/10\/092K.png","contentUrl":"https:\/\/www.herbashopping.com\/wp-content\/uploads\/2020\/10\/092K.png","width":1000,"height":1000},{"@type":"BreadcrumbList","@id":"https:\/\/www.herbashopping.com\/produkt\/formula-1-kraeuter-pilz-geschmack-kraeuter-pilz-geschmack-550-g\/#breadcrumb","itemListElement":[{"@type":"ListItem","position":1,"name":"Startseite","item":"https:\/\/www.herbashopping.com\/en\/"},{"@type":"ListItem","position":2,"name":"Product Overview","item":"https:\/\/www.herbashopping.com\/en\/shop\/"},{"@type":"ListItem","position":3,"name":"Formula 1 Kr\u00e4uter-Pilz Geschmack Kr\u00e4uter-Pilz Geschmack 550g"}]},{"@type":"WebSite","@id":"https:\/\/www.herbashopping.com\/#website","url":"https:\/\/www.herbashopping.com\/","name":"Onlineshop - Selbst\u00e4ndiges HERBALIFE-Mitglied Elija Mairl","description":"","publisher":{"@id":"https:\/\/www.herbashopping.com\/#organization"},"potentialAction":[{"@type":"SearchAction","target":{"@type":"EntryPoint","urlTemplate":"https:\/\/www.herbashopping.com\/?s={search_term_string}"},"query-input":{"@type":"PropertyValueSpecification","valueRequired":true,"valueName":"search_term_string"}}],"inLanguage":"en-US"},{"@type":"Organization","@id":"https:\/\/www.herbashopping.com\/#organization","name":"Herba-Onlineshop Elija Mairl","url":"https:\/\/www.herbashopping.com\/","logo":{"@type":"ImageObject","inLanguage":"en-US","@id":"https:\/\/www.herbashopping.com\/#\/schema\/logo\/image\/","url":"https:\/\/www.herbashopping.com\/wp-content\/uploads\/2019\/03\/logo_08.2017_header.png","contentUrl":"https:\/\/www.herbashopping.com\/wp-content\/uploads\/2019\/03\/logo_08.2017_header.png","width":300,"height":76,"caption":"Herba-Onlineshop Elija Mairl"},"image":{"@id":"https:\/\/www.herbashopping.com\/#\/schema\/logo\/image\/"}}]}},"_links":{"self":[{"href":"https:\/\/www.herbashopping.com\/en\/wp-json\/wp\/v2\/product\/11429","targetHints":{"allow":["GET"]}}],"collection":[{"href":"https:\/\/www.herbashopping.com\/en\/wp-json\/wp\/v2\/product"}],"about":[{"href":"https:\/\/www.herbashopping.com\/en\/wp-json\/wp\/v2\/types\/product"}],"replies":[{"embeddable":true,"href":"https:\/\/www.herbashopping.com\/en\/wp-json\/wp\/v2\/comments?post=11429"}],"wp:featuredmedia":[{"embeddable":true,"href":"https:\/\/www.herbashopping.com\/en\/wp-json\/wp\/v2\/media\/11433"}],"wp:attachment":[{"href":"https:\/\/www.herbashopping.com\/en\/wp-json\/wp\/v2\/media?parent=11429"}],"wp:term":[{"taxonomy":"product_brand","embeddable":true,"href":"https:\/\/www.herbashopping.com\/en\/wp-json\/wp\/v2\/product_brand?post=11429"},{"taxonomy":"product_cat","embeddable":true,"href":"https:\/\/www.herbashopping.com\/en\/wp-json\/wp\/v2\/product_cat?post=11429"},{"taxonomy":"product_tag","embeddable":true,"href":"https:\/\/www.herbashopping.com\/en\/wp-json\/wp\/v2\/product_tag?post=11429"}],"curies":[{"name":"wp","href":"https:\/\/api.w.org\/{rel}","templated":true}]}}