{"id":12594,"date":"2021-07-27T17:55:31","date_gmt":"2021-07-27T15:55:31","guid":{"rendered":"https:\/\/www.herbashopping.com\/?post_type=product&#038;p=12594"},"modified":"2025-04-06T14:17:00","modified_gmt":"2025-04-06T12:17:00","slug":"herbalife-h24-achieve-protein-riegel-dark-chocolate-geschmack-6-x-60-g-schokoladengeschmack-2","status":"publish","type":"product","link":"https:\/\/www.herbashopping.com\/en\/product\/herbalife-h24-achieve-protein-riegel-dark-chocolate-geschmack-6-x-60-g-schokoladengeschmack-2\/","title":{"rendered":"Herbalife H24 ACHIEVE Protein Riegel , 6 x 60 g, Geschmack w\u00e4hlbar"},"content":{"rendered":"<p>&nbsp;<\/p>\n<div style=\"width: 1920px;\" class=\"wp-video\"><video class=\"wp-video-shortcode\" id=\"video-12594-1\" width=\"1920\" height=\"1080\" preload=\"metadata\" controls=\"controls\"><source type=\"video\/mp4\" src=\"https:\/\/www.herbashopping.com\/wp-content\/uploads\/2021\/07\/H24-Riegel-Protein.mp4?_=1\" \/><a href=\"https:\/\/www.herbashopping.com\/wp-content\/uploads\/2021\/07\/H24-Riegel-Protein.mp4\">https:\/\/www.herbashopping.com\/wp-content\/uploads\/2021\/07\/H24-Riegel-Protein.mp4<\/a><\/video><\/div>\n<p>&nbsp;<\/p>\n<p><a href=\"https:\/\/www.herbashopping.com\/wp-content\/uploads\/2023\/03\/Zutaten-150K.pdf\">Zutaten 150K Dark Chocolate<\/a><\/p>\n<p><a href=\"https:\/\/www.herbashopping.com\/wp-content\/uploads\/2023\/03\/149K-Zutaten.pdf\">Zutaten 149K Chocolate Chip Cookie dough<\/a><\/p>\n<p>Feiere jeden Erfolg deiner Fitness-Reise mit dem NEUEN H24 Achieve Protein Riegeln.<br \/>\nSie liefern dir 21 Gramm Protein pro Riegel, sind zuckerarm, f\u00fcr Vegetarier geeignet und erh\u00e4ltlich<br \/>\nin einem reichhaltigen Dark Chocolate Geschmack.<\/p>\n<p>Ern\u00e4hrung, der du vertrauen kannst &#8211; ohne k\u00fcnstliche Farbstoffe oder Aromen und Informed Sports zertifiziert.<\/p>\n<p>Geni\u00dfe H24 Achieve Protein Riegel einmal t\u00e4glich zwischen den Mahlzeiten, nach k\u00f6rperlicher Aktivit\u00e4ten oder wann immer du einen Snack ben\u00f6tigst.<\/p>\n<p>Die wichtigsten Vorteile<br \/>\n21 g Protein pro Riegel<br \/>\nZuckerarm<br \/>\nInformed Sports zertifiziert<br \/>\nKeine k\u00fcnstlichen Farbstoffe oder Aromen<br \/>\nDark Chocolate Geschmack<br \/>\nF\u00fcr Vegetarier geeignet<\/p>\n<p>ZUTATEN 150K: Milchproteine (Milcheiwei\u00dfisolat, Calciumcaseinat (Milch), Molkenproteinkonzentrat (Milch)), S\u00fc\u00dfungsmittel<br \/>\n(Maltitsirup), dunkler Schokoladen\u00fcberzug (17 %) (Kakaomasse, S\u00fc\u00dfungsmittel (Maltit), Kakaobutter, Emulgator<br \/>\n(Sojalecithin), nat\u00fcrliches Aroma), Feuchthaltemittel (Glycerin), Kokosnuss\u00f6l, fettarmes Kakaopulver, Kakao-Soja-Crispies<br \/>\n(Soja-Eiwei\u00dfisolat, Kakaopulver, Tapiokast\u00e4rke), ger\u00f6stete Kakaobohnen, nat\u00fcrliche Aromen, Farbstoff (Zuckerkul\u00f6r),<br \/>\nS\u00fc\u00dfungsmittel (Steviolglycoside). Allergiehinweis: Achten Sie auf die fettgedruckten Zutaten f\u00fcr Hinweise auf Allergene.<br \/>\nKANN GLUTEN, SCHALENFR\u00dcCHTE, EIER UND ERDN\u00dcSSE ENTHALTEN.<\/p>\n<p>ZUTATEN 149K: Milchproteine (Milcheiwei\u00dfisolat, Calciumcaseinat (Milch), Molkenproteinkonzentrat (Milch)),<br \/>\nS\u00fc\u00dfungsmittel (Maltitsirup), Milch-Schokoladen\u00fcberzug mit S\u00fc\u00dfungsmittel (17 %, Kakao: 35 % mindestens)<br \/>\n(S\u00fc\u00dfungsmittel (Maltit), Kakaobutter, Vollmilchpulver, Kakaomasse, Emulgator (Lecithine (Soja)),<br \/>\nVanilleextrakt), Feuchthaltemittel (Glycerin), Kakaobutter, Kakao-Soja-Crispies (Soja-Eiwei\u00dfisolat, Kakaopulver,<br \/>\nTapiokast\u00e4rke), ger\u00f6stete Kakaobohnen, nat\u00fcrliche Aromen, Farbstoff (Zuckerkul\u00f6r), S\u00fc\u00dfungsmittel<br \/>\n(Steviolglycoside aus Stevia). Allergiehinweis: Achten Sie auf die fettgedruckten Zutaten f\u00fcr Hinweise auf<br \/>\nAllergene. KANN GLUTEN, SCHALENFR\u00dcCHTE, EIER UND ERDN\u00dcSSE ENTHALTEN<\/p>\n","protected":false},"excerpt":{"rendered":"<p>Gehe bei deinem ausgewogenen, aktiven Lebensstil keine Kompromisse ein und genie\u00dfe den reichhaltigen Geschmack der H24 Achieve Protein Riegel.<\/p>\n<p>Jeder Riegel ist zuckerarm und enth\u00e4lt 21 g hochqualitatives Protein, welches zu einer Zunahme und zur Erhaltung von Muskelmasse beitr\u00e4gt. H24 Achieve Protein Riegel sind f\u00fcr Vegetarier geeignet und enthalten keine k\u00fcnstlichen Farbstoffe oder Aromen.<\/p>\n<p>Genie\u00dfe H24 Achieve Protein Riegel einmal t\u00e4glich, zwischen den Mahlzeiten oder nach k\u00f6rperlicher Aktivit\u00e4t. Genie\u00dfe dieses Produkt im Rahmen einer ausgewogenen und abwechslungsreichen Ern\u00e4hrung sowie einem gesunden, aktiven Lebensstil.<\/p>\n<p>Kann bei \u00fcberm\u00e4\u00dfigem Verzehr abf\u00fchrend wirken.<\/p>\n","protected":false},"featured_media":20259,"comment_status":"closed","ping_status":"closed","template":"","meta":{"_acf_changed":false},"product_brand":[],"product_cat":[16,20,24,25,19,17],"product_tag":[307,306],"class_list":{"0":"post-12594","1":"product","2":"type-product","3":"status-publish","4":"has-post-thumbnail","6":"product_cat-gewichtskontrolle","7":"product_cat-herbalife-24","8":"product_cat-nahrungserganzung","9":"product_cat-produktubersicht","10":"product_cat-sonstiges","11":"product_cat-sport-fitness","12":"product_tag-dark-chocolate","13":"product_tag-h24-riegel","15":"first","16":"instock","17":"sale","18":"taxable","19":"shipping-taxable","20":"purchasable","21":"product-type-variable"},"acf":[],"yoast_head":"<!-- This site is optimized with the Yoast SEO plugin v27.2 - https:\/\/yoast.com\/product\/yoast-seo-wordpress\/ -->\n<title>Herbalife H24 ACHIEVE Protein Riegel , 6 x 60 g, Geschmack w\u00e4hlbar - Onlineshop - Selbst\u00e4ndiges HERBALIFE-Mitglied Elija Mairl<\/title>\n<meta name=\"description\" content=\"Dies ist die Webseite eines Selbst\u00e4ndigen HERBALIFE-Mitgliedes. Um auf die offizielle HERBALIFE-Webseite zu gelangen, besuchen Sie bitte HERBALIFE.de.\" \/>\n<meta name=\"robots\" content=\"index, follow, max-snippet:-1, max-image-preview:large, max-video-preview:-1\" \/>\n<link rel=\"canonical\" href=\"https:\/\/www.herbashopping.com\/produkt\/herbalife-h24-achieve-protein-riegel-dark-chocolate-geschmack-6-x-60-g-schokoladengeschmack-2\/\" \/>\n<meta property=\"og:locale\" content=\"en_US\" \/>\n<meta property=\"og:type\" content=\"article\" \/>\n<meta property=\"og:title\" content=\"Herbalife H24 ACHIEVE Protein Riegel , 6 x 60 g, Geschmack w\u00e4hlbar - Onlineshop - Selbst\u00e4ndiges HERBALIFE-Mitglied Elija Mairl\" \/>\n<meta property=\"og:description\" content=\"Dies ist die Webseite eines Selbst\u00e4ndigen HERBALIFE-Mitgliedes. Um auf die offizielle HERBALIFE-Webseite zu gelangen, besuchen Sie bitte HERBALIFE.de.\" \/>\n<meta property=\"og:url\" content=\"https:\/\/www.herbashopping.com\/produkt\/herbalife-h24-achieve-protein-riegel-dark-chocolate-geschmack-6-x-60-g-schokoladengeschmack-2\/\" \/>\n<meta property=\"og:site_name\" content=\"Onlineshop - Selbst\u00e4ndiges HERBALIFE-Mitglied Elija Mairl\" \/>\n<meta property=\"article:modified_time\" content=\"2025-04-06T12:17:00+00:00\" \/>\n<meta property=\"og:image\" content=\"https:\/\/www.herbashopping.com\/wp-content\/uploads\/2025\/02\/H24-Riegel.png\" \/>\n\t<meta property=\"og:image:width\" content=\"1000\" \/>\n\t<meta property=\"og:image:height\" content=\"1000\" \/>\n\t<meta property=\"og:image:type\" content=\"image\/png\" \/>\n<meta name=\"twitter:card\" content=\"summary_large_image\" \/>\n<meta name=\"twitter:label1\" content=\"Est. reading time\" \/>\n\t<meta name=\"twitter:data1\" content=\"2 minutes\" \/>\n<script type=\"application\/ld+json\" class=\"yoast-schema-graph\">{\"@context\":\"https:\/\/schema.org\",\"@graph\":[{\"@type\":\"WebPage\",\"@id\":\"https:\/\/www.herbashopping.com\/produkt\/herbalife-h24-achieve-protein-riegel-dark-chocolate-geschmack-6-x-60-g-schokoladengeschmack-2\/\",\"url\":\"https:\/\/www.herbashopping.com\/produkt\/herbalife-h24-achieve-protein-riegel-dark-chocolate-geschmack-6-x-60-g-schokoladengeschmack-2\/\",\"name\":\"Herbalife H24 ACHIEVE Protein Riegel , 6 x 60 g, Geschmack w\u00e4hlbar - Onlineshop - Selbst\u00e4ndiges HERBALIFE-Mitglied Elija Mairl\",\"isPartOf\":{\"@id\":\"https:\/\/www.herbashopping.com\/#website\"},\"primaryImageOfPage\":{\"@id\":\"https:\/\/www.herbashopping.com\/produkt\/herbalife-h24-achieve-protein-riegel-dark-chocolate-geschmack-6-x-60-g-schokoladengeschmack-2\/#primaryimage\"},\"image\":{\"@id\":\"https:\/\/www.herbashopping.com\/produkt\/herbalife-h24-achieve-protein-riegel-dark-chocolate-geschmack-6-x-60-g-schokoladengeschmack-2\/#primaryimage\"},\"thumbnailUrl\":\"https:\/\/www.herbashopping.com\/wp-content\/uploads\/2025\/02\/H24-Riegel.png\",\"datePublished\":\"2021-07-27T15:55:31+00:00\",\"dateModified\":\"2025-04-06T12:17:00+00:00\",\"description\":\"Dies ist die Webseite eines Selbst\u00e4ndigen HERBALIFE-Mitgliedes. Um auf die offizielle HERBALIFE-Webseite zu gelangen, besuchen Sie bitte HERBALIFE.de.\",\"breadcrumb\":{\"@id\":\"https:\/\/www.herbashopping.com\/produkt\/herbalife-h24-achieve-protein-riegel-dark-chocolate-geschmack-6-x-60-g-schokoladengeschmack-2\/#breadcrumb\"},\"inLanguage\":\"en-US\",\"potentialAction\":[{\"@type\":\"ReadAction\",\"target\":[\"https:\/\/www.herbashopping.com\/produkt\/herbalife-h24-achieve-protein-riegel-dark-chocolate-geschmack-6-x-60-g-schokoladengeschmack-2\/\"]}]},{\"@type\":\"ImageObject\",\"inLanguage\":\"en-US\",\"@id\":\"https:\/\/www.herbashopping.com\/produkt\/herbalife-h24-achieve-protein-riegel-dark-chocolate-geschmack-6-x-60-g-schokoladengeschmack-2\/#primaryimage\",\"url\":\"https:\/\/www.herbashopping.com\/wp-content\/uploads\/2025\/02\/H24-Riegel.png\",\"contentUrl\":\"https:\/\/www.herbashopping.com\/wp-content\/uploads\/2025\/02\/H24-Riegel.png\",\"width\":1000,\"height\":1000},{\"@type\":\"BreadcrumbList\",\"@id\":\"https:\/\/www.herbashopping.com\/produkt\/herbalife-h24-achieve-protein-riegel-dark-chocolate-geschmack-6-x-60-g-schokoladengeschmack-2\/#breadcrumb\",\"itemListElement\":[{\"@type\":\"ListItem\",\"position\":1,\"name\":\"Startseite\",\"item\":\"https:\/\/www.herbashopping.com\/en\/\"},{\"@type\":\"ListItem\",\"position\":2,\"name\":\"Product Overview\",\"item\":\"https:\/\/www.herbashopping.com\/en\/shop\/\"},{\"@type\":\"ListItem\",\"position\":3,\"name\":\"Herbalife H24 ACHIEVE Protein Riegel , 6 x 60 g, Geschmack w\u00e4hlbar\"}]},{\"@type\":\"WebSite\",\"@id\":\"https:\/\/www.herbashopping.com\/#website\",\"url\":\"https:\/\/www.herbashopping.com\/\",\"name\":\"Onlineshop - Selbst\u00e4ndiges HERBALIFE-Mitglied Elija Mairl\",\"description\":\"\",\"publisher\":{\"@id\":\"https:\/\/www.herbashopping.com\/#organization\"},\"potentialAction\":[{\"@type\":\"SearchAction\",\"target\":{\"@type\":\"EntryPoint\",\"urlTemplate\":\"https:\/\/www.herbashopping.com\/?s={search_term_string}\"},\"query-input\":{\"@type\":\"PropertyValueSpecification\",\"valueRequired\":true,\"valueName\":\"search_term_string\"}}],\"inLanguage\":\"en-US\"},{\"@type\":\"Organization\",\"@id\":\"https:\/\/www.herbashopping.com\/#organization\",\"name\":\"Herba-Onlineshop Elija Mairl\",\"url\":\"https:\/\/www.herbashopping.com\/\",\"logo\":{\"@type\":\"ImageObject\",\"inLanguage\":\"en-US\",\"@id\":\"https:\/\/www.herbashopping.com\/#\/schema\/logo\/image\/\",\"url\":\"https:\/\/www.herbashopping.com\/wp-content\/uploads\/2019\/03\/logo_08.2017_header.png\",\"contentUrl\":\"https:\/\/www.herbashopping.com\/wp-content\/uploads\/2019\/03\/logo_08.2017_header.png\",\"width\":300,\"height\":76,\"caption\":\"Herba-Onlineshop Elija Mairl\"},\"image\":{\"@id\":\"https:\/\/www.herbashopping.com\/#\/schema\/logo\/image\/\"}}]}<\/script>\n<!-- \/ Yoast SEO plugin. -->","yoast_head_json":{"title":"Herbalife H24 ACHIEVE Protein Riegel , 6 x 60 g, Geschmack w\u00e4hlbar - Onlineshop - Selbst\u00e4ndiges HERBALIFE-Mitglied Elija Mairl","description":"Dies ist die Webseite eines Selbst\u00e4ndigen HERBALIFE-Mitgliedes. Um auf die offizielle HERBALIFE-Webseite zu gelangen, besuchen Sie bitte HERBALIFE.de.","robots":{"index":"index","follow":"follow","max-snippet":"max-snippet:-1","max-image-preview":"max-image-preview:large","max-video-preview":"max-video-preview:-1"},"canonical":"https:\/\/www.herbashopping.com\/produkt\/herbalife-h24-achieve-protein-riegel-dark-chocolate-geschmack-6-x-60-g-schokoladengeschmack-2\/","og_locale":"en_US","og_type":"article","og_title":"Herbalife H24 ACHIEVE Protein Riegel , 6 x 60 g, Geschmack w\u00e4hlbar - Onlineshop - Selbst\u00e4ndiges HERBALIFE-Mitglied Elija Mairl","og_description":"Dies ist die Webseite eines Selbst\u00e4ndigen HERBALIFE-Mitgliedes. Um auf die offizielle HERBALIFE-Webseite zu gelangen, besuchen Sie bitte HERBALIFE.de.","og_url":"https:\/\/www.herbashopping.com\/produkt\/herbalife-h24-achieve-protein-riegel-dark-chocolate-geschmack-6-x-60-g-schokoladengeschmack-2\/","og_site_name":"Onlineshop - Selbst\u00e4ndiges HERBALIFE-Mitglied Elija Mairl","article_modified_time":"2025-04-06T12:17:00+00:00","og_image":[{"width":1000,"height":1000,"url":"https:\/\/www.herbashopping.com\/wp-content\/uploads\/2025\/02\/H24-Riegel.png","type":"image\/png"}],"twitter_card":"summary_large_image","twitter_misc":{"Est. reading time":"2 minutes"},"schema":{"@context":"https:\/\/schema.org","@graph":[{"@type":"WebPage","@id":"https:\/\/www.herbashopping.com\/produkt\/herbalife-h24-achieve-protein-riegel-dark-chocolate-geschmack-6-x-60-g-schokoladengeschmack-2\/","url":"https:\/\/www.herbashopping.com\/produkt\/herbalife-h24-achieve-protein-riegel-dark-chocolate-geschmack-6-x-60-g-schokoladengeschmack-2\/","name":"Herbalife H24 ACHIEVE Protein Riegel , 6 x 60 g, Geschmack w\u00e4hlbar - Onlineshop - Selbst\u00e4ndiges HERBALIFE-Mitglied Elija Mairl","isPartOf":{"@id":"https:\/\/www.herbashopping.com\/#website"},"primaryImageOfPage":{"@id":"https:\/\/www.herbashopping.com\/produkt\/herbalife-h24-achieve-protein-riegel-dark-chocolate-geschmack-6-x-60-g-schokoladengeschmack-2\/#primaryimage"},"image":{"@id":"https:\/\/www.herbashopping.com\/produkt\/herbalife-h24-achieve-protein-riegel-dark-chocolate-geschmack-6-x-60-g-schokoladengeschmack-2\/#primaryimage"},"thumbnailUrl":"https:\/\/www.herbashopping.com\/wp-content\/uploads\/2025\/02\/H24-Riegel.png","datePublished":"2021-07-27T15:55:31+00:00","dateModified":"2025-04-06T12:17:00+00:00","description":"Dies ist die Webseite eines Selbst\u00e4ndigen HERBALIFE-Mitgliedes. Um auf die offizielle HERBALIFE-Webseite zu gelangen, besuchen Sie bitte HERBALIFE.de.","breadcrumb":{"@id":"https:\/\/www.herbashopping.com\/produkt\/herbalife-h24-achieve-protein-riegel-dark-chocolate-geschmack-6-x-60-g-schokoladengeschmack-2\/#breadcrumb"},"inLanguage":"en-US","potentialAction":[{"@type":"ReadAction","target":["https:\/\/www.herbashopping.com\/produkt\/herbalife-h24-achieve-protein-riegel-dark-chocolate-geschmack-6-x-60-g-schokoladengeschmack-2\/"]}]},{"@type":"ImageObject","inLanguage":"en-US","@id":"https:\/\/www.herbashopping.com\/produkt\/herbalife-h24-achieve-protein-riegel-dark-chocolate-geschmack-6-x-60-g-schokoladengeschmack-2\/#primaryimage","url":"https:\/\/www.herbashopping.com\/wp-content\/uploads\/2025\/02\/H24-Riegel.png","contentUrl":"https:\/\/www.herbashopping.com\/wp-content\/uploads\/2025\/02\/H24-Riegel.png","width":1000,"height":1000},{"@type":"BreadcrumbList","@id":"https:\/\/www.herbashopping.com\/produkt\/herbalife-h24-achieve-protein-riegel-dark-chocolate-geschmack-6-x-60-g-schokoladengeschmack-2\/#breadcrumb","itemListElement":[{"@type":"ListItem","position":1,"name":"Startseite","item":"https:\/\/www.herbashopping.com\/en\/"},{"@type":"ListItem","position":2,"name":"Product Overview","item":"https:\/\/www.herbashopping.com\/en\/shop\/"},{"@type":"ListItem","position":3,"name":"Herbalife H24 ACHIEVE Protein Riegel , 6 x 60 g, Geschmack w\u00e4hlbar"}]},{"@type":"WebSite","@id":"https:\/\/www.herbashopping.com\/#website","url":"https:\/\/www.herbashopping.com\/","name":"Onlineshop - Selbst\u00e4ndiges HERBALIFE-Mitglied Elija Mairl","description":"","publisher":{"@id":"https:\/\/www.herbashopping.com\/#organization"},"potentialAction":[{"@type":"SearchAction","target":{"@type":"EntryPoint","urlTemplate":"https:\/\/www.herbashopping.com\/?s={search_term_string}"},"query-input":{"@type":"PropertyValueSpecification","valueRequired":true,"valueName":"search_term_string"}}],"inLanguage":"en-US"},{"@type":"Organization","@id":"https:\/\/www.herbashopping.com\/#organization","name":"Herba-Onlineshop Elija Mairl","url":"https:\/\/www.herbashopping.com\/","logo":{"@type":"ImageObject","inLanguage":"en-US","@id":"https:\/\/www.herbashopping.com\/#\/schema\/logo\/image\/","url":"https:\/\/www.herbashopping.com\/wp-content\/uploads\/2019\/03\/logo_08.2017_header.png","contentUrl":"https:\/\/www.herbashopping.com\/wp-content\/uploads\/2019\/03\/logo_08.2017_header.png","width":300,"height":76,"caption":"Herba-Onlineshop Elija Mairl"},"image":{"@id":"https:\/\/www.herbashopping.com\/#\/schema\/logo\/image\/"}}]}},"_links":{"self":[{"href":"https:\/\/www.herbashopping.com\/en\/wp-json\/wp\/v2\/product\/12594","targetHints":{"allow":["GET"]}}],"collection":[{"href":"https:\/\/www.herbashopping.com\/en\/wp-json\/wp\/v2\/product"}],"about":[{"href":"https:\/\/www.herbashopping.com\/en\/wp-json\/wp\/v2\/types\/product"}],"replies":[{"embeddable":true,"href":"https:\/\/www.herbashopping.com\/en\/wp-json\/wp\/v2\/comments?post=12594"}],"wp:featuredmedia":[{"embeddable":true,"href":"https:\/\/www.herbashopping.com\/en\/wp-json\/wp\/v2\/media\/20259"}],"wp:attachment":[{"href":"https:\/\/www.herbashopping.com\/en\/wp-json\/wp\/v2\/media?parent=12594"}],"wp:term":[{"taxonomy":"product_brand","embeddable":true,"href":"https:\/\/www.herbashopping.com\/en\/wp-json\/wp\/v2\/product_brand?post=12594"},{"taxonomy":"product_cat","embeddable":true,"href":"https:\/\/www.herbashopping.com\/en\/wp-json\/wp\/v2\/product_cat?post=12594"},{"taxonomy":"product_tag","embeddable":true,"href":"https:\/\/www.herbashopping.com\/en\/wp-json\/wp\/v2\/product_tag?post=12594"}],"curies":[{"name":"wp","href":"https:\/\/api.w.org\/{rel}","templated":true}]}}