{"id":12873,"date":"2021-10-14T17:06:42","date_gmt":"2021-10-14T15:06:42","guid":{"rendered":"https:\/\/www.herbashopping.com\/?post_type=product&#038;p=12873"},"modified":"2025-04-06T14:16:05","modified_gmt":"2025-04-06T12:16:05","slug":"h24-liftoff-max-grapefruit-geschmack-10-portionspackungen-2","status":"publish","type":"product","link":"https:\/\/www.herbashopping.com\/en\/product\/h24-liftoff-max-grapefruit-geschmack-10-portionspackungen-2\/","title":{"rendered":"H24 LiftOff Max Grapefruit Geschmack 10 Portionspackungen"},"content":{"rendered":"<h3 id=\"info-toggle\">Produkt\u00fcbersicht<\/h3>\n<div class=\"info-content\">\n<article>H24 LiftOff Max schmeckt k\u00f6stlich nach Grapefruit, enth\u00e4lt 180 mg Koffein pro Portion und eignet sich perfekt vor dem Workout oder wann immer du neuen Schwung ben\u00f6tigst.Es enth\u00e4lt einen hohen Gehalt der Vitamine C, B6 und B12, die zur Verringerung von M\u00fcdigkeit und Erm\u00fcdung beitragen. Au\u00dferdem enth\u00e4lt es Pantothens\u00e4ure, welche zu einer normalen geistigen Leistung beitr\u00e4gt.H24 LiftOff Max ist als Karton mit 10 einzelnen Portionspackungen erh\u00e4ltlich und eignet sich so perfekt f\u00fcr unterwegs.<\/p>\n<h5 data-bind=\"visible: KeyBenefits\">Die wichtigsten Vorteile<\/h5>\n<div class=\"disc\" data-bind=\"visible: KeyBenefits, html: KeyBenefits\">\n<p>&#8211; 180 mg Koffein pro Portion*<\/p>\n<p>&#8211; Hoher Gehalt an Vitamin C, B6 und B12<\/p>\n<p>&#8211; Zuckerfrei<\/p>\n<p>&#8211; Vegan<\/p>\n<p>&#8211; Keine k\u00fcnstlichen Farbstoffe oder Aromen, enth\u00e4lt nat\u00fcrlich gewonnenen S\u00fc\u00dfstoff Steviolglycoside aus Steviabl\u00e4ttern<\/p>\n<p>&#8211; Erfrischender Grapefruit Geschmack<\/p>\n<p>*Es wird nicht empfohlen, t\u00e4glich mehr als 400 mg Koffein aus allen Quellen zu konsumieren (200 mg bei schwangeren oder stillenden Frauen)<\/p>\n<p><span class=\"fontstyle0\">ZUTATEN: <\/span><span class=\"fontstyle2\">S\u00e4ureregulatoren (Natriumbicarbonat, Citronens\u00e4ure), Maltodextrin, nat\u00fcrliche Aromen, Koffeinpulver, L-Ascorbins\u00e4ure (Vit. C), S\u00fc\u00dfungsmittel (Steviolglycoside), Farbstoff (Betenrot), Nicotinamid (Niacin), Calcium-D-pantothenat (Pantothens\u00e4ure), Riboflavin<\/span><\/p>\n<p>&nbsp;<\/p>\n<p><span class=\"fontstyle2\">(Vit. B2), Pyridoxinhydrochlorid (Vit. B6), Thiaminmononitrat<\/span><\/p>\n<p>&nbsp;<\/p>\n<p><span class=\"fontstyle2\">(Vit. B1), Cyanocobalamin (Vit. B12), D-Biotin (Biotin).<\/span><\/p>\n<p>&nbsp;<\/p>\n<p><span class=\"fontstyle3\">GRAPEFRUIT GESCHMACK<\/span><\/p>\n<p>&nbsp;<\/p>\n<p><span class=\"fontstyle3\">Mit S\u00fc\u00dfungsmittel<\/span><\/p>\n<p>&nbsp;<\/p>\n<p><span class=\"fontstyle4\">ZUCKERFREI<\/span><\/p>\n<p>&nbsp;<\/p>\n<p><span class=\"fontstyle5\">MA<\/span><\/p>\n<\/div>\n<\/article>\n<\/div>\n","protected":false},"excerpt":{"rendered":"<p>F\u00fcr ein bestm\u00f6gliches Ergebnis empfehlen wir, pro Tag eine Portionspackung in 250 ml Wasser aufzul\u00f6sen und entweder vor dem Sport oder wann immer du m\u00f6chtest zu konsumieren. Genie\u00dfe dieses Produkt im Rahmen einer ausgewogenen und abwechslungsreichen Ern\u00e4hrung und eines gesunden, aktiven Lebensstils.<\/p>\n<p><a href=\"https:\/\/www.herbashopping.com\/wp-content\/uploads\/2021\/10\/SKU192KLabel_PDF_AT_de.pdf\">Etikett LiftOff Max Grapefruit 192K<\/a><\/p>\n","protected":false},"featured_media":12852,"comment_status":"closed","ping_status":"closed","template":"","meta":{"_acf_changed":false},"product_brand":[],"product_cat":[20,26,24,17],"product_tag":[242,318],"class_list":{"0":"post-12873","1":"product","2":"type-product","3":"status-publish","4":"has-post-thumbnail","6":"product_cat-herbalife-24","7":"product_cat-liftoff","8":"product_cat-nahrungserganzung","9":"product_cat-sport-fitness","10":"product_tag-h24","11":"product_tag-liftoff-max","13":"first","14":"instock","15":"sale","16":"taxable","17":"shipping-taxable","18":"purchasable","19":"product-type-simple"},"acf":[],"yoast_head":"<!-- This site is optimized with the Yoast SEO plugin v27.2 - https:\/\/yoast.com\/product\/yoast-seo-wordpress\/ -->\n<title>H24 LiftOff Max Grapefruit Geschmack 10 Portionspackungen - Onlineshop - Selbst\u00e4ndiges HERBALIFE-Mitglied Elija Mairl<\/title>\n<meta name=\"description\" content=\"Dies ist die Webseite eines Selbst\u00e4ndigen HERBALIFE-Mitgliedes. Um auf die offizielle HERBALIFE-Webseite zu gelangen, besuchen Sie bitte HERBALIFE.de.\" \/>\n<meta name=\"robots\" content=\"index, follow, max-snippet:-1, max-image-preview:large, max-video-preview:-1\" \/>\n<link rel=\"canonical\" href=\"https:\/\/www.herbashopping.com\/produkt\/h24-liftoff-max-grapefruit-geschmack-10-portionspackungen-2\/\" \/>\n<meta property=\"og:locale\" content=\"en_US\" \/>\n<meta property=\"og:type\" content=\"article\" \/>\n<meta property=\"og:title\" content=\"H24 LiftOff Max Grapefruit Geschmack 10 Portionspackungen - Onlineshop - Selbst\u00e4ndiges HERBALIFE-Mitglied Elija Mairl\" \/>\n<meta property=\"og:description\" content=\"Dies ist die Webseite eines Selbst\u00e4ndigen HERBALIFE-Mitgliedes. Um auf die offizielle HERBALIFE-Webseite zu gelangen, besuchen Sie bitte HERBALIFE.de.\" \/>\n<meta property=\"og:url\" content=\"https:\/\/www.herbashopping.com\/produkt\/h24-liftoff-max-grapefruit-geschmack-10-portionspackungen-2\/\" \/>\n<meta property=\"og:site_name\" content=\"Onlineshop - Selbst\u00e4ndiges HERBALIFE-Mitglied Elija Mairl\" \/>\n<meta property=\"article:modified_time\" content=\"2025-04-06T12:16:05+00:00\" \/>\n<meta property=\"og:image\" content=\"https:\/\/www.herbashopping.com\/wp-content\/uploads\/2021\/10\/SKU192K.png\" \/>\n\t<meta property=\"og:image:width\" content=\"1000\" \/>\n\t<meta property=\"og:image:height\" content=\"1000\" \/>\n\t<meta property=\"og:image:type\" content=\"image\/png\" \/>\n<meta name=\"twitter:card\" content=\"summary_large_image\" \/>\n<meta name=\"twitter:label1\" content=\"Est. reading time\" \/>\n\t<meta name=\"twitter:data1\" content=\"1 minute\" \/>\n<script type=\"application\/ld+json\" class=\"yoast-schema-graph\">{\"@context\":\"https:\/\/schema.org\",\"@graph\":[{\"@type\":\"WebPage\",\"@id\":\"https:\/\/www.herbashopping.com\/produkt\/h24-liftoff-max-grapefruit-geschmack-10-portionspackungen-2\/\",\"url\":\"https:\/\/www.herbashopping.com\/produkt\/h24-liftoff-max-grapefruit-geschmack-10-portionspackungen-2\/\",\"name\":\"H24 LiftOff Max Grapefruit Geschmack 10 Portionspackungen - Onlineshop - Selbst\u00e4ndiges HERBALIFE-Mitglied Elija Mairl\",\"isPartOf\":{\"@id\":\"https:\/\/www.herbashopping.com\/#website\"},\"primaryImageOfPage\":{\"@id\":\"https:\/\/www.herbashopping.com\/produkt\/h24-liftoff-max-grapefruit-geschmack-10-portionspackungen-2\/#primaryimage\"},\"image\":{\"@id\":\"https:\/\/www.herbashopping.com\/produkt\/h24-liftoff-max-grapefruit-geschmack-10-portionspackungen-2\/#primaryimage\"},\"thumbnailUrl\":\"https:\/\/www.herbashopping.com\/wp-content\/uploads\/2021\/10\/SKU192K.png\",\"datePublished\":\"2021-10-14T15:06:42+00:00\",\"dateModified\":\"2025-04-06T12:16:05+00:00\",\"description\":\"Dies ist die Webseite eines Selbst\u00e4ndigen HERBALIFE-Mitgliedes. Um auf die offizielle HERBALIFE-Webseite zu gelangen, besuchen Sie bitte HERBALIFE.de.\",\"breadcrumb\":{\"@id\":\"https:\/\/www.herbashopping.com\/produkt\/h24-liftoff-max-grapefruit-geschmack-10-portionspackungen-2\/#breadcrumb\"},\"inLanguage\":\"en-US\",\"potentialAction\":[{\"@type\":\"ReadAction\",\"target\":[\"https:\/\/www.herbashopping.com\/produkt\/h24-liftoff-max-grapefruit-geschmack-10-portionspackungen-2\/\"]}]},{\"@type\":\"ImageObject\",\"inLanguage\":\"en-US\",\"@id\":\"https:\/\/www.herbashopping.com\/produkt\/h24-liftoff-max-grapefruit-geschmack-10-portionspackungen-2\/#primaryimage\",\"url\":\"https:\/\/www.herbashopping.com\/wp-content\/uploads\/2021\/10\/SKU192K.png\",\"contentUrl\":\"https:\/\/www.herbashopping.com\/wp-content\/uploads\/2021\/10\/SKU192K.png\",\"width\":1000,\"height\":1000},{\"@type\":\"BreadcrumbList\",\"@id\":\"https:\/\/www.herbashopping.com\/produkt\/h24-liftoff-max-grapefruit-geschmack-10-portionspackungen-2\/#breadcrumb\",\"itemListElement\":[{\"@type\":\"ListItem\",\"position\":1,\"name\":\"Startseite\",\"item\":\"https:\/\/www.herbashopping.com\/en\/\"},{\"@type\":\"ListItem\",\"position\":2,\"name\":\"Product Overview\",\"item\":\"https:\/\/www.herbashopping.com\/en\/shop\/\"},{\"@type\":\"ListItem\",\"position\":3,\"name\":\"H24 LiftOff Max Grapefruit Geschmack 10 Portionspackungen\"}]},{\"@type\":\"WebSite\",\"@id\":\"https:\/\/www.herbashopping.com\/#website\",\"url\":\"https:\/\/www.herbashopping.com\/\",\"name\":\"Onlineshop - Selbst\u00e4ndiges HERBALIFE-Mitglied Elija Mairl\",\"description\":\"\",\"publisher\":{\"@id\":\"https:\/\/www.herbashopping.com\/#organization\"},\"potentialAction\":[{\"@type\":\"SearchAction\",\"target\":{\"@type\":\"EntryPoint\",\"urlTemplate\":\"https:\/\/www.herbashopping.com\/?s={search_term_string}\"},\"query-input\":{\"@type\":\"PropertyValueSpecification\",\"valueRequired\":true,\"valueName\":\"search_term_string\"}}],\"inLanguage\":\"en-US\"},{\"@type\":\"Organization\",\"@id\":\"https:\/\/www.herbashopping.com\/#organization\",\"name\":\"Herba-Onlineshop Elija Mairl\",\"url\":\"https:\/\/www.herbashopping.com\/\",\"logo\":{\"@type\":\"ImageObject\",\"inLanguage\":\"en-US\",\"@id\":\"https:\/\/www.herbashopping.com\/#\/schema\/logo\/image\/\",\"url\":\"https:\/\/www.herbashopping.com\/wp-content\/uploads\/2019\/03\/logo_08.2017_header.png\",\"contentUrl\":\"https:\/\/www.herbashopping.com\/wp-content\/uploads\/2019\/03\/logo_08.2017_header.png\",\"width\":300,\"height\":76,\"caption\":\"Herba-Onlineshop Elija Mairl\"},\"image\":{\"@id\":\"https:\/\/www.herbashopping.com\/#\/schema\/logo\/image\/\"}}]}<\/script>\n<!-- \/ Yoast SEO plugin. -->","yoast_head_json":{"title":"H24 LiftOff Max Grapefruit Geschmack 10 Portionspackungen - Onlineshop - Selbst\u00e4ndiges HERBALIFE-Mitglied Elija Mairl","description":"Dies ist die Webseite eines Selbst\u00e4ndigen HERBALIFE-Mitgliedes. Um auf die offizielle HERBALIFE-Webseite zu gelangen, besuchen Sie bitte HERBALIFE.de.","robots":{"index":"index","follow":"follow","max-snippet":"max-snippet:-1","max-image-preview":"max-image-preview:large","max-video-preview":"max-video-preview:-1"},"canonical":"https:\/\/www.herbashopping.com\/produkt\/h24-liftoff-max-grapefruit-geschmack-10-portionspackungen-2\/","og_locale":"en_US","og_type":"article","og_title":"H24 LiftOff Max Grapefruit Geschmack 10 Portionspackungen - Onlineshop - Selbst\u00e4ndiges HERBALIFE-Mitglied Elija Mairl","og_description":"Dies ist die Webseite eines Selbst\u00e4ndigen HERBALIFE-Mitgliedes. Um auf die offizielle HERBALIFE-Webseite zu gelangen, besuchen Sie bitte HERBALIFE.de.","og_url":"https:\/\/www.herbashopping.com\/produkt\/h24-liftoff-max-grapefruit-geschmack-10-portionspackungen-2\/","og_site_name":"Onlineshop - Selbst\u00e4ndiges HERBALIFE-Mitglied Elija Mairl","article_modified_time":"2025-04-06T12:16:05+00:00","og_image":[{"width":1000,"height":1000,"url":"https:\/\/www.herbashopping.com\/wp-content\/uploads\/2021\/10\/SKU192K.png","type":"image\/png"}],"twitter_card":"summary_large_image","twitter_misc":{"Est. reading time":"1 minute"},"schema":{"@context":"https:\/\/schema.org","@graph":[{"@type":"WebPage","@id":"https:\/\/www.herbashopping.com\/produkt\/h24-liftoff-max-grapefruit-geschmack-10-portionspackungen-2\/","url":"https:\/\/www.herbashopping.com\/produkt\/h24-liftoff-max-grapefruit-geschmack-10-portionspackungen-2\/","name":"H24 LiftOff Max Grapefruit Geschmack 10 Portionspackungen - Onlineshop - Selbst\u00e4ndiges HERBALIFE-Mitglied Elija Mairl","isPartOf":{"@id":"https:\/\/www.herbashopping.com\/#website"},"primaryImageOfPage":{"@id":"https:\/\/www.herbashopping.com\/produkt\/h24-liftoff-max-grapefruit-geschmack-10-portionspackungen-2\/#primaryimage"},"image":{"@id":"https:\/\/www.herbashopping.com\/produkt\/h24-liftoff-max-grapefruit-geschmack-10-portionspackungen-2\/#primaryimage"},"thumbnailUrl":"https:\/\/www.herbashopping.com\/wp-content\/uploads\/2021\/10\/SKU192K.png","datePublished":"2021-10-14T15:06:42+00:00","dateModified":"2025-04-06T12:16:05+00:00","description":"Dies ist die Webseite eines Selbst\u00e4ndigen HERBALIFE-Mitgliedes. Um auf die offizielle HERBALIFE-Webseite zu gelangen, besuchen Sie bitte HERBALIFE.de.","breadcrumb":{"@id":"https:\/\/www.herbashopping.com\/produkt\/h24-liftoff-max-grapefruit-geschmack-10-portionspackungen-2\/#breadcrumb"},"inLanguage":"en-US","potentialAction":[{"@type":"ReadAction","target":["https:\/\/www.herbashopping.com\/produkt\/h24-liftoff-max-grapefruit-geschmack-10-portionspackungen-2\/"]}]},{"@type":"ImageObject","inLanguage":"en-US","@id":"https:\/\/www.herbashopping.com\/produkt\/h24-liftoff-max-grapefruit-geschmack-10-portionspackungen-2\/#primaryimage","url":"https:\/\/www.herbashopping.com\/wp-content\/uploads\/2021\/10\/SKU192K.png","contentUrl":"https:\/\/www.herbashopping.com\/wp-content\/uploads\/2021\/10\/SKU192K.png","width":1000,"height":1000},{"@type":"BreadcrumbList","@id":"https:\/\/www.herbashopping.com\/produkt\/h24-liftoff-max-grapefruit-geschmack-10-portionspackungen-2\/#breadcrumb","itemListElement":[{"@type":"ListItem","position":1,"name":"Startseite","item":"https:\/\/www.herbashopping.com\/en\/"},{"@type":"ListItem","position":2,"name":"Product Overview","item":"https:\/\/www.herbashopping.com\/en\/shop\/"},{"@type":"ListItem","position":3,"name":"H24 LiftOff Max Grapefruit Geschmack 10 Portionspackungen"}]},{"@type":"WebSite","@id":"https:\/\/www.herbashopping.com\/#website","url":"https:\/\/www.herbashopping.com\/","name":"Onlineshop - Selbst\u00e4ndiges HERBALIFE-Mitglied Elija Mairl","description":"","publisher":{"@id":"https:\/\/www.herbashopping.com\/#organization"},"potentialAction":[{"@type":"SearchAction","target":{"@type":"EntryPoint","urlTemplate":"https:\/\/www.herbashopping.com\/?s={search_term_string}"},"query-input":{"@type":"PropertyValueSpecification","valueRequired":true,"valueName":"search_term_string"}}],"inLanguage":"en-US"},{"@type":"Organization","@id":"https:\/\/www.herbashopping.com\/#organization","name":"Herba-Onlineshop Elija Mairl","url":"https:\/\/www.herbashopping.com\/","logo":{"@type":"ImageObject","inLanguage":"en-US","@id":"https:\/\/www.herbashopping.com\/#\/schema\/logo\/image\/","url":"https:\/\/www.herbashopping.com\/wp-content\/uploads\/2019\/03\/logo_08.2017_header.png","contentUrl":"https:\/\/www.herbashopping.com\/wp-content\/uploads\/2019\/03\/logo_08.2017_header.png","width":300,"height":76,"caption":"Herba-Onlineshop Elija Mairl"},"image":{"@id":"https:\/\/www.herbashopping.com\/#\/schema\/logo\/image\/"}}]}},"_links":{"self":[{"href":"https:\/\/www.herbashopping.com\/en\/wp-json\/wp\/v2\/product\/12873","targetHints":{"allow":["GET"]}}],"collection":[{"href":"https:\/\/www.herbashopping.com\/en\/wp-json\/wp\/v2\/product"}],"about":[{"href":"https:\/\/www.herbashopping.com\/en\/wp-json\/wp\/v2\/types\/product"}],"replies":[{"embeddable":true,"href":"https:\/\/www.herbashopping.com\/en\/wp-json\/wp\/v2\/comments?post=12873"}],"wp:featuredmedia":[{"embeddable":true,"href":"https:\/\/www.herbashopping.com\/en\/wp-json\/wp\/v2\/media\/12852"}],"wp:attachment":[{"href":"https:\/\/www.herbashopping.com\/en\/wp-json\/wp\/v2\/media?parent=12873"}],"wp:term":[{"taxonomy":"product_brand","embeddable":true,"href":"https:\/\/www.herbashopping.com\/en\/wp-json\/wp\/v2\/product_brand?post=12873"},{"taxonomy":"product_cat","embeddable":true,"href":"https:\/\/www.herbashopping.com\/en\/wp-json\/wp\/v2\/product_cat?post=12873"},{"taxonomy":"product_tag","embeddable":true,"href":"https:\/\/www.herbashopping.com\/en\/wp-json\/wp\/v2\/product_tag?post=12873"}],"curies":[{"name":"wp","href":"https:\/\/api.w.org\/{rel}","templated":true}]}}