{"id":15801,"date":"2023-03-09T10:09:05","date_gmt":"2023-03-09T09:09:05","guid":{"rendered":"https:\/\/www.herbashopping.com\/?post_type=product&#038;p=15801"},"modified":"2025-12-17T12:07:32","modified_gmt":"2025-12-17T11:07:32","slug":"herbalife-protein-back-mix-limitierte-edition-480-g","status":"publish","type":"product","link":"https:\/\/www.herbashopping.com\/en\/product\/herbalife-protein-back-mix-limitierte-edition-480-g\/","title":{"rendered":"Herbalife Protein-Back-Mix 480 g"},"content":{"rendered":"<h4><strong><a href=\"https:\/\/www.herbashopping.com\/wp-content\/uploads\/2023\/03\/Rezepte-suess-und-herzhaft-mit-Back-Mix-von-Herbalife.pdf\">Rezepte s\u00fc\u00df und herzhaft mit Herbalife Back-Mix<\/a><\/strong><\/h4>\n<p><a href=\"https:\/\/www.herbashopping.com\/wp-content\/uploads\/2025\/12\/Schokoladenkekse.mp4\"><strong>Schokoladenkekse Zutaten:<\/strong> 96 g (8 Messl\u00f6ffel) Herbalife Protein-Back-Mix 104 g (8 Messl\u00f6ffel) Herbalife F1 Smooth Chocolate 100 ml fettarme Milch 1 Messerspitze Natron 50 g Kokosbl\u00fctenzucker 50 g fettarmer Brotaufstrich <\/a><\/p>\n<p><a href=\"https:\/\/www.herbashopping.com\/wp-content\/uploads\/2025\/12\/Frittata-mit-Haehnchen-Gemuese-Rezept.pdf\">Rezept Frittata mit H\u00e4hnchen &amp; Gem\u00fcse<\/a><\/p>\n<p><a href=\"https:\/\/www.herbashopping.com\/wp-content\/uploads\/2025\/12\/Kirsch-Clafoutis-Rezept.pdf\">Rezept Kirsch-Clafoutis-<\/a><\/p>\n<p><a href=\"https:\/\/www.herbashopping.com\/wp-content\/uploads\/2025\/12\/Proteinreiche-Flamkuchen-Rezept.pdf\">Rezept Proteinreiche-Flammkuchen<\/a><\/p>\n<p><a href=\"https:\/\/www.herbashopping.com\/wp-content\/uploads\/2025\/12\/Proteinreiches-Naan-Brot-Rezept.pdf\">Rezept Proteinreiches-Naan-Brot<\/a><\/p>\n<p><a href=\"https:\/\/www.herbashopping.com\/wp-content\/uploads\/2025\/12\/Zucchinibrot-Rezept.pdf\">Rezept Zucchinibrot<\/a><\/p>\n<p>&nbsp;<\/p>\n<h5 data-bind=\"visible: KeyBenefits\">Die wichtigsten Vorteile<\/h5>\n<div class=\"disc\" data-bind=\"visible: KeyBenefits, html: KeyBenefits\">\n<ul>\n<li>Ideal f\u00fcr nahrhafte salzige oder s\u00fc\u00dfe Snacks<\/li>\n<li>Reich an Proteinen<\/li>\n<li>Enth\u00e4lt Mineral- und Ballaststoffe<\/li>\n<li>Glutenfrei<\/li>\n<li>F\u00fcr Vegetarier geeignet.<\/li>\n<li>Vielseitig einsetzbar mit neutralem Geschmack<\/li>\n<li>Ohne Zuckerzusatz, Farbstoffe, Aromen oder k\u00fcnstliche S\u00fc\u00dfstoffe<\/li>\n<\/ul>\n<\/div>\n<h5 data-bind=\"visible: Usage\">Nutzung<\/h5>\n<div class=\"disc\" data-bind=\"visible: Usage, html: Usage\">\n<p><b>Pfannkuchen Rezeptvorschlag:\u00a0<\/b><br \/>\nUm einen nahrhaften Pfannkuchen zuzubereiten, eine beschichtete Pfanne bei geringer Hitze vorheizen. 24 g (2 Messl\u00f6ffel) Proteinpulver mit 30 ml (2 Essl\u00f6ffeln) fettarmer Milch (1,5 % Fett) oder 30 ml (2 Essl\u00f6ffeln) Wasser vermischen und zum Kochen bringen.<\/p>\n<p>Den Teig in die Mitte der Pfanne geben und in der gew\u00fcnschten Dicke verteilen. Bei schwacher Hitze 2-3 Minuten backen, bis der Pfannkuchen goldbraun ist, dann wenden und diesen Schritt auf der anderen Seite wiederholen.<\/p>\n<p>Mit geschlossenem Deckel k\u00fchl und trocken lagern.<\/p>\n<\/div>\n<h2><\/h2>\n","protected":false},"excerpt":{"rendered":"<p>Verwandele deine Lieblingsleckereien in k\u00f6stliche proteinhaltige Snacks.<br \/>\nDie Proteinmischung zum Kochen eignet sich ideal f\u00fcr die Zubereitung einfacher und nahrhafter Snacks.<br \/>\nDank ihres neutralen Geschmacks ist sie vielseitig einsetzbar und eignet sich sowohl f\u00fcr s\u00fc\u00dfe als auch f\u00fcr herzhafte Rezepte. Hergestellt aus einer Kombination hochwertiger Zutaten, darunter Molkenprotein f\u00fcr eine leichte und weiche Textur, ist dieses mischfertige Produkt eine gute Wahl, um deine Lieblingsrezepte mit wertvollen N\u00e4hrstoffen anzureichern. Die Proteinmischung zum Kochen ist au\u00dferdem reich an Proteinen und enth\u00e4lt wichtige Mineralstoffe sowie Ballaststoffe.<\/p>\n<p>Verbinde die Freude am Kochen mit den Vorteilen von Proteinen und mache jeden Bissen zu einem weiteren Schritt auf dem Weg zu deinem t\u00e4glichen Proteinziel.<\/p>\n<p>Von Keksen \u00fcber Muffins bis hin zu Pfannkuchen, Waffeln oder Brot \u2013 die Proteinmischung zum Kochen bietet unendliche M\u00f6glichkeiten. Genie\u00dfe unsere s\u00fc\u00dfen und herzhaften Rezepte.<\/p>\n<h5><strong><a href=\"https:\/\/www.herbashopping.com\/wp-content\/uploads\/2025\/12\/SKU-528K.pdf\">Zutaten SKU 528K<\/a><\/strong><\/h5>\n","protected":false},"featured_media":21710,"comment_status":"closed","ping_status":"closed","template":"","meta":{"_acf_changed":false},"product_brand":[],"product_cat":[16,24,25,15],"product_tag":[405,403,404],"class_list":{"0":"post-15801","1":"product","2":"type-product","3":"status-publish","4":"has-post-thumbnail","6":"product_cat-gewichtskontrolle","7":"product_cat-nahrungserganzung","8":"product_cat-produktubersicht","9":"product_cat-unkategorisiert","10":"product_tag-back-mix","11":"product_tag-backen","12":"product_tag-protein","14":"first","15":"instock","16":"sale","17":"taxable","18":"shipping-taxable","19":"purchasable","20":"product-type-simple"},"acf":[],"yoast_head":"<!-- This site is optimized with the Yoast SEO plugin v27.2 - https:\/\/yoast.com\/product\/yoast-seo-wordpress\/ -->\n<title>Herbalife Protein-Back-Mix 480 g - Onlineshop - Selbst\u00e4ndiges HERBALIFE-Mitglied Elija Mairl<\/title>\n<meta name=\"description\" content=\"Dies ist die Webseite eines Selbst\u00e4ndigen HERBALIFE-Mitgliedes. Um auf die offizielle HERBALIFE-Webseite zu gelangen, besuchen Sie bitte HERBALIFE.de.\" \/>\n<meta name=\"robots\" content=\"index, follow, max-snippet:-1, max-image-preview:large, max-video-preview:-1\" \/>\n<link rel=\"canonical\" href=\"https:\/\/www.herbashopping.com\/produkt\/herbalife-protein-back-mix-limitierte-edition-480-g\/\" \/>\n<meta property=\"og:locale\" content=\"en_US\" \/>\n<meta property=\"og:type\" content=\"article\" \/>\n<meta property=\"og:title\" content=\"Herbalife Protein-Back-Mix 480 g - Onlineshop - Selbst\u00e4ndiges HERBALIFE-Mitglied Elija Mairl\" \/>\n<meta property=\"og:description\" content=\"Dies ist die Webseite eines Selbst\u00e4ndigen HERBALIFE-Mitgliedes. Um auf die offizielle HERBALIFE-Webseite zu gelangen, besuchen Sie bitte HERBALIFE.de.\" \/>\n<meta property=\"og:url\" content=\"https:\/\/www.herbashopping.com\/produkt\/herbalife-protein-back-mix-limitierte-edition-480-g\/\" \/>\n<meta property=\"og:site_name\" content=\"Onlineshop - Selbst\u00e4ndiges HERBALIFE-Mitglied Elija Mairl\" \/>\n<meta property=\"article:modified_time\" content=\"2025-12-17T11:07:32+00:00\" \/>\n<meta property=\"og:image\" content=\"https:\/\/www.herbashopping.com\/wp-content\/uploads\/2025\/12\/Freigestellt-Protein-Back-Mix-SKU-528K.png\" \/>\n\t<meta property=\"og:image:width\" content=\"1000\" \/>\n\t<meta property=\"og:image:height\" content=\"1000\" \/>\n\t<meta property=\"og:image:type\" content=\"image\/png\" \/>\n<meta name=\"twitter:card\" content=\"summary_large_image\" \/>\n<meta name=\"twitter:label1\" content=\"Est. reading time\" \/>\n\t<meta name=\"twitter:data1\" content=\"2 minutes\" \/>\n<script type=\"application\/ld+json\" class=\"yoast-schema-graph\">{\"@context\":\"https:\/\/schema.org\",\"@graph\":[{\"@type\":\"WebPage\",\"@id\":\"https:\/\/www.herbashopping.com\/produkt\/herbalife-protein-back-mix-limitierte-edition-480-g\/\",\"url\":\"https:\/\/www.herbashopping.com\/produkt\/herbalife-protein-back-mix-limitierte-edition-480-g\/\",\"name\":\"Herbalife Protein-Back-Mix 480 g - Onlineshop - Selbst\u00e4ndiges HERBALIFE-Mitglied Elija Mairl\",\"isPartOf\":{\"@id\":\"https:\/\/www.herbashopping.com\/#website\"},\"primaryImageOfPage\":{\"@id\":\"https:\/\/www.herbashopping.com\/produkt\/herbalife-protein-back-mix-limitierte-edition-480-g\/#primaryimage\"},\"image\":{\"@id\":\"https:\/\/www.herbashopping.com\/produkt\/herbalife-protein-back-mix-limitierte-edition-480-g\/#primaryimage\"},\"thumbnailUrl\":\"https:\/\/www.herbashopping.com\/wp-content\/uploads\/2025\/12\/Freigestellt-Protein-Back-Mix-SKU-528K.png\",\"datePublished\":\"2023-03-09T09:09:05+00:00\",\"dateModified\":\"2025-12-17T11:07:32+00:00\",\"description\":\"Dies ist die Webseite eines Selbst\u00e4ndigen HERBALIFE-Mitgliedes. Um auf die offizielle HERBALIFE-Webseite zu gelangen, besuchen Sie bitte HERBALIFE.de.\",\"breadcrumb\":{\"@id\":\"https:\/\/www.herbashopping.com\/produkt\/herbalife-protein-back-mix-limitierte-edition-480-g\/#breadcrumb\"},\"inLanguage\":\"en-US\",\"potentialAction\":[{\"@type\":\"ReadAction\",\"target\":[\"https:\/\/www.herbashopping.com\/produkt\/herbalife-protein-back-mix-limitierte-edition-480-g\/\"]}]},{\"@type\":\"ImageObject\",\"inLanguage\":\"en-US\",\"@id\":\"https:\/\/www.herbashopping.com\/produkt\/herbalife-protein-back-mix-limitierte-edition-480-g\/#primaryimage\",\"url\":\"https:\/\/www.herbashopping.com\/wp-content\/uploads\/2025\/12\/Freigestellt-Protein-Back-Mix-SKU-528K.png\",\"contentUrl\":\"https:\/\/www.herbashopping.com\/wp-content\/uploads\/2025\/12\/Freigestellt-Protein-Back-Mix-SKU-528K.png\",\"width\":1000,\"height\":1000},{\"@type\":\"BreadcrumbList\",\"@id\":\"https:\/\/www.herbashopping.com\/produkt\/herbalife-protein-back-mix-limitierte-edition-480-g\/#breadcrumb\",\"itemListElement\":[{\"@type\":\"ListItem\",\"position\":1,\"name\":\"Startseite\",\"item\":\"https:\/\/www.herbashopping.com\/en\/\"},{\"@type\":\"ListItem\",\"position\":2,\"name\":\"Product Overview\",\"item\":\"https:\/\/www.herbashopping.com\/en\/shop\/\"},{\"@type\":\"ListItem\",\"position\":3,\"name\":\"Herbalife Protein-Back-Mix 480 g\"}]},{\"@type\":\"WebSite\",\"@id\":\"https:\/\/www.herbashopping.com\/#website\",\"url\":\"https:\/\/www.herbashopping.com\/\",\"name\":\"Onlineshop - Selbst\u00e4ndiges HERBALIFE-Mitglied Elija Mairl\",\"description\":\"\",\"publisher\":{\"@id\":\"https:\/\/www.herbashopping.com\/#organization\"},\"potentialAction\":[{\"@type\":\"SearchAction\",\"target\":{\"@type\":\"EntryPoint\",\"urlTemplate\":\"https:\/\/www.herbashopping.com\/?s={search_term_string}\"},\"query-input\":{\"@type\":\"PropertyValueSpecification\",\"valueRequired\":true,\"valueName\":\"search_term_string\"}}],\"inLanguage\":\"en-US\"},{\"@type\":\"Organization\",\"@id\":\"https:\/\/www.herbashopping.com\/#organization\",\"name\":\"Herba-Onlineshop Elija Mairl\",\"url\":\"https:\/\/www.herbashopping.com\/\",\"logo\":{\"@type\":\"ImageObject\",\"inLanguage\":\"en-US\",\"@id\":\"https:\/\/www.herbashopping.com\/#\/schema\/logo\/image\/\",\"url\":\"https:\/\/www.herbashopping.com\/wp-content\/uploads\/2019\/03\/logo_08.2017_header.png\",\"contentUrl\":\"https:\/\/www.herbashopping.com\/wp-content\/uploads\/2019\/03\/logo_08.2017_header.png\",\"width\":300,\"height\":76,\"caption\":\"Herba-Onlineshop Elija Mairl\"},\"image\":{\"@id\":\"https:\/\/www.herbashopping.com\/#\/schema\/logo\/image\/\"}}]}<\/script>\n<!-- \/ Yoast SEO plugin. -->","yoast_head_json":{"title":"Herbalife Protein-Back-Mix 480 g - Onlineshop - Selbst\u00e4ndiges HERBALIFE-Mitglied Elija Mairl","description":"Dies ist die Webseite eines Selbst\u00e4ndigen HERBALIFE-Mitgliedes. Um auf die offizielle HERBALIFE-Webseite zu gelangen, besuchen Sie bitte HERBALIFE.de.","robots":{"index":"index","follow":"follow","max-snippet":"max-snippet:-1","max-image-preview":"max-image-preview:large","max-video-preview":"max-video-preview:-1"},"canonical":"https:\/\/www.herbashopping.com\/produkt\/herbalife-protein-back-mix-limitierte-edition-480-g\/","og_locale":"en_US","og_type":"article","og_title":"Herbalife Protein-Back-Mix 480 g - Onlineshop - Selbst\u00e4ndiges HERBALIFE-Mitglied Elija Mairl","og_description":"Dies ist die Webseite eines Selbst\u00e4ndigen HERBALIFE-Mitgliedes. Um auf die offizielle HERBALIFE-Webseite zu gelangen, besuchen Sie bitte HERBALIFE.de.","og_url":"https:\/\/www.herbashopping.com\/produkt\/herbalife-protein-back-mix-limitierte-edition-480-g\/","og_site_name":"Onlineshop - Selbst\u00e4ndiges HERBALIFE-Mitglied Elija Mairl","article_modified_time":"2025-12-17T11:07:32+00:00","og_image":[{"width":1000,"height":1000,"url":"https:\/\/www.herbashopping.com\/wp-content\/uploads\/2025\/12\/Freigestellt-Protein-Back-Mix-SKU-528K.png","type":"image\/png"}],"twitter_card":"summary_large_image","twitter_misc":{"Est. reading time":"2 minutes"},"schema":{"@context":"https:\/\/schema.org","@graph":[{"@type":"WebPage","@id":"https:\/\/www.herbashopping.com\/produkt\/herbalife-protein-back-mix-limitierte-edition-480-g\/","url":"https:\/\/www.herbashopping.com\/produkt\/herbalife-protein-back-mix-limitierte-edition-480-g\/","name":"Herbalife Protein-Back-Mix 480 g - Onlineshop - Selbst\u00e4ndiges HERBALIFE-Mitglied Elija Mairl","isPartOf":{"@id":"https:\/\/www.herbashopping.com\/#website"},"primaryImageOfPage":{"@id":"https:\/\/www.herbashopping.com\/produkt\/herbalife-protein-back-mix-limitierte-edition-480-g\/#primaryimage"},"image":{"@id":"https:\/\/www.herbashopping.com\/produkt\/herbalife-protein-back-mix-limitierte-edition-480-g\/#primaryimage"},"thumbnailUrl":"https:\/\/www.herbashopping.com\/wp-content\/uploads\/2025\/12\/Freigestellt-Protein-Back-Mix-SKU-528K.png","datePublished":"2023-03-09T09:09:05+00:00","dateModified":"2025-12-17T11:07:32+00:00","description":"Dies ist die Webseite eines Selbst\u00e4ndigen HERBALIFE-Mitgliedes. Um auf die offizielle HERBALIFE-Webseite zu gelangen, besuchen Sie bitte HERBALIFE.de.","breadcrumb":{"@id":"https:\/\/www.herbashopping.com\/produkt\/herbalife-protein-back-mix-limitierte-edition-480-g\/#breadcrumb"},"inLanguage":"en-US","potentialAction":[{"@type":"ReadAction","target":["https:\/\/www.herbashopping.com\/produkt\/herbalife-protein-back-mix-limitierte-edition-480-g\/"]}]},{"@type":"ImageObject","inLanguage":"en-US","@id":"https:\/\/www.herbashopping.com\/produkt\/herbalife-protein-back-mix-limitierte-edition-480-g\/#primaryimage","url":"https:\/\/www.herbashopping.com\/wp-content\/uploads\/2025\/12\/Freigestellt-Protein-Back-Mix-SKU-528K.png","contentUrl":"https:\/\/www.herbashopping.com\/wp-content\/uploads\/2025\/12\/Freigestellt-Protein-Back-Mix-SKU-528K.png","width":1000,"height":1000},{"@type":"BreadcrumbList","@id":"https:\/\/www.herbashopping.com\/produkt\/herbalife-protein-back-mix-limitierte-edition-480-g\/#breadcrumb","itemListElement":[{"@type":"ListItem","position":1,"name":"Startseite","item":"https:\/\/www.herbashopping.com\/en\/"},{"@type":"ListItem","position":2,"name":"Product Overview","item":"https:\/\/www.herbashopping.com\/en\/shop\/"},{"@type":"ListItem","position":3,"name":"Herbalife Protein-Back-Mix 480 g"}]},{"@type":"WebSite","@id":"https:\/\/www.herbashopping.com\/#website","url":"https:\/\/www.herbashopping.com\/","name":"Onlineshop - Selbst\u00e4ndiges HERBALIFE-Mitglied Elija Mairl","description":"","publisher":{"@id":"https:\/\/www.herbashopping.com\/#organization"},"potentialAction":[{"@type":"SearchAction","target":{"@type":"EntryPoint","urlTemplate":"https:\/\/www.herbashopping.com\/?s={search_term_string}"},"query-input":{"@type":"PropertyValueSpecification","valueRequired":true,"valueName":"search_term_string"}}],"inLanguage":"en-US"},{"@type":"Organization","@id":"https:\/\/www.herbashopping.com\/#organization","name":"Herba-Onlineshop Elija Mairl","url":"https:\/\/www.herbashopping.com\/","logo":{"@type":"ImageObject","inLanguage":"en-US","@id":"https:\/\/www.herbashopping.com\/#\/schema\/logo\/image\/","url":"https:\/\/www.herbashopping.com\/wp-content\/uploads\/2019\/03\/logo_08.2017_header.png","contentUrl":"https:\/\/www.herbashopping.com\/wp-content\/uploads\/2019\/03\/logo_08.2017_header.png","width":300,"height":76,"caption":"Herba-Onlineshop Elija Mairl"},"image":{"@id":"https:\/\/www.herbashopping.com\/#\/schema\/logo\/image\/"}}]}},"_links":{"self":[{"href":"https:\/\/www.herbashopping.com\/en\/wp-json\/wp\/v2\/product\/15801","targetHints":{"allow":["GET"]}}],"collection":[{"href":"https:\/\/www.herbashopping.com\/en\/wp-json\/wp\/v2\/product"}],"about":[{"href":"https:\/\/www.herbashopping.com\/en\/wp-json\/wp\/v2\/types\/product"}],"replies":[{"embeddable":true,"href":"https:\/\/www.herbashopping.com\/en\/wp-json\/wp\/v2\/comments?post=15801"}],"wp:featuredmedia":[{"embeddable":true,"href":"https:\/\/www.herbashopping.com\/en\/wp-json\/wp\/v2\/media\/21710"}],"wp:attachment":[{"href":"https:\/\/www.herbashopping.com\/en\/wp-json\/wp\/v2\/media?parent=15801"}],"wp:term":[{"taxonomy":"product_brand","embeddable":true,"href":"https:\/\/www.herbashopping.com\/en\/wp-json\/wp\/v2\/product_brand?post=15801"},{"taxonomy":"product_cat","embeddable":true,"href":"https:\/\/www.herbashopping.com\/en\/wp-json\/wp\/v2\/product_cat?post=15801"},{"taxonomy":"product_tag","embeddable":true,"href":"https:\/\/www.herbashopping.com\/en\/wp-json\/wp\/v2\/product_tag?post=15801"}],"curies":[{"name":"wp","href":"https:\/\/api.w.org\/{rel}","templated":true}]}}