{"id":15992,"date":"2023-03-30T21:14:05","date_gmt":"2023-03-30T19:14:05","guid":{"rendered":"https:\/\/www.herbashopping.com\/?post_type=product&#038;p=15992"},"modified":"2025-04-06T14:14:28","modified_gmt":"2025-04-06T12:14:28","slug":"herbalife-active-mind-complex-60-kapseln-2","status":"publish","type":"product","link":"https:\/\/www.herbashopping.com\/en\/product\/herbalife-active-mind-complex-60-kapseln-2\/","title":{"rendered":"Herbalife Active Mind Complex, 60 Kapseln"},"content":{"rendered":"<p>&nbsp;<\/p>\n<p><a href=\"https:\/\/www.herbashopping.com\/wp-content\/uploads\/2023\/03\/243K.pdf\">Zutaten 243K Active Mind Complex<\/a><\/p>\n<p>Produkt\u00fcbersicht<br \/>\nUnterst\u00fctze deine geistige Leistungsf\u00e4higkeit* und behalte auch an intensiven Tagen den \u00dcberblick \u00fcber deine Aufgaben. Active Mind Complex ist fachkundig entwickelt und enth\u00e4lt einen wissenschaftlich erprobten und patentierten Inhaltsstoff aus Gr\u00fcner Minze mit vielen Vorteilen.<\/p>\n<p>Active Mind Complex enth\u00e4lt au\u00dferdem eine Mischung aus sorgf\u00e4ltig ausgew\u00e4hlten Vitaminen, die zu einer normalen psychischen Funktion, normalen geistigen Leistung und zur normalen Funktion des Nervensystems beitragen.*<\/p>\n<p>Achte mit Active Mind Complex jeden Tag auf die Gesundheit deines Gehirns \u2013 smarte Ern\u00e4hrung f\u00fcr deine Gehirngesundheit.*<\/p>\n<p>Hauptvorteile und Eigenschaften:<\/p>\n<p>Active Mind Complex wurde fachkundig entwickelt und enth\u00e4lt einen patentierten Extrakt der Gr\u00fcnen Minze \u2013 ein wissenschaftlich gepr\u00fcfter Inhaltsstoff, der eine einzigartige Kombination nat\u00fcrlich gewonnener Polyphenole einschlie\u00dflich Rosmarinextrakt enth\u00e4lt.<br \/>\nEnth\u00e4lt Vitamin C, B6 und B12 sowie Fols\u00e4ure, welche zu einer normalen psychischen Funktion beitragen.<br \/>\nEnth\u00e4lt Pantothens\u00e4ure, die zu einer normalen geistigen Leistung beitr\u00e4gt.<br \/>\nVitamin C, B6 und B12 tragen au\u00dferdem zu einer normalen Funktion des Nervensystems bei.<br \/>\nF\u00fcr Veganer geeignet<br \/>\nGlutenfrei<br \/>\nVerwendung:<\/p>\n<p>T\u00e4glich 2 Kapseln mit der ersten Mahlzeit einnehmen. Verwende dieses Produkt im Rahmen einer ausgewogenen und abwechslungsreichen Ern\u00e4hrung sowie einem gesunden, aktiven Lebensstil.<\/p>\n<p>*Active Mind Complex enth\u00e4lt Fols\u00e4ure, Vitamin C, B6 und B12, welche zu einer normalen psychischen Funktion beitragen. Es enth\u00e4lt au\u00dferdem Pantothens\u00e4ure, die zu einer normalen geistigen Leistung beitr\u00e4gt. Vitamin C, B6 und B12 tragen zu einer normalen Funktion des Nervensystems bei.<\/p>\n<p>ZUTATEN: Neumentix\u2122 Extrakt aus den oberirdischen<br \/>\nTeilen der Gr\u00fcnen Minze (Mentha spicata L), Kapselh\u00fclle<br \/>\n(Hydroxypropylmethylcellulose, Farbstoff (Kupferkomplexe<br \/>\nder Chlorophylline)), F\u00fcllstoffe (Calciumphosphate,<br \/>\nMikrokristalline Cellulose), Vitamin C, Trennmittel<br \/>\n(Magnesiumsalze der Speisefetts\u00e4uren, Siliciumdioxid),<br \/>\nPantothens\u00e4ure, Vitamin B12, Vitamin B6, Fols\u00e4ure.<br \/>\nNeumentix\u2122 ist eine Marke von Kemin Industries, Inc.<\/p>\n","protected":false},"excerpt":{"rendered":"<p>Unterst\u00fctze deine geistige Leistungsf\u00e4higkeit* und behalte auch an intensiven Tagen den \u00dcberblick \u00fcber deine Aufgaben. Active Mind Complex ist fachkundig entwickelt und enth\u00e4lt einen wissenschaftlich erprobten und patentierten Inhaltsstoff aus Gr\u00fcner Minze mit vielen Vorteilen.<\/p>\n<p>T\u00e4glich 2 Kapseln mit der ersten Mahlzeit einnehmen. Verwende dieses Produkt im Rahmen einer ausgewogenen und abwechslungsreichen Ern\u00e4hrung sowie einem gesunden, aktiven Lebensstil.<\/p>\n","protected":false},"featured_media":20506,"comment_status":"closed","ping_status":"closed","template":"","meta":{"_acf_changed":false},"product_brand":[],"product_cat":[24,25,15],"product_tag":[327,326],"class_list":{"0":"post-15992","1":"product","2":"type-product","3":"status-publish","4":"has-post-thumbnail","6":"product_cat-nahrungserganzung","7":"product_cat-produktubersicht","8":"product_cat-unkategorisiert","9":"product_tag-active-2","10":"product_tag-mind-complex","12":"first","13":"instock","14":"sale","15":"taxable","16":"shipping-taxable","17":"purchasable","18":"product-type-simple"},"acf":[],"yoast_head":"<!-- This site is optimized with the Yoast SEO plugin v27.2 - https:\/\/yoast.com\/product\/yoast-seo-wordpress\/ -->\n<title>Herbalife Active Mind Complex, 60 Kapseln - Onlineshop - Selbst\u00e4ndiges HERBALIFE-Mitglied Elija Mairl<\/title>\n<meta name=\"description\" content=\"Dies ist die Webseite eines Selbst\u00e4ndigen HERBALIFE-Mitgliedes. Um auf die offizielle HERBALIFE-Webseite zu gelangen, besuchen Sie bitte HERBALIFE.de.\" \/>\n<meta name=\"robots\" content=\"index, follow, max-snippet:-1, max-image-preview:large, max-video-preview:-1\" \/>\n<link rel=\"canonical\" href=\"https:\/\/www.herbashopping.com\/produkt\/herbalife-active-mind-complex-60-kapseln-2\/\" \/>\n<meta property=\"og:locale\" content=\"en_US\" \/>\n<meta property=\"og:type\" content=\"article\" \/>\n<meta property=\"og:title\" content=\"Herbalife Active Mind Complex, 60 Kapseln - Onlineshop - Selbst\u00e4ndiges HERBALIFE-Mitglied Elija Mairl\" \/>\n<meta property=\"og:description\" content=\"Dies ist die Webseite eines Selbst\u00e4ndigen HERBALIFE-Mitgliedes. Um auf die offizielle HERBALIFE-Webseite zu gelangen, besuchen Sie bitte HERBALIFE.de.\" \/>\n<meta property=\"og:url\" content=\"https:\/\/www.herbashopping.com\/produkt\/herbalife-active-mind-complex-60-kapseln-2\/\" \/>\n<meta property=\"og:site_name\" content=\"Onlineshop - Selbst\u00e4ndiges HERBALIFE-Mitglied Elija Mairl\" \/>\n<meta property=\"article:modified_time\" content=\"2025-04-06T12:14:28+00:00\" \/>\n<meta property=\"og:image\" content=\"https:\/\/www.herbashopping.com\/wp-content\/uploads\/2025\/02\/Active-Mind-243K.png\" \/>\n\t<meta property=\"og:image:width\" content=\"1000\" \/>\n\t<meta property=\"og:image:height\" content=\"1000\" \/>\n\t<meta property=\"og:image:type\" content=\"image\/png\" \/>\n<meta name=\"twitter:card\" content=\"summary_large_image\" \/>\n<meta name=\"twitter:label1\" content=\"Est. reading time\" \/>\n\t<meta name=\"twitter:data1\" content=\"2 minutes\" \/>\n<script type=\"application\/ld+json\" class=\"yoast-schema-graph\">{\"@context\":\"https:\/\/schema.org\",\"@graph\":[{\"@type\":\"WebPage\",\"@id\":\"https:\/\/www.herbashopping.com\/produkt\/herbalife-active-mind-complex-60-kapseln-2\/\",\"url\":\"https:\/\/www.herbashopping.com\/produkt\/herbalife-active-mind-complex-60-kapseln-2\/\",\"name\":\"Herbalife Active Mind Complex, 60 Kapseln - Onlineshop - Selbst\u00e4ndiges HERBALIFE-Mitglied Elija Mairl\",\"isPartOf\":{\"@id\":\"https:\/\/www.herbashopping.com\/#website\"},\"primaryImageOfPage\":{\"@id\":\"https:\/\/www.herbashopping.com\/produkt\/herbalife-active-mind-complex-60-kapseln-2\/#primaryimage\"},\"image\":{\"@id\":\"https:\/\/www.herbashopping.com\/produkt\/herbalife-active-mind-complex-60-kapseln-2\/#primaryimage\"},\"thumbnailUrl\":\"https:\/\/www.herbashopping.com\/wp-content\/uploads\/2025\/02\/Active-Mind-243K.png\",\"datePublished\":\"2023-03-30T19:14:05+00:00\",\"dateModified\":\"2025-04-06T12:14:28+00:00\",\"description\":\"Dies ist die Webseite eines Selbst\u00e4ndigen HERBALIFE-Mitgliedes. Um auf die offizielle HERBALIFE-Webseite zu gelangen, besuchen Sie bitte HERBALIFE.de.\",\"breadcrumb\":{\"@id\":\"https:\/\/www.herbashopping.com\/produkt\/herbalife-active-mind-complex-60-kapseln-2\/#breadcrumb\"},\"inLanguage\":\"en-US\",\"potentialAction\":[{\"@type\":\"ReadAction\",\"target\":[\"https:\/\/www.herbashopping.com\/produkt\/herbalife-active-mind-complex-60-kapseln-2\/\"]}]},{\"@type\":\"ImageObject\",\"inLanguage\":\"en-US\",\"@id\":\"https:\/\/www.herbashopping.com\/produkt\/herbalife-active-mind-complex-60-kapseln-2\/#primaryimage\",\"url\":\"https:\/\/www.herbashopping.com\/wp-content\/uploads\/2025\/02\/Active-Mind-243K.png\",\"contentUrl\":\"https:\/\/www.herbashopping.com\/wp-content\/uploads\/2025\/02\/Active-Mind-243K.png\",\"width\":1000,\"height\":1000},{\"@type\":\"BreadcrumbList\",\"@id\":\"https:\/\/www.herbashopping.com\/produkt\/herbalife-active-mind-complex-60-kapseln-2\/#breadcrumb\",\"itemListElement\":[{\"@type\":\"ListItem\",\"position\":1,\"name\":\"Startseite\",\"item\":\"https:\/\/www.herbashopping.com\/en\/\"},{\"@type\":\"ListItem\",\"position\":2,\"name\":\"Product Overview\",\"item\":\"https:\/\/www.herbashopping.com\/en\/shop\/\"},{\"@type\":\"ListItem\",\"position\":3,\"name\":\"Herbalife Active Mind Complex, 60 Kapseln\"}]},{\"@type\":\"WebSite\",\"@id\":\"https:\/\/www.herbashopping.com\/#website\",\"url\":\"https:\/\/www.herbashopping.com\/\",\"name\":\"Onlineshop - Selbst\u00e4ndiges HERBALIFE-Mitglied Elija Mairl\",\"description\":\"\",\"publisher\":{\"@id\":\"https:\/\/www.herbashopping.com\/#organization\"},\"potentialAction\":[{\"@type\":\"SearchAction\",\"target\":{\"@type\":\"EntryPoint\",\"urlTemplate\":\"https:\/\/www.herbashopping.com\/?s={search_term_string}\"},\"query-input\":{\"@type\":\"PropertyValueSpecification\",\"valueRequired\":true,\"valueName\":\"search_term_string\"}}],\"inLanguage\":\"en-US\"},{\"@type\":\"Organization\",\"@id\":\"https:\/\/www.herbashopping.com\/#organization\",\"name\":\"Herba-Onlineshop Elija Mairl\",\"url\":\"https:\/\/www.herbashopping.com\/\",\"logo\":{\"@type\":\"ImageObject\",\"inLanguage\":\"en-US\",\"@id\":\"https:\/\/www.herbashopping.com\/#\/schema\/logo\/image\/\",\"url\":\"https:\/\/www.herbashopping.com\/wp-content\/uploads\/2019\/03\/logo_08.2017_header.png\",\"contentUrl\":\"https:\/\/www.herbashopping.com\/wp-content\/uploads\/2019\/03\/logo_08.2017_header.png\",\"width\":300,\"height\":76,\"caption\":\"Herba-Onlineshop Elija Mairl\"},\"image\":{\"@id\":\"https:\/\/www.herbashopping.com\/#\/schema\/logo\/image\/\"}}]}<\/script>\n<!-- \/ Yoast SEO plugin. -->","yoast_head_json":{"title":"Herbalife Active Mind Complex, 60 Kapseln - Onlineshop - Selbst\u00e4ndiges HERBALIFE-Mitglied Elija Mairl","description":"Dies ist die Webseite eines Selbst\u00e4ndigen HERBALIFE-Mitgliedes. Um auf die offizielle HERBALIFE-Webseite zu gelangen, besuchen Sie bitte HERBALIFE.de.","robots":{"index":"index","follow":"follow","max-snippet":"max-snippet:-1","max-image-preview":"max-image-preview:large","max-video-preview":"max-video-preview:-1"},"canonical":"https:\/\/www.herbashopping.com\/produkt\/herbalife-active-mind-complex-60-kapseln-2\/","og_locale":"en_US","og_type":"article","og_title":"Herbalife Active Mind Complex, 60 Kapseln - Onlineshop - Selbst\u00e4ndiges HERBALIFE-Mitglied Elija Mairl","og_description":"Dies ist die Webseite eines Selbst\u00e4ndigen HERBALIFE-Mitgliedes. Um auf die offizielle HERBALIFE-Webseite zu gelangen, besuchen Sie bitte HERBALIFE.de.","og_url":"https:\/\/www.herbashopping.com\/produkt\/herbalife-active-mind-complex-60-kapseln-2\/","og_site_name":"Onlineshop - Selbst\u00e4ndiges HERBALIFE-Mitglied Elija Mairl","article_modified_time":"2025-04-06T12:14:28+00:00","og_image":[{"width":1000,"height":1000,"url":"https:\/\/www.herbashopping.com\/wp-content\/uploads\/2025\/02\/Active-Mind-243K.png","type":"image\/png"}],"twitter_card":"summary_large_image","twitter_misc":{"Est. reading time":"2 minutes"},"schema":{"@context":"https:\/\/schema.org","@graph":[{"@type":"WebPage","@id":"https:\/\/www.herbashopping.com\/produkt\/herbalife-active-mind-complex-60-kapseln-2\/","url":"https:\/\/www.herbashopping.com\/produkt\/herbalife-active-mind-complex-60-kapseln-2\/","name":"Herbalife Active Mind Complex, 60 Kapseln - Onlineshop - Selbst\u00e4ndiges HERBALIFE-Mitglied Elija Mairl","isPartOf":{"@id":"https:\/\/www.herbashopping.com\/#website"},"primaryImageOfPage":{"@id":"https:\/\/www.herbashopping.com\/produkt\/herbalife-active-mind-complex-60-kapseln-2\/#primaryimage"},"image":{"@id":"https:\/\/www.herbashopping.com\/produkt\/herbalife-active-mind-complex-60-kapseln-2\/#primaryimage"},"thumbnailUrl":"https:\/\/www.herbashopping.com\/wp-content\/uploads\/2025\/02\/Active-Mind-243K.png","datePublished":"2023-03-30T19:14:05+00:00","dateModified":"2025-04-06T12:14:28+00:00","description":"Dies ist die Webseite eines Selbst\u00e4ndigen HERBALIFE-Mitgliedes. Um auf die offizielle HERBALIFE-Webseite zu gelangen, besuchen Sie bitte HERBALIFE.de.","breadcrumb":{"@id":"https:\/\/www.herbashopping.com\/produkt\/herbalife-active-mind-complex-60-kapseln-2\/#breadcrumb"},"inLanguage":"en-US","potentialAction":[{"@type":"ReadAction","target":["https:\/\/www.herbashopping.com\/produkt\/herbalife-active-mind-complex-60-kapseln-2\/"]}]},{"@type":"ImageObject","inLanguage":"en-US","@id":"https:\/\/www.herbashopping.com\/produkt\/herbalife-active-mind-complex-60-kapseln-2\/#primaryimage","url":"https:\/\/www.herbashopping.com\/wp-content\/uploads\/2025\/02\/Active-Mind-243K.png","contentUrl":"https:\/\/www.herbashopping.com\/wp-content\/uploads\/2025\/02\/Active-Mind-243K.png","width":1000,"height":1000},{"@type":"BreadcrumbList","@id":"https:\/\/www.herbashopping.com\/produkt\/herbalife-active-mind-complex-60-kapseln-2\/#breadcrumb","itemListElement":[{"@type":"ListItem","position":1,"name":"Startseite","item":"https:\/\/www.herbashopping.com\/en\/"},{"@type":"ListItem","position":2,"name":"Product Overview","item":"https:\/\/www.herbashopping.com\/en\/shop\/"},{"@type":"ListItem","position":3,"name":"Herbalife Active Mind Complex, 60 Kapseln"}]},{"@type":"WebSite","@id":"https:\/\/www.herbashopping.com\/#website","url":"https:\/\/www.herbashopping.com\/","name":"Onlineshop - Selbst\u00e4ndiges HERBALIFE-Mitglied Elija Mairl","description":"","publisher":{"@id":"https:\/\/www.herbashopping.com\/#organization"},"potentialAction":[{"@type":"SearchAction","target":{"@type":"EntryPoint","urlTemplate":"https:\/\/www.herbashopping.com\/?s={search_term_string}"},"query-input":{"@type":"PropertyValueSpecification","valueRequired":true,"valueName":"search_term_string"}}],"inLanguage":"en-US"},{"@type":"Organization","@id":"https:\/\/www.herbashopping.com\/#organization","name":"Herba-Onlineshop Elija Mairl","url":"https:\/\/www.herbashopping.com\/","logo":{"@type":"ImageObject","inLanguage":"en-US","@id":"https:\/\/www.herbashopping.com\/#\/schema\/logo\/image\/","url":"https:\/\/www.herbashopping.com\/wp-content\/uploads\/2019\/03\/logo_08.2017_header.png","contentUrl":"https:\/\/www.herbashopping.com\/wp-content\/uploads\/2019\/03\/logo_08.2017_header.png","width":300,"height":76,"caption":"Herba-Onlineshop Elija Mairl"},"image":{"@id":"https:\/\/www.herbashopping.com\/#\/schema\/logo\/image\/"}}]}},"_links":{"self":[{"href":"https:\/\/www.herbashopping.com\/en\/wp-json\/wp\/v2\/product\/15992","targetHints":{"allow":["GET"]}}],"collection":[{"href":"https:\/\/www.herbashopping.com\/en\/wp-json\/wp\/v2\/product"}],"about":[{"href":"https:\/\/www.herbashopping.com\/en\/wp-json\/wp\/v2\/types\/product"}],"replies":[{"embeddable":true,"href":"https:\/\/www.herbashopping.com\/en\/wp-json\/wp\/v2\/comments?post=15992"}],"wp:featuredmedia":[{"embeddable":true,"href":"https:\/\/www.herbashopping.com\/en\/wp-json\/wp\/v2\/media\/20506"}],"wp:attachment":[{"href":"https:\/\/www.herbashopping.com\/en\/wp-json\/wp\/v2\/media?parent=15992"}],"wp:term":[{"taxonomy":"product_brand","embeddable":true,"href":"https:\/\/www.herbashopping.com\/en\/wp-json\/wp\/v2\/product_brand?post=15992"},{"taxonomy":"product_cat","embeddable":true,"href":"https:\/\/www.herbashopping.com\/en\/wp-json\/wp\/v2\/product_cat?post=15992"},{"taxonomy":"product_tag","embeddable":true,"href":"https:\/\/www.herbashopping.com\/en\/wp-json\/wp\/v2\/product_tag?post=15992"}],"curies":[{"name":"wp","href":"https:\/\/api.w.org\/{rel}","templated":true}]}}