{"id":16185,"date":"2023-05-16T10:07:47","date_gmt":"2023-05-16T08:07:47","guid":{"rendered":"https:\/\/www.herbashopping.com\/?post_type=product&#038;p=16185"},"modified":"2026-01-22T09:19:59","modified_gmt":"2026-01-22T08:19:59","slug":"herbalife-nutrition-kochbuch-band-1","status":"publish","type":"product","link":"https:\/\/www.herbashopping.com\/en\/product\/herbalife-nutrition-kochbuch-band-1\/","title":{"rendered":"Herbalife Nutrition Kochbuch Band 1 oder Band 2"},"content":{"rendered":"<p><strong>Kochbuch Band 1:<\/strong><br \/>\nDas Kochbuch zeigt M\u00f6glichkeiten, Produkte in die allt\u00e4gliche Ern\u00e4hrung zu integrieren. Eine Vielzahl verschiedener Geschmacksrichtungen bietet dabei eine vielf\u00e4ltige Auswahl. Die leicht verst\u00e4ndlichen Rezepte eignen sich f\u00fcr jeden. F\u00fcr jedes Rezept sind die N\u00e4hrwertangaben pro Portion genau angegeben. Die speziell auf die Produkte von Herbalife Nutrition abgestimmten Rezepte unterst\u00fctzten Sie dabei, Ihren K\u00f6rper mit den wichtigsten Makro- und Mikron\u00e4hrstoffen zu versorgen. Viele Rezepte ben\u00f6tigen nur wenige Zutaten, lassen sich schnell zubereiten und sind dabei trotzdem k\u00f6stlich. Vegetarische und vegane Rezepte sind klar als solche gekennzeichnet. Viele Rezepte lassen sich gut vorbereiten und sparen so im Alltag Zeit. So sind im Kochbuch auch Rezepte f\u00fcr proteinreiche Snacks enthalten, womit auch unterwegs eine ausgewogene Ern\u00e4hrung sichergestellt werden kann<\/p>\n<p>&nbsp;<\/p>\n<p><strong>Kochbuchband 2:<\/strong><br \/>\nLeckere Alternativen f\u00fcr deine Lieblingsgerichte. Eine Sammlung von 80 einzigartigen Rezepten aus Europa und Afrika, die deine Art zu kochen, zu essen und dich zu ern\u00e4hren, erweitern werden. Herbalife Kochbuchs liefert Rezepte, die einfach zuzubereiten, leicht und voller Geschmack sind \u2013 sie pr\u00e4sentieren eine neue Ebene der Verwendbarkeit der Herbalife-Produkte und f\u00f6rdern zugleich ein positiveres Verh\u00e4ltnis zum Essen. So ver\u00e4ndert sich deine Art, Mahlzeiten zuzubereiten, zu kochen und zu genie\u00dfen.<\/p>\n<p><b><u>Was ist drin?<\/u><\/b><\/p>\n<p>80\u00a0\u00a0 NEUE Rezepte verteilt auf vier neue Kapitel:<\/p>\n<ul>\n<li>Im ersten Kapitel \u201cErn\u00e4hren &amp; strahlen\u201d findest du leckere Ideen um deine Vitalit\u00e4t zu unterst\u00fctzen<\/li>\n<li>Das zweite Kapitel \u201cAntrieb f\u00fcr den Sport\u201c verw\u00f6hnt den Sportler in dir<\/li>\n<li>Im dritten Kapitel \u201cWellness\u201d findest du Rezepte f\u00fcr deine innere Harmonie<\/li>\n<li>Das vierte Kapitel \u201cPartykn\u00fcller\u201d ist ein wahres Fest nahrhafter Gen\u00fcsse<\/li>\n<\/ul>\n<p>Das Kochbuch enth\u00e4lt dar\u00fcber hinaus kreative Upcycling-Projekte und schenkt dir drei Ideen, wie du deine Beh\u00e4lter umfunktionieren und neues Leben einhauchen kannst. Der zweite Band des Herbalife Kochbuchs bereichert deine K\u00fcche und hilft dir dabei, die Verbindung zu deiner Community zu st\u00e4rken.<\/p>\n","protected":false},"excerpt":{"rendered":"<p>Gehen Sie mit Herbalife Nutrition auf eine kulinarische Reise durch Europa und Afrika und erleben Sie k\u00f6stliche Gaumenfreuden! Dieses Kochbuch ist inspiriert von der Liebe zu unseren Produkten, gesunder Ern\u00e4hrung, von Lebensfreude und bunter Vielfalt. Die Rezepte geben Ihren Mahlzeiten noch mehr Schwung und Sie erleben die Produkte von Herbalife Nutrition auf eine ganz neue Art! Bereiten Sie diese Mahlzeiten mit Familie und Freunden gemeinsam zu Hause zu.<\/p>\n<p>(1 St\u00fcck)<\/p>\n","protected":false},"featured_media":20455,"comment_status":"closed","ping_status":"closed","template":"","meta":{"_acf_changed":false},"product_brand":[],"product_cat":[23,19,15],"product_tag":[337],"class_list":{"0":"post-16185","1":"product","2":"type-product","3":"status-publish","4":"has-post-thumbnail","6":"product_cat-basisprodukte","7":"product_cat-sonstiges","8":"product_cat-unkategorisiert","9":"product_tag-kochbuch","11":"first","12":"outofstock","13":"sale","14":"taxable","15":"shipping-taxable","16":"purchasable","17":"product-type-variable"},"acf":[],"yoast_head":"<!-- This site is optimized with the Yoast SEO plugin v27.2 - https:\/\/yoast.com\/product\/yoast-seo-wordpress\/ -->\n<title>Herbalife Nutrition Kochbuch Band 1 oder Band 2 - Onlineshop - Selbst\u00e4ndiges HERBALIFE-Mitglied Elija Mairl<\/title>\n<meta name=\"description\" content=\"Dies ist die Webseite eines Selbst\u00e4ndigen HERBALIFE-Mitgliedes. Um auf die offizielle HERBALIFE-Webseite zu gelangen, besuchen Sie bitte HERBALIFE.de.\" \/>\n<meta name=\"robots\" content=\"index, follow, max-snippet:-1, max-image-preview:large, max-video-preview:-1\" \/>\n<link rel=\"canonical\" href=\"https:\/\/www.herbashopping.com\/produkt\/herbalife-nutrition-kochbuch-band-1\/\" \/>\n<meta property=\"og:locale\" content=\"en_US\" \/>\n<meta property=\"og:type\" content=\"article\" \/>\n<meta property=\"og:title\" content=\"Herbalife Nutrition Kochbuch Band 1 oder Band 2 - Onlineshop - Selbst\u00e4ndiges HERBALIFE-Mitglied Elija Mairl\" \/>\n<meta property=\"og:description\" content=\"Dies ist die Webseite eines Selbst\u00e4ndigen HERBALIFE-Mitgliedes. Um auf die offizielle HERBALIFE-Webseite zu gelangen, besuchen Sie bitte HERBALIFE.de.\" \/>\n<meta property=\"og:url\" content=\"https:\/\/www.herbashopping.com\/produkt\/herbalife-nutrition-kochbuch-band-1\/\" \/>\n<meta property=\"og:site_name\" content=\"Onlineshop - Selbst\u00e4ndiges HERBALIFE-Mitglied Elija Mairl\" \/>\n<meta property=\"article:modified_time\" content=\"2026-01-22T08:19:59+00:00\" \/>\n<meta property=\"og:image\" content=\"https:\/\/www.herbashopping.com\/wp-content\/uploads\/2025\/02\/Kochbuch-Band-2-3C10.png\" \/>\n\t<meta property=\"og:image:width\" content=\"1000\" \/>\n\t<meta property=\"og:image:height\" content=\"1000\" \/>\n\t<meta property=\"og:image:type\" content=\"image\/png\" \/>\n<meta name=\"twitter:card\" content=\"summary_large_image\" \/>\n<meta name=\"twitter:label1\" content=\"Est. reading time\" \/>\n\t<meta name=\"twitter:data1\" content=\"2 minutes\" \/>\n<script type=\"application\/ld+json\" class=\"yoast-schema-graph\">{\"@context\":\"https:\/\/schema.org\",\"@graph\":[{\"@type\":\"WebPage\",\"@id\":\"https:\/\/www.herbashopping.com\/produkt\/herbalife-nutrition-kochbuch-band-1\/\",\"url\":\"https:\/\/www.herbashopping.com\/produkt\/herbalife-nutrition-kochbuch-band-1\/\",\"name\":\"Herbalife Nutrition Kochbuch Band 1 oder Band 2 - Onlineshop - Selbst\u00e4ndiges HERBALIFE-Mitglied Elija Mairl\",\"isPartOf\":{\"@id\":\"https:\/\/www.herbashopping.com\/#website\"},\"primaryImageOfPage\":{\"@id\":\"https:\/\/www.herbashopping.com\/produkt\/herbalife-nutrition-kochbuch-band-1\/#primaryimage\"},\"image\":{\"@id\":\"https:\/\/www.herbashopping.com\/produkt\/herbalife-nutrition-kochbuch-band-1\/#primaryimage\"},\"thumbnailUrl\":\"https:\/\/www.herbashopping.com\/wp-content\/uploads\/2025\/02\/Kochbuch-Band-2-3C10.png\",\"datePublished\":\"2023-05-16T08:07:47+00:00\",\"dateModified\":\"2026-01-22T08:19:59+00:00\",\"description\":\"Dies ist die Webseite eines Selbst\u00e4ndigen HERBALIFE-Mitgliedes. Um auf die offizielle HERBALIFE-Webseite zu gelangen, besuchen Sie bitte HERBALIFE.de.\",\"breadcrumb\":{\"@id\":\"https:\/\/www.herbashopping.com\/produkt\/herbalife-nutrition-kochbuch-band-1\/#breadcrumb\"},\"inLanguage\":\"en-US\",\"potentialAction\":[{\"@type\":\"ReadAction\",\"target\":[\"https:\/\/www.herbashopping.com\/produkt\/herbalife-nutrition-kochbuch-band-1\/\"]}]},{\"@type\":\"ImageObject\",\"inLanguage\":\"en-US\",\"@id\":\"https:\/\/www.herbashopping.com\/produkt\/herbalife-nutrition-kochbuch-band-1\/#primaryimage\",\"url\":\"https:\/\/www.herbashopping.com\/wp-content\/uploads\/2025\/02\/Kochbuch-Band-2-3C10.png\",\"contentUrl\":\"https:\/\/www.herbashopping.com\/wp-content\/uploads\/2025\/02\/Kochbuch-Band-2-3C10.png\",\"width\":1000,\"height\":1000},{\"@type\":\"BreadcrumbList\",\"@id\":\"https:\/\/www.herbashopping.com\/produkt\/herbalife-nutrition-kochbuch-band-1\/#breadcrumb\",\"itemListElement\":[{\"@type\":\"ListItem\",\"position\":1,\"name\":\"Startseite\",\"item\":\"https:\/\/www.herbashopping.com\/en\/\"},{\"@type\":\"ListItem\",\"position\":2,\"name\":\"Product Overview\",\"item\":\"https:\/\/www.herbashopping.com\/en\/shop\/\"},{\"@type\":\"ListItem\",\"position\":3,\"name\":\"Herbalife Nutrition Kochbuch Band 1 oder Band 2\"}]},{\"@type\":\"WebSite\",\"@id\":\"https:\/\/www.herbashopping.com\/#website\",\"url\":\"https:\/\/www.herbashopping.com\/\",\"name\":\"Onlineshop - Selbst\u00e4ndiges HERBALIFE-Mitglied Elija Mairl\",\"description\":\"\",\"publisher\":{\"@id\":\"https:\/\/www.herbashopping.com\/#organization\"},\"potentialAction\":[{\"@type\":\"SearchAction\",\"target\":{\"@type\":\"EntryPoint\",\"urlTemplate\":\"https:\/\/www.herbashopping.com\/?s={search_term_string}\"},\"query-input\":{\"@type\":\"PropertyValueSpecification\",\"valueRequired\":true,\"valueName\":\"search_term_string\"}}],\"inLanguage\":\"en-US\"},{\"@type\":\"Organization\",\"@id\":\"https:\/\/www.herbashopping.com\/#organization\",\"name\":\"Herba-Onlineshop Elija Mairl\",\"url\":\"https:\/\/www.herbashopping.com\/\",\"logo\":{\"@type\":\"ImageObject\",\"inLanguage\":\"en-US\",\"@id\":\"https:\/\/www.herbashopping.com\/#\/schema\/logo\/image\/\",\"url\":\"https:\/\/www.herbashopping.com\/wp-content\/uploads\/2019\/03\/logo_08.2017_header.png\",\"contentUrl\":\"https:\/\/www.herbashopping.com\/wp-content\/uploads\/2019\/03\/logo_08.2017_header.png\",\"width\":300,\"height\":76,\"caption\":\"Herba-Onlineshop Elija Mairl\"},\"image\":{\"@id\":\"https:\/\/www.herbashopping.com\/#\/schema\/logo\/image\/\"}}]}<\/script>\n<!-- \/ Yoast SEO plugin. -->","yoast_head_json":{"title":"Herbalife Nutrition Kochbuch Band 1 oder Band 2 - Onlineshop - Selbst\u00e4ndiges HERBALIFE-Mitglied Elija Mairl","description":"Dies ist die Webseite eines Selbst\u00e4ndigen HERBALIFE-Mitgliedes. Um auf die offizielle HERBALIFE-Webseite zu gelangen, besuchen Sie bitte HERBALIFE.de.","robots":{"index":"index","follow":"follow","max-snippet":"max-snippet:-1","max-image-preview":"max-image-preview:large","max-video-preview":"max-video-preview:-1"},"canonical":"https:\/\/www.herbashopping.com\/produkt\/herbalife-nutrition-kochbuch-band-1\/","og_locale":"en_US","og_type":"article","og_title":"Herbalife Nutrition Kochbuch Band 1 oder Band 2 - Onlineshop - Selbst\u00e4ndiges HERBALIFE-Mitglied Elija Mairl","og_description":"Dies ist die Webseite eines Selbst\u00e4ndigen HERBALIFE-Mitgliedes. Um auf die offizielle HERBALIFE-Webseite zu gelangen, besuchen Sie bitte HERBALIFE.de.","og_url":"https:\/\/www.herbashopping.com\/produkt\/herbalife-nutrition-kochbuch-band-1\/","og_site_name":"Onlineshop - Selbst\u00e4ndiges HERBALIFE-Mitglied Elija Mairl","article_modified_time":"2026-01-22T08:19:59+00:00","og_image":[{"width":1000,"height":1000,"url":"https:\/\/www.herbashopping.com\/wp-content\/uploads\/2025\/02\/Kochbuch-Band-2-3C10.png","type":"image\/png"}],"twitter_card":"summary_large_image","twitter_misc":{"Est. reading time":"2 minutes"},"schema":{"@context":"https:\/\/schema.org","@graph":[{"@type":"WebPage","@id":"https:\/\/www.herbashopping.com\/produkt\/herbalife-nutrition-kochbuch-band-1\/","url":"https:\/\/www.herbashopping.com\/produkt\/herbalife-nutrition-kochbuch-band-1\/","name":"Herbalife Nutrition Kochbuch Band 1 oder Band 2 - Onlineshop - Selbst\u00e4ndiges HERBALIFE-Mitglied Elija Mairl","isPartOf":{"@id":"https:\/\/www.herbashopping.com\/#website"},"primaryImageOfPage":{"@id":"https:\/\/www.herbashopping.com\/produkt\/herbalife-nutrition-kochbuch-band-1\/#primaryimage"},"image":{"@id":"https:\/\/www.herbashopping.com\/produkt\/herbalife-nutrition-kochbuch-band-1\/#primaryimage"},"thumbnailUrl":"https:\/\/www.herbashopping.com\/wp-content\/uploads\/2025\/02\/Kochbuch-Band-2-3C10.png","datePublished":"2023-05-16T08:07:47+00:00","dateModified":"2026-01-22T08:19:59+00:00","description":"Dies ist die Webseite eines Selbst\u00e4ndigen HERBALIFE-Mitgliedes. Um auf die offizielle HERBALIFE-Webseite zu gelangen, besuchen Sie bitte HERBALIFE.de.","breadcrumb":{"@id":"https:\/\/www.herbashopping.com\/produkt\/herbalife-nutrition-kochbuch-band-1\/#breadcrumb"},"inLanguage":"en-US","potentialAction":[{"@type":"ReadAction","target":["https:\/\/www.herbashopping.com\/produkt\/herbalife-nutrition-kochbuch-band-1\/"]}]},{"@type":"ImageObject","inLanguage":"en-US","@id":"https:\/\/www.herbashopping.com\/produkt\/herbalife-nutrition-kochbuch-band-1\/#primaryimage","url":"https:\/\/www.herbashopping.com\/wp-content\/uploads\/2025\/02\/Kochbuch-Band-2-3C10.png","contentUrl":"https:\/\/www.herbashopping.com\/wp-content\/uploads\/2025\/02\/Kochbuch-Band-2-3C10.png","width":1000,"height":1000},{"@type":"BreadcrumbList","@id":"https:\/\/www.herbashopping.com\/produkt\/herbalife-nutrition-kochbuch-band-1\/#breadcrumb","itemListElement":[{"@type":"ListItem","position":1,"name":"Startseite","item":"https:\/\/www.herbashopping.com\/en\/"},{"@type":"ListItem","position":2,"name":"Product Overview","item":"https:\/\/www.herbashopping.com\/en\/shop\/"},{"@type":"ListItem","position":3,"name":"Herbalife Nutrition Kochbuch Band 1 oder Band 2"}]},{"@type":"WebSite","@id":"https:\/\/www.herbashopping.com\/#website","url":"https:\/\/www.herbashopping.com\/","name":"Onlineshop - Selbst\u00e4ndiges HERBALIFE-Mitglied Elija Mairl","description":"","publisher":{"@id":"https:\/\/www.herbashopping.com\/#organization"},"potentialAction":[{"@type":"SearchAction","target":{"@type":"EntryPoint","urlTemplate":"https:\/\/www.herbashopping.com\/?s={search_term_string}"},"query-input":{"@type":"PropertyValueSpecification","valueRequired":true,"valueName":"search_term_string"}}],"inLanguage":"en-US"},{"@type":"Organization","@id":"https:\/\/www.herbashopping.com\/#organization","name":"Herba-Onlineshop Elija Mairl","url":"https:\/\/www.herbashopping.com\/","logo":{"@type":"ImageObject","inLanguage":"en-US","@id":"https:\/\/www.herbashopping.com\/#\/schema\/logo\/image\/","url":"https:\/\/www.herbashopping.com\/wp-content\/uploads\/2019\/03\/logo_08.2017_header.png","contentUrl":"https:\/\/www.herbashopping.com\/wp-content\/uploads\/2019\/03\/logo_08.2017_header.png","width":300,"height":76,"caption":"Herba-Onlineshop Elija Mairl"},"image":{"@id":"https:\/\/www.herbashopping.com\/#\/schema\/logo\/image\/"}}]}},"_links":{"self":[{"href":"https:\/\/www.herbashopping.com\/en\/wp-json\/wp\/v2\/product\/16185","targetHints":{"allow":["GET"]}}],"collection":[{"href":"https:\/\/www.herbashopping.com\/en\/wp-json\/wp\/v2\/product"}],"about":[{"href":"https:\/\/www.herbashopping.com\/en\/wp-json\/wp\/v2\/types\/product"}],"replies":[{"embeddable":true,"href":"https:\/\/www.herbashopping.com\/en\/wp-json\/wp\/v2\/comments?post=16185"}],"wp:featuredmedia":[{"embeddable":true,"href":"https:\/\/www.herbashopping.com\/en\/wp-json\/wp\/v2\/media\/20455"}],"wp:attachment":[{"href":"https:\/\/www.herbashopping.com\/en\/wp-json\/wp\/v2\/media?parent=16185"}],"wp:term":[{"taxonomy":"product_brand","embeddable":true,"href":"https:\/\/www.herbashopping.com\/en\/wp-json\/wp\/v2\/product_brand?post=16185"},{"taxonomy":"product_cat","embeddable":true,"href":"https:\/\/www.herbashopping.com\/en\/wp-json\/wp\/v2\/product_cat?post=16185"},{"taxonomy":"product_tag","embeddable":true,"href":"https:\/\/www.herbashopping.com\/en\/wp-json\/wp\/v2\/product_tag?post=16185"}],"curies":[{"name":"wp","href":"https:\/\/api.w.org\/{rel}","templated":true}]}}