{"id":16731,"date":"2023-09-28T10:24:01","date_gmt":"2023-09-28T08:24:01","guid":{"rendered":"https:\/\/www.herbashopping.com\/?post_type=product&#038;p=16731"},"modified":"2025-09-10T09:40:00","modified_gmt":"2025-09-10T07:40:00","slug":"herbalife-night-mode-kamille-pfirsich-180-g","status":"publish","type":"product","link":"https:\/\/www.herbashopping.com\/en\/product\/herbalife-night-mode-kamille-pfirsich-180-g\/","title":{"rendered":"Herbalife Night Mode Kamille &amp; Pfirsich 180 g"},"content":{"rendered":"<p>Mit Night Mode von Herbalife. Ein Getr\u00e4nk f\u00fcr die Nacht, angereichert mit einem einzigartigen Safranextrakt. Safranextrakt kann au\u00dferdem deine Stimmung nach dem Aufwachen aufhellen und den abendlichen Melatoninspiegel erh\u00f6hen, der deinen Schlaf-Wach-Rhythmus unterst\u00fctzt.<\/p>\n<p>Eine ungest\u00f6rte Nachtruhe ist entscheidend f\u00fcr das allgemeine Wohlbefinden, denn sie besitzt zahlreiche Vorteile. Sie st\u00e4rkt die Gesundheit deines K\u00f6rpers, denn so kann sich dein K\u00f6rper erholen, reparieren und regenerieren, w\u00e4hrend du schl\u00e4fst. Sie steigert die mentale Klarheit und f\u00f6rdert das emotionale Gleichgewicht. Und dies wiederum kann zu besserer Stimmung f\u00fchren, zu einem h\u00f6heren Energiespiegel und gesch\u00e4rfter Aufmerksamkeit den ganzen Tag \u00fcber.<\/p>\n<p>Nimm Night Mode in deine abendliche Zubettgehroutine auf. Erm\u00f6gliche Dir einen pers\u00f6nlichen Wohlf\u00fchlmoment mit Night Mode und mache es Dir zu den warmen, dezenten Aromen von Kamille und Pfirsich gem\u00fctlich.<\/p>\n<p>&nbsp;<\/p>\n<p>Produkteigenschaften und -vorteile:<\/p>\n<p>Vor dem Schlafengehen trinken<br \/>\nMit einzigartigem Safranextrakt angereichert,<\/p>\n<p>Reich an Vitamin B6, das zur normalen psychischen Funktion und zur normalen Funktion des Nervensystems beitr\u00e4gt<br \/>\nReich an Riboflavin, das zur normalen Funktion des Nervensystems und zur Verringerung von M\u00fcdigkeit beitr\u00e4gt<br \/>\nEnth\u00e4lt Farbstoffe aus nat\u00fcrlichen Quellen und ist ohne k\u00fcnstliche Aromen<br \/>\nF\u00fcr Veganer geeignet<br \/>\nGlutenfrei<br \/>\nZuckerfrei<br \/>\nKoffeinfrei<\/p>\n<p>ZUTATEN: Glutenfreie l\u00f6sliche Weizenfasern<br \/>\n(Frankreich), nat\u00fcrliche Aromen, Farbstoff<br \/>\n(Kupferkomplexe der Chlorophylline), Safran<br \/>\n(Crocus sativus L.) Narbenextrakt, Riboflavin,<br \/>\nVitamin B6 (Pyridoxinhydrochlorid), Trennmittel<br \/>\n(Siliciumdioxid). Allergiehinweis: Achten Sie auf<br \/>\ndie fettgedruckten Zutaten f\u00fcr Hinweise auf<br \/>\nAllergene.<\/p>\n","protected":false},"excerpt":{"rendered":"<p>F\u00fcge einen Messl\u00f6ffel (6 g) zu einer halben Tasse kaltem oder warmen Wasser (ca. 150 ml) hinzu. Sollte dieser Messl\u00f6ffel nicht vorliegen, kann auch der Messl\u00f6ffel von Collagen Skin Booster verwendet werden. 6g des Produkts entsprechen ca. einem geh\u00e4uften Teel\u00f6ffel, im Zweifelsfall abwiegen. Mische und genie\u00dfe es etwa eine Stunde vor dem Zubettgehen. Einmal t\u00e4glich anwenden.<\/p>\n<p>&nbsp;<\/p>\n<p>Verwende dieses Produkt im Rahmen einer ausgewogenen und abwechslungsreichen Ern\u00e4hrung und als Bestandteil eines gesunden, aktiven Lebensstils.<\/p>\n<p>* Basierend auf den Ergebnissen klinischer Studien zeigen sich Ergebnisse in der Regel nach einer 7-t\u00e4gigen Einnahme von 28 mg Safranextrakt t\u00e4glich.<\/p>\n<p>** Basierend auf den Ergebnissen klinischer Studien zeigen sich Ergebnisse in der Regel nach einer 28-t\u00e4gigen Einnahme von 28 mg Safranextrakt t\u00e4glich.<\/p>\n<p>&nbsp;<\/p>\n<p><strong>Kein Messl\u00f6ffel enthalten, (bestellbar unter Messll\u00f6ffel f\u00fcr Night Mode\/Collagen Skin Booster)<\/strong><\/p>\n<p>&nbsp;<\/p>\n<p><a href=\"https:\/\/www.herbashopping.com\/wp-content\/uploads\/2023\/09\/SKU282K.pdf\">Etikett Night Mode<\/a><\/p>\n","protected":false},"featured_media":20473,"comment_status":"closed","ping_status":"closed","template":"","meta":{"_acf_changed":false},"product_brand":[],"product_cat":[24,25,19],"product_tag":[],"class_list":{"0":"post-16731","1":"product","2":"type-product","3":"status-publish","4":"has-post-thumbnail","6":"product_cat-nahrungserganzung","7":"product_cat-produktubersicht","8":"product_cat-sonstiges","10":"first","11":"instock","12":"sale","13":"taxable","14":"shipping-taxable","15":"purchasable","16":"product-type-simple"},"acf":[],"yoast_head":"<!-- This site is optimized with the Yoast SEO plugin v27.2 - https:\/\/yoast.com\/product\/yoast-seo-wordpress\/ -->\n<title>Herbalife Night Mode Kamille &amp; Pfirsich 180 g - Onlineshop - Selbst\u00e4ndiges HERBALIFE-Mitglied Elija Mairl<\/title>\n<meta name=\"description\" content=\"Dies ist die Webseite eines Selbst\u00e4ndigen HERBALIFE-Mitgliedes. Um auf die offizielle HERBALIFE-Webseite zu gelangen, besuchen Sie bitte HERBALIFE.de.\" \/>\n<meta name=\"robots\" content=\"index, follow, max-snippet:-1, max-image-preview:large, max-video-preview:-1\" \/>\n<link rel=\"canonical\" href=\"https:\/\/www.herbashopping.com\/produkt\/herbalife-night-mode-kamille-pfirsich-180-g\/\" \/>\n<meta property=\"og:locale\" content=\"en_US\" \/>\n<meta property=\"og:type\" content=\"article\" \/>\n<meta property=\"og:title\" content=\"Herbalife Night Mode Kamille &amp; Pfirsich 180 g - Onlineshop - Selbst\u00e4ndiges HERBALIFE-Mitglied Elija Mairl\" \/>\n<meta property=\"og:description\" content=\"Dies ist die Webseite eines Selbst\u00e4ndigen HERBALIFE-Mitgliedes. Um auf die offizielle HERBALIFE-Webseite zu gelangen, besuchen Sie bitte HERBALIFE.de.\" \/>\n<meta property=\"og:url\" content=\"https:\/\/www.herbashopping.com\/produkt\/herbalife-night-mode-kamille-pfirsich-180-g\/\" \/>\n<meta property=\"og:site_name\" content=\"Onlineshop - Selbst\u00e4ndiges HERBALIFE-Mitglied Elija Mairl\" \/>\n<meta property=\"article:modified_time\" content=\"2025-09-10T07:40:00+00:00\" \/>\n<meta property=\"og:image\" content=\"https:\/\/www.herbashopping.com\/wp-content\/uploads\/2025\/02\/Night-Mode-282K.png\" \/>\n\t<meta property=\"og:image:width\" content=\"1000\" \/>\n\t<meta property=\"og:image:height\" content=\"1000\" \/>\n\t<meta property=\"og:image:type\" content=\"image\/png\" \/>\n<meta name=\"twitter:card\" content=\"summary_large_image\" \/>\n<meta name=\"twitter:label1\" content=\"Est. reading time\" \/>\n\t<meta name=\"twitter:data1\" content=\"2 minutes\" \/>\n<script type=\"application\/ld+json\" class=\"yoast-schema-graph\">{\"@context\":\"https:\/\/schema.org\",\"@graph\":[{\"@type\":\"WebPage\",\"@id\":\"https:\/\/www.herbashopping.com\/produkt\/herbalife-night-mode-kamille-pfirsich-180-g\/\",\"url\":\"https:\/\/www.herbashopping.com\/produkt\/herbalife-night-mode-kamille-pfirsich-180-g\/\",\"name\":\"Herbalife Night Mode Kamille &amp; Pfirsich 180 g - Onlineshop - Selbst\u00e4ndiges HERBALIFE-Mitglied Elija Mairl\",\"isPartOf\":{\"@id\":\"https:\/\/www.herbashopping.com\/#website\"},\"primaryImageOfPage\":{\"@id\":\"https:\/\/www.herbashopping.com\/produkt\/herbalife-night-mode-kamille-pfirsich-180-g\/#primaryimage\"},\"image\":{\"@id\":\"https:\/\/www.herbashopping.com\/produkt\/herbalife-night-mode-kamille-pfirsich-180-g\/#primaryimage\"},\"thumbnailUrl\":\"https:\/\/www.herbashopping.com\/wp-content\/uploads\/2025\/02\/Night-Mode-282K.png\",\"datePublished\":\"2023-09-28T08:24:01+00:00\",\"dateModified\":\"2025-09-10T07:40:00+00:00\",\"description\":\"Dies ist die Webseite eines Selbst\u00e4ndigen HERBALIFE-Mitgliedes. Um auf die offizielle HERBALIFE-Webseite zu gelangen, besuchen Sie bitte HERBALIFE.de.\",\"breadcrumb\":{\"@id\":\"https:\/\/www.herbashopping.com\/produkt\/herbalife-night-mode-kamille-pfirsich-180-g\/#breadcrumb\"},\"inLanguage\":\"en-US\",\"potentialAction\":[{\"@type\":\"ReadAction\",\"target\":[\"https:\/\/www.herbashopping.com\/produkt\/herbalife-night-mode-kamille-pfirsich-180-g\/\"]}]},{\"@type\":\"ImageObject\",\"inLanguage\":\"en-US\",\"@id\":\"https:\/\/www.herbashopping.com\/produkt\/herbalife-night-mode-kamille-pfirsich-180-g\/#primaryimage\",\"url\":\"https:\/\/www.herbashopping.com\/wp-content\/uploads\/2025\/02\/Night-Mode-282K.png\",\"contentUrl\":\"https:\/\/www.herbashopping.com\/wp-content\/uploads\/2025\/02\/Night-Mode-282K.png\",\"width\":1000,\"height\":1000},{\"@type\":\"BreadcrumbList\",\"@id\":\"https:\/\/www.herbashopping.com\/produkt\/herbalife-night-mode-kamille-pfirsich-180-g\/#breadcrumb\",\"itemListElement\":[{\"@type\":\"ListItem\",\"position\":1,\"name\":\"Startseite\",\"item\":\"https:\/\/www.herbashopping.com\/en\/\"},{\"@type\":\"ListItem\",\"position\":2,\"name\":\"Product Overview\",\"item\":\"https:\/\/www.herbashopping.com\/en\/shop\/\"},{\"@type\":\"ListItem\",\"position\":3,\"name\":\"Herbalife Night Mode Kamille &amp; Pfirsich 180 g\"}]},{\"@type\":\"WebSite\",\"@id\":\"https:\/\/www.herbashopping.com\/#website\",\"url\":\"https:\/\/www.herbashopping.com\/\",\"name\":\"Onlineshop - Selbst\u00e4ndiges HERBALIFE-Mitglied Elija Mairl\",\"description\":\"\",\"publisher\":{\"@id\":\"https:\/\/www.herbashopping.com\/#organization\"},\"potentialAction\":[{\"@type\":\"SearchAction\",\"target\":{\"@type\":\"EntryPoint\",\"urlTemplate\":\"https:\/\/www.herbashopping.com\/?s={search_term_string}\"},\"query-input\":{\"@type\":\"PropertyValueSpecification\",\"valueRequired\":true,\"valueName\":\"search_term_string\"}}],\"inLanguage\":\"en-US\"},{\"@type\":\"Organization\",\"@id\":\"https:\/\/www.herbashopping.com\/#organization\",\"name\":\"Herba-Onlineshop Elija Mairl\",\"url\":\"https:\/\/www.herbashopping.com\/\",\"logo\":{\"@type\":\"ImageObject\",\"inLanguage\":\"en-US\",\"@id\":\"https:\/\/www.herbashopping.com\/#\/schema\/logo\/image\/\",\"url\":\"https:\/\/www.herbashopping.com\/wp-content\/uploads\/2019\/03\/logo_08.2017_header.png\",\"contentUrl\":\"https:\/\/www.herbashopping.com\/wp-content\/uploads\/2019\/03\/logo_08.2017_header.png\",\"width\":300,\"height\":76,\"caption\":\"Herba-Onlineshop Elija Mairl\"},\"image\":{\"@id\":\"https:\/\/www.herbashopping.com\/#\/schema\/logo\/image\/\"}}]}<\/script>\n<!-- \/ Yoast SEO plugin. -->","yoast_head_json":{"title":"Herbalife Night Mode Kamille &amp; Pfirsich 180 g - Onlineshop - Selbst\u00e4ndiges HERBALIFE-Mitglied Elija Mairl","description":"Dies ist die Webseite eines Selbst\u00e4ndigen HERBALIFE-Mitgliedes. Um auf die offizielle HERBALIFE-Webseite zu gelangen, besuchen Sie bitte HERBALIFE.de.","robots":{"index":"index","follow":"follow","max-snippet":"max-snippet:-1","max-image-preview":"max-image-preview:large","max-video-preview":"max-video-preview:-1"},"canonical":"https:\/\/www.herbashopping.com\/produkt\/herbalife-night-mode-kamille-pfirsich-180-g\/","og_locale":"en_US","og_type":"article","og_title":"Herbalife Night Mode Kamille &amp; Pfirsich 180 g - Onlineshop - Selbst\u00e4ndiges HERBALIFE-Mitglied Elija Mairl","og_description":"Dies ist die Webseite eines Selbst\u00e4ndigen HERBALIFE-Mitgliedes. Um auf die offizielle HERBALIFE-Webseite zu gelangen, besuchen Sie bitte HERBALIFE.de.","og_url":"https:\/\/www.herbashopping.com\/produkt\/herbalife-night-mode-kamille-pfirsich-180-g\/","og_site_name":"Onlineshop - Selbst\u00e4ndiges HERBALIFE-Mitglied Elija Mairl","article_modified_time":"2025-09-10T07:40:00+00:00","og_image":[{"width":1000,"height":1000,"url":"https:\/\/www.herbashopping.com\/wp-content\/uploads\/2025\/02\/Night-Mode-282K.png","type":"image\/png"}],"twitter_card":"summary_large_image","twitter_misc":{"Est. reading time":"2 minutes"},"schema":{"@context":"https:\/\/schema.org","@graph":[{"@type":"WebPage","@id":"https:\/\/www.herbashopping.com\/produkt\/herbalife-night-mode-kamille-pfirsich-180-g\/","url":"https:\/\/www.herbashopping.com\/produkt\/herbalife-night-mode-kamille-pfirsich-180-g\/","name":"Herbalife Night Mode Kamille &amp; Pfirsich 180 g - Onlineshop - Selbst\u00e4ndiges HERBALIFE-Mitglied Elija Mairl","isPartOf":{"@id":"https:\/\/www.herbashopping.com\/#website"},"primaryImageOfPage":{"@id":"https:\/\/www.herbashopping.com\/produkt\/herbalife-night-mode-kamille-pfirsich-180-g\/#primaryimage"},"image":{"@id":"https:\/\/www.herbashopping.com\/produkt\/herbalife-night-mode-kamille-pfirsich-180-g\/#primaryimage"},"thumbnailUrl":"https:\/\/www.herbashopping.com\/wp-content\/uploads\/2025\/02\/Night-Mode-282K.png","datePublished":"2023-09-28T08:24:01+00:00","dateModified":"2025-09-10T07:40:00+00:00","description":"Dies ist die Webseite eines Selbst\u00e4ndigen HERBALIFE-Mitgliedes. Um auf die offizielle HERBALIFE-Webseite zu gelangen, besuchen Sie bitte HERBALIFE.de.","breadcrumb":{"@id":"https:\/\/www.herbashopping.com\/produkt\/herbalife-night-mode-kamille-pfirsich-180-g\/#breadcrumb"},"inLanguage":"en-US","potentialAction":[{"@type":"ReadAction","target":["https:\/\/www.herbashopping.com\/produkt\/herbalife-night-mode-kamille-pfirsich-180-g\/"]}]},{"@type":"ImageObject","inLanguage":"en-US","@id":"https:\/\/www.herbashopping.com\/produkt\/herbalife-night-mode-kamille-pfirsich-180-g\/#primaryimage","url":"https:\/\/www.herbashopping.com\/wp-content\/uploads\/2025\/02\/Night-Mode-282K.png","contentUrl":"https:\/\/www.herbashopping.com\/wp-content\/uploads\/2025\/02\/Night-Mode-282K.png","width":1000,"height":1000},{"@type":"BreadcrumbList","@id":"https:\/\/www.herbashopping.com\/produkt\/herbalife-night-mode-kamille-pfirsich-180-g\/#breadcrumb","itemListElement":[{"@type":"ListItem","position":1,"name":"Startseite","item":"https:\/\/www.herbashopping.com\/en\/"},{"@type":"ListItem","position":2,"name":"Product Overview","item":"https:\/\/www.herbashopping.com\/en\/shop\/"},{"@type":"ListItem","position":3,"name":"Herbalife Night Mode Kamille &amp; Pfirsich 180 g"}]},{"@type":"WebSite","@id":"https:\/\/www.herbashopping.com\/#website","url":"https:\/\/www.herbashopping.com\/","name":"Onlineshop - Selbst\u00e4ndiges HERBALIFE-Mitglied Elija Mairl","description":"","publisher":{"@id":"https:\/\/www.herbashopping.com\/#organization"},"potentialAction":[{"@type":"SearchAction","target":{"@type":"EntryPoint","urlTemplate":"https:\/\/www.herbashopping.com\/?s={search_term_string}"},"query-input":{"@type":"PropertyValueSpecification","valueRequired":true,"valueName":"search_term_string"}}],"inLanguage":"en-US"},{"@type":"Organization","@id":"https:\/\/www.herbashopping.com\/#organization","name":"Herba-Onlineshop Elija Mairl","url":"https:\/\/www.herbashopping.com\/","logo":{"@type":"ImageObject","inLanguage":"en-US","@id":"https:\/\/www.herbashopping.com\/#\/schema\/logo\/image\/","url":"https:\/\/www.herbashopping.com\/wp-content\/uploads\/2019\/03\/logo_08.2017_header.png","contentUrl":"https:\/\/www.herbashopping.com\/wp-content\/uploads\/2019\/03\/logo_08.2017_header.png","width":300,"height":76,"caption":"Herba-Onlineshop Elija Mairl"},"image":{"@id":"https:\/\/www.herbashopping.com\/#\/schema\/logo\/image\/"}}]}},"_links":{"self":[{"href":"https:\/\/www.herbashopping.com\/en\/wp-json\/wp\/v2\/product\/16731","targetHints":{"allow":["GET"]}}],"collection":[{"href":"https:\/\/www.herbashopping.com\/en\/wp-json\/wp\/v2\/product"}],"about":[{"href":"https:\/\/www.herbashopping.com\/en\/wp-json\/wp\/v2\/types\/product"}],"replies":[{"embeddable":true,"href":"https:\/\/www.herbashopping.com\/en\/wp-json\/wp\/v2\/comments?post=16731"}],"wp:featuredmedia":[{"embeddable":true,"href":"https:\/\/www.herbashopping.com\/en\/wp-json\/wp\/v2\/media\/20473"}],"wp:attachment":[{"href":"https:\/\/www.herbashopping.com\/en\/wp-json\/wp\/v2\/media?parent=16731"}],"wp:term":[{"taxonomy":"product_brand","embeddable":true,"href":"https:\/\/www.herbashopping.com\/en\/wp-json\/wp\/v2\/product_brand?post=16731"},{"taxonomy":"product_cat","embeddable":true,"href":"https:\/\/www.herbashopping.com\/en\/wp-json\/wp\/v2\/product_cat?post=16731"},{"taxonomy":"product_tag","embeddable":true,"href":"https:\/\/www.herbashopping.com\/en\/wp-json\/wp\/v2\/product_tag?post=16731"}],"curies":[{"name":"wp","href":"https:\/\/api.w.org\/{rel}","templated":true}]}}