{"id":17913,"date":"2024-06-20T06:02:10","date_gmt":"2024-06-20T04:02:10","guid":{"rendered":"https:\/\/www.herbashopping.com\/?post_type=product&#038;p=17913"},"modified":"2026-03-04T08:26:14","modified_gmt":"2026-03-04T07:26:14","slug":"phyto-complete-60-kapseln-428g","status":"publish","type":"product","link":"https:\/\/www.herbashopping.com\/en\/product\/phyto-complete-60-kapseln-428g\/","title":{"rendered":"Phyto Complete, 60 Kapseln, 42,8g"},"content":{"rendered":"<p>Produkt\u00fcberblick<\/p>\n<p>Unser beliebtes Nahrungserg\u00e4nzungsmittel ist jetzt auch in praktischem wiederverschlie\u00dfbarem Pouch-Format erh\u00e4ltlich.<\/p>\n<p>Phyto Complete enth\u00e4lt Fiit-NS\u2122 \u2013 ein wissenschaftlich fundierter Inhaltsstoff \u2013 sowie die Vitamine B3 und Vitamin C, die zur Verringerung von M\u00fcdigkeit und Erm\u00fcdung beitragen.<\/p>\n<p>Dein t\u00e4gliches Nahrungserg\u00e4nzungsmittel, das auf Naturbasis hergestellt und wissenschaftlich fundiert ist.<\/p>\n<p>Vergesse nicht, dir auch dein Phyto Complete Starter Kit zu besorgen, um das Produkt in einem hochwertigen Beh\u00e4lter aufzubewahren.<\/p>\n<p>Diese wirkungsvolle Mischung aus Phyton\u00e4hrstoffen ist einfach einzunehmen und enth\u00e4lt nat\u00fcrliches Koffein sowie die Vitamine C und B3, die zur Verringerung von M\u00fcdigkeit und Erm\u00fcdung \u00a0beitragen und einen normalen Energiestoffwechsel unterst\u00fctzen, sowie Chrom, das einen normalen Makron\u00e4hrstoffstoffwechsel unterst\u00fctzt.<\/p>\n<p>Phyto Complete kann zu deiner ausgewogenen Fr\u00fchst\u00fccksroutine hinzugef\u00fcgt werden. Es enth\u00e4lt das wissenschaftlich fundierte Fiit-NS\u2122, eine botanische Mischung aus Extrakten wie Guarana, gr\u00fcnem Tee, Grapefruit, Traube und schwarzer Karotte.<\/p>\n<h5 data-bind=\"visible: KeyBenefits\">Vorteile<\/h5>\n<div class=\"disc\" data-bind=\"visible: KeyBenefits, html: KeyBenefits\">\n<ul>\n<li>Ist in einem praktischen Nachf\u00fcllbeutel erh\u00e4ltlich<\/li>\n<li>Enth\u00e4lt Fiit-NS\u2122<\/li>\n<li>Ist reich an Phyton\u00e4hrstoffen<\/li>\n<li>Ist f\u00fcr Veganer geeignet<\/li>\n<li>Enth\u00e4lt Vitamin C und B3 (Niacin), um M\u00fcdigkeit zu reduzieren und einen normalen Energiestoffwechsel zu unterst\u00fctzen<\/li>\n<li>Enth\u00e4lt einen Extrakt aus Guaranasamen<\/li>\n<li>Liefert Chrom, das einen normalen Makron\u00e4hrstoffstoffwechsel und die Aufrechterhaltung eines normalen Blutzuckerspiegels unterst\u00fctzt<\/li>\n<li>Enth\u00e4lt 60 Kapseln \u2013 eine Monatsration, damit du am Ball bleibst<\/li>\n<\/ul>\n<\/div>\n","protected":false},"excerpt":{"rendered":"<p><a href=\"https:\/\/www.herbashopping.com\/wp-content\/uploads\/2026\/03\/Phyto-Complete-Schweiz-567KSZ-NEU.pdf\">Etikett Phyto Complete<\/a><\/p>\n<p>Nehme t\u00e4glich 2 Kapseln zu den Mahlzeiten ein.*<\/p>\n<p>Genie\u00dfe dieses Produkt im Rahmen einer ausgewogenen und abwechslungsreichen Ern\u00e4hrung als Teil eines gesunden, aktiven Lebensstils.<br \/>\nK\u00fchl und trocken lagern. Nach dem \u00d6ffnen die Kapseln aus dem Beutel in den Phyto Complete-Beh\u00e4lter umf\u00fcllen.<\/p>\n<p>Fiit-NS\u2122 ist Eigentum von Fytexia.<\/p>\n<p>&nbsp;<\/p>\n","protected":false},"featured_media":21809,"comment_status":"closed","ping_status":"closed","template":"","meta":{"_acf_changed":false},"product_brand":[],"product_cat":[16,24,25,19,15],"product_tag":[226,342],"class_list":{"0":"post-17913","1":"product","2":"type-product","3":"status-publish","4":"has-post-thumbnail","6":"product_cat-gewichtskontrolle","7":"product_cat-nahrungserganzung","8":"product_cat-produktubersicht","9":"product_cat-sonstiges","10":"product_cat-unkategorisiert","11":"product_tag-complete","12":"product_tag-phyto","14":"first","15":"instock","16":"sale","17":"taxable","18":"shipping-taxable","19":"purchasable","20":"product-type-simple"},"acf":[],"yoast_head":"<!-- This site is optimized with the Yoast SEO plugin v27.2 - https:\/\/yoast.com\/product\/yoast-seo-wordpress\/ -->\n<title>Phyto Complete, 60 Kapseln, 42,8g - Onlineshop - Selbst\u00e4ndiges HERBALIFE-Mitglied Elija Mairl<\/title>\n<meta name=\"description\" content=\"Dies ist die Webseite eines Selbst\u00e4ndigen HERBALIFE-Mitgliedes. Um auf die offizielle HERBALIFE-Webseite zu gelangen, besuchen Sie bitte HERBALIFE.de.\" \/>\n<meta name=\"robots\" content=\"index, follow, max-snippet:-1, max-image-preview:large, max-video-preview:-1\" \/>\n<link rel=\"canonical\" href=\"https:\/\/www.herbashopping.com\/produkt\/phyto-complete-60-kapseln-428g\/\" \/>\n<meta property=\"og:locale\" content=\"en_US\" \/>\n<meta property=\"og:type\" content=\"article\" \/>\n<meta property=\"og:title\" content=\"Phyto Complete, 60 Kapseln, 42,8g - Onlineshop - Selbst\u00e4ndiges HERBALIFE-Mitglied Elija Mairl\" \/>\n<meta property=\"og:description\" content=\"Dies ist die Webseite eines Selbst\u00e4ndigen HERBALIFE-Mitgliedes. Um auf die offizielle HERBALIFE-Webseite zu gelangen, besuchen Sie bitte HERBALIFE.de.\" \/>\n<meta property=\"og:url\" content=\"https:\/\/www.herbashopping.com\/produkt\/phyto-complete-60-kapseln-428g\/\" \/>\n<meta property=\"og:site_name\" content=\"Onlineshop - Selbst\u00e4ndiges HERBALIFE-Mitglied Elija Mairl\" \/>\n<meta property=\"article:modified_time\" content=\"2026-03-04T07:26:14+00:00\" \/>\n<meta property=\"og:image\" content=\"https:\/\/www.herbashopping.com\/wp-content\/uploads\/2026\/03\/567K-SZ-Phyto-Complete.png\" \/>\n\t<meta property=\"og:image:width\" content=\"1000\" \/>\n\t<meta property=\"og:image:height\" content=\"1000\" \/>\n\t<meta property=\"og:image:type\" content=\"image\/png\" \/>\n<meta name=\"twitter:card\" content=\"summary_large_image\" \/>\n<meta name=\"twitter:label1\" content=\"Est. reading time\" \/>\n\t<meta name=\"twitter:data1\" content=\"2 minutes\" \/>\n<script type=\"application\/ld+json\" class=\"yoast-schema-graph\">{\"@context\":\"https:\/\/schema.org\",\"@graph\":[{\"@type\":\"WebPage\",\"@id\":\"https:\/\/www.herbashopping.com\/produkt\/phyto-complete-60-kapseln-428g\/\",\"url\":\"https:\/\/www.herbashopping.com\/produkt\/phyto-complete-60-kapseln-428g\/\",\"name\":\"Phyto Complete, 60 Kapseln, 42,8g - Onlineshop - Selbst\u00e4ndiges HERBALIFE-Mitglied Elija Mairl\",\"isPartOf\":{\"@id\":\"https:\/\/www.herbashopping.com\/#website\"},\"primaryImageOfPage\":{\"@id\":\"https:\/\/www.herbashopping.com\/produkt\/phyto-complete-60-kapseln-428g\/#primaryimage\"},\"image\":{\"@id\":\"https:\/\/www.herbashopping.com\/produkt\/phyto-complete-60-kapseln-428g\/#primaryimage\"},\"thumbnailUrl\":\"https:\/\/www.herbashopping.com\/wp-content\/uploads\/2026\/03\/567K-SZ-Phyto-Complete.png\",\"datePublished\":\"2024-06-20T04:02:10+00:00\",\"dateModified\":\"2026-03-04T07:26:14+00:00\",\"description\":\"Dies ist die Webseite eines Selbst\u00e4ndigen HERBALIFE-Mitgliedes. Um auf die offizielle HERBALIFE-Webseite zu gelangen, besuchen Sie bitte HERBALIFE.de.\",\"breadcrumb\":{\"@id\":\"https:\/\/www.herbashopping.com\/produkt\/phyto-complete-60-kapseln-428g\/#breadcrumb\"},\"inLanguage\":\"en-US\",\"potentialAction\":[{\"@type\":\"ReadAction\",\"target\":[\"https:\/\/www.herbashopping.com\/produkt\/phyto-complete-60-kapseln-428g\/\"]}]},{\"@type\":\"ImageObject\",\"inLanguage\":\"en-US\",\"@id\":\"https:\/\/www.herbashopping.com\/produkt\/phyto-complete-60-kapseln-428g\/#primaryimage\",\"url\":\"https:\/\/www.herbashopping.com\/wp-content\/uploads\/2026\/03\/567K-SZ-Phyto-Complete.png\",\"contentUrl\":\"https:\/\/www.herbashopping.com\/wp-content\/uploads\/2026\/03\/567K-SZ-Phyto-Complete.png\",\"width\":1000,\"height\":1000},{\"@type\":\"BreadcrumbList\",\"@id\":\"https:\/\/www.herbashopping.com\/produkt\/phyto-complete-60-kapseln-428g\/#breadcrumb\",\"itemListElement\":[{\"@type\":\"ListItem\",\"position\":1,\"name\":\"Startseite\",\"item\":\"https:\/\/www.herbashopping.com\/en\/\"},{\"@type\":\"ListItem\",\"position\":2,\"name\":\"Product Overview\",\"item\":\"https:\/\/www.herbashopping.com\/en\/shop\/\"},{\"@type\":\"ListItem\",\"position\":3,\"name\":\"Phyto Complete, 60 Kapseln, 42,8g\"}]},{\"@type\":\"WebSite\",\"@id\":\"https:\/\/www.herbashopping.com\/#website\",\"url\":\"https:\/\/www.herbashopping.com\/\",\"name\":\"Onlineshop - Selbst\u00e4ndiges HERBALIFE-Mitglied Elija Mairl\",\"description\":\"\",\"publisher\":{\"@id\":\"https:\/\/www.herbashopping.com\/#organization\"},\"potentialAction\":[{\"@type\":\"SearchAction\",\"target\":{\"@type\":\"EntryPoint\",\"urlTemplate\":\"https:\/\/www.herbashopping.com\/?s={search_term_string}\"},\"query-input\":{\"@type\":\"PropertyValueSpecification\",\"valueRequired\":true,\"valueName\":\"search_term_string\"}}],\"inLanguage\":\"en-US\"},{\"@type\":\"Organization\",\"@id\":\"https:\/\/www.herbashopping.com\/#organization\",\"name\":\"Herba-Onlineshop Elija Mairl\",\"url\":\"https:\/\/www.herbashopping.com\/\",\"logo\":{\"@type\":\"ImageObject\",\"inLanguage\":\"en-US\",\"@id\":\"https:\/\/www.herbashopping.com\/#\/schema\/logo\/image\/\",\"url\":\"https:\/\/www.herbashopping.com\/wp-content\/uploads\/2019\/03\/logo_08.2017_header.png\",\"contentUrl\":\"https:\/\/www.herbashopping.com\/wp-content\/uploads\/2019\/03\/logo_08.2017_header.png\",\"width\":300,\"height\":76,\"caption\":\"Herba-Onlineshop Elija Mairl\"},\"image\":{\"@id\":\"https:\/\/www.herbashopping.com\/#\/schema\/logo\/image\/\"}}]}<\/script>\n<!-- \/ Yoast SEO plugin. -->","yoast_head_json":{"title":"Phyto Complete, 60 Kapseln, 42,8g - Onlineshop - Selbst\u00e4ndiges HERBALIFE-Mitglied Elija Mairl","description":"Dies ist die Webseite eines Selbst\u00e4ndigen HERBALIFE-Mitgliedes. Um auf die offizielle HERBALIFE-Webseite zu gelangen, besuchen Sie bitte HERBALIFE.de.","robots":{"index":"index","follow":"follow","max-snippet":"max-snippet:-1","max-image-preview":"max-image-preview:large","max-video-preview":"max-video-preview:-1"},"canonical":"https:\/\/www.herbashopping.com\/produkt\/phyto-complete-60-kapseln-428g\/","og_locale":"en_US","og_type":"article","og_title":"Phyto Complete, 60 Kapseln, 42,8g - Onlineshop - Selbst\u00e4ndiges HERBALIFE-Mitglied Elija Mairl","og_description":"Dies ist die Webseite eines Selbst\u00e4ndigen HERBALIFE-Mitgliedes. Um auf die offizielle HERBALIFE-Webseite zu gelangen, besuchen Sie bitte HERBALIFE.de.","og_url":"https:\/\/www.herbashopping.com\/produkt\/phyto-complete-60-kapseln-428g\/","og_site_name":"Onlineshop - Selbst\u00e4ndiges HERBALIFE-Mitglied Elija Mairl","article_modified_time":"2026-03-04T07:26:14+00:00","og_image":[{"width":1000,"height":1000,"url":"https:\/\/www.herbashopping.com\/wp-content\/uploads\/2026\/03\/567K-SZ-Phyto-Complete.png","type":"image\/png"}],"twitter_card":"summary_large_image","twitter_misc":{"Est. reading time":"2 minutes"},"schema":{"@context":"https:\/\/schema.org","@graph":[{"@type":"WebPage","@id":"https:\/\/www.herbashopping.com\/produkt\/phyto-complete-60-kapseln-428g\/","url":"https:\/\/www.herbashopping.com\/produkt\/phyto-complete-60-kapseln-428g\/","name":"Phyto Complete, 60 Kapseln, 42,8g - Onlineshop - Selbst\u00e4ndiges HERBALIFE-Mitglied Elija Mairl","isPartOf":{"@id":"https:\/\/www.herbashopping.com\/#website"},"primaryImageOfPage":{"@id":"https:\/\/www.herbashopping.com\/produkt\/phyto-complete-60-kapseln-428g\/#primaryimage"},"image":{"@id":"https:\/\/www.herbashopping.com\/produkt\/phyto-complete-60-kapseln-428g\/#primaryimage"},"thumbnailUrl":"https:\/\/www.herbashopping.com\/wp-content\/uploads\/2026\/03\/567K-SZ-Phyto-Complete.png","datePublished":"2024-06-20T04:02:10+00:00","dateModified":"2026-03-04T07:26:14+00:00","description":"Dies ist die Webseite eines Selbst\u00e4ndigen HERBALIFE-Mitgliedes. Um auf die offizielle HERBALIFE-Webseite zu gelangen, besuchen Sie bitte HERBALIFE.de.","breadcrumb":{"@id":"https:\/\/www.herbashopping.com\/produkt\/phyto-complete-60-kapseln-428g\/#breadcrumb"},"inLanguage":"en-US","potentialAction":[{"@type":"ReadAction","target":["https:\/\/www.herbashopping.com\/produkt\/phyto-complete-60-kapseln-428g\/"]}]},{"@type":"ImageObject","inLanguage":"en-US","@id":"https:\/\/www.herbashopping.com\/produkt\/phyto-complete-60-kapseln-428g\/#primaryimage","url":"https:\/\/www.herbashopping.com\/wp-content\/uploads\/2026\/03\/567K-SZ-Phyto-Complete.png","contentUrl":"https:\/\/www.herbashopping.com\/wp-content\/uploads\/2026\/03\/567K-SZ-Phyto-Complete.png","width":1000,"height":1000},{"@type":"BreadcrumbList","@id":"https:\/\/www.herbashopping.com\/produkt\/phyto-complete-60-kapseln-428g\/#breadcrumb","itemListElement":[{"@type":"ListItem","position":1,"name":"Startseite","item":"https:\/\/www.herbashopping.com\/en\/"},{"@type":"ListItem","position":2,"name":"Product Overview","item":"https:\/\/www.herbashopping.com\/en\/shop\/"},{"@type":"ListItem","position":3,"name":"Phyto Complete, 60 Kapseln, 42,8g"}]},{"@type":"WebSite","@id":"https:\/\/www.herbashopping.com\/#website","url":"https:\/\/www.herbashopping.com\/","name":"Onlineshop - Selbst\u00e4ndiges HERBALIFE-Mitglied Elija Mairl","description":"","publisher":{"@id":"https:\/\/www.herbashopping.com\/#organization"},"potentialAction":[{"@type":"SearchAction","target":{"@type":"EntryPoint","urlTemplate":"https:\/\/www.herbashopping.com\/?s={search_term_string}"},"query-input":{"@type":"PropertyValueSpecification","valueRequired":true,"valueName":"search_term_string"}}],"inLanguage":"en-US"},{"@type":"Organization","@id":"https:\/\/www.herbashopping.com\/#organization","name":"Herba-Onlineshop Elija Mairl","url":"https:\/\/www.herbashopping.com\/","logo":{"@type":"ImageObject","inLanguage":"en-US","@id":"https:\/\/www.herbashopping.com\/#\/schema\/logo\/image\/","url":"https:\/\/www.herbashopping.com\/wp-content\/uploads\/2019\/03\/logo_08.2017_header.png","contentUrl":"https:\/\/www.herbashopping.com\/wp-content\/uploads\/2019\/03\/logo_08.2017_header.png","width":300,"height":76,"caption":"Herba-Onlineshop Elija Mairl"},"image":{"@id":"https:\/\/www.herbashopping.com\/#\/schema\/logo\/image\/"}}]}},"_links":{"self":[{"href":"https:\/\/www.herbashopping.com\/en\/wp-json\/wp\/v2\/product\/17913","targetHints":{"allow":["GET"]}}],"collection":[{"href":"https:\/\/www.herbashopping.com\/en\/wp-json\/wp\/v2\/product"}],"about":[{"href":"https:\/\/www.herbashopping.com\/en\/wp-json\/wp\/v2\/types\/product"}],"replies":[{"embeddable":true,"href":"https:\/\/www.herbashopping.com\/en\/wp-json\/wp\/v2\/comments?post=17913"}],"wp:featuredmedia":[{"embeddable":true,"href":"https:\/\/www.herbashopping.com\/en\/wp-json\/wp\/v2\/media\/21809"}],"wp:attachment":[{"href":"https:\/\/www.herbashopping.com\/en\/wp-json\/wp\/v2\/media?parent=17913"}],"wp:term":[{"taxonomy":"product_brand","embeddable":true,"href":"https:\/\/www.herbashopping.com\/en\/wp-json\/wp\/v2\/product_brand?post=17913"},{"taxonomy":"product_cat","embeddable":true,"href":"https:\/\/www.herbashopping.com\/en\/wp-json\/wp\/v2\/product_cat?post=17913"},{"taxonomy":"product_tag","embeddable":true,"href":"https:\/\/www.herbashopping.com\/en\/wp-json\/wp\/v2\/product_tag?post=17913"}],"curies":[{"name":"wp","href":"https:\/\/api.w.org\/{rel}","templated":true}]}}