{"id":18464,"date":"2024-09-30T12:41:55","date_gmt":"2024-09-30T10:41:55","guid":{"rendered":"https:\/\/www.herbashopping.com\/?post_type=product&#038;p=18464"},"modified":"2025-03-11T10:46:50","modified_gmt":"2025-03-11T09:46:50","slug":"herbalife-gels-coq10vita-kirsche-30-kaubare-gelee-drops","status":"publish","type":"product","link":"https:\/\/www.herbashopping.com\/en\/product\/herbalife-gels-coq10vita-kirsche-30-kaubare-gelee-drops\/","title":{"rendered":"Herbalife Gels CoQ10Vita Kirsche 30 kaubare Gelee-Drops"},"content":{"rendered":"<p><a href=\"https:\/\/www.herbashopping.com\/wp-content\/uploads\/2024\/09\/CoQ10Vita-Erwachsene-SKU-378K-ZUTATAEN.pdf\">Zutaten Herbalife Gels CoQ10Vita SKU 378K<\/a><\/p>\n<p>Unterst\u00fctze deine Herzgesundheit mit Herbalife Gels CoQ10Vita.<\/p>\n<p>Herbalife Gel CoQ10Vita ist ein leckeres kaubares Nahrungserg\u00e4nzungsmittel, angereichert mit CoQ10 sowie wichtigen Vitaminen. Dieses zuckerfreie Nahrungserg\u00e4nzungsmittel kombiniert die Vorteile von CoQ10, Vitamin E und Vitamin K, um die Zellen vor oxidativem Stress zu sch\u00fctzen*, die normale Blutgerinnung** und die Erhaltung normaler Knochen** zu unterst\u00fctzen. CoQ10 spielt eine wichtige Rolle bei der Energieproduktion im Herzen und im gesamten K\u00f6rper. Geniesse den k\u00f6stlichen Kirschgeschmack mit nat\u00fcrlichen Farb- und Aromastoffen.<\/p>\n<p>* Vitamin E sch\u00fctzt die Zellen vor oxidativem Stress<\/p>\n<p>** Vitamin K tr\u00e4gt zu normaler Blutgerinnung bei und zur Erhaltung normaler Knochen<\/p>\n<h5 data-bind=\"visible: KeyBenefits\">Die wichtigsten Vorteile<\/h5>\n<div class=\"disc\" data-bind=\"visible: KeyBenefits, html: KeyBenefits\">\n<ul>\n<li>Enth\u00e4lt CoQ10, das f\u00fcr die Energieproduktion, vor allem im Herzen, lebenswichtig ist<\/li>\n<li>Reich an Vitamin E, das zum Schutz der Zellen vor oxidativem Stress beitr\u00e4gt<\/li>\n<li>Reich an Vitamin K, das zur normalen Blutgerinnung und zur Erhaltung normaler Knochen beitr\u00e4gt<\/li>\n<li>K\u00f6stlicher Kirschgeschmack<\/li>\n<li>Zuckerfrei<\/li>\n<li>Glutenfrei<\/li>\n<li>Enth\u00e4lt nat\u00fcrliche Farb- und Aromastoffe<\/li>\n<li>Packung enth\u00e4lt 30 kaubare Gelee-Drops<\/li>\n<\/ul>\n<\/div>\n<h5 data-bind=\"visible: Usage\">Nutzung<\/h5>\n<div class=\"disc\" data-bind=\"visible: Usage, html: Usage\">\n<p>Wir empfehlen einen kaubaren Gelee-Drops t\u00e4glich.<\/p>\n<p>Verwende dieses Produkt im Rahmen einer ausgewogenen und abwechslungsreichen Ern\u00e4hrung als Bestandteil eines gesunden, aktiven Lebensstils.<\/p>\n<p>ZUTATEN: Sonnenblumen\u00f6l, S\u00fc\u00dfungsmittel (Xylit), Wasser, S\u00fc\u00dfungsmittel (Sorbit),<br \/>\nCoenzym Q10 (Ubichinon), Gelatine, S\u00e4ureregulator (Trinatriumcitrat), Vitamin E<br \/>\n(D-alpha-Tocopherol), nat\u00fcrliches Aroma, S\u00e4ureregulator (\u00c4pfels\u00e4ure), Vitamin K2<br \/>\n(Menachinon), Farbstoff (Paprikaextrakt), S\u00fc\u00dfungsmittel (Steviolglycoside aus Stevia)<\/p>\n<\/div>\n","protected":false},"excerpt":{"rendered":"<p>Herbalife CoQ10Vita<\/p>\n<p>Enth\u00e4lt CoQ10, das f\u00fcr die Energieproduktion, v.a. im Herzen, unerl\u00e4sslich ist.<\/p>\n","protected":false},"featured_media":20617,"comment_status":"closed","ping_status":"closed","template":"","meta":{"_acf_changed":false},"product_brand":[],"product_cat":[24,25,19,15],"product_tag":[349,345,348],"class_list":{"0":"post-18464","1":"product","2":"type-product","3":"status-publish","4":"has-post-thumbnail","6":"product_cat-nahrungserganzung","7":"product_cat-produktubersicht","8":"product_cat-sonstiges","9":"product_cat-unkategorisiert","10":"product_tag-coq10","11":"product_tag-gelee-drops","12":"product_tag-herbaliefe-gels","14":"first","15":"instock","16":"sale","17":"taxable","18":"shipping-taxable","19":"purchasable","20":"product-type-simple"},"acf":[],"yoast_head":"<!-- This site is optimized with the Yoast SEO plugin v27.2 - https:\/\/yoast.com\/product\/yoast-seo-wordpress\/ -->\n<title>Herbalife Gels CoQ10Vita Kirsche 30 kaubare Gelee-Drops - Onlineshop - Selbst\u00e4ndiges HERBALIFE-Mitglied Elija Mairl<\/title>\n<meta name=\"description\" content=\"Dies ist die Webseite eines Selbst\u00e4ndigen HERBALIFE-Mitgliedes. Um auf die offizielle HERBALIFE-Webseite zu gelangen, besuchen Sie bitte HERBALIFE.de.\" \/>\n<meta name=\"robots\" content=\"index, follow, max-snippet:-1, max-image-preview:large, max-video-preview:-1\" \/>\n<link rel=\"canonical\" href=\"https:\/\/www.herbashopping.com\/produkt\/herbalife-gels-coq10vita-kirsche-30-kaubare-gelee-drops\/\" \/>\n<meta property=\"og:locale\" content=\"en_US\" \/>\n<meta property=\"og:type\" content=\"article\" \/>\n<meta property=\"og:title\" content=\"Herbalife Gels CoQ10Vita Kirsche 30 kaubare Gelee-Drops - Onlineshop - Selbst\u00e4ndiges HERBALIFE-Mitglied Elija Mairl\" \/>\n<meta property=\"og:description\" content=\"Dies ist die Webseite eines Selbst\u00e4ndigen HERBALIFE-Mitgliedes. Um auf die offizielle HERBALIFE-Webseite zu gelangen, besuchen Sie bitte HERBALIFE.de.\" \/>\n<meta property=\"og:url\" content=\"https:\/\/www.herbashopping.com\/produkt\/herbalife-gels-coq10vita-kirsche-30-kaubare-gelee-drops\/\" \/>\n<meta property=\"og:site_name\" content=\"Onlineshop - Selbst\u00e4ndiges HERBALIFE-Mitglied Elija Mairl\" \/>\n<meta property=\"article:modified_time\" content=\"2025-03-11T09:46:50+00:00\" \/>\n<meta property=\"og:image\" content=\"https:\/\/www.herbashopping.com\/wp-content\/uploads\/2025\/03\/Gels-CoQ10-Vita-378K.png\" \/>\n\t<meta property=\"og:image:width\" content=\"1000\" \/>\n\t<meta property=\"og:image:height\" content=\"1000\" \/>\n\t<meta property=\"og:image:type\" content=\"image\/png\" \/>\n<meta name=\"twitter:card\" content=\"summary_large_image\" \/>\n<meta name=\"twitter:label1\" content=\"Est. reading time\" \/>\n\t<meta name=\"twitter:data1\" content=\"2 minutes\" \/>\n<script type=\"application\/ld+json\" class=\"yoast-schema-graph\">{\"@context\":\"https:\/\/schema.org\",\"@graph\":[{\"@type\":\"WebPage\",\"@id\":\"https:\/\/www.herbashopping.com\/produkt\/herbalife-gels-coq10vita-kirsche-30-kaubare-gelee-drops\/\",\"url\":\"https:\/\/www.herbashopping.com\/produkt\/herbalife-gels-coq10vita-kirsche-30-kaubare-gelee-drops\/\",\"name\":\"Herbalife Gels CoQ10Vita Kirsche 30 kaubare Gelee-Drops - Onlineshop - Selbst\u00e4ndiges HERBALIFE-Mitglied Elija Mairl\",\"isPartOf\":{\"@id\":\"https:\/\/www.herbashopping.com\/#website\"},\"primaryImageOfPage\":{\"@id\":\"https:\/\/www.herbashopping.com\/produkt\/herbalife-gels-coq10vita-kirsche-30-kaubare-gelee-drops\/#primaryimage\"},\"image\":{\"@id\":\"https:\/\/www.herbashopping.com\/produkt\/herbalife-gels-coq10vita-kirsche-30-kaubare-gelee-drops\/#primaryimage\"},\"thumbnailUrl\":\"https:\/\/www.herbashopping.com\/wp-content\/uploads\/2025\/03\/Gels-CoQ10-Vita-378K.png\",\"datePublished\":\"2024-09-30T10:41:55+00:00\",\"dateModified\":\"2025-03-11T09:46:50+00:00\",\"description\":\"Dies ist die Webseite eines Selbst\u00e4ndigen HERBALIFE-Mitgliedes. Um auf die offizielle HERBALIFE-Webseite zu gelangen, besuchen Sie bitte HERBALIFE.de.\",\"breadcrumb\":{\"@id\":\"https:\/\/www.herbashopping.com\/produkt\/herbalife-gels-coq10vita-kirsche-30-kaubare-gelee-drops\/#breadcrumb\"},\"inLanguage\":\"en-US\",\"potentialAction\":[{\"@type\":\"ReadAction\",\"target\":[\"https:\/\/www.herbashopping.com\/produkt\/herbalife-gels-coq10vita-kirsche-30-kaubare-gelee-drops\/\"]}]},{\"@type\":\"ImageObject\",\"inLanguage\":\"en-US\",\"@id\":\"https:\/\/www.herbashopping.com\/produkt\/herbalife-gels-coq10vita-kirsche-30-kaubare-gelee-drops\/#primaryimage\",\"url\":\"https:\/\/www.herbashopping.com\/wp-content\/uploads\/2025\/03\/Gels-CoQ10-Vita-378K.png\",\"contentUrl\":\"https:\/\/www.herbashopping.com\/wp-content\/uploads\/2025\/03\/Gels-CoQ10-Vita-378K.png\",\"width\":1000,\"height\":1000},{\"@type\":\"BreadcrumbList\",\"@id\":\"https:\/\/www.herbashopping.com\/produkt\/herbalife-gels-coq10vita-kirsche-30-kaubare-gelee-drops\/#breadcrumb\",\"itemListElement\":[{\"@type\":\"ListItem\",\"position\":1,\"name\":\"Startseite\",\"item\":\"https:\/\/www.herbashopping.com\/en\/\"},{\"@type\":\"ListItem\",\"position\":2,\"name\":\"Product Overview\",\"item\":\"https:\/\/www.herbashopping.com\/en\/shop\/\"},{\"@type\":\"ListItem\",\"position\":3,\"name\":\"Herbalife Gels CoQ10Vita Kirsche 30 kaubare Gelee-Drops\"}]},{\"@type\":\"WebSite\",\"@id\":\"https:\/\/www.herbashopping.com\/#website\",\"url\":\"https:\/\/www.herbashopping.com\/\",\"name\":\"Onlineshop - Selbst\u00e4ndiges HERBALIFE-Mitglied Elija Mairl\",\"description\":\"\",\"publisher\":{\"@id\":\"https:\/\/www.herbashopping.com\/#organization\"},\"potentialAction\":[{\"@type\":\"SearchAction\",\"target\":{\"@type\":\"EntryPoint\",\"urlTemplate\":\"https:\/\/www.herbashopping.com\/?s={search_term_string}\"},\"query-input\":{\"@type\":\"PropertyValueSpecification\",\"valueRequired\":true,\"valueName\":\"search_term_string\"}}],\"inLanguage\":\"en-US\"},{\"@type\":\"Organization\",\"@id\":\"https:\/\/www.herbashopping.com\/#organization\",\"name\":\"Herba-Onlineshop Elija Mairl\",\"url\":\"https:\/\/www.herbashopping.com\/\",\"logo\":{\"@type\":\"ImageObject\",\"inLanguage\":\"en-US\",\"@id\":\"https:\/\/www.herbashopping.com\/#\/schema\/logo\/image\/\",\"url\":\"https:\/\/www.herbashopping.com\/wp-content\/uploads\/2019\/03\/logo_08.2017_header.png\",\"contentUrl\":\"https:\/\/www.herbashopping.com\/wp-content\/uploads\/2019\/03\/logo_08.2017_header.png\",\"width\":300,\"height\":76,\"caption\":\"Herba-Onlineshop Elija Mairl\"},\"image\":{\"@id\":\"https:\/\/www.herbashopping.com\/#\/schema\/logo\/image\/\"}}]}<\/script>\n<!-- \/ Yoast SEO plugin. -->","yoast_head_json":{"title":"Herbalife Gels CoQ10Vita Kirsche 30 kaubare Gelee-Drops - Onlineshop - Selbst\u00e4ndiges HERBALIFE-Mitglied Elija Mairl","description":"Dies ist die Webseite eines Selbst\u00e4ndigen HERBALIFE-Mitgliedes. Um auf die offizielle HERBALIFE-Webseite zu gelangen, besuchen Sie bitte HERBALIFE.de.","robots":{"index":"index","follow":"follow","max-snippet":"max-snippet:-1","max-image-preview":"max-image-preview:large","max-video-preview":"max-video-preview:-1"},"canonical":"https:\/\/www.herbashopping.com\/produkt\/herbalife-gels-coq10vita-kirsche-30-kaubare-gelee-drops\/","og_locale":"en_US","og_type":"article","og_title":"Herbalife Gels CoQ10Vita Kirsche 30 kaubare Gelee-Drops - Onlineshop - Selbst\u00e4ndiges HERBALIFE-Mitglied Elija Mairl","og_description":"Dies ist die Webseite eines Selbst\u00e4ndigen HERBALIFE-Mitgliedes. Um auf die offizielle HERBALIFE-Webseite zu gelangen, besuchen Sie bitte HERBALIFE.de.","og_url":"https:\/\/www.herbashopping.com\/produkt\/herbalife-gels-coq10vita-kirsche-30-kaubare-gelee-drops\/","og_site_name":"Onlineshop - Selbst\u00e4ndiges HERBALIFE-Mitglied Elija Mairl","article_modified_time":"2025-03-11T09:46:50+00:00","og_image":[{"width":1000,"height":1000,"url":"https:\/\/www.herbashopping.com\/wp-content\/uploads\/2025\/03\/Gels-CoQ10-Vita-378K.png","type":"image\/png"}],"twitter_card":"summary_large_image","twitter_misc":{"Est. reading time":"2 minutes"},"schema":{"@context":"https:\/\/schema.org","@graph":[{"@type":"WebPage","@id":"https:\/\/www.herbashopping.com\/produkt\/herbalife-gels-coq10vita-kirsche-30-kaubare-gelee-drops\/","url":"https:\/\/www.herbashopping.com\/produkt\/herbalife-gels-coq10vita-kirsche-30-kaubare-gelee-drops\/","name":"Herbalife Gels CoQ10Vita Kirsche 30 kaubare Gelee-Drops - Onlineshop - Selbst\u00e4ndiges HERBALIFE-Mitglied Elija Mairl","isPartOf":{"@id":"https:\/\/www.herbashopping.com\/#website"},"primaryImageOfPage":{"@id":"https:\/\/www.herbashopping.com\/produkt\/herbalife-gels-coq10vita-kirsche-30-kaubare-gelee-drops\/#primaryimage"},"image":{"@id":"https:\/\/www.herbashopping.com\/produkt\/herbalife-gels-coq10vita-kirsche-30-kaubare-gelee-drops\/#primaryimage"},"thumbnailUrl":"https:\/\/www.herbashopping.com\/wp-content\/uploads\/2025\/03\/Gels-CoQ10-Vita-378K.png","datePublished":"2024-09-30T10:41:55+00:00","dateModified":"2025-03-11T09:46:50+00:00","description":"Dies ist die Webseite eines Selbst\u00e4ndigen HERBALIFE-Mitgliedes. Um auf die offizielle HERBALIFE-Webseite zu gelangen, besuchen Sie bitte HERBALIFE.de.","breadcrumb":{"@id":"https:\/\/www.herbashopping.com\/produkt\/herbalife-gels-coq10vita-kirsche-30-kaubare-gelee-drops\/#breadcrumb"},"inLanguage":"en-US","potentialAction":[{"@type":"ReadAction","target":["https:\/\/www.herbashopping.com\/produkt\/herbalife-gels-coq10vita-kirsche-30-kaubare-gelee-drops\/"]}]},{"@type":"ImageObject","inLanguage":"en-US","@id":"https:\/\/www.herbashopping.com\/produkt\/herbalife-gels-coq10vita-kirsche-30-kaubare-gelee-drops\/#primaryimage","url":"https:\/\/www.herbashopping.com\/wp-content\/uploads\/2025\/03\/Gels-CoQ10-Vita-378K.png","contentUrl":"https:\/\/www.herbashopping.com\/wp-content\/uploads\/2025\/03\/Gels-CoQ10-Vita-378K.png","width":1000,"height":1000},{"@type":"BreadcrumbList","@id":"https:\/\/www.herbashopping.com\/produkt\/herbalife-gels-coq10vita-kirsche-30-kaubare-gelee-drops\/#breadcrumb","itemListElement":[{"@type":"ListItem","position":1,"name":"Startseite","item":"https:\/\/www.herbashopping.com\/en\/"},{"@type":"ListItem","position":2,"name":"Product Overview","item":"https:\/\/www.herbashopping.com\/en\/shop\/"},{"@type":"ListItem","position":3,"name":"Herbalife Gels CoQ10Vita Kirsche 30 kaubare Gelee-Drops"}]},{"@type":"WebSite","@id":"https:\/\/www.herbashopping.com\/#website","url":"https:\/\/www.herbashopping.com\/","name":"Onlineshop - Selbst\u00e4ndiges HERBALIFE-Mitglied Elija Mairl","description":"","publisher":{"@id":"https:\/\/www.herbashopping.com\/#organization"},"potentialAction":[{"@type":"SearchAction","target":{"@type":"EntryPoint","urlTemplate":"https:\/\/www.herbashopping.com\/?s={search_term_string}"},"query-input":{"@type":"PropertyValueSpecification","valueRequired":true,"valueName":"search_term_string"}}],"inLanguage":"en-US"},{"@type":"Organization","@id":"https:\/\/www.herbashopping.com\/#organization","name":"Herba-Onlineshop Elija Mairl","url":"https:\/\/www.herbashopping.com\/","logo":{"@type":"ImageObject","inLanguage":"en-US","@id":"https:\/\/www.herbashopping.com\/#\/schema\/logo\/image\/","url":"https:\/\/www.herbashopping.com\/wp-content\/uploads\/2019\/03\/logo_08.2017_header.png","contentUrl":"https:\/\/www.herbashopping.com\/wp-content\/uploads\/2019\/03\/logo_08.2017_header.png","width":300,"height":76,"caption":"Herba-Onlineshop Elija Mairl"},"image":{"@id":"https:\/\/www.herbashopping.com\/#\/schema\/logo\/image\/"}}]}},"_links":{"self":[{"href":"https:\/\/www.herbashopping.com\/en\/wp-json\/wp\/v2\/product\/18464","targetHints":{"allow":["GET"]}}],"collection":[{"href":"https:\/\/www.herbashopping.com\/en\/wp-json\/wp\/v2\/product"}],"about":[{"href":"https:\/\/www.herbashopping.com\/en\/wp-json\/wp\/v2\/types\/product"}],"replies":[{"embeddable":true,"href":"https:\/\/www.herbashopping.com\/en\/wp-json\/wp\/v2\/comments?post=18464"}],"wp:featuredmedia":[{"embeddable":true,"href":"https:\/\/www.herbashopping.com\/en\/wp-json\/wp\/v2\/media\/20617"}],"wp:attachment":[{"href":"https:\/\/www.herbashopping.com\/en\/wp-json\/wp\/v2\/media?parent=18464"}],"wp:term":[{"taxonomy":"product_brand","embeddable":true,"href":"https:\/\/www.herbashopping.com\/en\/wp-json\/wp\/v2\/product_brand?post=18464"},{"taxonomy":"product_cat","embeddable":true,"href":"https:\/\/www.herbashopping.com\/en\/wp-json\/wp\/v2\/product_cat?post=18464"},{"taxonomy":"product_tag","embeddable":true,"href":"https:\/\/www.herbashopping.com\/en\/wp-json\/wp\/v2\/product_tag?post=18464"}],"curies":[{"name":"wp","href":"https:\/\/api.w.org\/{rel}","templated":true}]}}