{"id":18465,"date":"2024-09-30T12:52:57","date_gmt":"2024-09-30T10:52:57","guid":{"rendered":"https:\/\/www.herbashopping.com\/?post_type=product&#038;p=18465"},"modified":"2025-03-11T10:45:49","modified_gmt":"2025-03-11T09:45:49","slug":"herbalife-gels-mindvita-kids-limone-beere-30-kaubare-gelee-drops","status":"publish","type":"product","link":"https:\/\/www.herbashopping.com\/en\/product\/herbalife-gels-mindvita-kids-limone-beere-30-kaubare-gelee-drops\/","title":{"rendered":"Herbalife Gels MindVita Kids Limone-Beere 30 kaubare Gelee-Drops"},"content":{"rendered":"<p><a href=\"https:\/\/www.herbashopping.com\/wp-content\/uploads\/2024\/09\/MindVita-Kids-SKU-369K-ZUTATEN.pdf\">Zutaten Herbalife Gels MindVita Kids SKU 379K<\/a><\/p>\n<p>Unterst\u00fctzte die Gehirngesundheit* und den K\u00f6rper deiner Kinder mit Herbalife Gels MindVita Kids.<\/p>\n<p>MindVita Kids, ein leckerer, kaubarer Gelee-Drops, hergestellt mit sorgf\u00e4ltig ausgew\u00e4hlten N\u00e4hrstoffen, wie etwa Omega 3-Fetts\u00e4uren (EPA und DHA) und einer Vielzahl von B-Vitaminen. Diese zuckerfreie Nahrungserg\u00e4nzung kombiniert die Vorteile von Omega 3-Fetts\u00e4uren und B-Vitaminen um zu normaler Hirnfunktion\u00b9 und Sehkraft\u00b9, einem normalen Energiestoffwechsel\u00b2, zur Funktion des Nervensystems** und zur psychologischen Funktion\u00b2 beizutragen.<\/p>\n<p>Geniesse den k\u00f6stlichen Zitrone-Limette-Erdbeere-Geschmack der Herbalife Gels MindVita Kids, mit nat\u00fcrlichen Aromastoffen.<\/p>\n<p>* DHA tr\u00e4gt zur Erhaltung der normalen Hirnfunktion und der normalen Sehkraft bei. Die positive Wirkung wird mit einer t\u00e4glichen Aufnahme von 250 mg DHA erreicht.<\/p>\n<p>** B-Vitamine (B6, B12, biotin und Niacin) unterst\u00fctzen einen normalen Energiestoffwechsel, die normale Funktion des Nervensystems und die\u00a0 normale psychologische Funktion.<\/p>\n<h5 data-bind=\"visible: KeyBenefits\">Die wichtigsten Vorteile<\/h5>\n<div class=\"disc\" data-bind=\"visible: KeyBenefits, html: KeyBenefits\">\n<ul>\n<li>Reich an Omega 3-Fetts\u00e4uren (EPA and DHA) zur Erhaltung normaler Hirnfunktion und normaler Sehkraft*<\/li>\n<li>Enth\u00e4lt sorgf\u00e4ltig ausgew\u00e4hlte B-Vitamine (B6, B12, Biotin und Niacin), die zu einem normalen Energiestoffwechsel , zur Funktion des Nervensystems\u00a0 und zur psychologischen Funktion beitragen.<\/li>\n<li>K\u00f6stlicher Zitrone-Limette-Erdbeere-Geschmack<\/li>\n<li>Zuckerfrei<\/li>\n<li>Glutenfrei<\/li>\n<li>Enth\u00e4lt nat\u00fcrliche Aromastoffe<\/li>\n<li>Packung enth\u00e4lt 30 kaubare Gelee-Drops<\/li>\n<\/ul>\n<p>* DHA tr\u00e4gt zur Erhaltung der normalen Hirnfunktion und der normalen Sehkraft bei. Die positive Wirkung wird mit einer t\u00e4glichen Aufnahme von 250 mg DHA erreicht.<\/p>\n<\/div>\n<h5 data-bind=\"visible: Usage\">Nutzung<\/h5>\n<div class=\"disc\" data-bind=\"visible: Usage, html: Usage\">\n<p>Wir empfehlen 1 kaubaren Gelee-Drops t\u00e4glich f\u00fcr Kinder im Alter von 4 bis 17 Jahren.<\/p>\n<p>Laut Anweisung verwenden. Dieses Produkt sollte vor dem Schlucken gr\u00fcndlich zerkaut werden. Kinder sollen es unter der Aufsicht eines Erwachsenen zu sich nehmen.<\/p>\n<p>Verwende das Produkt im Rahmen einer ausgewogenen und abwechslungsreichen Ern\u00e4hrung und als Bestandteil eines gesunden, aktiven Lebensstils.<\/p>\n<\/div>\n<p>ZUTATEN: Fisch\u00f6lkonzentrat, S\u00fc\u00dfungsmittel (Xylit), Wasser, S\u00fc\u00dfungsmittel (Sorbit),<br \/>\nGelatine, nat\u00fcrliche Aromen, S\u00e4ureregulator (Trinatriumcitrat),Lutein und Zeaxanthin-Mischung,<br \/>\nS\u00e4ureregulator (Citronens\u00e4ure), Antioxidationsmittel (Ascorbins\u00e4ure),Niacin (Nicotinamid),<br \/>\nS\u00fc\u00dfungsmittel (Steviolglycoside aus Stevia), Vitamin B6 (Pyridoxinhydrochlorid), Vitamin B12<br \/>\n(Cyanocobalamin),Biotin (D-Biotin). Allergiehinweis: Achten Sie auf die fettgedruckten Zutaten f\u00fcr<br \/>\nHinweise auf Allergene.<\/p>\n","protected":false},"excerpt":{"rendered":"<p>Herbalife MindVita Kids<\/p>\n<p>F\u00fcr das wachsende Gehirn und den K\u00f6rper deiner Kinder.<\/p>\n","protected":false},"featured_media":20615,"comment_status":"closed","ping_status":"closed","template":"","meta":{"_acf_changed":false},"product_brand":[],"product_cat":[24,25,19,15],"product_tag":[345,346,350],"class_list":{"0":"post-18465","1":"product","2":"type-product","3":"status-publish","4":"has-post-thumbnail","6":"product_cat-nahrungserganzung","7":"product_cat-produktubersicht","8":"product_cat-sonstiges","9":"product_cat-unkategorisiert","10":"product_tag-gelee-drops","11":"product_tag-herbalife-gels","12":"product_tag-mindvita","14":"first","15":"instock","16":"sale","17":"taxable","18":"shipping-taxable","19":"purchasable","20":"product-type-simple"},"acf":[],"yoast_head":"<!-- This site is optimized with the Yoast SEO plugin v27.2 - https:\/\/yoast.com\/product\/yoast-seo-wordpress\/ -->\n<title>Herbalife Gels MindVita Kids Limone-Beere 30 kaubare Gelee-Drops - Onlineshop - Selbst\u00e4ndiges HERBALIFE-Mitglied Elija Mairl<\/title>\n<meta name=\"description\" content=\"Dies ist die Webseite eines Selbst\u00e4ndigen HERBALIFE-Mitgliedes. Um auf die offizielle HERBALIFE-Webseite zu gelangen, besuchen Sie bitte HERBALIFE.de.\" \/>\n<meta name=\"robots\" content=\"index, follow, max-snippet:-1, max-image-preview:large, max-video-preview:-1\" \/>\n<link rel=\"canonical\" href=\"https:\/\/www.herbashopping.com\/produkt\/herbalife-gels-mindvita-kids-limone-beere-30-kaubare-gelee-drops\/\" \/>\n<meta property=\"og:locale\" content=\"en_US\" \/>\n<meta property=\"og:type\" content=\"article\" \/>\n<meta property=\"og:title\" content=\"Herbalife Gels MindVita Kids Limone-Beere 30 kaubare Gelee-Drops - Onlineshop - Selbst\u00e4ndiges HERBALIFE-Mitglied Elija Mairl\" \/>\n<meta property=\"og:description\" content=\"Dies ist die Webseite eines Selbst\u00e4ndigen HERBALIFE-Mitgliedes. Um auf die offizielle HERBALIFE-Webseite zu gelangen, besuchen Sie bitte HERBALIFE.de.\" \/>\n<meta property=\"og:url\" content=\"https:\/\/www.herbashopping.com\/produkt\/herbalife-gels-mindvita-kids-limone-beere-30-kaubare-gelee-drops\/\" \/>\n<meta property=\"og:site_name\" content=\"Onlineshop - Selbst\u00e4ndiges HERBALIFE-Mitglied Elija Mairl\" \/>\n<meta property=\"article:modified_time\" content=\"2025-03-11T09:45:49+00:00\" \/>\n<meta property=\"og:image\" content=\"https:\/\/www.herbashopping.com\/wp-content\/uploads\/2025\/03\/Gels-Limone-Beere-379K.png\" \/>\n\t<meta property=\"og:image:width\" content=\"1000\" \/>\n\t<meta property=\"og:image:height\" content=\"1000\" \/>\n\t<meta property=\"og:image:type\" content=\"image\/png\" \/>\n<meta name=\"twitter:card\" content=\"summary_large_image\" \/>\n<meta name=\"twitter:label1\" content=\"Est. reading time\" \/>\n\t<meta name=\"twitter:data1\" content=\"2 minutes\" \/>\n<script type=\"application\/ld+json\" class=\"yoast-schema-graph\">{\"@context\":\"https:\/\/schema.org\",\"@graph\":[{\"@type\":\"WebPage\",\"@id\":\"https:\/\/www.herbashopping.com\/produkt\/herbalife-gels-mindvita-kids-limone-beere-30-kaubare-gelee-drops\/\",\"url\":\"https:\/\/www.herbashopping.com\/produkt\/herbalife-gels-mindvita-kids-limone-beere-30-kaubare-gelee-drops\/\",\"name\":\"Herbalife Gels MindVita Kids Limone-Beere 30 kaubare Gelee-Drops - Onlineshop - Selbst\u00e4ndiges HERBALIFE-Mitglied Elija Mairl\",\"isPartOf\":{\"@id\":\"https:\/\/www.herbashopping.com\/#website\"},\"primaryImageOfPage\":{\"@id\":\"https:\/\/www.herbashopping.com\/produkt\/herbalife-gels-mindvita-kids-limone-beere-30-kaubare-gelee-drops\/#primaryimage\"},\"image\":{\"@id\":\"https:\/\/www.herbashopping.com\/produkt\/herbalife-gels-mindvita-kids-limone-beere-30-kaubare-gelee-drops\/#primaryimage\"},\"thumbnailUrl\":\"https:\/\/www.herbashopping.com\/wp-content\/uploads\/2025\/03\/Gels-Limone-Beere-379K.png\",\"datePublished\":\"2024-09-30T10:52:57+00:00\",\"dateModified\":\"2025-03-11T09:45:49+00:00\",\"description\":\"Dies ist die Webseite eines Selbst\u00e4ndigen HERBALIFE-Mitgliedes. Um auf die offizielle HERBALIFE-Webseite zu gelangen, besuchen Sie bitte HERBALIFE.de.\",\"breadcrumb\":{\"@id\":\"https:\/\/www.herbashopping.com\/produkt\/herbalife-gels-mindvita-kids-limone-beere-30-kaubare-gelee-drops\/#breadcrumb\"},\"inLanguage\":\"en-US\",\"potentialAction\":[{\"@type\":\"ReadAction\",\"target\":[\"https:\/\/www.herbashopping.com\/produkt\/herbalife-gels-mindvita-kids-limone-beere-30-kaubare-gelee-drops\/\"]}]},{\"@type\":\"ImageObject\",\"inLanguage\":\"en-US\",\"@id\":\"https:\/\/www.herbashopping.com\/produkt\/herbalife-gels-mindvita-kids-limone-beere-30-kaubare-gelee-drops\/#primaryimage\",\"url\":\"https:\/\/www.herbashopping.com\/wp-content\/uploads\/2025\/03\/Gels-Limone-Beere-379K.png\",\"contentUrl\":\"https:\/\/www.herbashopping.com\/wp-content\/uploads\/2025\/03\/Gels-Limone-Beere-379K.png\",\"width\":1000,\"height\":1000},{\"@type\":\"BreadcrumbList\",\"@id\":\"https:\/\/www.herbashopping.com\/produkt\/herbalife-gels-mindvita-kids-limone-beere-30-kaubare-gelee-drops\/#breadcrumb\",\"itemListElement\":[{\"@type\":\"ListItem\",\"position\":1,\"name\":\"Startseite\",\"item\":\"https:\/\/www.herbashopping.com\/en\/\"},{\"@type\":\"ListItem\",\"position\":2,\"name\":\"Product Overview\",\"item\":\"https:\/\/www.herbashopping.com\/en\/shop\/\"},{\"@type\":\"ListItem\",\"position\":3,\"name\":\"Herbalife Gels MindVita Kids Limone-Beere 30 kaubare Gelee-Drops\"}]},{\"@type\":\"WebSite\",\"@id\":\"https:\/\/www.herbashopping.com\/#website\",\"url\":\"https:\/\/www.herbashopping.com\/\",\"name\":\"Onlineshop - Selbst\u00e4ndiges HERBALIFE-Mitglied Elija Mairl\",\"description\":\"\",\"publisher\":{\"@id\":\"https:\/\/www.herbashopping.com\/#organization\"},\"potentialAction\":[{\"@type\":\"SearchAction\",\"target\":{\"@type\":\"EntryPoint\",\"urlTemplate\":\"https:\/\/www.herbashopping.com\/?s={search_term_string}\"},\"query-input\":{\"@type\":\"PropertyValueSpecification\",\"valueRequired\":true,\"valueName\":\"search_term_string\"}}],\"inLanguage\":\"en-US\"},{\"@type\":\"Organization\",\"@id\":\"https:\/\/www.herbashopping.com\/#organization\",\"name\":\"Herba-Onlineshop Elija Mairl\",\"url\":\"https:\/\/www.herbashopping.com\/\",\"logo\":{\"@type\":\"ImageObject\",\"inLanguage\":\"en-US\",\"@id\":\"https:\/\/www.herbashopping.com\/#\/schema\/logo\/image\/\",\"url\":\"https:\/\/www.herbashopping.com\/wp-content\/uploads\/2019\/03\/logo_08.2017_header.png\",\"contentUrl\":\"https:\/\/www.herbashopping.com\/wp-content\/uploads\/2019\/03\/logo_08.2017_header.png\",\"width\":300,\"height\":76,\"caption\":\"Herba-Onlineshop Elija Mairl\"},\"image\":{\"@id\":\"https:\/\/www.herbashopping.com\/#\/schema\/logo\/image\/\"}}]}<\/script>\n<!-- \/ Yoast SEO plugin. -->","yoast_head_json":{"title":"Herbalife Gels MindVita Kids Limone-Beere 30 kaubare Gelee-Drops - Onlineshop - Selbst\u00e4ndiges HERBALIFE-Mitglied Elija Mairl","description":"Dies ist die Webseite eines Selbst\u00e4ndigen HERBALIFE-Mitgliedes. Um auf die offizielle HERBALIFE-Webseite zu gelangen, besuchen Sie bitte HERBALIFE.de.","robots":{"index":"index","follow":"follow","max-snippet":"max-snippet:-1","max-image-preview":"max-image-preview:large","max-video-preview":"max-video-preview:-1"},"canonical":"https:\/\/www.herbashopping.com\/produkt\/herbalife-gels-mindvita-kids-limone-beere-30-kaubare-gelee-drops\/","og_locale":"en_US","og_type":"article","og_title":"Herbalife Gels MindVita Kids Limone-Beere 30 kaubare Gelee-Drops - Onlineshop - Selbst\u00e4ndiges HERBALIFE-Mitglied Elija Mairl","og_description":"Dies ist die Webseite eines Selbst\u00e4ndigen HERBALIFE-Mitgliedes. Um auf die offizielle HERBALIFE-Webseite zu gelangen, besuchen Sie bitte HERBALIFE.de.","og_url":"https:\/\/www.herbashopping.com\/produkt\/herbalife-gels-mindvita-kids-limone-beere-30-kaubare-gelee-drops\/","og_site_name":"Onlineshop - Selbst\u00e4ndiges HERBALIFE-Mitglied Elija Mairl","article_modified_time":"2025-03-11T09:45:49+00:00","og_image":[{"width":1000,"height":1000,"url":"https:\/\/www.herbashopping.com\/wp-content\/uploads\/2025\/03\/Gels-Limone-Beere-379K.png","type":"image\/png"}],"twitter_card":"summary_large_image","twitter_misc":{"Est. reading time":"2 minutes"},"schema":{"@context":"https:\/\/schema.org","@graph":[{"@type":"WebPage","@id":"https:\/\/www.herbashopping.com\/produkt\/herbalife-gels-mindvita-kids-limone-beere-30-kaubare-gelee-drops\/","url":"https:\/\/www.herbashopping.com\/produkt\/herbalife-gels-mindvita-kids-limone-beere-30-kaubare-gelee-drops\/","name":"Herbalife Gels MindVita Kids Limone-Beere 30 kaubare Gelee-Drops - Onlineshop - Selbst\u00e4ndiges HERBALIFE-Mitglied Elija Mairl","isPartOf":{"@id":"https:\/\/www.herbashopping.com\/#website"},"primaryImageOfPage":{"@id":"https:\/\/www.herbashopping.com\/produkt\/herbalife-gels-mindvita-kids-limone-beere-30-kaubare-gelee-drops\/#primaryimage"},"image":{"@id":"https:\/\/www.herbashopping.com\/produkt\/herbalife-gels-mindvita-kids-limone-beere-30-kaubare-gelee-drops\/#primaryimage"},"thumbnailUrl":"https:\/\/www.herbashopping.com\/wp-content\/uploads\/2025\/03\/Gels-Limone-Beere-379K.png","datePublished":"2024-09-30T10:52:57+00:00","dateModified":"2025-03-11T09:45:49+00:00","description":"Dies ist die Webseite eines Selbst\u00e4ndigen HERBALIFE-Mitgliedes. Um auf die offizielle HERBALIFE-Webseite zu gelangen, besuchen Sie bitte HERBALIFE.de.","breadcrumb":{"@id":"https:\/\/www.herbashopping.com\/produkt\/herbalife-gels-mindvita-kids-limone-beere-30-kaubare-gelee-drops\/#breadcrumb"},"inLanguage":"en-US","potentialAction":[{"@type":"ReadAction","target":["https:\/\/www.herbashopping.com\/produkt\/herbalife-gels-mindvita-kids-limone-beere-30-kaubare-gelee-drops\/"]}]},{"@type":"ImageObject","inLanguage":"en-US","@id":"https:\/\/www.herbashopping.com\/produkt\/herbalife-gels-mindvita-kids-limone-beere-30-kaubare-gelee-drops\/#primaryimage","url":"https:\/\/www.herbashopping.com\/wp-content\/uploads\/2025\/03\/Gels-Limone-Beere-379K.png","contentUrl":"https:\/\/www.herbashopping.com\/wp-content\/uploads\/2025\/03\/Gels-Limone-Beere-379K.png","width":1000,"height":1000},{"@type":"BreadcrumbList","@id":"https:\/\/www.herbashopping.com\/produkt\/herbalife-gels-mindvita-kids-limone-beere-30-kaubare-gelee-drops\/#breadcrumb","itemListElement":[{"@type":"ListItem","position":1,"name":"Startseite","item":"https:\/\/www.herbashopping.com\/en\/"},{"@type":"ListItem","position":2,"name":"Product Overview","item":"https:\/\/www.herbashopping.com\/en\/shop\/"},{"@type":"ListItem","position":3,"name":"Herbalife Gels MindVita Kids Limone-Beere 30 kaubare Gelee-Drops"}]},{"@type":"WebSite","@id":"https:\/\/www.herbashopping.com\/#website","url":"https:\/\/www.herbashopping.com\/","name":"Onlineshop - Selbst\u00e4ndiges HERBALIFE-Mitglied Elija Mairl","description":"","publisher":{"@id":"https:\/\/www.herbashopping.com\/#organization"},"potentialAction":[{"@type":"SearchAction","target":{"@type":"EntryPoint","urlTemplate":"https:\/\/www.herbashopping.com\/?s={search_term_string}"},"query-input":{"@type":"PropertyValueSpecification","valueRequired":true,"valueName":"search_term_string"}}],"inLanguage":"en-US"},{"@type":"Organization","@id":"https:\/\/www.herbashopping.com\/#organization","name":"Herba-Onlineshop Elija Mairl","url":"https:\/\/www.herbashopping.com\/","logo":{"@type":"ImageObject","inLanguage":"en-US","@id":"https:\/\/www.herbashopping.com\/#\/schema\/logo\/image\/","url":"https:\/\/www.herbashopping.com\/wp-content\/uploads\/2019\/03\/logo_08.2017_header.png","contentUrl":"https:\/\/www.herbashopping.com\/wp-content\/uploads\/2019\/03\/logo_08.2017_header.png","width":300,"height":76,"caption":"Herba-Onlineshop Elija Mairl"},"image":{"@id":"https:\/\/www.herbashopping.com\/#\/schema\/logo\/image\/"}}]}},"_links":{"self":[{"href":"https:\/\/www.herbashopping.com\/en\/wp-json\/wp\/v2\/product\/18465","targetHints":{"allow":["GET"]}}],"collection":[{"href":"https:\/\/www.herbashopping.com\/en\/wp-json\/wp\/v2\/product"}],"about":[{"href":"https:\/\/www.herbashopping.com\/en\/wp-json\/wp\/v2\/types\/product"}],"replies":[{"embeddable":true,"href":"https:\/\/www.herbashopping.com\/en\/wp-json\/wp\/v2\/comments?post=18465"}],"wp:featuredmedia":[{"embeddable":true,"href":"https:\/\/www.herbashopping.com\/en\/wp-json\/wp\/v2\/media\/20615"}],"wp:attachment":[{"href":"https:\/\/www.herbashopping.com\/en\/wp-json\/wp\/v2\/media?parent=18465"}],"wp:term":[{"taxonomy":"product_brand","embeddable":true,"href":"https:\/\/www.herbashopping.com\/en\/wp-json\/wp\/v2\/product_brand?post=18465"},{"taxonomy":"product_cat","embeddable":true,"href":"https:\/\/www.herbashopping.com\/en\/wp-json\/wp\/v2\/product_cat?post=18465"},{"taxonomy":"product_tag","embeddable":true,"href":"https:\/\/www.herbashopping.com\/en\/wp-json\/wp\/v2\/product_tag?post=18465"}],"curies":[{"name":"wp","href":"https:\/\/api.w.org\/{rel}","templated":true}]}}