{"id":18466,"date":"2024-09-30T13:02:46","date_gmt":"2024-09-30T11:02:46","guid":{"rendered":"https:\/\/www.herbashopping.com\/?post_type=product&#038;p=18466"},"modified":"2025-02-28T12:12:40","modified_gmt":"2025-02-28T11:12:40","slug":"herbalife24-prolong-energy-gel-erdbeere-10-beutel-a-45g","status":"publish","type":"product","link":"https:\/\/www.herbashopping.com\/en\/product\/herbalife24-prolong-energy-gel-erdbeere-10-beutel-a-45g\/","title":{"rendered":"Herbalife24\u00ae Prolong Energy Gel Erdbeere 10 Beutel \u00e0 45g"},"content":{"rendered":"<p><a href=\"https:\/\/www.herbashopping.com\/wp-content\/uploads\/2024\/09\/Prolong-Energy-Gel-SKU-402K-ZUTATEN.pdf\">Zutaten Herbalife 24 Prolong Energy Gel SKU 402K<\/a><\/p>\n<p>H24 Prolong ist ein exklusives und von Experten formuliertes Energy Gel. Entwickelt in Zusammenarbeit mit weltweit f\u00fchrenden Sportwissenschaftlern, enth\u00e4lt es eine leicht absorbierbare Kohlenhydratmischung mit dem idealen Verh\u00e4ltnis von 1:0,8 zwischen Glukose und Fruktose. Diese Mischung sorgt f\u00fcr eine schnelle Aufnahme und Bereitstellung von Energie, ohne dass es zu Magen-Darm-Beschwerden wie Bl\u00e4hungen kommt.<\/p>\n<p>Jeder 45g-Beutel enth\u00e4lt 30 g Kohlenhydrate und ist damit eines der am st\u00e4rksten konzentrierten Energiegele auf dem Markt. Es kombiniert dar\u00fcber hinaus Thiamin und Vitamin B12, was zu einem normalen Energiestoffwechsel beitr\u00e4gt. Vitamin B12 reduziert au\u00dferdem M\u00fcdigkeit und Erm\u00fcdung.<\/p>\n<p>H24 Prolong ist ein optimaler und direkt verzehrbarer Energielieferant und hilft dir dabei, bei langen Workouts deine volle Energie zu behalten.<\/p>\n<h5 data-bind=\"visible: KeyBenefits\">Die wichtigsten Vorteile<\/h5>\n<div class=\"disc\" data-bind=\"visible: KeyBenefits, html: KeyBenefits\">\n<ul>\n<li>Von Experten formuliert und entwickelt in Zusammenarbeit mit weltweit f\u00fchrenden Sportwissenschaftlern<\/li>\n<li>Enth\u00e4lt eine leicht aufzunehmende Kohlenhydratkombination f\u00fcr schnelle Aufnahme und Energie-Freisetzung mit nur geringem Risiko von Magen-Darm-Beschwerden wie etwa Bl\u00e4hungen<\/li>\n<li>Jede 45 g-Packung liefert 30 g Kohlenhydrate. Damit ist es eines der h\u00f6chstkonzentrierten Energy Gels auf dem Markt<\/li>\n<li>Enth\u00e4lt Vitamin B12 und Thiamin, die zu einem normalen Energiestoffwechsel beitragen<\/li>\n<li>Vitamin B12 reduziert M\u00fcdigkeit und Erm\u00fcdung<\/li>\n<li>Um h\u00f6chste Qualit\u00e4t zu gew\u00e4hrleisten, wird jede Charge auf verbotene Substanzen getestet und verf\u00fcgt \u00fcber eine LGC-Zertifizierung<\/li>\n<li>Vegan<\/li>\n<li>Glutenfrei<\/li>\n<li>Enth\u00e4lt einen nat\u00fcrlichen Aromastoff und keine Farbstoffe oder S\u00fc\u00dfungsmittel<\/li>\n<li>K\u00f6stlicher Erdbeergeschmack<\/li>\n<li>Jede Packung enth\u00e4lt 10 Beutel \u00e0 45 g<\/li>\n<\/ul>\n<\/div>\n<h5 data-bind=\"visible: Usage\">Nutzung<\/h5>\n<div class=\"disc\" data-bind=\"visible: Usage, html: Usage\">\n<p>1 Beutel pro Stunde bei intensiven Trainingsphasen von weniger als 1,5 Stunden.<\/p>\n<p>2 Beutel pro Stunde bei intensiven Trainingsphasen von 1,5 &#8211; 2 Stunden.<\/p>\n<p>Es gilt die Empfehlung von maximal 4 Beuteln pro Tag.<\/p>\n<p>Verwende dieses Produkt im Rahmen einer ausgewogenen und abwechslungsreichen Ern\u00e4hrung als Bestandteil eines gesunden, aktiven Lebensstils. Wichtig ist dabei, dich angemessen mit Fl\u00fcssigkeit versorgt zu halten.<\/p>\n<p>ZUTATEN: Maltodextrin, Wasser, Fruktose, S\u00e4ureregulator (Citronens\u00e4ure),<br \/>\nnat\u00fcrliches Aroma, Konservierungsstoffe (Kaliumsorbat, Natriumbenzoat),<br \/>\nNatriumchlorid, Vitamin B12 (Cyanocobalamin), Thiamin (Thiaminhydrochlorid).<\/p>\n<\/div>\n","protected":false},"excerpt":{"rendered":"<p>H24 Prolong Energy Gel<br \/>\nSch\u00f6pfe dein Potenzial aus und optimiere dein Workout<\/p>\n<p>Das NEUE H24 Prolong Energy Gel hilft dir dabei, dein hochintensives Training mit Energie zu absolvieren.<br \/>\nExklusiv entwickelt in Zusammenarbeit mit weltweit f\u00fchrenden Sport- und Ern\u00e4hrungswissenschaftlern.<\/p>\n","protected":false},"featured_media":20471,"comment_status":"closed","ping_status":"closed","template":"","meta":{"_acf_changed":false},"product_brand":[],"product_cat":[20,24,25,17,15],"product_tag":[352,351,278],"class_list":{"0":"post-18466","1":"product","2":"type-product","3":"status-publish","4":"has-post-thumbnail","6":"product_cat-herbalife-24","7":"product_cat-nahrungserganzung","8":"product_cat-produktubersicht","9":"product_cat-sport-fitness","10":"product_cat-unkategorisiert","11":"product_tag-energy-gel","12":"product_tag-herbalife24","13":"product_tag-prolong","15":"first","16":"instock","17":"sale","18":"taxable","19":"shipping-taxable","20":"purchasable","21":"product-type-simple"},"acf":[],"yoast_head":"<!-- This site is optimized with the Yoast SEO plugin v27.2 - https:\/\/yoast.com\/product\/yoast-seo-wordpress\/ -->\n<title>Herbalife24\u00ae Prolong Energy Gel Erdbeere 10 Beutel \u00e0 45g - Onlineshop - Selbst\u00e4ndiges HERBALIFE-Mitglied Elija Mairl<\/title>\n<meta name=\"description\" content=\"Dies ist die Webseite eines Selbst\u00e4ndigen HERBALIFE-Mitgliedes. Um auf die offizielle HERBALIFE-Webseite zu gelangen, besuchen Sie bitte HERBALIFE.de.\" \/>\n<meta name=\"robots\" content=\"index, follow, max-snippet:-1, max-image-preview:large, max-video-preview:-1\" \/>\n<link rel=\"canonical\" href=\"https:\/\/www.herbashopping.com\/produkt\/herbalife24-prolong-energy-gel-erdbeere-10-beutel-a-45g\/\" \/>\n<meta property=\"og:locale\" content=\"en_US\" \/>\n<meta property=\"og:type\" content=\"article\" \/>\n<meta property=\"og:title\" content=\"Herbalife24\u00ae Prolong Energy Gel Erdbeere 10 Beutel \u00e0 45g - Onlineshop - Selbst\u00e4ndiges HERBALIFE-Mitglied Elija Mairl\" \/>\n<meta property=\"og:description\" content=\"Dies ist die Webseite eines Selbst\u00e4ndigen HERBALIFE-Mitgliedes. Um auf die offizielle HERBALIFE-Webseite zu gelangen, besuchen Sie bitte HERBALIFE.de.\" \/>\n<meta property=\"og:url\" content=\"https:\/\/www.herbashopping.com\/produkt\/herbalife24-prolong-energy-gel-erdbeere-10-beutel-a-45g\/\" \/>\n<meta property=\"og:site_name\" content=\"Onlineshop - Selbst\u00e4ndiges HERBALIFE-Mitglied Elija Mairl\" \/>\n<meta property=\"article:modified_time\" content=\"2025-02-28T11:12:40+00:00\" \/>\n<meta property=\"og:image\" content=\"https:\/\/www.herbashopping.com\/wp-content\/uploads\/2025\/02\/H24-Prolong-Energy-Gel-402K.png\" \/>\n\t<meta property=\"og:image:width\" content=\"1000\" \/>\n\t<meta property=\"og:image:height\" content=\"1000\" \/>\n\t<meta property=\"og:image:type\" content=\"image\/png\" \/>\n<meta name=\"twitter:card\" content=\"summary_large_image\" \/>\n<meta name=\"twitter:label1\" content=\"Est. reading time\" \/>\n\t<meta name=\"twitter:data1\" content=\"2 minutes\" \/>\n<script type=\"application\/ld+json\" class=\"yoast-schema-graph\">{\"@context\":\"https:\/\/schema.org\",\"@graph\":[{\"@type\":\"WebPage\",\"@id\":\"https:\/\/www.herbashopping.com\/produkt\/herbalife24-prolong-energy-gel-erdbeere-10-beutel-a-45g\/\",\"url\":\"https:\/\/www.herbashopping.com\/produkt\/herbalife24-prolong-energy-gel-erdbeere-10-beutel-a-45g\/\",\"name\":\"Herbalife24\u00ae Prolong Energy Gel Erdbeere 10 Beutel \u00e0 45g - Onlineshop - Selbst\u00e4ndiges HERBALIFE-Mitglied Elija Mairl\",\"isPartOf\":{\"@id\":\"https:\/\/www.herbashopping.com\/#website\"},\"primaryImageOfPage\":{\"@id\":\"https:\/\/www.herbashopping.com\/produkt\/herbalife24-prolong-energy-gel-erdbeere-10-beutel-a-45g\/#primaryimage\"},\"image\":{\"@id\":\"https:\/\/www.herbashopping.com\/produkt\/herbalife24-prolong-energy-gel-erdbeere-10-beutel-a-45g\/#primaryimage\"},\"thumbnailUrl\":\"https:\/\/www.herbashopping.com\/wp-content\/uploads\/2025\/02\/H24-Prolong-Energy-Gel-402K.png\",\"datePublished\":\"2024-09-30T11:02:46+00:00\",\"dateModified\":\"2025-02-28T11:12:40+00:00\",\"description\":\"Dies ist die Webseite eines Selbst\u00e4ndigen HERBALIFE-Mitgliedes. Um auf die offizielle HERBALIFE-Webseite zu gelangen, besuchen Sie bitte HERBALIFE.de.\",\"breadcrumb\":{\"@id\":\"https:\/\/www.herbashopping.com\/produkt\/herbalife24-prolong-energy-gel-erdbeere-10-beutel-a-45g\/#breadcrumb\"},\"inLanguage\":\"en-US\",\"potentialAction\":[{\"@type\":\"ReadAction\",\"target\":[\"https:\/\/www.herbashopping.com\/produkt\/herbalife24-prolong-energy-gel-erdbeere-10-beutel-a-45g\/\"]}]},{\"@type\":\"ImageObject\",\"inLanguage\":\"en-US\",\"@id\":\"https:\/\/www.herbashopping.com\/produkt\/herbalife24-prolong-energy-gel-erdbeere-10-beutel-a-45g\/#primaryimage\",\"url\":\"https:\/\/www.herbashopping.com\/wp-content\/uploads\/2025\/02\/H24-Prolong-Energy-Gel-402K.png\",\"contentUrl\":\"https:\/\/www.herbashopping.com\/wp-content\/uploads\/2025\/02\/H24-Prolong-Energy-Gel-402K.png\",\"width\":1000,\"height\":1000},{\"@type\":\"BreadcrumbList\",\"@id\":\"https:\/\/www.herbashopping.com\/produkt\/herbalife24-prolong-energy-gel-erdbeere-10-beutel-a-45g\/#breadcrumb\",\"itemListElement\":[{\"@type\":\"ListItem\",\"position\":1,\"name\":\"Startseite\",\"item\":\"https:\/\/www.herbashopping.com\/en\/\"},{\"@type\":\"ListItem\",\"position\":2,\"name\":\"Product Overview\",\"item\":\"https:\/\/www.herbashopping.com\/en\/shop\/\"},{\"@type\":\"ListItem\",\"position\":3,\"name\":\"Herbalife24\u00ae Prolong Energy Gel Erdbeere 10 Beutel \u00e0 45g\"}]},{\"@type\":\"WebSite\",\"@id\":\"https:\/\/www.herbashopping.com\/#website\",\"url\":\"https:\/\/www.herbashopping.com\/\",\"name\":\"Onlineshop - Selbst\u00e4ndiges HERBALIFE-Mitglied Elija Mairl\",\"description\":\"\",\"publisher\":{\"@id\":\"https:\/\/www.herbashopping.com\/#organization\"},\"potentialAction\":[{\"@type\":\"SearchAction\",\"target\":{\"@type\":\"EntryPoint\",\"urlTemplate\":\"https:\/\/www.herbashopping.com\/?s={search_term_string}\"},\"query-input\":{\"@type\":\"PropertyValueSpecification\",\"valueRequired\":true,\"valueName\":\"search_term_string\"}}],\"inLanguage\":\"en-US\"},{\"@type\":\"Organization\",\"@id\":\"https:\/\/www.herbashopping.com\/#organization\",\"name\":\"Herba-Onlineshop Elija Mairl\",\"url\":\"https:\/\/www.herbashopping.com\/\",\"logo\":{\"@type\":\"ImageObject\",\"inLanguage\":\"en-US\",\"@id\":\"https:\/\/www.herbashopping.com\/#\/schema\/logo\/image\/\",\"url\":\"https:\/\/www.herbashopping.com\/wp-content\/uploads\/2019\/03\/logo_08.2017_header.png\",\"contentUrl\":\"https:\/\/www.herbashopping.com\/wp-content\/uploads\/2019\/03\/logo_08.2017_header.png\",\"width\":300,\"height\":76,\"caption\":\"Herba-Onlineshop Elija Mairl\"},\"image\":{\"@id\":\"https:\/\/www.herbashopping.com\/#\/schema\/logo\/image\/\"}}]}<\/script>\n<!-- \/ Yoast SEO plugin. -->","yoast_head_json":{"title":"Herbalife24\u00ae Prolong Energy Gel Erdbeere 10 Beutel \u00e0 45g - Onlineshop - Selbst\u00e4ndiges HERBALIFE-Mitglied Elija Mairl","description":"Dies ist die Webseite eines Selbst\u00e4ndigen HERBALIFE-Mitgliedes. Um auf die offizielle HERBALIFE-Webseite zu gelangen, besuchen Sie bitte HERBALIFE.de.","robots":{"index":"index","follow":"follow","max-snippet":"max-snippet:-1","max-image-preview":"max-image-preview:large","max-video-preview":"max-video-preview:-1"},"canonical":"https:\/\/www.herbashopping.com\/produkt\/herbalife24-prolong-energy-gel-erdbeere-10-beutel-a-45g\/","og_locale":"en_US","og_type":"article","og_title":"Herbalife24\u00ae Prolong Energy Gel Erdbeere 10 Beutel \u00e0 45g - Onlineshop - Selbst\u00e4ndiges HERBALIFE-Mitglied Elija Mairl","og_description":"Dies ist die Webseite eines Selbst\u00e4ndigen HERBALIFE-Mitgliedes. Um auf die offizielle HERBALIFE-Webseite zu gelangen, besuchen Sie bitte HERBALIFE.de.","og_url":"https:\/\/www.herbashopping.com\/produkt\/herbalife24-prolong-energy-gel-erdbeere-10-beutel-a-45g\/","og_site_name":"Onlineshop - Selbst\u00e4ndiges HERBALIFE-Mitglied Elija Mairl","article_modified_time":"2025-02-28T11:12:40+00:00","og_image":[{"width":1000,"height":1000,"url":"https:\/\/www.herbashopping.com\/wp-content\/uploads\/2025\/02\/H24-Prolong-Energy-Gel-402K.png","type":"image\/png"}],"twitter_card":"summary_large_image","twitter_misc":{"Est. reading time":"2 minutes"},"schema":{"@context":"https:\/\/schema.org","@graph":[{"@type":"WebPage","@id":"https:\/\/www.herbashopping.com\/produkt\/herbalife24-prolong-energy-gel-erdbeere-10-beutel-a-45g\/","url":"https:\/\/www.herbashopping.com\/produkt\/herbalife24-prolong-energy-gel-erdbeere-10-beutel-a-45g\/","name":"Herbalife24\u00ae Prolong Energy Gel Erdbeere 10 Beutel \u00e0 45g - Onlineshop - Selbst\u00e4ndiges HERBALIFE-Mitglied Elija Mairl","isPartOf":{"@id":"https:\/\/www.herbashopping.com\/#website"},"primaryImageOfPage":{"@id":"https:\/\/www.herbashopping.com\/produkt\/herbalife24-prolong-energy-gel-erdbeere-10-beutel-a-45g\/#primaryimage"},"image":{"@id":"https:\/\/www.herbashopping.com\/produkt\/herbalife24-prolong-energy-gel-erdbeere-10-beutel-a-45g\/#primaryimage"},"thumbnailUrl":"https:\/\/www.herbashopping.com\/wp-content\/uploads\/2025\/02\/H24-Prolong-Energy-Gel-402K.png","datePublished":"2024-09-30T11:02:46+00:00","dateModified":"2025-02-28T11:12:40+00:00","description":"Dies ist die Webseite eines Selbst\u00e4ndigen HERBALIFE-Mitgliedes. Um auf die offizielle HERBALIFE-Webseite zu gelangen, besuchen Sie bitte HERBALIFE.de.","breadcrumb":{"@id":"https:\/\/www.herbashopping.com\/produkt\/herbalife24-prolong-energy-gel-erdbeere-10-beutel-a-45g\/#breadcrumb"},"inLanguage":"en-US","potentialAction":[{"@type":"ReadAction","target":["https:\/\/www.herbashopping.com\/produkt\/herbalife24-prolong-energy-gel-erdbeere-10-beutel-a-45g\/"]}]},{"@type":"ImageObject","inLanguage":"en-US","@id":"https:\/\/www.herbashopping.com\/produkt\/herbalife24-prolong-energy-gel-erdbeere-10-beutel-a-45g\/#primaryimage","url":"https:\/\/www.herbashopping.com\/wp-content\/uploads\/2025\/02\/H24-Prolong-Energy-Gel-402K.png","contentUrl":"https:\/\/www.herbashopping.com\/wp-content\/uploads\/2025\/02\/H24-Prolong-Energy-Gel-402K.png","width":1000,"height":1000},{"@type":"BreadcrumbList","@id":"https:\/\/www.herbashopping.com\/produkt\/herbalife24-prolong-energy-gel-erdbeere-10-beutel-a-45g\/#breadcrumb","itemListElement":[{"@type":"ListItem","position":1,"name":"Startseite","item":"https:\/\/www.herbashopping.com\/en\/"},{"@type":"ListItem","position":2,"name":"Product Overview","item":"https:\/\/www.herbashopping.com\/en\/shop\/"},{"@type":"ListItem","position":3,"name":"Herbalife24\u00ae Prolong Energy Gel Erdbeere 10 Beutel \u00e0 45g"}]},{"@type":"WebSite","@id":"https:\/\/www.herbashopping.com\/#website","url":"https:\/\/www.herbashopping.com\/","name":"Onlineshop - Selbst\u00e4ndiges HERBALIFE-Mitglied Elija Mairl","description":"","publisher":{"@id":"https:\/\/www.herbashopping.com\/#organization"},"potentialAction":[{"@type":"SearchAction","target":{"@type":"EntryPoint","urlTemplate":"https:\/\/www.herbashopping.com\/?s={search_term_string}"},"query-input":{"@type":"PropertyValueSpecification","valueRequired":true,"valueName":"search_term_string"}}],"inLanguage":"en-US"},{"@type":"Organization","@id":"https:\/\/www.herbashopping.com\/#organization","name":"Herba-Onlineshop Elija Mairl","url":"https:\/\/www.herbashopping.com\/","logo":{"@type":"ImageObject","inLanguage":"en-US","@id":"https:\/\/www.herbashopping.com\/#\/schema\/logo\/image\/","url":"https:\/\/www.herbashopping.com\/wp-content\/uploads\/2019\/03\/logo_08.2017_header.png","contentUrl":"https:\/\/www.herbashopping.com\/wp-content\/uploads\/2019\/03\/logo_08.2017_header.png","width":300,"height":76,"caption":"Herba-Onlineshop Elija Mairl"},"image":{"@id":"https:\/\/www.herbashopping.com\/#\/schema\/logo\/image\/"}}]}},"_links":{"self":[{"href":"https:\/\/www.herbashopping.com\/en\/wp-json\/wp\/v2\/product\/18466","targetHints":{"allow":["GET"]}}],"collection":[{"href":"https:\/\/www.herbashopping.com\/en\/wp-json\/wp\/v2\/product"}],"about":[{"href":"https:\/\/www.herbashopping.com\/en\/wp-json\/wp\/v2\/types\/product"}],"replies":[{"embeddable":true,"href":"https:\/\/www.herbashopping.com\/en\/wp-json\/wp\/v2\/comments?post=18466"}],"wp:featuredmedia":[{"embeddable":true,"href":"https:\/\/www.herbashopping.com\/en\/wp-json\/wp\/v2\/media\/20471"}],"wp:attachment":[{"href":"https:\/\/www.herbashopping.com\/en\/wp-json\/wp\/v2\/media?parent=18466"}],"wp:term":[{"taxonomy":"product_brand","embeddable":true,"href":"https:\/\/www.herbashopping.com\/en\/wp-json\/wp\/v2\/product_brand?post=18466"},{"taxonomy":"product_cat","embeddable":true,"href":"https:\/\/www.herbashopping.com\/en\/wp-json\/wp\/v2\/product_cat?post=18466"},{"taxonomy":"product_tag","embeddable":true,"href":"https:\/\/www.herbashopping.com\/en\/wp-json\/wp\/v2\/product_tag?post=18466"}],"curies":[{"name":"wp","href":"https:\/\/api.w.org\/{rel}","templated":true}]}}