{"id":19599,"date":"2025-01-13T14:20:28","date_gmt":"2025-01-13T13:20:28","guid":{"rendered":"https:\/\/www.herbashopping.com\/?post_type=product&#038;p=19599"},"modified":"2025-04-11T09:14:53","modified_gmt":"2025-04-11T07:14:53","slug":"herbalife-protein-getraenkemix-vegan-196g-7x-28g-beutel","status":"publish","type":"product","link":"https:\/\/www.herbashopping.com\/en\/product\/herbalife-protein-getraenkemix-vegan-196g-7x-28g-beutel\/","title":{"rendered":"Herbalife Protein-Getr\u00e4nkemix Vegan 196g (7x 28g Beutel)"},"content":{"rendered":"<p>Die wichtigsten Vorteile<\/p>\n<p>&#8211; F\u00fcr Veganer geeignet<\/p>\n<p>&#8211; Hoher Proteingehalt<\/p>\n<p>&#8211; Enth\u00e4lt 22 Vitamine und Mineralstoffe<\/p>\n<p>&#8211; Nat\u00fcrlich laktosefrei<\/p>\n<p>&#8211; Glutenfrei<\/p>\n<p>&#8211; Nat\u00fcrlich gewonnene S\u00fc\u00dfe aus Steviabl\u00e4ttern<\/p>\n<p>Fakten auf einen Blick<br \/>\nGenie\u00dfe dieses Produkt vormittags oder nachmittags im Rahmen einer ausgewogenen und abwechslungsreichen Ern\u00e4hrung sowie einem gesunden, aktiven Lebensstil.<\/p>\n<p>Nutzung<br \/>\nNutzung<\/p>\n<p>Je nach Proteinbedarf zwei Messl\u00f6ffel (28 g) Pulver mit 250 ml kaltem Wasser oder drei Messl\u00f6ffel (42 g) Pulver mit 375 ml kaltem Wasser vermischen und genie\u00dfen.<\/p>\n<p>Du kannst das Produkt auch mit deinem Lieblings Formula 1-Shake und Wasser vermischen, um eine k\u00f6stliche, vegane Mahlzeit zu erhalten.<\/p>\n<p>&nbsp;<\/p>\n<p>ZUTATEN 441K: Soja-Eiwei\u00dfisolat, Mischung mit Vitaminen und Mineralien (Kaliumcitrat, Kaliumchlorid, Calciumcitrat, Calciumphosphat,<br \/>\nVitamin C (L-Ascorbins\u00e4ure), Vitamin E (DL-a-Tocopherylacetat), Vitamin A (\u00df-Carotin), Niacin (Nicotinamid), Zinkcitrat,<br \/>\nPantothens\u00e4ure (Calcium-D-pantothenat), Biotin (D-Biotin), Natriumselenit, Mangancarbonat, Vitamin B12 (Cyanocobalamin),<br \/>\nVitamin D (Cholecalciferol), Fols\u00e4ure (Pteroylmonoglutamins\u00e4ure), Vitamin B6 (Pyridoxinhydrochlorid), Kaliumiodid, Riboflavin,<br \/>\nThiamin (Thiaminmononitrat), Kupfercitrat), Maltodextrin, Sonnenblumen\u00f6l, nat\u00fcrliche Aromen, Emulgator (Sojalecithin),<br \/>\nVerdickungsmittel (Xanthan, Guarkernmehl), Natriumchlorid, S\u00fc\u00dfungsmittel (Steviolglycoside aus Stevia). Allergiehinweis: Achten Sie<br \/>\nauf die fettgedruckten Zutaten f\u00fcr Hinweise auf Allergene.<\/p>\n","protected":false},"excerpt":{"rendered":"<p><a href=\"https:\/\/www.herbashopping.com\/wp-content\/uploads\/2025\/01\/441K-Zutaten.pdf\">Zutaten Protein Getr\u00e4nkemix (Beutel)<\/a><\/p>\n<p>Protein-Getr\u00e4nkemix Vegan ist eine gro\u00dfartige M\u00f6glichkeit, deine t\u00e4gliche Proteinaufnahme zu erh\u00f6hen. Kombiniere es mit deinem Lieblings Formula 1-Shake, um eine k\u00f6stliche, vegane und zuckerarme Mahlzeit mit hohem Proteingehalt zu erhalten.<\/p>\n<p>Jede Packung beinhaltet 7 einzeln verpackte Portionen. Jede Portion enth\u00e4lt 22 Vitamine und Mineralstoffe, darunter Vitamin D, das zu einer normalen Funktion des Immunsystems beitr\u00e4gt und Vitamin C, das zur Verringerung von M\u00fcdigkeit und Erm\u00fcdung beitr\u00e4gt.<\/p>\n<p>Protein-Getr\u00e4nkemix Vegan enth\u00e4lt au\u00dferdem keine k\u00fcnstlichen Farbstoffe und Aromen sowie nat\u00fcrlich gewonnene S\u00fc\u00dfe aus Steviabl\u00e4ttern.<\/p>\n","protected":false},"featured_media":19587,"comment_status":"closed","ping_status":"closed","template":"","meta":{"_acf_changed":false},"product_brand":[],"product_cat":[23,16,24,25,15],"product_tag":[],"class_list":{"0":"post-19599","1":"product","2":"type-product","3":"status-publish","4":"has-post-thumbnail","6":"product_cat-basisprodukte","7":"product_cat-gewichtskontrolle","8":"product_cat-nahrungserganzung","9":"product_cat-produktubersicht","10":"product_cat-unkategorisiert","12":"first","13":"instock","14":"sale","15":"taxable","16":"shipping-taxable","17":"purchasable","18":"product-type-simple"},"acf":[],"yoast_head":"<!-- This site is optimized with the Yoast SEO plugin v27.2 - https:\/\/yoast.com\/product\/yoast-seo-wordpress\/ -->\n<title>Herbalife Protein-Getr\u00e4nkemix Vegan 196g (7x 28g Beutel) - Onlineshop - Selbst\u00e4ndiges HERBALIFE-Mitglied Elija Mairl<\/title>\n<meta name=\"description\" content=\"Dies ist die Webseite eines Selbst\u00e4ndigen HERBALIFE-Mitgliedes. Um auf die offizielle HERBALIFE-Webseite zu gelangen, besuchen Sie bitte HERBALIFE.de.\" \/>\n<meta name=\"robots\" content=\"index, follow, max-snippet:-1, max-image-preview:large, max-video-preview:-1\" \/>\n<link rel=\"canonical\" href=\"https:\/\/www.herbashopping.com\/produkt\/herbalife-protein-getraenkemix-vegan-196g-7x-28g-beutel\/\" \/>\n<meta property=\"og:locale\" content=\"en_US\" \/>\n<meta property=\"og:type\" content=\"article\" \/>\n<meta property=\"og:title\" content=\"Herbalife Protein-Getr\u00e4nkemix Vegan 196g (7x 28g Beutel) - Onlineshop - Selbst\u00e4ndiges HERBALIFE-Mitglied Elija Mairl\" \/>\n<meta property=\"og:description\" content=\"Dies ist die Webseite eines Selbst\u00e4ndigen HERBALIFE-Mitgliedes. Um auf die offizielle HERBALIFE-Webseite zu gelangen, besuchen Sie bitte HERBALIFE.de.\" \/>\n<meta property=\"og:url\" content=\"https:\/\/www.herbashopping.com\/produkt\/herbalife-protein-getraenkemix-vegan-196g-7x-28g-beutel\/\" \/>\n<meta property=\"og:site_name\" content=\"Onlineshop - Selbst\u00e4ndiges HERBALIFE-Mitglied Elija Mairl\" \/>\n<meta property=\"article:modified_time\" content=\"2025-04-11T07:14:53+00:00\" \/>\n<meta property=\"og:image\" content=\"https:\/\/www.herbashopping.com\/wp-content\/uploads\/2025\/01\/441K-.png\" \/>\n\t<meta property=\"og:image:width\" content=\"800\" \/>\n\t<meta property=\"og:image:height\" content=\"800\" \/>\n\t<meta property=\"og:image:type\" content=\"image\/png\" \/>\n<meta name=\"twitter:card\" content=\"summary_large_image\" \/>\n<meta name=\"twitter:label1\" content=\"Est. reading time\" \/>\n\t<meta name=\"twitter:data1\" content=\"2 minutes\" \/>\n<script type=\"application\/ld+json\" class=\"yoast-schema-graph\">{\"@context\":\"https:\/\/schema.org\",\"@graph\":[{\"@type\":\"WebPage\",\"@id\":\"https:\/\/www.herbashopping.com\/produkt\/herbalife-protein-getraenkemix-vegan-196g-7x-28g-beutel\/\",\"url\":\"https:\/\/www.herbashopping.com\/produkt\/herbalife-protein-getraenkemix-vegan-196g-7x-28g-beutel\/\",\"name\":\"Herbalife Protein-Getr\u00e4nkemix Vegan 196g (7x 28g Beutel) - Onlineshop - Selbst\u00e4ndiges HERBALIFE-Mitglied Elija Mairl\",\"isPartOf\":{\"@id\":\"https:\/\/www.herbashopping.com\/#website\"},\"primaryImageOfPage\":{\"@id\":\"https:\/\/www.herbashopping.com\/produkt\/herbalife-protein-getraenkemix-vegan-196g-7x-28g-beutel\/#primaryimage\"},\"image\":{\"@id\":\"https:\/\/www.herbashopping.com\/produkt\/herbalife-protein-getraenkemix-vegan-196g-7x-28g-beutel\/#primaryimage\"},\"thumbnailUrl\":\"https:\/\/www.herbashopping.com\/wp-content\/uploads\/2025\/01\/441K-.png\",\"datePublished\":\"2025-01-13T13:20:28+00:00\",\"dateModified\":\"2025-04-11T07:14:53+00:00\",\"description\":\"Dies ist die Webseite eines Selbst\u00e4ndigen HERBALIFE-Mitgliedes. Um auf die offizielle HERBALIFE-Webseite zu gelangen, besuchen Sie bitte HERBALIFE.de.\",\"breadcrumb\":{\"@id\":\"https:\/\/www.herbashopping.com\/produkt\/herbalife-protein-getraenkemix-vegan-196g-7x-28g-beutel\/#breadcrumb\"},\"inLanguage\":\"en-US\",\"potentialAction\":[{\"@type\":\"ReadAction\",\"target\":[\"https:\/\/www.herbashopping.com\/produkt\/herbalife-protein-getraenkemix-vegan-196g-7x-28g-beutel\/\"]}]},{\"@type\":\"ImageObject\",\"inLanguage\":\"en-US\",\"@id\":\"https:\/\/www.herbashopping.com\/produkt\/herbalife-protein-getraenkemix-vegan-196g-7x-28g-beutel\/#primaryimage\",\"url\":\"https:\/\/www.herbashopping.com\/wp-content\/uploads\/2025\/01\/441K-.png\",\"contentUrl\":\"https:\/\/www.herbashopping.com\/wp-content\/uploads\/2025\/01\/441K-.png\",\"width\":800,\"height\":800},{\"@type\":\"BreadcrumbList\",\"@id\":\"https:\/\/www.herbashopping.com\/produkt\/herbalife-protein-getraenkemix-vegan-196g-7x-28g-beutel\/#breadcrumb\",\"itemListElement\":[{\"@type\":\"ListItem\",\"position\":1,\"name\":\"Startseite\",\"item\":\"https:\/\/www.herbashopping.com\/en\/\"},{\"@type\":\"ListItem\",\"position\":2,\"name\":\"Product Overview\",\"item\":\"https:\/\/www.herbashopping.com\/en\/shop\/\"},{\"@type\":\"ListItem\",\"position\":3,\"name\":\"Herbalife Protein-Getr\u00e4nkemix Vegan 196g (7x 28g Beutel)\"}]},{\"@type\":\"WebSite\",\"@id\":\"https:\/\/www.herbashopping.com\/#website\",\"url\":\"https:\/\/www.herbashopping.com\/\",\"name\":\"Onlineshop - Selbst\u00e4ndiges HERBALIFE-Mitglied Elija Mairl\",\"description\":\"\",\"publisher\":{\"@id\":\"https:\/\/www.herbashopping.com\/#organization\"},\"potentialAction\":[{\"@type\":\"SearchAction\",\"target\":{\"@type\":\"EntryPoint\",\"urlTemplate\":\"https:\/\/www.herbashopping.com\/?s={search_term_string}\"},\"query-input\":{\"@type\":\"PropertyValueSpecification\",\"valueRequired\":true,\"valueName\":\"search_term_string\"}}],\"inLanguage\":\"en-US\"},{\"@type\":\"Organization\",\"@id\":\"https:\/\/www.herbashopping.com\/#organization\",\"name\":\"Herba-Onlineshop Elija Mairl\",\"url\":\"https:\/\/www.herbashopping.com\/\",\"logo\":{\"@type\":\"ImageObject\",\"inLanguage\":\"en-US\",\"@id\":\"https:\/\/www.herbashopping.com\/#\/schema\/logo\/image\/\",\"url\":\"https:\/\/www.herbashopping.com\/wp-content\/uploads\/2019\/03\/logo_08.2017_header.png\",\"contentUrl\":\"https:\/\/www.herbashopping.com\/wp-content\/uploads\/2019\/03\/logo_08.2017_header.png\",\"width\":300,\"height\":76,\"caption\":\"Herba-Onlineshop Elija Mairl\"},\"image\":{\"@id\":\"https:\/\/www.herbashopping.com\/#\/schema\/logo\/image\/\"}}]}<\/script>\n<!-- \/ Yoast SEO plugin. -->","yoast_head_json":{"title":"Herbalife Protein-Getr\u00e4nkemix Vegan 196g (7x 28g Beutel) - Onlineshop - Selbst\u00e4ndiges HERBALIFE-Mitglied Elija Mairl","description":"Dies ist die Webseite eines Selbst\u00e4ndigen HERBALIFE-Mitgliedes. Um auf die offizielle HERBALIFE-Webseite zu gelangen, besuchen Sie bitte HERBALIFE.de.","robots":{"index":"index","follow":"follow","max-snippet":"max-snippet:-1","max-image-preview":"max-image-preview:large","max-video-preview":"max-video-preview:-1"},"canonical":"https:\/\/www.herbashopping.com\/produkt\/herbalife-protein-getraenkemix-vegan-196g-7x-28g-beutel\/","og_locale":"en_US","og_type":"article","og_title":"Herbalife Protein-Getr\u00e4nkemix Vegan 196g (7x 28g Beutel) - Onlineshop - Selbst\u00e4ndiges HERBALIFE-Mitglied Elija Mairl","og_description":"Dies ist die Webseite eines Selbst\u00e4ndigen HERBALIFE-Mitgliedes. Um auf die offizielle HERBALIFE-Webseite zu gelangen, besuchen Sie bitte HERBALIFE.de.","og_url":"https:\/\/www.herbashopping.com\/produkt\/herbalife-protein-getraenkemix-vegan-196g-7x-28g-beutel\/","og_site_name":"Onlineshop - Selbst\u00e4ndiges HERBALIFE-Mitglied Elija Mairl","article_modified_time":"2025-04-11T07:14:53+00:00","og_image":[{"width":800,"height":800,"url":"https:\/\/www.herbashopping.com\/wp-content\/uploads\/2025\/01\/441K-.png","type":"image\/png"}],"twitter_card":"summary_large_image","twitter_misc":{"Est. reading time":"2 minutes"},"schema":{"@context":"https:\/\/schema.org","@graph":[{"@type":"WebPage","@id":"https:\/\/www.herbashopping.com\/produkt\/herbalife-protein-getraenkemix-vegan-196g-7x-28g-beutel\/","url":"https:\/\/www.herbashopping.com\/produkt\/herbalife-protein-getraenkemix-vegan-196g-7x-28g-beutel\/","name":"Herbalife Protein-Getr\u00e4nkemix Vegan 196g (7x 28g Beutel) - Onlineshop - Selbst\u00e4ndiges HERBALIFE-Mitglied Elija Mairl","isPartOf":{"@id":"https:\/\/www.herbashopping.com\/#website"},"primaryImageOfPage":{"@id":"https:\/\/www.herbashopping.com\/produkt\/herbalife-protein-getraenkemix-vegan-196g-7x-28g-beutel\/#primaryimage"},"image":{"@id":"https:\/\/www.herbashopping.com\/produkt\/herbalife-protein-getraenkemix-vegan-196g-7x-28g-beutel\/#primaryimage"},"thumbnailUrl":"https:\/\/www.herbashopping.com\/wp-content\/uploads\/2025\/01\/441K-.png","datePublished":"2025-01-13T13:20:28+00:00","dateModified":"2025-04-11T07:14:53+00:00","description":"Dies ist die Webseite eines Selbst\u00e4ndigen HERBALIFE-Mitgliedes. Um auf die offizielle HERBALIFE-Webseite zu gelangen, besuchen Sie bitte HERBALIFE.de.","breadcrumb":{"@id":"https:\/\/www.herbashopping.com\/produkt\/herbalife-protein-getraenkemix-vegan-196g-7x-28g-beutel\/#breadcrumb"},"inLanguage":"en-US","potentialAction":[{"@type":"ReadAction","target":["https:\/\/www.herbashopping.com\/produkt\/herbalife-protein-getraenkemix-vegan-196g-7x-28g-beutel\/"]}]},{"@type":"ImageObject","inLanguage":"en-US","@id":"https:\/\/www.herbashopping.com\/produkt\/herbalife-protein-getraenkemix-vegan-196g-7x-28g-beutel\/#primaryimage","url":"https:\/\/www.herbashopping.com\/wp-content\/uploads\/2025\/01\/441K-.png","contentUrl":"https:\/\/www.herbashopping.com\/wp-content\/uploads\/2025\/01\/441K-.png","width":800,"height":800},{"@type":"BreadcrumbList","@id":"https:\/\/www.herbashopping.com\/produkt\/herbalife-protein-getraenkemix-vegan-196g-7x-28g-beutel\/#breadcrumb","itemListElement":[{"@type":"ListItem","position":1,"name":"Startseite","item":"https:\/\/www.herbashopping.com\/en\/"},{"@type":"ListItem","position":2,"name":"Product Overview","item":"https:\/\/www.herbashopping.com\/en\/shop\/"},{"@type":"ListItem","position":3,"name":"Herbalife Protein-Getr\u00e4nkemix Vegan 196g (7x 28g Beutel)"}]},{"@type":"WebSite","@id":"https:\/\/www.herbashopping.com\/#website","url":"https:\/\/www.herbashopping.com\/","name":"Onlineshop - Selbst\u00e4ndiges HERBALIFE-Mitglied Elija Mairl","description":"","publisher":{"@id":"https:\/\/www.herbashopping.com\/#organization"},"potentialAction":[{"@type":"SearchAction","target":{"@type":"EntryPoint","urlTemplate":"https:\/\/www.herbashopping.com\/?s={search_term_string}"},"query-input":{"@type":"PropertyValueSpecification","valueRequired":true,"valueName":"search_term_string"}}],"inLanguage":"en-US"},{"@type":"Organization","@id":"https:\/\/www.herbashopping.com\/#organization","name":"Herba-Onlineshop Elija Mairl","url":"https:\/\/www.herbashopping.com\/","logo":{"@type":"ImageObject","inLanguage":"en-US","@id":"https:\/\/www.herbashopping.com\/#\/schema\/logo\/image\/","url":"https:\/\/www.herbashopping.com\/wp-content\/uploads\/2019\/03\/logo_08.2017_header.png","contentUrl":"https:\/\/www.herbashopping.com\/wp-content\/uploads\/2019\/03\/logo_08.2017_header.png","width":300,"height":76,"caption":"Herba-Onlineshop Elija Mairl"},"image":{"@id":"https:\/\/www.herbashopping.com\/#\/schema\/logo\/image\/"}}]}},"_links":{"self":[{"href":"https:\/\/www.herbashopping.com\/en\/wp-json\/wp\/v2\/product\/19599","targetHints":{"allow":["GET"]}}],"collection":[{"href":"https:\/\/www.herbashopping.com\/en\/wp-json\/wp\/v2\/product"}],"about":[{"href":"https:\/\/www.herbashopping.com\/en\/wp-json\/wp\/v2\/types\/product"}],"replies":[{"embeddable":true,"href":"https:\/\/www.herbashopping.com\/en\/wp-json\/wp\/v2\/comments?post=19599"}],"wp:featuredmedia":[{"embeddable":true,"href":"https:\/\/www.herbashopping.com\/en\/wp-json\/wp\/v2\/media\/19587"}],"wp:attachment":[{"href":"https:\/\/www.herbashopping.com\/en\/wp-json\/wp\/v2\/media?parent=19599"}],"wp:term":[{"taxonomy":"product_brand","embeddable":true,"href":"https:\/\/www.herbashopping.com\/en\/wp-json\/wp\/v2\/product_brand?post=19599"},{"taxonomy":"product_cat","embeddable":true,"href":"https:\/\/www.herbashopping.com\/en\/wp-json\/wp\/v2\/product_cat?post=19599"},{"taxonomy":"product_tag","embeddable":true,"href":"https:\/\/www.herbashopping.com\/en\/wp-json\/wp\/v2\/product_tag?post=19599"}],"curies":[{"name":"wp","href":"https:\/\/api.w.org\/{rel}","templated":true}]}}