{"id":20272,"date":"2025-02-25T11:33:53","date_gmt":"2025-02-25T10:33:53","guid":{"rendered":"https:\/\/www.herbashopping.com\/?post_type=product&#038;p=20272"},"modified":"2026-02-13T10:24:33","modified_gmt":"2026-02-13T09:24:33","slug":"monatsprogramm-zum-abnehmen-von-herbalife-empfohlen","status":"publish","type":"product","link":"https:\/\/www.herbashopping.com\/en\/product\/monatsprogramm-zum-abnehmen-von-herbalife-empfohlen\/","title":{"rendered":"Monatsprogramm zum Abnehmen von Herbalife empfohlen"},"content":{"rendered":"<p><strong>Herbalife Monatsprogramm<\/strong><\/p>\n<p>Mit diesem Programm starten Sie am Morgen schon durch.<\/p>\n<p><strong>Herbalife TEE<\/strong><br \/>\nDer Tee ist das perfekte Kr\u00e4utergetr\u00e4nk f\u00fcr den Start in den Morgen oder als Muntermacher am Nachmittag.<br \/>\nTrinke und genie\u00dfe den erfrischenden Geschmack dieses einzigartigen kalorienarmen Kr\u00e4utergetr\u00e4nks, das jeweils 87,5 Milligramm Koffein enth\u00e4lt.<\/p>\n<p><strong>Herbalife Aloe Getr\u00e4nkekonzentrat<\/strong><br \/>\nGib deinem Wasser eine k\u00f6stliche Note mit Aloe Vera Getr\u04d3nkekonzentrat.<br \/>\nAloe Getr\u00e4nkemix mit subtilem Geschmack ist kalorienarm, enth\u00e4lt hochwertigen Aloe Vera Saft und wurde speziell entwickelt, um dir zu helfen, deinen Fl\u00fcssigkeitsbedarf zu decken.<\/p>\n<p><strong>Herbalife Phyto Booster<\/strong><br \/>\nErlebe die Kraft der Natur mit Phyto Booster.<br \/>\nDiese phyton\u00e4hrstoffreiche Kapsel enth\u00e4lt Fiit-NS\u2122, einen wissenschaftlich erforschten Inhaltsstoff mit wichtigen Mikron\u00e4hrstoffen<br \/>\nund einer Mischung aus Pflanzenextrakten.<br \/>\nPhyto Booster enth\u00e4lt nat\u00fcrliches Koffein, Vitamin C, Vitamin B3 und Chrom* sowie Phyton\u00e4hrstoffe aus Pflanzenextrakten wie Guarana, gr\u00fcnem Tee, Grapefruit, Trauben und schwarzer Karotte.<br \/>\nUnterst\u00fctze deine t\u00e4gliche Routine mit einer t\u00e4glichen Dosis Phyto Booster \u2013 der Natur verbunden und wissenschaftlich gest\u00fctzt.<br \/>\n*Vitamin B3 und Vitamin C tragen zu einem normalen Energiestoffwechsel und zur Verringerung von M\u00fcdigkeit und Erm\u00fcdung bei, w\u00e4hrend Chrom zu einem normalen Stoffwechsel von Makron\u00e4hrstoffen sowie zur Aufrechterhaltung eines normalen Blutzuckerspiegels beitr\u00e4gt.<\/p>\n<p><strong>Herbalife Formula 1 Shake<\/strong><br \/>\nGanz gleich, ob du dein Gewicht kontrollieren willst oder einfach nur eine bequeme Option f\u00fcr eine ausgewogene Ern\u00e4hrung im Alltag suchst, Formula 1 Gesunde Mahlzeit ist die L\u00f6sung, um deinem K\u00f6rper das zu geben, was er braucht, ohne auf Geschmack oder Bequemlichkeit verzichten zu m\u00fcssen.<br \/>\nGenie\u00dfe diesen Shake als nahrhafte Alternative zum Fr\u00fchst\u00fcck, Mittag- oder Abendessen. Formula 1 wurde entwickelt, um sicherzustellen, dass du das richtige Gleichgewicht an N\u00e4hrstoffen erh\u00e4ltst und gleichzeitig deine Kalorienzahl im Blick beh\u00e4ltst.<\/p>\n","protected":false},"excerpt":{"rendered":"<p>Packungsinhalt:<\/p>\n<p>2 Herbalife Formula 1 Shake, Geschmack w\u00e4hlbar<br \/>\n1 Herbalife Aloe Getr\u00e4nkekonzentrat, Geschmack w\u00e4hlbar<br \/>\n1 Herbalife Tee 51g,Geschmack w\u00e4hlbar<br \/>\n1 Herbalife Phyto Booster (Presslinge sind im Beutel, siehe Bild)<\/p>\n","protected":false},"featured_media":21783,"comment_status":"closed","ping_status":"closed","template":"","meta":{"_acf_changed":false},"product_brand":[],"product_cat":[28,15],"product_tag":[375,376],"class_list":{"0":"post-20272","1":"product","2":"type-product","3":"status-publish","4":"has-post-thumbnail","6":"product_cat-startprogramme","7":"product_cat-unkategorisiert","8":"product_tag-monat","9":"product_tag-monatsprogramm","10":"pa_geschmack-aloe-drink-mango-1065","11":"pa_geschmack-aloe-drink-neutral-0006","12":"pa_geschmack-shake-1-banana-cream-sku-4462","13":"pa_geschmack-shake-1-cafe-latte-sku-4465","14":"pa_geschmack-shake-1-cookie-crunch-sku-4467","15":"pa_geschmack-shake-1-erdbeere-sku-4463","16":"pa_geschmack-shake-1-minze-schokolade-sku-4471","17":"pa_geschmack-shake-1-himbeer-weisse-schokolade-sku-4469","18":"pa_geschmack-shake-1-smooth-chocolate-sku-4468","19":"pa_geschmack-shake-1-vanilla-creme-sku-4466","20":"pa_geschmack-shake-2-banana-cream-4462","21":"pa_geschmack-shake-2-cafe-latte-4465","22":"pa_geschmack-shake-2-cookie-crunch-4467","23":"pa_geschmack-shake-2-erdbeere-4463","24":"pa_geschmack-shake-2-mint-chocolate-2","25":"pa_geschmack-shake-2-ohne-soja-laktose-und-gluten-himbeere-und-weisse-schokolade","26":"pa_geschmack-shake-2-smooth-chocolate-4468","27":"pa_geschmack-shake-2-vanilla-creme-4466","28":"pa_geschmack-tee-himbeer-sku-182k","29":"pa_geschmack-tee-original-sku-178k","30":"pa_geschmack-tee-pfirsich-sku-181k","31":"pa_geschmack-tee-zitrone-sku-180k","33":"first","34":"instock","35":"sale","36":"taxable","37":"shipping-taxable","38":"purchasable","39":"product-type-variable"},"acf":[],"yoast_head":"<!-- This site is optimized with the Yoast SEO plugin v27.2 - https:\/\/yoast.com\/product\/yoast-seo-wordpress\/ -->\n<title>Monatsprogramm zum Abnehmen von Herbalife empfohlen - Onlineshop - Selbst\u00e4ndiges HERBALIFE-Mitglied Elija Mairl<\/title>\n<meta name=\"description\" content=\"Dies ist die Webseite eines Selbst\u00e4ndigen HERBALIFE-Mitgliedes. Um auf die offizielle HERBALIFE-Webseite zu gelangen, besuchen Sie bitte HERBALIFE.de.\" \/>\n<meta name=\"robots\" content=\"index, follow, max-snippet:-1, max-image-preview:large, max-video-preview:-1\" \/>\n<link rel=\"canonical\" href=\"https:\/\/www.herbashopping.com\/produkt\/monatsprogramm-zum-abnehmen-von-herbalife-empfohlen\/\" \/>\n<meta property=\"og:locale\" content=\"en_US\" \/>\n<meta property=\"og:type\" content=\"article\" \/>\n<meta property=\"og:title\" content=\"Monatsprogramm zum Abnehmen von Herbalife empfohlen - Onlineshop - Selbst\u00e4ndiges HERBALIFE-Mitglied Elija Mairl\" \/>\n<meta property=\"og:description\" content=\"Dies ist die Webseite eines Selbst\u00e4ndigen HERBALIFE-Mitgliedes. Um auf die offizielle HERBALIFE-Webseite zu gelangen, besuchen Sie bitte HERBALIFE.de.\" \/>\n<meta property=\"og:url\" content=\"https:\/\/www.herbashopping.com\/produkt\/monatsprogramm-zum-abnehmen-von-herbalife-empfohlen\/\" \/>\n<meta property=\"og:site_name\" content=\"Onlineshop - Selbst\u00e4ndiges HERBALIFE-Mitglied Elija Mairl\" \/>\n<meta property=\"article:modified_time\" content=\"2026-02-13T09:24:33+00:00\" \/>\n<meta property=\"og:image\" content=\"https:\/\/www.herbashopping.com\/wp-content\/uploads\/2026\/02\/Phyto-Booster-Starter-Kit-Wiederhergestellt.png\" \/>\n\t<meta property=\"og:image:width\" content=\"1000\" \/>\n\t<meta property=\"og:image:height\" content=\"1000\" \/>\n\t<meta property=\"og:image:type\" content=\"image\/png\" \/>\n<meta name=\"twitter:card\" content=\"summary_large_image\" \/>\n<meta name=\"twitter:label1\" content=\"Est. reading time\" \/>\n\t<meta name=\"twitter:data1\" content=\"2 minutes\" \/>\n<script type=\"application\/ld+json\" class=\"yoast-schema-graph\">{\"@context\":\"https:\/\/schema.org\",\"@graph\":[{\"@type\":\"WebPage\",\"@id\":\"https:\/\/www.herbashopping.com\/produkt\/monatsprogramm-zum-abnehmen-von-herbalife-empfohlen\/\",\"url\":\"https:\/\/www.herbashopping.com\/produkt\/monatsprogramm-zum-abnehmen-von-herbalife-empfohlen\/\",\"name\":\"Monatsprogramm zum Abnehmen von Herbalife empfohlen - Onlineshop - Selbst\u00e4ndiges HERBALIFE-Mitglied Elija Mairl\",\"isPartOf\":{\"@id\":\"https:\/\/www.herbashopping.com\/#website\"},\"primaryImageOfPage\":{\"@id\":\"https:\/\/www.herbashopping.com\/produkt\/monatsprogramm-zum-abnehmen-von-herbalife-empfohlen\/#primaryimage\"},\"image\":{\"@id\":\"https:\/\/www.herbashopping.com\/produkt\/monatsprogramm-zum-abnehmen-von-herbalife-empfohlen\/#primaryimage\"},\"thumbnailUrl\":\"https:\/\/www.herbashopping.com\/wp-content\/uploads\/2026\/02\/Phyto-Booster-Starter-Kit-Wiederhergestellt.png\",\"datePublished\":\"2025-02-25T10:33:53+00:00\",\"dateModified\":\"2026-02-13T09:24:33+00:00\",\"description\":\"Dies ist die Webseite eines Selbst\u00e4ndigen HERBALIFE-Mitgliedes. Um auf die offizielle HERBALIFE-Webseite zu gelangen, besuchen Sie bitte HERBALIFE.de.\",\"breadcrumb\":{\"@id\":\"https:\/\/www.herbashopping.com\/produkt\/monatsprogramm-zum-abnehmen-von-herbalife-empfohlen\/#breadcrumb\"},\"inLanguage\":\"en-US\",\"potentialAction\":[{\"@type\":\"ReadAction\",\"target\":[\"https:\/\/www.herbashopping.com\/produkt\/monatsprogramm-zum-abnehmen-von-herbalife-empfohlen\/\"]}]},{\"@type\":\"ImageObject\",\"inLanguage\":\"en-US\",\"@id\":\"https:\/\/www.herbashopping.com\/produkt\/monatsprogramm-zum-abnehmen-von-herbalife-empfohlen\/#primaryimage\",\"url\":\"https:\/\/www.herbashopping.com\/wp-content\/uploads\/2026\/02\/Phyto-Booster-Starter-Kit-Wiederhergestellt.png\",\"contentUrl\":\"https:\/\/www.herbashopping.com\/wp-content\/uploads\/2026\/02\/Phyto-Booster-Starter-Kit-Wiederhergestellt.png\",\"width\":1000,\"height\":1000},{\"@type\":\"BreadcrumbList\",\"@id\":\"https:\/\/www.herbashopping.com\/produkt\/monatsprogramm-zum-abnehmen-von-herbalife-empfohlen\/#breadcrumb\",\"itemListElement\":[{\"@type\":\"ListItem\",\"position\":1,\"name\":\"Startseite\",\"item\":\"https:\/\/www.herbashopping.com\/en\/\"},{\"@type\":\"ListItem\",\"position\":2,\"name\":\"Product Overview\",\"item\":\"https:\/\/www.herbashopping.com\/en\/shop\/\"},{\"@type\":\"ListItem\",\"position\":3,\"name\":\"Monatsprogramm zum Abnehmen von Herbalife empfohlen\"}]},{\"@type\":\"WebSite\",\"@id\":\"https:\/\/www.herbashopping.com\/#website\",\"url\":\"https:\/\/www.herbashopping.com\/\",\"name\":\"Onlineshop - Selbst\u00e4ndiges HERBALIFE-Mitglied Elija Mairl\",\"description\":\"\",\"publisher\":{\"@id\":\"https:\/\/www.herbashopping.com\/#organization\"},\"potentialAction\":[{\"@type\":\"SearchAction\",\"target\":{\"@type\":\"EntryPoint\",\"urlTemplate\":\"https:\/\/www.herbashopping.com\/?s={search_term_string}\"},\"query-input\":{\"@type\":\"PropertyValueSpecification\",\"valueRequired\":true,\"valueName\":\"search_term_string\"}}],\"inLanguage\":\"en-US\"},{\"@type\":\"Organization\",\"@id\":\"https:\/\/www.herbashopping.com\/#organization\",\"name\":\"Herba-Onlineshop Elija Mairl\",\"url\":\"https:\/\/www.herbashopping.com\/\",\"logo\":{\"@type\":\"ImageObject\",\"inLanguage\":\"en-US\",\"@id\":\"https:\/\/www.herbashopping.com\/#\/schema\/logo\/image\/\",\"url\":\"https:\/\/www.herbashopping.com\/wp-content\/uploads\/2019\/03\/logo_08.2017_header.png\",\"contentUrl\":\"https:\/\/www.herbashopping.com\/wp-content\/uploads\/2019\/03\/logo_08.2017_header.png\",\"width\":300,\"height\":76,\"caption\":\"Herba-Onlineshop Elija Mairl\"},\"image\":{\"@id\":\"https:\/\/www.herbashopping.com\/#\/schema\/logo\/image\/\"}}]}<\/script>\n<!-- \/ Yoast SEO plugin. -->","yoast_head_json":{"title":"Monatsprogramm zum Abnehmen von Herbalife empfohlen - Onlineshop - Selbst\u00e4ndiges HERBALIFE-Mitglied Elija Mairl","description":"Dies ist die Webseite eines Selbst\u00e4ndigen HERBALIFE-Mitgliedes. Um auf die offizielle HERBALIFE-Webseite zu gelangen, besuchen Sie bitte HERBALIFE.de.","robots":{"index":"index","follow":"follow","max-snippet":"max-snippet:-1","max-image-preview":"max-image-preview:large","max-video-preview":"max-video-preview:-1"},"canonical":"https:\/\/www.herbashopping.com\/produkt\/monatsprogramm-zum-abnehmen-von-herbalife-empfohlen\/","og_locale":"en_US","og_type":"article","og_title":"Monatsprogramm zum Abnehmen von Herbalife empfohlen - Onlineshop - Selbst\u00e4ndiges HERBALIFE-Mitglied Elija Mairl","og_description":"Dies ist die Webseite eines Selbst\u00e4ndigen HERBALIFE-Mitgliedes. Um auf die offizielle HERBALIFE-Webseite zu gelangen, besuchen Sie bitte HERBALIFE.de.","og_url":"https:\/\/www.herbashopping.com\/produkt\/monatsprogramm-zum-abnehmen-von-herbalife-empfohlen\/","og_site_name":"Onlineshop - Selbst\u00e4ndiges HERBALIFE-Mitglied Elija Mairl","article_modified_time":"2026-02-13T09:24:33+00:00","og_image":[{"width":1000,"height":1000,"url":"https:\/\/www.herbashopping.com\/wp-content\/uploads\/2026\/02\/Phyto-Booster-Starter-Kit-Wiederhergestellt.png","type":"image\/png"}],"twitter_card":"summary_large_image","twitter_misc":{"Est. reading time":"2 minutes"},"schema":{"@context":"https:\/\/schema.org","@graph":[{"@type":"WebPage","@id":"https:\/\/www.herbashopping.com\/produkt\/monatsprogramm-zum-abnehmen-von-herbalife-empfohlen\/","url":"https:\/\/www.herbashopping.com\/produkt\/monatsprogramm-zum-abnehmen-von-herbalife-empfohlen\/","name":"Monatsprogramm zum Abnehmen von Herbalife empfohlen - Onlineshop - Selbst\u00e4ndiges HERBALIFE-Mitglied Elija Mairl","isPartOf":{"@id":"https:\/\/www.herbashopping.com\/#website"},"primaryImageOfPage":{"@id":"https:\/\/www.herbashopping.com\/produkt\/monatsprogramm-zum-abnehmen-von-herbalife-empfohlen\/#primaryimage"},"image":{"@id":"https:\/\/www.herbashopping.com\/produkt\/monatsprogramm-zum-abnehmen-von-herbalife-empfohlen\/#primaryimage"},"thumbnailUrl":"https:\/\/www.herbashopping.com\/wp-content\/uploads\/2026\/02\/Phyto-Booster-Starter-Kit-Wiederhergestellt.png","datePublished":"2025-02-25T10:33:53+00:00","dateModified":"2026-02-13T09:24:33+00:00","description":"Dies ist die Webseite eines Selbst\u00e4ndigen HERBALIFE-Mitgliedes. Um auf die offizielle HERBALIFE-Webseite zu gelangen, besuchen Sie bitte HERBALIFE.de.","breadcrumb":{"@id":"https:\/\/www.herbashopping.com\/produkt\/monatsprogramm-zum-abnehmen-von-herbalife-empfohlen\/#breadcrumb"},"inLanguage":"en-US","potentialAction":[{"@type":"ReadAction","target":["https:\/\/www.herbashopping.com\/produkt\/monatsprogramm-zum-abnehmen-von-herbalife-empfohlen\/"]}]},{"@type":"ImageObject","inLanguage":"en-US","@id":"https:\/\/www.herbashopping.com\/produkt\/monatsprogramm-zum-abnehmen-von-herbalife-empfohlen\/#primaryimage","url":"https:\/\/www.herbashopping.com\/wp-content\/uploads\/2026\/02\/Phyto-Booster-Starter-Kit-Wiederhergestellt.png","contentUrl":"https:\/\/www.herbashopping.com\/wp-content\/uploads\/2026\/02\/Phyto-Booster-Starter-Kit-Wiederhergestellt.png","width":1000,"height":1000},{"@type":"BreadcrumbList","@id":"https:\/\/www.herbashopping.com\/produkt\/monatsprogramm-zum-abnehmen-von-herbalife-empfohlen\/#breadcrumb","itemListElement":[{"@type":"ListItem","position":1,"name":"Startseite","item":"https:\/\/www.herbashopping.com\/en\/"},{"@type":"ListItem","position":2,"name":"Product Overview","item":"https:\/\/www.herbashopping.com\/en\/shop\/"},{"@type":"ListItem","position":3,"name":"Monatsprogramm zum Abnehmen von Herbalife empfohlen"}]},{"@type":"WebSite","@id":"https:\/\/www.herbashopping.com\/#website","url":"https:\/\/www.herbashopping.com\/","name":"Onlineshop - Selbst\u00e4ndiges HERBALIFE-Mitglied Elija Mairl","description":"","publisher":{"@id":"https:\/\/www.herbashopping.com\/#organization"},"potentialAction":[{"@type":"SearchAction","target":{"@type":"EntryPoint","urlTemplate":"https:\/\/www.herbashopping.com\/?s={search_term_string}"},"query-input":{"@type":"PropertyValueSpecification","valueRequired":true,"valueName":"search_term_string"}}],"inLanguage":"en-US"},{"@type":"Organization","@id":"https:\/\/www.herbashopping.com\/#organization","name":"Herba-Onlineshop Elija Mairl","url":"https:\/\/www.herbashopping.com\/","logo":{"@type":"ImageObject","inLanguage":"en-US","@id":"https:\/\/www.herbashopping.com\/#\/schema\/logo\/image\/","url":"https:\/\/www.herbashopping.com\/wp-content\/uploads\/2019\/03\/logo_08.2017_header.png","contentUrl":"https:\/\/www.herbashopping.com\/wp-content\/uploads\/2019\/03\/logo_08.2017_header.png","width":300,"height":76,"caption":"Herba-Onlineshop Elija Mairl"},"image":{"@id":"https:\/\/www.herbashopping.com\/#\/schema\/logo\/image\/"}}]}},"_links":{"self":[{"href":"https:\/\/www.herbashopping.com\/en\/wp-json\/wp\/v2\/product\/20272","targetHints":{"allow":["GET"]}}],"collection":[{"href":"https:\/\/www.herbashopping.com\/en\/wp-json\/wp\/v2\/product"}],"about":[{"href":"https:\/\/www.herbashopping.com\/en\/wp-json\/wp\/v2\/types\/product"}],"replies":[{"embeddable":true,"href":"https:\/\/www.herbashopping.com\/en\/wp-json\/wp\/v2\/comments?post=20272"}],"wp:featuredmedia":[{"embeddable":true,"href":"https:\/\/www.herbashopping.com\/en\/wp-json\/wp\/v2\/media\/21783"}],"wp:attachment":[{"href":"https:\/\/www.herbashopping.com\/en\/wp-json\/wp\/v2\/media?parent=20272"}],"wp:term":[{"taxonomy":"product_brand","embeddable":true,"href":"https:\/\/www.herbashopping.com\/en\/wp-json\/wp\/v2\/product_brand?post=20272"},{"taxonomy":"product_cat","embeddable":true,"href":"https:\/\/www.herbashopping.com\/en\/wp-json\/wp\/v2\/product_cat?post=20272"},{"taxonomy":"product_tag","embeddable":true,"href":"https:\/\/www.herbashopping.com\/en\/wp-json\/wp\/v2\/product_tag?post=20272"}],"curies":[{"name":"wp","href":"https:\/\/api.w.org\/{rel}","templated":true}]}}