{"id":21701,"date":"2025-12-09T10:32:46","date_gmt":"2025-12-09T09:32:46","guid":{"rendered":"https:\/\/www.herbashopping.com\/?post_type=product&#038;p=21701"},"modified":"2025-12-09T10:38:34","modified_gmt":"2025-12-09T09:38:34","slug":"herbalife24-rebuild-strength-7-portionspackungen","status":"publish","type":"product","link":"https:\/\/www.herbashopping.com\/en\/product\/herbalife24-rebuild-strength-7-portionspackungen\/","title":{"rendered":"Herbalife24\u00ae Rebuild Strength 7 Portionspackungen"},"content":{"rendered":"<p><b>Rebuild Strength <\/b>ist in jetzt auch <b>in Portionspackungen<\/b> erh\u00e4ltlich.<br \/>\nUnser speziell formulierter Kohlenhydrat-Protein Getr\u00e4nkemix ist f\u00fcr die Erholungsphase zur Verwendung nach anaerobem Training entwickelt.<br \/>\nF\u00f6rdere deine Regeneration nach dem Training* mit Rebuild Strength.<\/p>\n<p>Rebuild Strength ist ein Post-Workout-Recovery-Getr\u00e4nk*, das speziell f\u00fcr Kraftsportler entwickelt wurde. Dieses einzigartige Protein-Sportgetr\u00e4nk mit zus\u00e4tzlichem L-Glutamin und verzweigtkettigen Aminos\u00e4uren (BCAAs) wurde entwickelt, um dir zu helfen, sich nach einem anaeroben Training zu erholen.*<\/p>\n<p>Rebuild Strength ist mit hochwertigem Molkenprotein formuliert und liefert 25 Gramm Protein pro Portion, das zum Wachstum und Erhalt der Muskelmasse beitr\u00e4gt. Rebuild Strength enth\u00e4lt au\u00dferdem eine Mischung aus wichtigen Mikron\u00e4hrstoffen, darunter Vitamin C und Eisen. Eisen tr\u00e4gt zu einem normalen Energiestoffwechsel bei, sowie zur Bildung roter Blutk\u00f6rperchen und zum Sauerstofftransport im K\u00f6rper.<\/p>\n<p>* Kohlenhydrate tragen zur Wiederherstellung der normalen Muskelfunktion nach hochintensiver und lang anhaltender k\u00f6rperlicher Bet\u00e4tigung bei, was zu Muskelerm\u00fcdung und zur Ersch\u00f6pfung der Glykogenspeicher in der Skelettmuskulatur f\u00fchrt. Die positive Wirkung durch den Verzehr von insgesamt 4 g Kohlenhydraten pro kg K\u00f6rpergewicht aus allen Quellen in einzelnen Dosen in den ersten 4 Stunden und sp\u00e4testens 6 Stunden nach Beendigung der sehr intensiven und\/oder sehr langen k\u00f6rperlichen Bet\u00e4tigung, die zur Ersch\u00f6pfung der Muskulatur und der Glykogenvorr\u00e4te in der Skelettmuskulatur f\u00fchrt, erreicht wird.<br \/>\n** Auf verbotene Substanzen getestet. Das Informed-Sport Programm zur Qualit\u00e4tssicherung zertifiziert, dass Proben aller Produktchargen auf verbotene Substanzen getestet und keine verbotenen Substanzen durch das Weltklasse Sport Anti-Doping Labor von LGC gefunden wurden. \u200b\u200b<\/p>\n","protected":false},"excerpt":{"rendered":"<p>F\u00fcr Sporttaschen, Reisen und unterwegs!<\/p>\n<p><a href=\"https:\/\/www.herbashopping.com\/wp-content\/uploads\/2025\/12\/CUT486KV2-00_OP1_HiR_GE_AU_SZ_NFP.pdf\">Etikett Rebuild Strength 7 Portionspackungen<\/a><\/p>\n<p>1 Beutel (50 g) mit 250 ml Wasser mischen. Kr\u00e4ftig sch\u00fctteln. Innerhalb von 30 Minuten nach dem anaeroben Training einnehmen. Genie\u00dfe dieses Produkt im Rahmen einer ausgewogenen und abwechslungsreichen Ern\u00e4hrung als Teil eines gesunden, aktiven Lebensstils.\u200b \u200b<\/p>\n<h5 data-bind=\"visible: KeyBenefits\">Die wichtigsten Vorteile<\/h5>\n<div class=\"disc\" data-bind=\"visible: KeyBenefits, html: KeyBenefits\">\n<ul>\n<li>Liefert 25 g Protein pro Portion<\/li>\n<li>Ist mit hochwertigem Molkenprotein formuliert<\/li>\n<li>Liefert 6,3 mg Eisen pro Portion<\/li>\n<li>Ist reich an Vitamin C<\/li>\n<li>Enth\u00e4lt L-Glutamin und verzweigtkettige Aminos\u00e4uren (BCAAs)<\/li>\n<li>Informed Sports zertifiziert**<\/li>\n<\/ul>\n<\/div>\n","protected":false},"featured_media":21697,"comment_status":"closed","ping_status":"closed","template":"","meta":{"_acf_changed":false},"product_brand":[],"product_cat":[20,24,25,19,17,15],"product_tag":[],"class_list":{"0":"post-21701","1":"product","2":"type-product","3":"status-publish","4":"has-post-thumbnail","6":"product_cat-herbalife-24","7":"product_cat-nahrungserganzung","8":"product_cat-produktubersicht","9":"product_cat-sonstiges","10":"product_cat-sport-fitness","11":"product_cat-unkategorisiert","13":"first","14":"instock","15":"sale","16":"taxable","17":"shipping-taxable","18":"purchasable","19":"product-type-simple"},"acf":[],"yoast_head":"<!-- This site is optimized with the Yoast SEO plugin v27.2 - https:\/\/yoast.com\/product\/yoast-seo-wordpress\/ -->\n<title>Herbalife24\u00ae Rebuild Strength 7 Portionspackungen - Onlineshop - Selbst\u00e4ndiges HERBALIFE-Mitglied Elija Mairl<\/title>\n<meta name=\"description\" content=\"Dies ist die Webseite eines Selbst\u00e4ndigen HERBALIFE-Mitgliedes. Um auf die offizielle HERBALIFE-Webseite zu gelangen, besuchen Sie bitte HERBALIFE.de.\" \/>\n<meta name=\"robots\" content=\"index, follow, max-snippet:-1, max-image-preview:large, max-video-preview:-1\" \/>\n<link rel=\"canonical\" href=\"https:\/\/www.herbashopping.com\/produkt\/herbalife24-rebuild-strength-7-portionspackungen\/\" \/>\n<meta property=\"og:locale\" content=\"en_US\" \/>\n<meta property=\"og:type\" content=\"article\" \/>\n<meta property=\"og:title\" content=\"Herbalife24\u00ae Rebuild Strength 7 Portionspackungen - Onlineshop - Selbst\u00e4ndiges HERBALIFE-Mitglied Elija Mairl\" \/>\n<meta property=\"og:description\" content=\"Dies ist die Webseite eines Selbst\u00e4ndigen HERBALIFE-Mitgliedes. Um auf die offizielle HERBALIFE-Webseite zu gelangen, besuchen Sie bitte HERBALIFE.de.\" \/>\n<meta property=\"og:url\" content=\"https:\/\/www.herbashopping.com\/produkt\/herbalife24-rebuild-strength-7-portionspackungen\/\" \/>\n<meta property=\"og:site_name\" content=\"Onlineshop - Selbst\u00e4ndiges HERBALIFE-Mitglied Elija Mairl\" \/>\n<meta property=\"article:modified_time\" content=\"2025-12-09T09:38:34+00:00\" \/>\n<meta property=\"og:image\" content=\"https:\/\/www.herbashopping.com\/wp-content\/uploads\/2025\/12\/Unbenannt-2.png\" \/>\n\t<meta property=\"og:image:width\" content=\"1000\" \/>\n\t<meta property=\"og:image:height\" content=\"1000\" \/>\n\t<meta property=\"og:image:type\" content=\"image\/png\" \/>\n<meta name=\"twitter:card\" content=\"summary_large_image\" \/>\n<meta name=\"twitter:label1\" content=\"Est. reading time\" \/>\n\t<meta name=\"twitter:data1\" content=\"2 minutes\" \/>\n<script type=\"application\/ld+json\" class=\"yoast-schema-graph\">{\"@context\":\"https:\/\/schema.org\",\"@graph\":[{\"@type\":\"WebPage\",\"@id\":\"https:\/\/www.herbashopping.com\/produkt\/herbalife24-rebuild-strength-7-portionspackungen\/\",\"url\":\"https:\/\/www.herbashopping.com\/produkt\/herbalife24-rebuild-strength-7-portionspackungen\/\",\"name\":\"Herbalife24\u00ae Rebuild Strength 7 Portionspackungen - Onlineshop - Selbst\u00e4ndiges HERBALIFE-Mitglied Elija Mairl\",\"isPartOf\":{\"@id\":\"https:\/\/www.herbashopping.com\/#website\"},\"primaryImageOfPage\":{\"@id\":\"https:\/\/www.herbashopping.com\/produkt\/herbalife24-rebuild-strength-7-portionspackungen\/#primaryimage\"},\"image\":{\"@id\":\"https:\/\/www.herbashopping.com\/produkt\/herbalife24-rebuild-strength-7-portionspackungen\/#primaryimage\"},\"thumbnailUrl\":\"https:\/\/www.herbashopping.com\/wp-content\/uploads\/2025\/12\/Unbenannt-2.png\",\"datePublished\":\"2025-12-09T09:32:46+00:00\",\"dateModified\":\"2025-12-09T09:38:34+00:00\",\"description\":\"Dies ist die Webseite eines Selbst\u00e4ndigen HERBALIFE-Mitgliedes. Um auf die offizielle HERBALIFE-Webseite zu gelangen, besuchen Sie bitte HERBALIFE.de.\",\"breadcrumb\":{\"@id\":\"https:\/\/www.herbashopping.com\/produkt\/herbalife24-rebuild-strength-7-portionspackungen\/#breadcrumb\"},\"inLanguage\":\"en-US\",\"potentialAction\":[{\"@type\":\"ReadAction\",\"target\":[\"https:\/\/www.herbashopping.com\/produkt\/herbalife24-rebuild-strength-7-portionspackungen\/\"]}]},{\"@type\":\"ImageObject\",\"inLanguage\":\"en-US\",\"@id\":\"https:\/\/www.herbashopping.com\/produkt\/herbalife24-rebuild-strength-7-portionspackungen\/#primaryimage\",\"url\":\"https:\/\/www.herbashopping.com\/wp-content\/uploads\/2025\/12\/Unbenannt-2.png\",\"contentUrl\":\"https:\/\/www.herbashopping.com\/wp-content\/uploads\/2025\/12\/Unbenannt-2.png\",\"width\":1000,\"height\":1000},{\"@type\":\"BreadcrumbList\",\"@id\":\"https:\/\/www.herbashopping.com\/produkt\/herbalife24-rebuild-strength-7-portionspackungen\/#breadcrumb\",\"itemListElement\":[{\"@type\":\"ListItem\",\"position\":1,\"name\":\"Startseite\",\"item\":\"https:\/\/www.herbashopping.com\/en\/\"},{\"@type\":\"ListItem\",\"position\":2,\"name\":\"Product Overview\",\"item\":\"https:\/\/www.herbashopping.com\/en\/shop\/\"},{\"@type\":\"ListItem\",\"position\":3,\"name\":\"Herbalife24\u00ae Rebuild Strength 7 Portionspackungen\"}]},{\"@type\":\"WebSite\",\"@id\":\"https:\/\/www.herbashopping.com\/#website\",\"url\":\"https:\/\/www.herbashopping.com\/\",\"name\":\"Onlineshop - Selbst\u00e4ndiges HERBALIFE-Mitglied Elija Mairl\",\"description\":\"\",\"publisher\":{\"@id\":\"https:\/\/www.herbashopping.com\/#organization\"},\"potentialAction\":[{\"@type\":\"SearchAction\",\"target\":{\"@type\":\"EntryPoint\",\"urlTemplate\":\"https:\/\/www.herbashopping.com\/?s={search_term_string}\"},\"query-input\":{\"@type\":\"PropertyValueSpecification\",\"valueRequired\":true,\"valueName\":\"search_term_string\"}}],\"inLanguage\":\"en-US\"},{\"@type\":\"Organization\",\"@id\":\"https:\/\/www.herbashopping.com\/#organization\",\"name\":\"Herba-Onlineshop Elija Mairl\",\"url\":\"https:\/\/www.herbashopping.com\/\",\"logo\":{\"@type\":\"ImageObject\",\"inLanguage\":\"en-US\",\"@id\":\"https:\/\/www.herbashopping.com\/#\/schema\/logo\/image\/\",\"url\":\"https:\/\/www.herbashopping.com\/wp-content\/uploads\/2019\/03\/logo_08.2017_header.png\",\"contentUrl\":\"https:\/\/www.herbashopping.com\/wp-content\/uploads\/2019\/03\/logo_08.2017_header.png\",\"width\":300,\"height\":76,\"caption\":\"Herba-Onlineshop Elija Mairl\"},\"image\":{\"@id\":\"https:\/\/www.herbashopping.com\/#\/schema\/logo\/image\/\"}}]}<\/script>\n<!-- \/ Yoast SEO plugin. -->","yoast_head_json":{"title":"Herbalife24\u00ae Rebuild Strength 7 Portionspackungen - Onlineshop - Selbst\u00e4ndiges HERBALIFE-Mitglied Elija Mairl","description":"Dies ist die Webseite eines Selbst\u00e4ndigen HERBALIFE-Mitgliedes. Um auf die offizielle HERBALIFE-Webseite zu gelangen, besuchen Sie bitte HERBALIFE.de.","robots":{"index":"index","follow":"follow","max-snippet":"max-snippet:-1","max-image-preview":"max-image-preview:large","max-video-preview":"max-video-preview:-1"},"canonical":"https:\/\/www.herbashopping.com\/produkt\/herbalife24-rebuild-strength-7-portionspackungen\/","og_locale":"en_US","og_type":"article","og_title":"Herbalife24\u00ae Rebuild Strength 7 Portionspackungen - Onlineshop - Selbst\u00e4ndiges HERBALIFE-Mitglied Elija Mairl","og_description":"Dies ist die Webseite eines Selbst\u00e4ndigen HERBALIFE-Mitgliedes. Um auf die offizielle HERBALIFE-Webseite zu gelangen, besuchen Sie bitte HERBALIFE.de.","og_url":"https:\/\/www.herbashopping.com\/produkt\/herbalife24-rebuild-strength-7-portionspackungen\/","og_site_name":"Onlineshop - Selbst\u00e4ndiges HERBALIFE-Mitglied Elija Mairl","article_modified_time":"2025-12-09T09:38:34+00:00","og_image":[{"width":1000,"height":1000,"url":"https:\/\/www.herbashopping.com\/wp-content\/uploads\/2025\/12\/Unbenannt-2.png","type":"image\/png"}],"twitter_card":"summary_large_image","twitter_misc":{"Est. reading time":"2 minutes"},"schema":{"@context":"https:\/\/schema.org","@graph":[{"@type":"WebPage","@id":"https:\/\/www.herbashopping.com\/produkt\/herbalife24-rebuild-strength-7-portionspackungen\/","url":"https:\/\/www.herbashopping.com\/produkt\/herbalife24-rebuild-strength-7-portionspackungen\/","name":"Herbalife24\u00ae Rebuild Strength 7 Portionspackungen - Onlineshop - Selbst\u00e4ndiges HERBALIFE-Mitglied Elija Mairl","isPartOf":{"@id":"https:\/\/www.herbashopping.com\/#website"},"primaryImageOfPage":{"@id":"https:\/\/www.herbashopping.com\/produkt\/herbalife24-rebuild-strength-7-portionspackungen\/#primaryimage"},"image":{"@id":"https:\/\/www.herbashopping.com\/produkt\/herbalife24-rebuild-strength-7-portionspackungen\/#primaryimage"},"thumbnailUrl":"https:\/\/www.herbashopping.com\/wp-content\/uploads\/2025\/12\/Unbenannt-2.png","datePublished":"2025-12-09T09:32:46+00:00","dateModified":"2025-12-09T09:38:34+00:00","description":"Dies ist die Webseite eines Selbst\u00e4ndigen HERBALIFE-Mitgliedes. Um auf die offizielle HERBALIFE-Webseite zu gelangen, besuchen Sie bitte HERBALIFE.de.","breadcrumb":{"@id":"https:\/\/www.herbashopping.com\/produkt\/herbalife24-rebuild-strength-7-portionspackungen\/#breadcrumb"},"inLanguage":"en-US","potentialAction":[{"@type":"ReadAction","target":["https:\/\/www.herbashopping.com\/produkt\/herbalife24-rebuild-strength-7-portionspackungen\/"]}]},{"@type":"ImageObject","inLanguage":"en-US","@id":"https:\/\/www.herbashopping.com\/produkt\/herbalife24-rebuild-strength-7-portionspackungen\/#primaryimage","url":"https:\/\/www.herbashopping.com\/wp-content\/uploads\/2025\/12\/Unbenannt-2.png","contentUrl":"https:\/\/www.herbashopping.com\/wp-content\/uploads\/2025\/12\/Unbenannt-2.png","width":1000,"height":1000},{"@type":"BreadcrumbList","@id":"https:\/\/www.herbashopping.com\/produkt\/herbalife24-rebuild-strength-7-portionspackungen\/#breadcrumb","itemListElement":[{"@type":"ListItem","position":1,"name":"Startseite","item":"https:\/\/www.herbashopping.com\/en\/"},{"@type":"ListItem","position":2,"name":"Product Overview","item":"https:\/\/www.herbashopping.com\/en\/shop\/"},{"@type":"ListItem","position":3,"name":"Herbalife24\u00ae Rebuild Strength 7 Portionspackungen"}]},{"@type":"WebSite","@id":"https:\/\/www.herbashopping.com\/#website","url":"https:\/\/www.herbashopping.com\/","name":"Onlineshop - Selbst\u00e4ndiges HERBALIFE-Mitglied Elija Mairl","description":"","publisher":{"@id":"https:\/\/www.herbashopping.com\/#organization"},"potentialAction":[{"@type":"SearchAction","target":{"@type":"EntryPoint","urlTemplate":"https:\/\/www.herbashopping.com\/?s={search_term_string}"},"query-input":{"@type":"PropertyValueSpecification","valueRequired":true,"valueName":"search_term_string"}}],"inLanguage":"en-US"},{"@type":"Organization","@id":"https:\/\/www.herbashopping.com\/#organization","name":"Herba-Onlineshop Elija Mairl","url":"https:\/\/www.herbashopping.com\/","logo":{"@type":"ImageObject","inLanguage":"en-US","@id":"https:\/\/www.herbashopping.com\/#\/schema\/logo\/image\/","url":"https:\/\/www.herbashopping.com\/wp-content\/uploads\/2019\/03\/logo_08.2017_header.png","contentUrl":"https:\/\/www.herbashopping.com\/wp-content\/uploads\/2019\/03\/logo_08.2017_header.png","width":300,"height":76,"caption":"Herba-Onlineshop Elija Mairl"},"image":{"@id":"https:\/\/www.herbashopping.com\/#\/schema\/logo\/image\/"}}]}},"_links":{"self":[{"href":"https:\/\/www.herbashopping.com\/en\/wp-json\/wp\/v2\/product\/21701","targetHints":{"allow":["GET"]}}],"collection":[{"href":"https:\/\/www.herbashopping.com\/en\/wp-json\/wp\/v2\/product"}],"about":[{"href":"https:\/\/www.herbashopping.com\/en\/wp-json\/wp\/v2\/types\/product"}],"replies":[{"embeddable":true,"href":"https:\/\/www.herbashopping.com\/en\/wp-json\/wp\/v2\/comments?post=21701"}],"wp:featuredmedia":[{"embeddable":true,"href":"https:\/\/www.herbashopping.com\/en\/wp-json\/wp\/v2\/media\/21697"}],"wp:attachment":[{"href":"https:\/\/www.herbashopping.com\/en\/wp-json\/wp\/v2\/media?parent=21701"}],"wp:term":[{"taxonomy":"product_brand","embeddable":true,"href":"https:\/\/www.herbashopping.com\/en\/wp-json\/wp\/v2\/product_brand?post=21701"},{"taxonomy":"product_cat","embeddable":true,"href":"https:\/\/www.herbashopping.com\/en\/wp-json\/wp\/v2\/product_cat?post=21701"},{"taxonomy":"product_tag","embeddable":true,"href":"https:\/\/www.herbashopping.com\/en\/wp-json\/wp\/v2\/product_tag?post=21701"}],"curies":[{"name":"wp","href":"https:\/\/api.w.org\/{rel}","templated":true}]}}