{"id":6772,"date":"2019-04-18T08:17:39","date_gmt":"2019-04-18T06:17:39","guid":{"rendered":"https:\/\/www.herbashopping.com\/?post_type=product&#038;p=6772"},"modified":"2025-04-06T15:24:05","modified_gmt":"2025-04-06T13:24:05","slug":"herbalife-tee-50g-de","status":"publish","type":"product","link":"https:\/\/www.herbashopping.com\/en\/product\/herbalife-tee-50g-de\/","title":{"rendered":"Herbalife Tee 51g"},"content":{"rendered":"<p>Instant-Kr\u00e4utergetr\u00e4nk mit Tee-Extrakten<br \/>\nDetails<br \/>\n\u2022 Kalorienarm, nur etwa 6 kcal pro Portion<br \/>\n\u2022 Einzigartige Mischung mit Orange Pekoe \u2013 einem traditionellen schwarzen Tee, und Gr\u00fcntee mit Extrakten aus Malve, Hibiskus und Kardamom<\/p>\n<p>\u2022 Unser Gr\u00fcntee ist wasserextrahiert, um Ihnen das volle Spektrum der Bestandteile des gr\u00fcnen Tees zu bieten<br \/>\n\u2022 Eine Tasse des Instant-Kr\u00e4utergetr\u00e4nks enth\u00e4lt 85 mg Ko ein, um Ihnen zu helfen, die Aufmerksamkeit zu erh\u00f6hen und die Konzentration zu verbessern<br \/>\n\u2022 Hei\u00df oder kalt ein erfrischendes Getr\u00e4nk<\/p>\n<p><a href=\"https:\/\/www.herbashopping.com\/wp-content\/uploads\/2019\/05\/0105_label.pdf\" target=\"_blank\" rel=\"noopener noreferrer\">Etikett Tee Orginal<\/a><\/p>\n<p><a href=\"https:\/\/www.herbashopping.com\/wp-content\/uploads\/2019\/05\/0255_label-1.pdf\" target=\"_blank\" rel=\"noopener noreferrer\">Etikett Tee Zitrone<\/a><\/p>\n<p><a href=\"https:\/\/www.herbashopping.com\/wp-content\/uploads\/2019\/05\/0257_label-1.pdf\" target=\"_blank\" rel=\"noopener noreferrer\">Etikett Tee Pfirsich<\/a><\/p>\n<p><a href=\"https:\/\/www.herbashopping.com\/wp-content\/uploads\/2019\/05\/0256_label-1.pdf\" target=\"_blank\" rel=\"noopener noreferrer\">Etikett Tee Himbeer<\/a><\/p>\n<p>Inhaltsstoffe: Tee Pfirsichgeschmack 3055<\/p>\n<p style=\"font-size: x-small;line-height: 20px\">ZUTATEN: Maltodextrin, Orange Pekoe Tee-Extrakt (20,3 %),<br \/>\nFruktose, Gr\u00fcntee-Extrakt (7,3 %), nat\u00fcrliches Koffeinpulver<br \/>\n(4,1 %), nat\u00fcrliches Pfirsich-Aroma, S\u00fc\u00dfstoff (Acesulfam K),<br \/>\nGeschmacksverst\u00e4rker (Citronens\u00e4ure), Malvenextrakt (0,12 %),<br \/>\nHibiskuspulver (0,12 %), Kardamomextrakt (0,004 %).<\/p>\n<p>Inhaltsstoffe:Tee Himbeer-Geschmack 3054<\/p>\n<p style=\"font-size: x-small;line-height: 20px\">ZUTATEN: Maltodextrin, Orange Pekoe Tee-Extrakt<br \/>\n(20,3 %), Fruktose, Gr\u00fcntee-Extrakt (7,3 %), nat\u00fcrliches<br \/>\nKoffeinpulver (4,1 %), nat\u00fcrliches Himbeeraroma,<br \/>\nS\u00fc\u00dfstoff (Acesulfam K), Geschmacksverst\u00e4rker<br \/>\n(Citronens\u00e4ure), Malvenextrakt (0,12 %), Hibiskuspulver<br \/>\n(0,12 %), Kardamomextrakt (0,004 %).<\/p>\n<p>Inhaltsstoffe:Tee Zitronengeschmack 3053<\/p>\n<p style=\"font-size: x-small;line-height: 20px\">ZUTATEN: Maltodextrin, Orange Pekoe Tee-Extrakt (20,3 %),<br \/>\nFruktose, Gr\u00fcntee-Extrakt (7,3 %), nat\u00fcrliches Koffeinpulver,<br \/>\nStabilisator (modifizierte St\u00e4rke), S\u00fc\u00dfstoff (Acesulfam K),<br \/>\nnat\u00fcrliches Zitronenaroma, Geschmacksverst\u00e4rker<br \/>\n(Zitronens\u00e4ure), Malvenextrakt (0,12 %), Hibiskuspulver<br \/>\n(0,12 %), Kardamomextrakt (0,004 %)<\/p>\n<p>Inhaltsstoffe:Tee Orginal 1195<\/p>\n<p style=\"font-size: x-small;line-height: 20px\">ZUTATEN: Maltodextrin, Fruktose, Orange Pekoe<br \/>\nTee-Extrakt (20,3 %), Gr\u00fcntee-Extrakt (8,2 %), nat\u00fcrliches<br \/>\nKoffeinpulver (4,1 %), Stabilisator (modifizierte St\u00e4rke),<br \/>\nnat\u00fcrliches Zitronenaroma, Malvenextrakt (0,12 %),<br \/>\nHibiskuspulver (0,12 %), Kardamomextrakt (0,004 %).<\/p>\n","protected":false},"excerpt":{"rendered":"<p>Verzehrempfehlung\/Anwendung<br \/>\n1\/2 Teel\u00f6ffel (rund 1,7 g) in 200 &#8211; 250 ml hei\u00dfem oder kaltem Wasser aufl\u00f6sen<\/p>\n","protected":false},"featured_media":9100,"comment_status":"closed","ping_status":"closed","template":"","meta":{"_acf_changed":false},"product_brand":[],"product_cat":[16,25],"product_tag":[148,286],"class_list":{"0":"post-6772","1":"product","2":"type-product","3":"status-publish","4":"has-post-thumbnail","6":"product_cat-gewichtskontrolle","7":"product_cat-produktubersicht","8":"product_tag-tee","9":"product_tag-tee-50g","10":"pa_geschmack-tee-himbeer-sku-182k","11":"pa_geschmack-tee-original-sku-178k","12":"pa_geschmack-tee-pfirsich-sku-181k","13":"pa_geschmack-tee-zitrone-sku-180k","15":"first","16":"instock","17":"sale","18":"taxable","19":"shipping-taxable","20":"purchasable","21":"product-type-variable"},"acf":[],"yoast_head":"<!-- This site is optimized with the Yoast SEO plugin v27.2 - https:\/\/yoast.com\/product\/yoast-seo-wordpress\/ -->\n<title>Herbalife Tee 51g - Onlineshop - Selbst\u00e4ndiges HERBALIFE-Mitglied Elija Mairl<\/title>\n<meta name=\"description\" content=\"Dies ist die Webseite eines Selbst\u00e4ndigen HERBALIFE-Mitgliedes. Um auf die offizielle HERBALIFE-Webseite zu gelangen, besuchen Sie bitte HERBALIFE.de.\" \/>\n<meta name=\"robots\" content=\"index, follow, max-snippet:-1, max-image-preview:large, max-video-preview:-1\" \/>\n<link rel=\"canonical\" href=\"https:\/\/www.herbashopping.com\/produkt\/herbalife-tee-50g-de\/\" \/>\n<meta property=\"og:locale\" content=\"en_US\" \/>\n<meta property=\"og:type\" content=\"article\" \/>\n<meta property=\"og:title\" content=\"Herbalife Tee 51g - Onlineshop - Selbst\u00e4ndiges HERBALIFE-Mitglied Elija Mairl\" \/>\n<meta property=\"og:description\" content=\"Dies ist die Webseite eines Selbst\u00e4ndigen HERBALIFE-Mitgliedes. Um auf die offizielle HERBALIFE-Webseite zu gelangen, besuchen Sie bitte HERBALIFE.de.\" \/>\n<meta property=\"og:url\" content=\"https:\/\/www.herbashopping.com\/produkt\/herbalife-tee-50g-de\/\" \/>\n<meta property=\"og:site_name\" content=\"Onlineshop - Selbst\u00e4ndiges HERBALIFE-Mitglied Elija Mairl\" \/>\n<meta property=\"article:modified_time\" content=\"2025-04-06T13:24:05+00:00\" \/>\n<meta property=\"og:image\" content=\"https:\/\/www.herbashopping.com\/wp-content\/uploads\/2019\/09\/4-tee.png\" \/>\n\t<meta property=\"og:image:width\" content=\"800\" \/>\n\t<meta property=\"og:image:height\" content=\"800\" \/>\n\t<meta property=\"og:image:type\" content=\"image\/png\" \/>\n<meta name=\"twitter:card\" content=\"summary_large_image\" \/>\n<meta name=\"twitter:label1\" content=\"Est. reading time\" \/>\n\t<meta name=\"twitter:data1\" content=\"1 minute\" \/>\n<script type=\"application\/ld+json\" class=\"yoast-schema-graph\">{\"@context\":\"https:\/\/schema.org\",\"@graph\":[{\"@type\":\"WebPage\",\"@id\":\"https:\/\/www.herbashopping.com\/produkt\/herbalife-tee-50g-de\/\",\"url\":\"https:\/\/www.herbashopping.com\/produkt\/herbalife-tee-50g-de\/\",\"name\":\"Herbalife Tee 51g - Onlineshop - Selbst\u00e4ndiges HERBALIFE-Mitglied Elija Mairl\",\"isPartOf\":{\"@id\":\"https:\/\/www.herbashopping.com\/#website\"},\"primaryImageOfPage\":{\"@id\":\"https:\/\/www.herbashopping.com\/produkt\/herbalife-tee-50g-de\/#primaryimage\"},\"image\":{\"@id\":\"https:\/\/www.herbashopping.com\/produkt\/herbalife-tee-50g-de\/#primaryimage\"},\"thumbnailUrl\":\"https:\/\/www.herbashopping.com\/wp-content\/uploads\/2019\/09\/4-tee.png\",\"datePublished\":\"2019-04-18T06:17:39+00:00\",\"dateModified\":\"2025-04-06T13:24:05+00:00\",\"description\":\"Dies ist die Webseite eines Selbst\u00e4ndigen HERBALIFE-Mitgliedes. Um auf die offizielle HERBALIFE-Webseite zu gelangen, besuchen Sie bitte HERBALIFE.de.\",\"breadcrumb\":{\"@id\":\"https:\/\/www.herbashopping.com\/produkt\/herbalife-tee-50g-de\/#breadcrumb\"},\"inLanguage\":\"en-US\",\"potentialAction\":[{\"@type\":\"ReadAction\",\"target\":[\"https:\/\/www.herbashopping.com\/produkt\/herbalife-tee-50g-de\/\"]}]},{\"@type\":\"ImageObject\",\"inLanguage\":\"en-US\",\"@id\":\"https:\/\/www.herbashopping.com\/produkt\/herbalife-tee-50g-de\/#primaryimage\",\"url\":\"https:\/\/www.herbashopping.com\/wp-content\/uploads\/2019\/09\/4-tee.png\",\"contentUrl\":\"https:\/\/www.herbashopping.com\/wp-content\/uploads\/2019\/09\/4-tee.png\",\"width\":800,\"height\":800},{\"@type\":\"BreadcrumbList\",\"@id\":\"https:\/\/www.herbashopping.com\/produkt\/herbalife-tee-50g-de\/#breadcrumb\",\"itemListElement\":[{\"@type\":\"ListItem\",\"position\":1,\"name\":\"Startseite\",\"item\":\"https:\/\/www.herbashopping.com\/en\/\"},{\"@type\":\"ListItem\",\"position\":2,\"name\":\"Product Overview\",\"item\":\"https:\/\/www.herbashopping.com\/en\/shop\/\"},{\"@type\":\"ListItem\",\"position\":3,\"name\":\"Herbalife Tee 51g\"}]},{\"@type\":\"WebSite\",\"@id\":\"https:\/\/www.herbashopping.com\/#website\",\"url\":\"https:\/\/www.herbashopping.com\/\",\"name\":\"Onlineshop - Selbst\u00e4ndiges HERBALIFE-Mitglied Elija Mairl\",\"description\":\"\",\"publisher\":{\"@id\":\"https:\/\/www.herbashopping.com\/#organization\"},\"potentialAction\":[{\"@type\":\"SearchAction\",\"target\":{\"@type\":\"EntryPoint\",\"urlTemplate\":\"https:\/\/www.herbashopping.com\/?s={search_term_string}\"},\"query-input\":{\"@type\":\"PropertyValueSpecification\",\"valueRequired\":true,\"valueName\":\"search_term_string\"}}],\"inLanguage\":\"en-US\"},{\"@type\":\"Organization\",\"@id\":\"https:\/\/www.herbashopping.com\/#organization\",\"name\":\"Herba-Onlineshop Elija Mairl\",\"url\":\"https:\/\/www.herbashopping.com\/\",\"logo\":{\"@type\":\"ImageObject\",\"inLanguage\":\"en-US\",\"@id\":\"https:\/\/www.herbashopping.com\/#\/schema\/logo\/image\/\",\"url\":\"https:\/\/www.herbashopping.com\/wp-content\/uploads\/2019\/03\/logo_08.2017_header.png\",\"contentUrl\":\"https:\/\/www.herbashopping.com\/wp-content\/uploads\/2019\/03\/logo_08.2017_header.png\",\"width\":300,\"height\":76,\"caption\":\"Herba-Onlineshop Elija Mairl\"},\"image\":{\"@id\":\"https:\/\/www.herbashopping.com\/#\/schema\/logo\/image\/\"}}]}<\/script>\n<!-- \/ Yoast SEO plugin. -->","yoast_head_json":{"title":"Herbalife Tee 51g - Onlineshop - Selbst\u00e4ndiges HERBALIFE-Mitglied Elija Mairl","description":"Dies ist die Webseite eines Selbst\u00e4ndigen HERBALIFE-Mitgliedes. Um auf die offizielle HERBALIFE-Webseite zu gelangen, besuchen Sie bitte HERBALIFE.de.","robots":{"index":"index","follow":"follow","max-snippet":"max-snippet:-1","max-image-preview":"max-image-preview:large","max-video-preview":"max-video-preview:-1"},"canonical":"https:\/\/www.herbashopping.com\/produkt\/herbalife-tee-50g-de\/","og_locale":"en_US","og_type":"article","og_title":"Herbalife Tee 51g - Onlineshop - Selbst\u00e4ndiges HERBALIFE-Mitglied Elija Mairl","og_description":"Dies ist die Webseite eines Selbst\u00e4ndigen HERBALIFE-Mitgliedes. Um auf die offizielle HERBALIFE-Webseite zu gelangen, besuchen Sie bitte HERBALIFE.de.","og_url":"https:\/\/www.herbashopping.com\/produkt\/herbalife-tee-50g-de\/","og_site_name":"Onlineshop - Selbst\u00e4ndiges HERBALIFE-Mitglied Elija Mairl","article_modified_time":"2025-04-06T13:24:05+00:00","og_image":[{"width":800,"height":800,"url":"https:\/\/www.herbashopping.com\/wp-content\/uploads\/2019\/09\/4-tee.png","type":"image\/png"}],"twitter_card":"summary_large_image","twitter_misc":{"Est. reading time":"1 minute"},"schema":{"@context":"https:\/\/schema.org","@graph":[{"@type":"WebPage","@id":"https:\/\/www.herbashopping.com\/produkt\/herbalife-tee-50g-de\/","url":"https:\/\/www.herbashopping.com\/produkt\/herbalife-tee-50g-de\/","name":"Herbalife Tee 51g - Onlineshop - Selbst\u00e4ndiges HERBALIFE-Mitglied Elija Mairl","isPartOf":{"@id":"https:\/\/www.herbashopping.com\/#website"},"primaryImageOfPage":{"@id":"https:\/\/www.herbashopping.com\/produkt\/herbalife-tee-50g-de\/#primaryimage"},"image":{"@id":"https:\/\/www.herbashopping.com\/produkt\/herbalife-tee-50g-de\/#primaryimage"},"thumbnailUrl":"https:\/\/www.herbashopping.com\/wp-content\/uploads\/2019\/09\/4-tee.png","datePublished":"2019-04-18T06:17:39+00:00","dateModified":"2025-04-06T13:24:05+00:00","description":"Dies ist die Webseite eines Selbst\u00e4ndigen HERBALIFE-Mitgliedes. Um auf die offizielle HERBALIFE-Webseite zu gelangen, besuchen Sie bitte HERBALIFE.de.","breadcrumb":{"@id":"https:\/\/www.herbashopping.com\/produkt\/herbalife-tee-50g-de\/#breadcrumb"},"inLanguage":"en-US","potentialAction":[{"@type":"ReadAction","target":["https:\/\/www.herbashopping.com\/produkt\/herbalife-tee-50g-de\/"]}]},{"@type":"ImageObject","inLanguage":"en-US","@id":"https:\/\/www.herbashopping.com\/produkt\/herbalife-tee-50g-de\/#primaryimage","url":"https:\/\/www.herbashopping.com\/wp-content\/uploads\/2019\/09\/4-tee.png","contentUrl":"https:\/\/www.herbashopping.com\/wp-content\/uploads\/2019\/09\/4-tee.png","width":800,"height":800},{"@type":"BreadcrumbList","@id":"https:\/\/www.herbashopping.com\/produkt\/herbalife-tee-50g-de\/#breadcrumb","itemListElement":[{"@type":"ListItem","position":1,"name":"Startseite","item":"https:\/\/www.herbashopping.com\/en\/"},{"@type":"ListItem","position":2,"name":"Product Overview","item":"https:\/\/www.herbashopping.com\/en\/shop\/"},{"@type":"ListItem","position":3,"name":"Herbalife Tee 51g"}]},{"@type":"WebSite","@id":"https:\/\/www.herbashopping.com\/#website","url":"https:\/\/www.herbashopping.com\/","name":"Onlineshop - Selbst\u00e4ndiges HERBALIFE-Mitglied Elija Mairl","description":"","publisher":{"@id":"https:\/\/www.herbashopping.com\/#organization"},"potentialAction":[{"@type":"SearchAction","target":{"@type":"EntryPoint","urlTemplate":"https:\/\/www.herbashopping.com\/?s={search_term_string}"},"query-input":{"@type":"PropertyValueSpecification","valueRequired":true,"valueName":"search_term_string"}}],"inLanguage":"en-US"},{"@type":"Organization","@id":"https:\/\/www.herbashopping.com\/#organization","name":"Herba-Onlineshop Elija Mairl","url":"https:\/\/www.herbashopping.com\/","logo":{"@type":"ImageObject","inLanguage":"en-US","@id":"https:\/\/www.herbashopping.com\/#\/schema\/logo\/image\/","url":"https:\/\/www.herbashopping.com\/wp-content\/uploads\/2019\/03\/logo_08.2017_header.png","contentUrl":"https:\/\/www.herbashopping.com\/wp-content\/uploads\/2019\/03\/logo_08.2017_header.png","width":300,"height":76,"caption":"Herba-Onlineshop Elija Mairl"},"image":{"@id":"https:\/\/www.herbashopping.com\/#\/schema\/logo\/image\/"}}]}},"_links":{"self":[{"href":"https:\/\/www.herbashopping.com\/en\/wp-json\/wp\/v2\/product\/6772","targetHints":{"allow":["GET"]}}],"collection":[{"href":"https:\/\/www.herbashopping.com\/en\/wp-json\/wp\/v2\/product"}],"about":[{"href":"https:\/\/www.herbashopping.com\/en\/wp-json\/wp\/v2\/types\/product"}],"replies":[{"embeddable":true,"href":"https:\/\/www.herbashopping.com\/en\/wp-json\/wp\/v2\/comments?post=6772"}],"wp:featuredmedia":[{"embeddable":true,"href":"https:\/\/www.herbashopping.com\/en\/wp-json\/wp\/v2\/media\/9100"}],"wp:attachment":[{"href":"https:\/\/www.herbashopping.com\/en\/wp-json\/wp\/v2\/media?parent=6772"}],"wp:term":[{"taxonomy":"product_brand","embeddable":true,"href":"https:\/\/www.herbashopping.com\/en\/wp-json\/wp\/v2\/product_brand?post=6772"},{"taxonomy":"product_cat","embeddable":true,"href":"https:\/\/www.herbashopping.com\/en\/wp-json\/wp\/v2\/product_cat?post=6772"},{"taxonomy":"product_tag","embeddable":true,"href":"https:\/\/www.herbashopping.com\/en\/wp-json\/wp\/v2\/product_tag?post=6772"}],"curies":[{"name":"wp","href":"https:\/\/api.w.org\/{rel}","templated":true}]}}