{"id":7303,"date":"2019-05-14T16:11:07","date_gmt":"2019-05-14T14:11:07","guid":{"rendered":"https:\/\/www.herbashopping.com\/?post_type=product&#038;p=7303"},"modified":"2025-04-06T15:22:33","modified_gmt":"2025-04-06T13:22:33","slug":"herbalifeline-max-2","status":"publish","type":"product","link":"https:\/\/www.herbashopping.com\/en\/product\/herbalifeline-max-2\/","title":{"rendered":"Herbalifeline\u00ae Max"},"content":{"rendered":"<div style=\"width: 640px;\" class=\"wp-video\"><video class=\"wp-video-shortcode\" id=\"video-7303-1\" width=\"640\" height=\"360\" preload=\"metadata\" controls=\"controls\"><source type=\"video\/mp4\" src=\"https:\/\/www.herbashopping.com\/wp-content\/uploads\/2019\/08\/Herbalifeline-Max-GE.mp4?_=1\" \/><a href=\"https:\/\/www.herbashopping.com\/wp-content\/uploads\/2019\/08\/Herbalifeline-Max-GE.mp4\">https:\/\/www.herbashopping.com\/wp-content\/uploads\/2019\/08\/Herbalifeline-Max-GE.mp4<\/a><\/video><\/div>\n<p>Herbalifeline\u00ae Max<\/p>\n<p>Herbalifeline\u00ae Max ist eine Nahrungserg\u00e4nzung, reich an essenziellen Omega-3 Fetts\u00e4uren EPA und DHA, die helfen eine normale Herzfunktion zu erhalten und zur Erhaltung des normalen Triglyceridspiegels im Blut und des normalen Blutdrucks beizutragen. DHA tr\u00e4gt zur Erhaltung normaler Hirnfunktionen und der normalen Sehkrafft bei.<\/p>\n<p><strong>Vorteile<\/strong><\/p>\n<p>\u2022 5 Kernaussagen:<br \/>\n&#8211; EPA und DHA helfen, die normale Herzfunktion zu erhalten * (1 Kapsel)<br \/>\n&#8211; DHA tr\u00e4gt zur Erhaltung normaler Hirnfunktionen bei ** (1 Kapsel)<br \/>\n&#8211; DHA tr\u00e4gt zur Erhaltung der normalen Sehkraft bei ** (1 Kapsel)<br \/>\n&#8211; EPA und DHA tragen zur Erhaltung des normalen Triglyceridspiegels im Blut bei *** (4 Kapseln)<br \/>\n&#8211; EPA und DHA tragen zur Erhaltung des normalen Blutdrucks bei **** (5 Kapseln)<\/p>\n<p>\u2022 Nachhaltig gewonnenes Fisch\u00f6l, akkreditiert von Friend of the Sea<br \/>\n\u2022 Essenzielle \u00d6le aus Thymian und Pfefferminz sorgen f\u00fcr einen frischen Geschmack<br \/>\n\u2022 Alle Inhaltsstoffe von Herbalifeline\u00ae Max sind in einer vegetarischen Gelkapsel enthalten<br \/>\n*um diesen positiven Effekt zu erzielen, sollten Sie t\u00e4glich 250 mg EPA und DHA zu sich nehmen.<\/p>\n<p><em>**der positive Effekt wird mit einer t\u00e4glichen Auffnahme von 250 mg DHA erzielt.<\/em><br \/>\n<em>***der positive Effekt wird mit einer t\u00e4glichen Auffnahme von 2 g EPA und DHA erzielt.<\/em><br \/>\n<em>****der positive Effekt wird mit einer t\u00e4glichen Auffnahme von 3 g EPA und DHA erzielt. Eine erg\u00e4nzende t\u00e4gliche Einnahme von 5 g EPA und DHA in Kombination darf nicht \u00fcberschritten werden<\/em><\/p>\n<p>ZUTATEN: Fisch\u00f6l, Kapselh\u00fclle [Stabilisator (Hydroxypropylst\u00e4rke), Festigungsmittel (Glycerin), Geliermittel (Carrageen),<br \/>\nS\u00e4ureregulator (Dinatriumphosphat)], Antioxidationsmittel (Alpha-Tocopherol), nat\u00fcrliche Aromen [Thymian\u00f6l (0,14 %),<br \/>\nPfefferminz\u00f6l (0,07 %)]. Allergiehinweis: Achten Sie auf die fettgedruckten Zutaten f\u00fcr Hinweise auf Allergene.<\/p>\n<p><strong><a href=\"https:\/\/www.herbashopping.com\/wp-content\/uploads\/2019\/05\/0043_label.pdf\" target=\"_blank\" rel=\"noopener noreferrer\">Etikett Herbalifeline Max<\/a><\/strong><\/p>\n<p><a href=\"https:\/\/www.herbashopping.com\/wp-content\/uploads\/2020\/03\/0043HerbalifelineMax-NewandImproved-A4-Poster_GE-AU_WEB.pdf\" target=\"_blank\" rel=\"noopener noreferrer\">Produktaussagen Herbalifeline Max<\/a><\/p>\n","protected":false},"excerpt":{"rendered":"<p>Herbalifeline\u00ae Max<\/p>\n<p>Nehmen Sie 1, 4 oder 5 Kapseln t\u00e4glich (je nach dem gew\u00fcnschten Effekt) mit Wasser, bevorzugt zu den Mahlzeiten \u00fcber den Tag verteilt, zu sich.<\/p>\n","protected":false},"featured_media":9129,"comment_status":"open","ping_status":"closed","template":"","meta":{"_acf_changed":false},"product_brand":[],"product_cat":[24,25],"product_tag":[188,189],"class_list":{"0":"post-7303","1":"product","2":"type-product","3":"status-publish","4":"has-post-thumbnail","6":"product_cat-nahrungserganzung","7":"product_cat-produktubersicht","8":"product_tag-herbalifeline","9":"product_tag-max","11":"first","12":"instock","13":"sale","14":"taxable","15":"shipping-taxable","16":"purchasable","17":"product-type-simple"},"acf":[],"yoast_head":"<!-- This site is optimized with the Yoast SEO plugin v27.2 - https:\/\/yoast.com\/product\/yoast-seo-wordpress\/ -->\n<title>Herbalifeline\u00ae Max - Onlineshop - Selbst\u00e4ndiges HERBALIFE-Mitglied Elija Mairl<\/title>\n<meta name=\"description\" content=\"Dies ist die Webseite eines Selbst\u00e4ndigen HERBALIFE-Mitgliedes. Um auf die offizielle HERBALIFE-Webseite zu gelangen, besuchen Sie bitte HERBALIFE.de.\" \/>\n<meta name=\"robots\" content=\"index, follow, max-snippet:-1, max-image-preview:large, max-video-preview:-1\" \/>\n<link rel=\"canonical\" href=\"https:\/\/www.herbashopping.com\/produkt\/herbalifeline-max-2\/\" \/>\n<meta property=\"og:locale\" content=\"en_US\" \/>\n<meta property=\"og:type\" content=\"article\" \/>\n<meta property=\"og:title\" content=\"Herbalifeline\u00ae Max - Onlineshop - Selbst\u00e4ndiges HERBALIFE-Mitglied Elija Mairl\" \/>\n<meta property=\"og:description\" content=\"Dies ist die Webseite eines Selbst\u00e4ndigen HERBALIFE-Mitgliedes. Um auf die offizielle HERBALIFE-Webseite zu gelangen, besuchen Sie bitte HERBALIFE.de.\" \/>\n<meta property=\"og:url\" content=\"https:\/\/www.herbashopping.com\/produkt\/herbalifeline-max-2\/\" \/>\n<meta property=\"og:site_name\" content=\"Onlineshop - Selbst\u00e4ndiges HERBALIFE-Mitglied Elija Mairl\" \/>\n<meta property=\"article:modified_time\" content=\"2025-04-06T13:22:33+00:00\" \/>\n<meta property=\"og:image\" content=\"https:\/\/www.herbashopping.com\/wp-content\/uploads\/2019\/09\/0043_AU1.png\" \/>\n\t<meta property=\"og:image:width\" content=\"800\" \/>\n\t<meta property=\"og:image:height\" content=\"800\" \/>\n\t<meta property=\"og:image:type\" content=\"image\/png\" \/>\n<meta name=\"twitter:card\" content=\"summary_large_image\" \/>\n<meta name=\"twitter:label1\" content=\"Est. reading time\" \/>\n\t<meta name=\"twitter:data1\" content=\"2 minutes\" \/>\n<script type=\"application\/ld+json\" class=\"yoast-schema-graph\">{\"@context\":\"https:\/\/schema.org\",\"@graph\":[{\"@type\":\"WebPage\",\"@id\":\"https:\/\/www.herbashopping.com\/produkt\/herbalifeline-max-2\/\",\"url\":\"https:\/\/www.herbashopping.com\/produkt\/herbalifeline-max-2\/\",\"name\":\"Herbalifeline\u00ae Max - Onlineshop - Selbst\u00e4ndiges HERBALIFE-Mitglied Elija Mairl\",\"isPartOf\":{\"@id\":\"https:\/\/www.herbashopping.com\/#website\"},\"primaryImageOfPage\":{\"@id\":\"https:\/\/www.herbashopping.com\/produkt\/herbalifeline-max-2\/#primaryimage\"},\"image\":{\"@id\":\"https:\/\/www.herbashopping.com\/produkt\/herbalifeline-max-2\/#primaryimage\"},\"thumbnailUrl\":\"https:\/\/www.herbashopping.com\/wp-content\/uploads\/2019\/09\/0043_AU1.png\",\"datePublished\":\"2019-05-14T14:11:07+00:00\",\"dateModified\":\"2025-04-06T13:22:33+00:00\",\"description\":\"Dies ist die Webseite eines Selbst\u00e4ndigen HERBALIFE-Mitgliedes. Um auf die offizielle HERBALIFE-Webseite zu gelangen, besuchen Sie bitte HERBALIFE.de.\",\"breadcrumb\":{\"@id\":\"https:\/\/www.herbashopping.com\/produkt\/herbalifeline-max-2\/#breadcrumb\"},\"inLanguage\":\"en-US\",\"potentialAction\":[{\"@type\":\"ReadAction\",\"target\":[\"https:\/\/www.herbashopping.com\/produkt\/herbalifeline-max-2\/\"]}]},{\"@type\":\"ImageObject\",\"inLanguage\":\"en-US\",\"@id\":\"https:\/\/www.herbashopping.com\/produkt\/herbalifeline-max-2\/#primaryimage\",\"url\":\"https:\/\/www.herbashopping.com\/wp-content\/uploads\/2019\/09\/0043_AU1.png\",\"contentUrl\":\"https:\/\/www.herbashopping.com\/wp-content\/uploads\/2019\/09\/0043_AU1.png\",\"width\":800,\"height\":800},{\"@type\":\"BreadcrumbList\",\"@id\":\"https:\/\/www.herbashopping.com\/produkt\/herbalifeline-max-2\/#breadcrumb\",\"itemListElement\":[{\"@type\":\"ListItem\",\"position\":1,\"name\":\"Startseite\",\"item\":\"https:\/\/www.herbashopping.com\/en\/\"},{\"@type\":\"ListItem\",\"position\":2,\"name\":\"Product Overview\",\"item\":\"https:\/\/www.herbashopping.com\/en\/shop\/\"},{\"@type\":\"ListItem\",\"position\":3,\"name\":\"Herbalifeline\u00ae Max\"}]},{\"@type\":\"WebSite\",\"@id\":\"https:\/\/www.herbashopping.com\/#website\",\"url\":\"https:\/\/www.herbashopping.com\/\",\"name\":\"Onlineshop - Selbst\u00e4ndiges HERBALIFE-Mitglied Elija Mairl\",\"description\":\"\",\"publisher\":{\"@id\":\"https:\/\/www.herbashopping.com\/#organization\"},\"potentialAction\":[{\"@type\":\"SearchAction\",\"target\":{\"@type\":\"EntryPoint\",\"urlTemplate\":\"https:\/\/www.herbashopping.com\/?s={search_term_string}\"},\"query-input\":{\"@type\":\"PropertyValueSpecification\",\"valueRequired\":true,\"valueName\":\"search_term_string\"}}],\"inLanguage\":\"en-US\"},{\"@type\":\"Organization\",\"@id\":\"https:\/\/www.herbashopping.com\/#organization\",\"name\":\"Herba-Onlineshop Elija Mairl\",\"url\":\"https:\/\/www.herbashopping.com\/\",\"logo\":{\"@type\":\"ImageObject\",\"inLanguage\":\"en-US\",\"@id\":\"https:\/\/www.herbashopping.com\/#\/schema\/logo\/image\/\",\"url\":\"https:\/\/www.herbashopping.com\/wp-content\/uploads\/2019\/03\/logo_08.2017_header.png\",\"contentUrl\":\"https:\/\/www.herbashopping.com\/wp-content\/uploads\/2019\/03\/logo_08.2017_header.png\",\"width\":300,\"height\":76,\"caption\":\"Herba-Onlineshop Elija Mairl\"},\"image\":{\"@id\":\"https:\/\/www.herbashopping.com\/#\/schema\/logo\/image\/\"}}]}<\/script>\n<!-- \/ Yoast SEO plugin. -->","yoast_head_json":{"title":"Herbalifeline\u00ae Max - Onlineshop - Selbst\u00e4ndiges HERBALIFE-Mitglied Elija Mairl","description":"Dies ist die Webseite eines Selbst\u00e4ndigen HERBALIFE-Mitgliedes. Um auf die offizielle HERBALIFE-Webseite zu gelangen, besuchen Sie bitte HERBALIFE.de.","robots":{"index":"index","follow":"follow","max-snippet":"max-snippet:-1","max-image-preview":"max-image-preview:large","max-video-preview":"max-video-preview:-1"},"canonical":"https:\/\/www.herbashopping.com\/produkt\/herbalifeline-max-2\/","og_locale":"en_US","og_type":"article","og_title":"Herbalifeline\u00ae Max - Onlineshop - Selbst\u00e4ndiges HERBALIFE-Mitglied Elija Mairl","og_description":"Dies ist die Webseite eines Selbst\u00e4ndigen HERBALIFE-Mitgliedes. Um auf die offizielle HERBALIFE-Webseite zu gelangen, besuchen Sie bitte HERBALIFE.de.","og_url":"https:\/\/www.herbashopping.com\/produkt\/herbalifeline-max-2\/","og_site_name":"Onlineshop - Selbst\u00e4ndiges HERBALIFE-Mitglied Elija Mairl","article_modified_time":"2025-04-06T13:22:33+00:00","og_image":[{"width":800,"height":800,"url":"https:\/\/www.herbashopping.com\/wp-content\/uploads\/2019\/09\/0043_AU1.png","type":"image\/png"}],"twitter_card":"summary_large_image","twitter_misc":{"Est. reading time":"2 minutes"},"schema":{"@context":"https:\/\/schema.org","@graph":[{"@type":"WebPage","@id":"https:\/\/www.herbashopping.com\/produkt\/herbalifeline-max-2\/","url":"https:\/\/www.herbashopping.com\/produkt\/herbalifeline-max-2\/","name":"Herbalifeline\u00ae Max - Onlineshop - Selbst\u00e4ndiges HERBALIFE-Mitglied Elija Mairl","isPartOf":{"@id":"https:\/\/www.herbashopping.com\/#website"},"primaryImageOfPage":{"@id":"https:\/\/www.herbashopping.com\/produkt\/herbalifeline-max-2\/#primaryimage"},"image":{"@id":"https:\/\/www.herbashopping.com\/produkt\/herbalifeline-max-2\/#primaryimage"},"thumbnailUrl":"https:\/\/www.herbashopping.com\/wp-content\/uploads\/2019\/09\/0043_AU1.png","datePublished":"2019-05-14T14:11:07+00:00","dateModified":"2025-04-06T13:22:33+00:00","description":"Dies ist die Webseite eines Selbst\u00e4ndigen HERBALIFE-Mitgliedes. Um auf die offizielle HERBALIFE-Webseite zu gelangen, besuchen Sie bitte HERBALIFE.de.","breadcrumb":{"@id":"https:\/\/www.herbashopping.com\/produkt\/herbalifeline-max-2\/#breadcrumb"},"inLanguage":"en-US","potentialAction":[{"@type":"ReadAction","target":["https:\/\/www.herbashopping.com\/produkt\/herbalifeline-max-2\/"]}]},{"@type":"ImageObject","inLanguage":"en-US","@id":"https:\/\/www.herbashopping.com\/produkt\/herbalifeline-max-2\/#primaryimage","url":"https:\/\/www.herbashopping.com\/wp-content\/uploads\/2019\/09\/0043_AU1.png","contentUrl":"https:\/\/www.herbashopping.com\/wp-content\/uploads\/2019\/09\/0043_AU1.png","width":800,"height":800},{"@type":"BreadcrumbList","@id":"https:\/\/www.herbashopping.com\/produkt\/herbalifeline-max-2\/#breadcrumb","itemListElement":[{"@type":"ListItem","position":1,"name":"Startseite","item":"https:\/\/www.herbashopping.com\/en\/"},{"@type":"ListItem","position":2,"name":"Product Overview","item":"https:\/\/www.herbashopping.com\/en\/shop\/"},{"@type":"ListItem","position":3,"name":"Herbalifeline\u00ae Max"}]},{"@type":"WebSite","@id":"https:\/\/www.herbashopping.com\/#website","url":"https:\/\/www.herbashopping.com\/","name":"Onlineshop - Selbst\u00e4ndiges HERBALIFE-Mitglied Elija Mairl","description":"","publisher":{"@id":"https:\/\/www.herbashopping.com\/#organization"},"potentialAction":[{"@type":"SearchAction","target":{"@type":"EntryPoint","urlTemplate":"https:\/\/www.herbashopping.com\/?s={search_term_string}"},"query-input":{"@type":"PropertyValueSpecification","valueRequired":true,"valueName":"search_term_string"}}],"inLanguage":"en-US"},{"@type":"Organization","@id":"https:\/\/www.herbashopping.com\/#organization","name":"Herba-Onlineshop Elija Mairl","url":"https:\/\/www.herbashopping.com\/","logo":{"@type":"ImageObject","inLanguage":"en-US","@id":"https:\/\/www.herbashopping.com\/#\/schema\/logo\/image\/","url":"https:\/\/www.herbashopping.com\/wp-content\/uploads\/2019\/03\/logo_08.2017_header.png","contentUrl":"https:\/\/www.herbashopping.com\/wp-content\/uploads\/2019\/03\/logo_08.2017_header.png","width":300,"height":76,"caption":"Herba-Onlineshop Elija Mairl"},"image":{"@id":"https:\/\/www.herbashopping.com\/#\/schema\/logo\/image\/"}}]}},"_links":{"self":[{"href":"https:\/\/www.herbashopping.com\/en\/wp-json\/wp\/v2\/product\/7303","targetHints":{"allow":["GET"]}}],"collection":[{"href":"https:\/\/www.herbashopping.com\/en\/wp-json\/wp\/v2\/product"}],"about":[{"href":"https:\/\/www.herbashopping.com\/en\/wp-json\/wp\/v2\/types\/product"}],"replies":[{"embeddable":true,"href":"https:\/\/www.herbashopping.com\/en\/wp-json\/wp\/v2\/comments?post=7303"}],"wp:featuredmedia":[{"embeddable":true,"href":"https:\/\/www.herbashopping.com\/en\/wp-json\/wp\/v2\/media\/9129"}],"wp:attachment":[{"href":"https:\/\/www.herbashopping.com\/en\/wp-json\/wp\/v2\/media?parent=7303"}],"wp:term":[{"taxonomy":"product_brand","embeddable":true,"href":"https:\/\/www.herbashopping.com\/en\/wp-json\/wp\/v2\/product_brand?post=7303"},{"taxonomy":"product_cat","embeddable":true,"href":"https:\/\/www.herbashopping.com\/en\/wp-json\/wp\/v2\/product_cat?post=7303"},{"taxonomy":"product_tag","embeddable":true,"href":"https:\/\/www.herbashopping.com\/en\/wp-json\/wp\/v2\/product_tag?post=7303"}],"curies":[{"name":"wp","href":"https:\/\/api.w.org\/{rel}","templated":true}]}}