{"id":7451,"date":"2019-05-22T17:22:16","date_gmt":"2019-05-22T15:22:16","guid":{"rendered":"https:\/\/www.herbashopping.com\/?post_type=product&#038;p=7451"},"modified":"2025-04-06T14:24:50","modified_gmt":"2025-04-06T12:24:50","slug":"herbalife-mitgliedspack-bis-50-hmp-werden-sie-herbalife-mitglied","status":"publish","type":"product","link":"https:\/\/www.herbashopping.com\/en\/product\/herbalife-mitgliedspack-bis-50-hmp-werden-sie-herbalife-mitglied\/","title":{"rendered":"Herbalife Mitgliedspack bis -50% (HMP) ! Werden Sie Herbalife Mitglied !"},"content":{"rendered":"<p><strong>\u00dcberblick<\/strong><\/p>\n<p>Das HERBALIFE Mitgliedspack bietet alles was Sie ben\u00f6tigen, um selbst\u00e4ndiges Mitglied zu werden. Das HMP befindet sich in einer hochwertigen Rucksack mit HERBALIFE-Logo. Der ideale Start f\u00fcr Ihr Gesch\u00e4ft.<\/p>\n<p><em>Als Herbalife-Mitglied k\u00f6nnen Sie alle Herbalife-Produkte direkt bei<\/em><br \/>\n<em>der Firma Herbalife mit mindestens 25 % Rabatt einkaufen.<\/em><\/p>\n<p><em>Das HERBALIFE Mitgliedspaket bietet alles, was Sie ben\u00f6tigen, um selbst\u00e4ndiges Mitglied zu werden:<\/em><\/p>\n<ul>\n<li>Einen Formula 1 Shake Vanilla Cr\u00e8me (550 g)<\/li>\n<li>Einen Herbalife Rucksack<\/li>\n<li>Einen Herbalife Shaker<\/li>\n<li>Einen nachhaltigen Messl\u00f6ffel<\/li>\n<li>Eine Produktbrosch\u00fcre<\/li>\n<li>Einen Herbalife Pin<\/li>\n<li>Welcome Card und Flyer mit Links zu digitalen Inhalten<\/li>\n<\/ul>\n<p>Das Herbalife-Mitgliedspaket befindet sich in einer hochwertigen Tasche mit HERBALIFE-Logo<\/p>\n<p>\u00dcber die interessanten gesch\u00e4ftlichen M\u00f6glichkeiten informieren ich Sie gerne.<\/p>\n<p>Schnell Information unter:\u00a0 +43 (0)660 5061488<\/p>\n<p>Ich berate Sie gerne, was f\u00fcr Sie Pers\u00f6nlich der beste Weg ist bei Herbalife Erfolgreich zu sein!<\/p>\n<h6>Es gibt zwei einfache Methoden f\u00fcr die Anmeldung:<br \/>\n<strong>1. ONLINE &#8211; SUPER SCHNELL UND EINFACH!<\/strong><br \/>\nGehen Sie auf<a href=\"https:\/\/accounts.myherbalife.com\/Account\/Create?locale=de-de\" target=\"_blank\" rel=\"noopener noreferrer\"> MYHERBALIFE.DE<\/a> und klicken Sie auf \u201eMitgliedschaft beantragen\u201c. Dort k\u00f6nnen sie den Mitgliedsantrag und die Vereinbarung unterschreiben. Direkt im Anschluss k\u00f6nnen Sie mit 25% Rabatt einkaufen. Anschlie\u00dfend wird noch das HERBALIFE-Mitgliedspack an sie versendet, das alles Wissenswerte \u00fcber die HERBALIFE-Gesch\u00e4ftsgelegenheit sowie eine Dose Formula1-Shake, einen Smart-Shaker sowie einen Messl\u00f6ffel enth\u00e4lt.<br \/>\nBei &#8220;Informationen zum Sponsor&#8221; bitte angeben:<\/h6>\n<p>HERBALIFE ID-Nummer des Sponsors: <strong>4211450500<\/strong><br \/>\nDie ersten drei Buchstaben des Nachnamens Ihres Sponsors lauten: <strong>Mai<\/strong><\/p>\n<p><a href=\"https:\/\/accounts.myherbalife.com\/Account\/Create?locale=de-de\" target=\"_blank\" rel=\"noopener noreferrer\">MYHERBALIFE.DE<\/a> ist rund um die Uhr an 7 Tagen in der Woche zug\u00e4nglich.<\/p>\n<p>&nbsp;<\/p>\n<p>Das HERBALIFE Mitgliederhandbuch<br \/>\n&#8220;Entdecke die HERBALIFE-Gesch\u00e4ftsgelegenheit&#8221;<br \/>\nFinde heraus, was es bedeutet HERBALIFE-Mitglied zu sein, und wie man ein Gesch\u00e4ft entwickeln und f\u00fchren kann, wenn Du es m\u00f6chtest. Starte deine Reise noch heute!<br \/>\nDas HERBALIFE Mitgliederbuch <a href=\"https:\/\/www.myherbal.shop\/images\/603119-HL-IBO-2016-Book-1_GE_WEB.pdf\" target=\"_blank\" rel=\"noopener noreferrer\">HIER<\/a> als PDF zum Download<\/p>\n<p>&nbsp;<\/p>\n<p>&nbsp;<\/p>\n<p>&nbsp;<\/p>\n<p><a href=\"https:\/\/www.myherbal.shop\/images\/MyHerba_Shop_Herbalife_Angaben_durchschnittliche_Bruttozahlungen.pdf\" target=\"_blank\" rel=\"noopener noreferrer\">ANGABEN ZU DEN DURCHSCHNITTLICHEN BRUTTOZAHLUNGEN\u00a0<\/a><\/p>\n<p><a href=\"https:\/\/www.myherbal.shop\/images\/MyHerba_Shop_Herbalife_Angaben_durchschnittliche_Bruttozahlungen.pdf\" target=\"_blank\" rel=\"noopener noreferrer\">ANGABEN ZU DEN DURCHSCHNITTLICHEN BRUTTOZAHLUNGEN F\u00dcR HERBALIFE-MITGLIEDER IN DEUTSCHLAND IM JAHR 2015 <\/a><\/p>\n","protected":false},"excerpt":{"rendered":"<p>Werden Sie Herbalife Mitglied im gro\u00dfen MyHerbal-Team und Sie erhalten 25% &#8211; 50% Rabatt auf alle Herbalife Produkte f\u00fcr Ihren Eigenbedarf und zus\u00e4tzlich k\u00f6nnen Sie nebenbei mit 4 Einkommensm\u00f6glichkeiten, als Berater Geld verdienen:<\/p>\n","protected":false},"featured_media":2386,"comment_status":"open","ping_status":"closed","template":"","meta":{"_acf_changed":false},"product_brand":[],"product_cat":[67,19],"product_tag":[],"class_list":{"0":"post-7451","1":"product","2":"type-product","3":"status-publish","4":"has-post-thumbnail","6":"product_cat-berater-werden","7":"product_cat-sonstiges","9":"first","10":"instock","11":"sale","12":"taxable","13":"shipping-taxable","14":"purchasable","15":"product-type-variable"},"acf":[],"yoast_head":"<!-- This site is optimized with the Yoast SEO plugin v27.2 - https:\/\/yoast.com\/product\/yoast-seo-wordpress\/ -->\n<title>Herbalife Mitgliedspack bis -50% (HMP) ! Werden Sie Herbalife Mitglied ! - Onlineshop - Selbst\u00e4ndiges HERBALIFE-Mitglied Elija Mairl<\/title>\n<meta name=\"description\" content=\"Dies ist die Webseite eines Selbst\u00e4ndigen HERBALIFE-Mitgliedes. Um auf die offizielle HERBALIFE-Webseite zu gelangen, besuchen Sie bitte HERBALIFE.de.\" \/>\n<meta name=\"robots\" content=\"index, follow, max-snippet:-1, max-image-preview:large, max-video-preview:-1\" \/>\n<link rel=\"canonical\" href=\"https:\/\/www.herbashopping.com\/produkt\/herbalife-mitgliedspack-bis-50-hmp-werden-sie-herbalife-mitglied\/\" \/>\n<meta property=\"og:locale\" content=\"en_US\" \/>\n<meta property=\"og:type\" content=\"article\" \/>\n<meta property=\"og:title\" content=\"Herbalife Mitgliedspack bis -50% (HMP) ! Werden Sie Herbalife Mitglied ! - Onlineshop - Selbst\u00e4ndiges HERBALIFE-Mitglied Elija Mairl\" \/>\n<meta property=\"og:description\" content=\"Dies ist die Webseite eines Selbst\u00e4ndigen HERBALIFE-Mitgliedes. Um auf die offizielle HERBALIFE-Webseite zu gelangen, besuchen Sie bitte HERBALIFE.de.\" \/>\n<meta property=\"og:url\" content=\"https:\/\/www.herbashopping.com\/produkt\/herbalife-mitgliedspack-bis-50-hmp-werden-sie-herbalife-mitglied\/\" \/>\n<meta property=\"og:site_name\" content=\"Onlineshop - Selbst\u00e4ndiges HERBALIFE-Mitglied Elija Mairl\" \/>\n<meta property=\"article:modified_time\" content=\"2025-04-06T12:24:50+00:00\" \/>\n<meta property=\"og:image\" content=\"https:\/\/www.herbashopping.com\/wp-content\/uploads\/images\/products\/products-144_0.jpg\" \/>\n\t<meta property=\"og:image:width\" content=\"1000\" \/>\n\t<meta property=\"og:image:height\" content=\"1000\" \/>\n\t<meta property=\"og:image:type\" content=\"image\/png\" \/>\n<meta name=\"twitter:card\" content=\"summary_large_image\" \/>\n<meta name=\"twitter:label1\" content=\"Est. reading time\" \/>\n\t<meta name=\"twitter:data1\" content=\"2 minutes\" \/>\n<script type=\"application\/ld+json\" class=\"yoast-schema-graph\">{\"@context\":\"https:\/\/schema.org\",\"@graph\":[{\"@type\":\"WebPage\",\"@id\":\"https:\/\/www.herbashopping.com\/produkt\/herbalife-mitgliedspack-bis-50-hmp-werden-sie-herbalife-mitglied\/\",\"url\":\"https:\/\/www.herbashopping.com\/produkt\/herbalife-mitgliedspack-bis-50-hmp-werden-sie-herbalife-mitglied\/\",\"name\":\"Herbalife Mitgliedspack bis -50% (HMP) ! Werden Sie Herbalife Mitglied ! - Onlineshop - Selbst\u00e4ndiges HERBALIFE-Mitglied Elija Mairl\",\"isPartOf\":{\"@id\":\"https:\/\/www.herbashopping.com\/#website\"},\"primaryImageOfPage\":{\"@id\":\"https:\/\/www.herbashopping.com\/produkt\/herbalife-mitgliedspack-bis-50-hmp-werden-sie-herbalife-mitglied\/#primaryimage\"},\"image\":{\"@id\":\"https:\/\/www.herbashopping.com\/produkt\/herbalife-mitgliedspack-bis-50-hmp-werden-sie-herbalife-mitglied\/#primaryimage\"},\"thumbnailUrl\":\"https:\/\/www.herbashopping.com\/wp-content\/uploads\/images\/products\/products-144_0.jpg\",\"datePublished\":\"2019-05-22T15:22:16+00:00\",\"dateModified\":\"2025-04-06T12:24:50+00:00\",\"description\":\"Dies ist die Webseite eines Selbst\u00e4ndigen HERBALIFE-Mitgliedes. Um auf die offizielle HERBALIFE-Webseite zu gelangen, besuchen Sie bitte HERBALIFE.de.\",\"breadcrumb\":{\"@id\":\"https:\/\/www.herbashopping.com\/produkt\/herbalife-mitgliedspack-bis-50-hmp-werden-sie-herbalife-mitglied\/#breadcrumb\"},\"inLanguage\":\"en-US\",\"potentialAction\":[{\"@type\":\"ReadAction\",\"target\":[\"https:\/\/www.herbashopping.com\/produkt\/herbalife-mitgliedspack-bis-50-hmp-werden-sie-herbalife-mitglied\/\"]}]},{\"@type\":\"ImageObject\",\"inLanguage\":\"en-US\",\"@id\":\"https:\/\/www.herbashopping.com\/produkt\/herbalife-mitgliedspack-bis-50-hmp-werden-sie-herbalife-mitglied\/#primaryimage\",\"url\":\"https:\/\/www.herbashopping.com\/wp-content\/uploads\/images\/products\/products-144_0.jpg\",\"contentUrl\":\"https:\/\/www.herbashopping.com\/wp-content\/uploads\/images\/products\/products-144_0.jpg\",\"width\":1000,\"height\":1000,\"caption\":\"Herbalife Mitgliedspack (HMP) ! Werden Sie Herbalife Mitglied !\"},{\"@type\":\"BreadcrumbList\",\"@id\":\"https:\/\/www.herbashopping.com\/produkt\/herbalife-mitgliedspack-bis-50-hmp-werden-sie-herbalife-mitglied\/#breadcrumb\",\"itemListElement\":[{\"@type\":\"ListItem\",\"position\":1,\"name\":\"Startseite\",\"item\":\"https:\/\/www.herbashopping.com\/en\/\"},{\"@type\":\"ListItem\",\"position\":2,\"name\":\"Product Overview\",\"item\":\"https:\/\/www.herbashopping.com\/en\/shop\/\"},{\"@type\":\"ListItem\",\"position\":3,\"name\":\"Herbalife Mitgliedspack bis -50% (HMP) ! Werden Sie Herbalife Mitglied !\"}]},{\"@type\":\"WebSite\",\"@id\":\"https:\/\/www.herbashopping.com\/#website\",\"url\":\"https:\/\/www.herbashopping.com\/\",\"name\":\"Onlineshop - Selbst\u00e4ndiges HERBALIFE-Mitglied Elija Mairl\",\"description\":\"\",\"publisher\":{\"@id\":\"https:\/\/www.herbashopping.com\/#organization\"},\"potentialAction\":[{\"@type\":\"SearchAction\",\"target\":{\"@type\":\"EntryPoint\",\"urlTemplate\":\"https:\/\/www.herbashopping.com\/?s={search_term_string}\"},\"query-input\":{\"@type\":\"PropertyValueSpecification\",\"valueRequired\":true,\"valueName\":\"search_term_string\"}}],\"inLanguage\":\"en-US\"},{\"@type\":\"Organization\",\"@id\":\"https:\/\/www.herbashopping.com\/#organization\",\"name\":\"Herba-Onlineshop Elija Mairl\",\"url\":\"https:\/\/www.herbashopping.com\/\",\"logo\":{\"@type\":\"ImageObject\",\"inLanguage\":\"en-US\",\"@id\":\"https:\/\/www.herbashopping.com\/#\/schema\/logo\/image\/\",\"url\":\"https:\/\/www.herbashopping.com\/wp-content\/uploads\/2019\/03\/logo_08.2017_header.png\",\"contentUrl\":\"https:\/\/www.herbashopping.com\/wp-content\/uploads\/2019\/03\/logo_08.2017_header.png\",\"width\":300,\"height\":76,\"caption\":\"Herba-Onlineshop Elija Mairl\"},\"image\":{\"@id\":\"https:\/\/www.herbashopping.com\/#\/schema\/logo\/image\/\"}}]}<\/script>\n<!-- \/ Yoast SEO plugin. -->","yoast_head_json":{"title":"Herbalife Mitgliedspack bis -50% (HMP) ! Werden Sie Herbalife Mitglied ! - Onlineshop - Selbst\u00e4ndiges HERBALIFE-Mitglied Elija Mairl","description":"Dies ist die Webseite eines Selbst\u00e4ndigen HERBALIFE-Mitgliedes. Um auf die offizielle HERBALIFE-Webseite zu gelangen, besuchen Sie bitte HERBALIFE.de.","robots":{"index":"index","follow":"follow","max-snippet":"max-snippet:-1","max-image-preview":"max-image-preview:large","max-video-preview":"max-video-preview:-1"},"canonical":"https:\/\/www.herbashopping.com\/produkt\/herbalife-mitgliedspack-bis-50-hmp-werden-sie-herbalife-mitglied\/","og_locale":"en_US","og_type":"article","og_title":"Herbalife Mitgliedspack bis -50% (HMP) ! Werden Sie Herbalife Mitglied ! - Onlineshop - Selbst\u00e4ndiges HERBALIFE-Mitglied Elija Mairl","og_description":"Dies ist die Webseite eines Selbst\u00e4ndigen HERBALIFE-Mitgliedes. Um auf die offizielle HERBALIFE-Webseite zu gelangen, besuchen Sie bitte HERBALIFE.de.","og_url":"https:\/\/www.herbashopping.com\/produkt\/herbalife-mitgliedspack-bis-50-hmp-werden-sie-herbalife-mitglied\/","og_site_name":"Onlineshop - Selbst\u00e4ndiges HERBALIFE-Mitglied Elija Mairl","article_modified_time":"2025-04-06T12:24:50+00:00","og_image":[{"width":1000,"height":1000,"url":"https:\/\/www.herbashopping.com\/wp-content\/uploads\/images\/products\/products-144_0.jpg","type":"image\/png"}],"twitter_card":"summary_large_image","twitter_misc":{"Est. reading time":"2 minutes"},"schema":{"@context":"https:\/\/schema.org","@graph":[{"@type":"WebPage","@id":"https:\/\/www.herbashopping.com\/produkt\/herbalife-mitgliedspack-bis-50-hmp-werden-sie-herbalife-mitglied\/","url":"https:\/\/www.herbashopping.com\/produkt\/herbalife-mitgliedspack-bis-50-hmp-werden-sie-herbalife-mitglied\/","name":"Herbalife Mitgliedspack bis -50% (HMP) ! Werden Sie Herbalife Mitglied ! - Onlineshop - Selbst\u00e4ndiges HERBALIFE-Mitglied Elija Mairl","isPartOf":{"@id":"https:\/\/www.herbashopping.com\/#website"},"primaryImageOfPage":{"@id":"https:\/\/www.herbashopping.com\/produkt\/herbalife-mitgliedspack-bis-50-hmp-werden-sie-herbalife-mitglied\/#primaryimage"},"image":{"@id":"https:\/\/www.herbashopping.com\/produkt\/herbalife-mitgliedspack-bis-50-hmp-werden-sie-herbalife-mitglied\/#primaryimage"},"thumbnailUrl":"https:\/\/www.herbashopping.com\/wp-content\/uploads\/images\/products\/products-144_0.jpg","datePublished":"2019-05-22T15:22:16+00:00","dateModified":"2025-04-06T12:24:50+00:00","description":"Dies ist die Webseite eines Selbst\u00e4ndigen HERBALIFE-Mitgliedes. Um auf die offizielle HERBALIFE-Webseite zu gelangen, besuchen Sie bitte HERBALIFE.de.","breadcrumb":{"@id":"https:\/\/www.herbashopping.com\/produkt\/herbalife-mitgliedspack-bis-50-hmp-werden-sie-herbalife-mitglied\/#breadcrumb"},"inLanguage":"en-US","potentialAction":[{"@type":"ReadAction","target":["https:\/\/www.herbashopping.com\/produkt\/herbalife-mitgliedspack-bis-50-hmp-werden-sie-herbalife-mitglied\/"]}]},{"@type":"ImageObject","inLanguage":"en-US","@id":"https:\/\/www.herbashopping.com\/produkt\/herbalife-mitgliedspack-bis-50-hmp-werden-sie-herbalife-mitglied\/#primaryimage","url":"https:\/\/www.herbashopping.com\/wp-content\/uploads\/images\/products\/products-144_0.jpg","contentUrl":"https:\/\/www.herbashopping.com\/wp-content\/uploads\/images\/products\/products-144_0.jpg","width":1000,"height":1000,"caption":"Herbalife Mitgliedspack (HMP) ! Werden Sie Herbalife Mitglied !"},{"@type":"BreadcrumbList","@id":"https:\/\/www.herbashopping.com\/produkt\/herbalife-mitgliedspack-bis-50-hmp-werden-sie-herbalife-mitglied\/#breadcrumb","itemListElement":[{"@type":"ListItem","position":1,"name":"Startseite","item":"https:\/\/www.herbashopping.com\/en\/"},{"@type":"ListItem","position":2,"name":"Product Overview","item":"https:\/\/www.herbashopping.com\/en\/shop\/"},{"@type":"ListItem","position":3,"name":"Herbalife Mitgliedspack bis -50% (HMP) ! Werden Sie Herbalife Mitglied !"}]},{"@type":"WebSite","@id":"https:\/\/www.herbashopping.com\/#website","url":"https:\/\/www.herbashopping.com\/","name":"Onlineshop - Selbst\u00e4ndiges HERBALIFE-Mitglied Elija Mairl","description":"","publisher":{"@id":"https:\/\/www.herbashopping.com\/#organization"},"potentialAction":[{"@type":"SearchAction","target":{"@type":"EntryPoint","urlTemplate":"https:\/\/www.herbashopping.com\/?s={search_term_string}"},"query-input":{"@type":"PropertyValueSpecification","valueRequired":true,"valueName":"search_term_string"}}],"inLanguage":"en-US"},{"@type":"Organization","@id":"https:\/\/www.herbashopping.com\/#organization","name":"Herba-Onlineshop Elija Mairl","url":"https:\/\/www.herbashopping.com\/","logo":{"@type":"ImageObject","inLanguage":"en-US","@id":"https:\/\/www.herbashopping.com\/#\/schema\/logo\/image\/","url":"https:\/\/www.herbashopping.com\/wp-content\/uploads\/2019\/03\/logo_08.2017_header.png","contentUrl":"https:\/\/www.herbashopping.com\/wp-content\/uploads\/2019\/03\/logo_08.2017_header.png","width":300,"height":76,"caption":"Herba-Onlineshop Elija Mairl"},"image":{"@id":"https:\/\/www.herbashopping.com\/#\/schema\/logo\/image\/"}}]}},"_links":{"self":[{"href":"https:\/\/www.herbashopping.com\/en\/wp-json\/wp\/v2\/product\/7451","targetHints":{"allow":["GET"]}}],"collection":[{"href":"https:\/\/www.herbashopping.com\/en\/wp-json\/wp\/v2\/product"}],"about":[{"href":"https:\/\/www.herbashopping.com\/en\/wp-json\/wp\/v2\/types\/product"}],"replies":[{"embeddable":true,"href":"https:\/\/www.herbashopping.com\/en\/wp-json\/wp\/v2\/comments?post=7451"}],"wp:featuredmedia":[{"embeddable":true,"href":"https:\/\/www.herbashopping.com\/en\/wp-json\/wp\/v2\/media\/2386"}],"wp:attachment":[{"href":"https:\/\/www.herbashopping.com\/en\/wp-json\/wp\/v2\/media?parent=7451"}],"wp:term":[{"taxonomy":"product_brand","embeddable":true,"href":"https:\/\/www.herbashopping.com\/en\/wp-json\/wp\/v2\/product_brand?post=7451"},{"taxonomy":"product_cat","embeddable":true,"href":"https:\/\/www.herbashopping.com\/en\/wp-json\/wp\/v2\/product_cat?post=7451"},{"taxonomy":"product_tag","embeddable":true,"href":"https:\/\/www.herbashopping.com\/en\/wp-json\/wp\/v2\/product_tag?post=7451"}],"curies":[{"name":"wp","href":"https:\/\/api.w.org\/{rel}","templated":true}]}}