{"id":9597,"date":"2019-11-03T20:06:31","date_gmt":"2019-11-03T19:06:31","guid":{"rendered":"https:\/\/www.herbashopping.com\/?post_type=product&#038;p=9597"},"modified":"2025-04-06T14:21:49","modified_gmt":"2025-04-06T12:21:49","slug":"herbalife-tee-trio-3x-50g","status":"publish","type":"product","link":"https:\/\/www.herbashopping.com\/en\/product\/herbalife-tee-trio-3x-50g\/","title":{"rendered":"Herbalife Tee Trio 3x 51g"},"content":{"rendered":"<p>Instant-Kr\u00e4utergetr\u00e4nk mit Tee-Extrakten, w\u00e4hlen Sie den Geschmack und genie\u00dfen Sie den Tee<\/p>\n<p>3x Tee 50g<\/p>\n<p>Details<br \/>\n\u2022 Kalorienarm, nur etwa 6 kcal pro Portion<br \/>\n\u2022 Einzigartige Mischung mit Orange Pekoe \u2013 einem traditionellen schwarzen Tee, und Gr\u00fcntee mit Extrakten aus Malve, Hibiskus und Kardamom<\/p>\n<p>\u2022 Unser Gr\u00fcntee ist wasserextrahiert, um Ihnen das volle Spektrum der Bestandteile des gr\u00fcnen Tees zu bieten<br \/>\n\u2022 Eine Tasse des Instant-Kr\u00e4utergetr\u00e4nks enth\u00e4lt 85 mg Ko ein, um Ihnen zu helfen, die Aufmerksamkeit zu erh\u00f6hen und die Konzentration zu verbessern<br \/>\n\u2022 Hei\u00df oder kalt ein erfrischendes Getr\u00e4nk<a href=\"https:\/\/www.herbashopping.com\/wp-content\/uploads\/2019\/05\/0256_label-1.pdf\" target=\"_blank\" rel=\"noopener noreferrer\">\u00a0<\/a><\/p>\n<p><a href=\"https:\/\/www.herbashopping.com\/wp-content\/uploads\/2019\/05\/0105_label.pdf\" target=\"_blank\" rel=\"noopener noreferrer\">Etikett Tee Orginal<\/a><\/p>\n<p><a href=\"https:\/\/www.herbashopping.com\/wp-content\/uploads\/2019\/05\/0256_label-1.pdf\" target=\"_blank\" rel=\"noopener noreferrer\">Etikett Tee Himbeer<\/a><\/p>\n<p><a href=\"https:\/\/www.herbashopping.com\/wp-content\/uploads\/2019\/05\/0255_label-1.pdf\" target=\"_blank\" rel=\"noopener noreferrer\">Etikett Tee Zitrone<\/a><\/p>\n<p><a href=\"https:\/\/www.herbashopping.com\/wp-content\/uploads\/2019\/05\/0257_label-1.pdf\" target=\"_blank\" rel=\"noopener noreferrer\">Etikett Tee Pfirsich<\/a><\/p>\n<p>Inhaltsstoffe: Tee Pfirsichgeschmack 3055<\/p>\n<p style=\"font-size: x-small;line-height: 20px\">ZUTATEN: Maltodextrin, Orange Pekoe Tee-Extrakt (20,3 %),<br \/>\nFruktose, Gr\u00fcntee-Extrakt (7,3 %), nat\u00fcrliches Koffeinpulver<br \/>\n(4,1 %), nat\u00fcrliches Pfirsich-Aroma, S\u00fc\u00dfstoff (Acesulfam K),<br \/>\nGeschmacksverst\u00e4rker (Citronens\u00e4ure), Malvenextrakt (0,12 %),<br \/>\nHibiskuspulver (0,12 %), Kardamomextrakt (0,004 %).<\/p>\n<p>Inhaltsstoffe:Tee Himbeer-Geschmack 3054<\/p>\n<p style=\"font-size: x-small;line-height: 20px\">ZUTATEN: Maltodextrin, Orange Pekoe Tee-Extrakt<br \/>\n(20,3 %), Fruktose, Gr\u00fcntee-Extrakt (7,3 %), nat\u00fcrliches<br \/>\nKoffeinpulver (4,1 %), nat\u00fcrliches Himbeeraroma,<br \/>\nS\u00fc\u00dfstoff (Acesulfam K), Geschmacksverst\u00e4rker<br \/>\n(Citronens\u00e4ure), Malvenextrakt (0,12 %), Hibiskuspulver<br \/>\n(0,12 %), Kardamomextrakt (0,004 %).<\/p>\n<p>Inhaltsstoffe:Tee Zitronengeschmack 3053<\/p>\n<p style=\"font-size: x-small;line-height: 20px\">ZUTATEN: Maltodextrin, Orange Pekoe Tee-Extrakt (20,3 %),<br \/>\nFruktose, Gr\u00fcntee-Extrakt (7,3 %), nat\u00fcrliches Koffeinpulver,<br \/>\nStabilisator (modifizierte St\u00e4rke), S\u00fc\u00dfstoff (Acesulfam K),<br \/>\nnat\u00fcrliches Zitronenaroma, Geschmacksverst\u00e4rker<br \/>\n(Zitronens\u00e4ure), Malvenextrakt (0,12 %), Hibiskuspulver<br \/>\n(0,12 %), Kardamomextrakt (0,004 %)<\/p>\n<p>Inhaltsstoffe:Tee Orginal 1195<\/p>\n<p style=\"font-size: x-small;line-height: 20px\">ZUTATEN: Maltodextrin, Fruktose, Orange Pekoe<br \/>\nTee-Extrakt (20,3 %), Gr\u00fcntee-Extrakt (8,2 %), nat\u00fcrliches<br \/>\nKoffeinpulver (4,1 %), Stabilisator (modifizierte St\u00e4rke),<br \/>\nnat\u00fcrliches Zitronenaroma, Malvenextrakt (0,12 %),<br \/>\nHibiskuspulver (0,12 %), Kardamomextrakt (0,004 %).<\/p>\n","protected":false},"excerpt":{"rendered":"<p><a href=\"https:\/\/www.herbashopping.com\/wp-content\/uploads\/2019\/04\/7c3e11af-2aa4-474c-9be2-311913d5d675.pdf\" target=\"_blank\" rel=\"noopener noreferrer\"><strong>Erfrischender Eistee &#8211; mit nur 6 kcal Rezept<\/strong><\/a><\/p>\n<p>Verzehrempfehlung\/Anwendung<br \/>\n1\/2 Teel\u00f6ffel (rund 1,7 g) in 200 &#8211; 250 ml hei\u00dfem oder kaltem Wasser aufl\u00f6sen<\/p>\n","protected":false},"featured_media":9540,"comment_status":"closed","ping_status":"closed","template":"","meta":{"_acf_changed":false},"product_brand":[],"product_cat":[16,25],"product_tag":[148],"class_list":{"0":"post-9597","1":"product","2":"type-product","3":"status-publish","4":"has-post-thumbnail","6":"product_cat-gewichtskontrolle","7":"product_cat-produktubersicht","8":"product_tag-tee","9":"pa_geschmack-tee-1-himbeer-0265","10":"pa_geschmack-tee-1-original-0105","11":"pa_geschmack-tee-1-pfirsich-0257","12":"pa_geschmack-tee-1-zitrone-0255","13":"pa_geschmack-tee-2-himbeer-0265","14":"pa_geschmack-tee-2-original-0105","15":"pa_geschmack-tee-2-pfirsich-0257","16":"pa_geschmack-tee-2-zitrone-0255","17":"pa_geschmack-tee-3-himbeer-0265","18":"pa_geschmack-tee-3-original-0105","19":"pa_geschmack-tee-3-pfirsich-0257","20":"pa_geschmack-tee-3-zitrone-0255","22":"first","23":"instock","24":"sale","25":"taxable","26":"shipping-taxable","27":"purchasable","28":"product-type-variable"},"acf":[],"yoast_head":"<!-- This site is optimized with the Yoast SEO plugin v27.2 - https:\/\/yoast.com\/product\/yoast-seo-wordpress\/ -->\n<title>Herbalife Tee Trio 3x 51g - Onlineshop - Selbst\u00e4ndiges HERBALIFE-Mitglied Elija Mairl<\/title>\n<meta name=\"description\" content=\"Dies ist die Webseite eines Selbst\u00e4ndigen HERBALIFE-Mitgliedes. Um auf die offizielle HERBALIFE-Webseite zu gelangen, besuchen Sie bitte HERBALIFE.de.\" \/>\n<meta name=\"robots\" content=\"index, follow, max-snippet:-1, max-image-preview:large, max-video-preview:-1\" \/>\n<link rel=\"canonical\" href=\"https:\/\/www.herbashopping.com\/produkt\/herbalife-tee-trio-3x-50g\/\" \/>\n<meta property=\"og:locale\" content=\"en_US\" \/>\n<meta property=\"og:type\" content=\"article\" \/>\n<meta property=\"og:title\" content=\"Herbalife Tee Trio 3x 51g - Onlineshop - Selbst\u00e4ndiges HERBALIFE-Mitglied Elija Mairl\" \/>\n<meta property=\"og:description\" content=\"Dies ist die Webseite eines Selbst\u00e4ndigen HERBALIFE-Mitgliedes. Um auf die offizielle HERBALIFE-Webseite zu gelangen, besuchen Sie bitte HERBALIFE.de.\" \/>\n<meta property=\"og:url\" content=\"https:\/\/www.herbashopping.com\/produkt\/herbalife-tee-trio-3x-50g\/\" \/>\n<meta property=\"og:site_name\" content=\"Onlineshop - Selbst\u00e4ndiges HERBALIFE-Mitglied Elija Mairl\" \/>\n<meta property=\"article:modified_time\" content=\"2025-04-06T12:21:49+00:00\" \/>\n<meta property=\"og:image\" content=\"https:\/\/www.herbashopping.com\/wp-content\/uploads\/2019\/11\/Trio-Tee-.png\" \/>\n\t<meta property=\"og:image:width\" content=\"644\" \/>\n\t<meta property=\"og:image:height\" content=\"500\" \/>\n\t<meta property=\"og:image:type\" content=\"image\/png\" \/>\n<meta name=\"twitter:card\" content=\"summary_large_image\" \/>\n<meta name=\"twitter:label1\" content=\"Est. reading time\" \/>\n\t<meta name=\"twitter:data1\" content=\"2 minutes\" \/>\n<script type=\"application\/ld+json\" class=\"yoast-schema-graph\">{\"@context\":\"https:\/\/schema.org\",\"@graph\":[{\"@type\":\"WebPage\",\"@id\":\"https:\/\/www.herbashopping.com\/produkt\/herbalife-tee-trio-3x-50g\/\",\"url\":\"https:\/\/www.herbashopping.com\/produkt\/herbalife-tee-trio-3x-50g\/\",\"name\":\"Herbalife Tee Trio 3x 51g - Onlineshop - Selbst\u00e4ndiges HERBALIFE-Mitglied Elija Mairl\",\"isPartOf\":{\"@id\":\"https:\/\/www.herbashopping.com\/#website\"},\"primaryImageOfPage\":{\"@id\":\"https:\/\/www.herbashopping.com\/produkt\/herbalife-tee-trio-3x-50g\/#primaryimage\"},\"image\":{\"@id\":\"https:\/\/www.herbashopping.com\/produkt\/herbalife-tee-trio-3x-50g\/#primaryimage\"},\"thumbnailUrl\":\"https:\/\/www.herbashopping.com\/wp-content\/uploads\/2019\/11\/Trio-Tee-.png\",\"datePublished\":\"2019-11-03T19:06:31+00:00\",\"dateModified\":\"2025-04-06T12:21:49+00:00\",\"description\":\"Dies ist die Webseite eines Selbst\u00e4ndigen HERBALIFE-Mitgliedes. Um auf die offizielle HERBALIFE-Webseite zu gelangen, besuchen Sie bitte HERBALIFE.de.\",\"breadcrumb\":{\"@id\":\"https:\/\/www.herbashopping.com\/produkt\/herbalife-tee-trio-3x-50g\/#breadcrumb\"},\"inLanguage\":\"en-US\",\"potentialAction\":[{\"@type\":\"ReadAction\",\"target\":[\"https:\/\/www.herbashopping.com\/produkt\/herbalife-tee-trio-3x-50g\/\"]}]},{\"@type\":\"ImageObject\",\"inLanguage\":\"en-US\",\"@id\":\"https:\/\/www.herbashopping.com\/produkt\/herbalife-tee-trio-3x-50g\/#primaryimage\",\"url\":\"https:\/\/www.herbashopping.com\/wp-content\/uploads\/2019\/11\/Trio-Tee-.png\",\"contentUrl\":\"https:\/\/www.herbashopping.com\/wp-content\/uploads\/2019\/11\/Trio-Tee-.png\",\"width\":644,\"height\":500},{\"@type\":\"BreadcrumbList\",\"@id\":\"https:\/\/www.herbashopping.com\/produkt\/herbalife-tee-trio-3x-50g\/#breadcrumb\",\"itemListElement\":[{\"@type\":\"ListItem\",\"position\":1,\"name\":\"Startseite\",\"item\":\"https:\/\/www.herbashopping.com\/en\/\"},{\"@type\":\"ListItem\",\"position\":2,\"name\":\"Product Overview\",\"item\":\"https:\/\/www.herbashopping.com\/en\/shop\/\"},{\"@type\":\"ListItem\",\"position\":3,\"name\":\"Herbalife Tee Trio 3x 51g\"}]},{\"@type\":\"WebSite\",\"@id\":\"https:\/\/www.herbashopping.com\/#website\",\"url\":\"https:\/\/www.herbashopping.com\/\",\"name\":\"Onlineshop - Selbst\u00e4ndiges HERBALIFE-Mitglied Elija Mairl\",\"description\":\"\",\"publisher\":{\"@id\":\"https:\/\/www.herbashopping.com\/#organization\"},\"potentialAction\":[{\"@type\":\"SearchAction\",\"target\":{\"@type\":\"EntryPoint\",\"urlTemplate\":\"https:\/\/www.herbashopping.com\/?s={search_term_string}\"},\"query-input\":{\"@type\":\"PropertyValueSpecification\",\"valueRequired\":true,\"valueName\":\"search_term_string\"}}],\"inLanguage\":\"en-US\"},{\"@type\":\"Organization\",\"@id\":\"https:\/\/www.herbashopping.com\/#organization\",\"name\":\"Herba-Onlineshop Elija Mairl\",\"url\":\"https:\/\/www.herbashopping.com\/\",\"logo\":{\"@type\":\"ImageObject\",\"inLanguage\":\"en-US\",\"@id\":\"https:\/\/www.herbashopping.com\/#\/schema\/logo\/image\/\",\"url\":\"https:\/\/www.herbashopping.com\/wp-content\/uploads\/2019\/03\/logo_08.2017_header.png\",\"contentUrl\":\"https:\/\/www.herbashopping.com\/wp-content\/uploads\/2019\/03\/logo_08.2017_header.png\",\"width\":300,\"height\":76,\"caption\":\"Herba-Onlineshop Elija Mairl\"},\"image\":{\"@id\":\"https:\/\/www.herbashopping.com\/#\/schema\/logo\/image\/\"}}]}<\/script>\n<!-- \/ Yoast SEO plugin. -->","yoast_head_json":{"title":"Herbalife Tee Trio 3x 51g - Onlineshop - Selbst\u00e4ndiges HERBALIFE-Mitglied Elija Mairl","description":"Dies ist die Webseite eines Selbst\u00e4ndigen HERBALIFE-Mitgliedes. Um auf die offizielle HERBALIFE-Webseite zu gelangen, besuchen Sie bitte HERBALIFE.de.","robots":{"index":"index","follow":"follow","max-snippet":"max-snippet:-1","max-image-preview":"max-image-preview:large","max-video-preview":"max-video-preview:-1"},"canonical":"https:\/\/www.herbashopping.com\/produkt\/herbalife-tee-trio-3x-50g\/","og_locale":"en_US","og_type":"article","og_title":"Herbalife Tee Trio 3x 51g - Onlineshop - Selbst\u00e4ndiges HERBALIFE-Mitglied Elija Mairl","og_description":"Dies ist die Webseite eines Selbst\u00e4ndigen HERBALIFE-Mitgliedes. Um auf die offizielle HERBALIFE-Webseite zu gelangen, besuchen Sie bitte HERBALIFE.de.","og_url":"https:\/\/www.herbashopping.com\/produkt\/herbalife-tee-trio-3x-50g\/","og_site_name":"Onlineshop - Selbst\u00e4ndiges HERBALIFE-Mitglied Elija Mairl","article_modified_time":"2025-04-06T12:21:49+00:00","og_image":[{"width":644,"height":500,"url":"https:\/\/www.herbashopping.com\/wp-content\/uploads\/2019\/11\/Trio-Tee-.png","type":"image\/png"}],"twitter_card":"summary_large_image","twitter_misc":{"Est. reading time":"2 minutes"},"schema":{"@context":"https:\/\/schema.org","@graph":[{"@type":"WebPage","@id":"https:\/\/www.herbashopping.com\/produkt\/herbalife-tee-trio-3x-50g\/","url":"https:\/\/www.herbashopping.com\/produkt\/herbalife-tee-trio-3x-50g\/","name":"Herbalife Tee Trio 3x 51g - Onlineshop - Selbst\u00e4ndiges HERBALIFE-Mitglied Elija Mairl","isPartOf":{"@id":"https:\/\/www.herbashopping.com\/#website"},"primaryImageOfPage":{"@id":"https:\/\/www.herbashopping.com\/produkt\/herbalife-tee-trio-3x-50g\/#primaryimage"},"image":{"@id":"https:\/\/www.herbashopping.com\/produkt\/herbalife-tee-trio-3x-50g\/#primaryimage"},"thumbnailUrl":"https:\/\/www.herbashopping.com\/wp-content\/uploads\/2019\/11\/Trio-Tee-.png","datePublished":"2019-11-03T19:06:31+00:00","dateModified":"2025-04-06T12:21:49+00:00","description":"Dies ist die Webseite eines Selbst\u00e4ndigen HERBALIFE-Mitgliedes. Um auf die offizielle HERBALIFE-Webseite zu gelangen, besuchen Sie bitte HERBALIFE.de.","breadcrumb":{"@id":"https:\/\/www.herbashopping.com\/produkt\/herbalife-tee-trio-3x-50g\/#breadcrumb"},"inLanguage":"en-US","potentialAction":[{"@type":"ReadAction","target":["https:\/\/www.herbashopping.com\/produkt\/herbalife-tee-trio-3x-50g\/"]}]},{"@type":"ImageObject","inLanguage":"en-US","@id":"https:\/\/www.herbashopping.com\/produkt\/herbalife-tee-trio-3x-50g\/#primaryimage","url":"https:\/\/www.herbashopping.com\/wp-content\/uploads\/2019\/11\/Trio-Tee-.png","contentUrl":"https:\/\/www.herbashopping.com\/wp-content\/uploads\/2019\/11\/Trio-Tee-.png","width":644,"height":500},{"@type":"BreadcrumbList","@id":"https:\/\/www.herbashopping.com\/produkt\/herbalife-tee-trio-3x-50g\/#breadcrumb","itemListElement":[{"@type":"ListItem","position":1,"name":"Startseite","item":"https:\/\/www.herbashopping.com\/en\/"},{"@type":"ListItem","position":2,"name":"Product Overview","item":"https:\/\/www.herbashopping.com\/en\/shop\/"},{"@type":"ListItem","position":3,"name":"Herbalife Tee Trio 3x 51g"}]},{"@type":"WebSite","@id":"https:\/\/www.herbashopping.com\/#website","url":"https:\/\/www.herbashopping.com\/","name":"Onlineshop - Selbst\u00e4ndiges HERBALIFE-Mitglied Elija Mairl","description":"","publisher":{"@id":"https:\/\/www.herbashopping.com\/#organization"},"potentialAction":[{"@type":"SearchAction","target":{"@type":"EntryPoint","urlTemplate":"https:\/\/www.herbashopping.com\/?s={search_term_string}"},"query-input":{"@type":"PropertyValueSpecification","valueRequired":true,"valueName":"search_term_string"}}],"inLanguage":"en-US"},{"@type":"Organization","@id":"https:\/\/www.herbashopping.com\/#organization","name":"Herba-Onlineshop Elija Mairl","url":"https:\/\/www.herbashopping.com\/","logo":{"@type":"ImageObject","inLanguage":"en-US","@id":"https:\/\/www.herbashopping.com\/#\/schema\/logo\/image\/","url":"https:\/\/www.herbashopping.com\/wp-content\/uploads\/2019\/03\/logo_08.2017_header.png","contentUrl":"https:\/\/www.herbashopping.com\/wp-content\/uploads\/2019\/03\/logo_08.2017_header.png","width":300,"height":76,"caption":"Herba-Onlineshop Elija Mairl"},"image":{"@id":"https:\/\/www.herbashopping.com\/#\/schema\/logo\/image\/"}}]}},"_links":{"self":[{"href":"https:\/\/www.herbashopping.com\/en\/wp-json\/wp\/v2\/product\/9597","targetHints":{"allow":["GET"]}}],"collection":[{"href":"https:\/\/www.herbashopping.com\/en\/wp-json\/wp\/v2\/product"}],"about":[{"href":"https:\/\/www.herbashopping.com\/en\/wp-json\/wp\/v2\/types\/product"}],"replies":[{"embeddable":true,"href":"https:\/\/www.herbashopping.com\/en\/wp-json\/wp\/v2\/comments?post=9597"}],"wp:featuredmedia":[{"embeddable":true,"href":"https:\/\/www.herbashopping.com\/en\/wp-json\/wp\/v2\/media\/9540"}],"wp:attachment":[{"href":"https:\/\/www.herbashopping.com\/en\/wp-json\/wp\/v2\/media?parent=9597"}],"wp:term":[{"taxonomy":"product_brand","embeddable":true,"href":"https:\/\/www.herbashopping.com\/en\/wp-json\/wp\/v2\/product_brand?post=9597"},{"taxonomy":"product_cat","embeddable":true,"href":"https:\/\/www.herbashopping.com\/en\/wp-json\/wp\/v2\/product_cat?post=9597"},{"taxonomy":"product_tag","embeddable":true,"href":"https:\/\/www.herbashopping.com\/en\/wp-json\/wp\/v2\/product_tag?post=9597"}],"curies":[{"name":"wp","href":"https:\/\/api.w.org\/{rel}","templated":true}]}}